{"id":652,"date":"2022-03-10T13:32:13","date_gmt":"2022-03-10T11:32:13","guid":{"rendered":"https:\/\/shop.huppa.eu\/lv\/?page_id=652"},"modified":"2026-04-10T10:04:22","modified_gmt":"2026-04-10T08:04:22","slug":"tiesibas-uz-precu-atgriesanu","status":"publish","type":"page","link":"https:\/\/shop.huppa.eu\/lv\/tiesibas-uz-precu-atgriesanu\/","title":{"rendered":"TIES\u012aBAS UZ PRE\u010cU ATGRIE\u0160ANU"},"content":{"rendered":"\n<div class=\"wp-block-cover\" style=\"min-height:180px;aspect-ratio:unset;\"><img loading=\"lazy\" decoding=\"async\" width=\"1440\" height=\"600\" class=\"wp-block-cover__image-background wp-image-45\" alt=\"Mustrid ja v\u00e4rvid\" src=\"https:\/\/shop.huppa.eu\/lv\/wp-content\/uploads\/sites\/4\/2022\/01\/MicrosoftTeams-image-6.jpg\" data-object-fit=\"cover\" srcset=\"https:\/\/shop.huppa.eu\/lv\/wp-content\/uploads\/sites\/4\/2022\/01\/MicrosoftTeams-image-6.jpg 1440w, https:\/\/shop.huppa.eu\/lv\/wp-content\/uploads\/sites\/4\/2022\/01\/MicrosoftTeams-image-6-300x125.jpg 300w, https:\/\/shop.huppa.eu\/lv\/wp-content\/uploads\/sites\/4\/2022\/01\/MicrosoftTeams-image-6-1024x427.jpg 1024w, https:\/\/shop.huppa.eu\/lv\/wp-content\/uploads\/sites\/4\/2022\/01\/MicrosoftTeams-image-6-768x320.jpg 768w, https:\/\/shop.huppa.eu\/lv\/wp-content\/uploads\/sites\/4\/2022\/01\/MicrosoftTeams-image-6-560x233.jpg 560w, https:\/\/shop.huppa.eu\/lv\/wp-content\/uploads\/sites\/4\/2022\/01\/MicrosoftTeams-image-6-700x292.jpg 700w, https:\/\/shop.huppa.eu\/lv\/wp-content\/uploads\/sites\/4\/2022\/01\/MicrosoftTeams-image-6-600x250.jpg 600w, https:\/\/shop.huppa.eu\/lv\/wp-content\/uploads\/sites\/4\/2022\/01\/MicrosoftTeams-image-6-178x74.jpg 178w\" sizes=\"auto, (max-width: 1440px) 100vw, 1440px\" \/><span aria-hidden=\"true\" class=\"wp-block-cover__background has-background-dim\" style=\"background-color:#727937\"><\/span><div class=\"wp-block-cover__inner-container is-layout-constrained wp-block-cover-is-layout-constrained\">\n<p class=\"has-text-align-center has-large-font-size\"><\/p>\n<\/div><\/div>\n\n\n\n<h3 class=\"wp-block-heading\">TIES\u012aBAS UZ PRE\u010cU ATGRIE\u0160ANU<\/h3>\n\n\n\n<ul class=\"wp-block-list\">\n<li>Preces, kas ieg\u0101d\u0101tas internetveikal\u0101 var atgriezt 14 dienu laik\u0101.<\/li>\n\n\n\n<li>Preci atgrie\u017eot, tai ir j\u0101but iepakojum\u0101, bez defektiem, ar neno\u0146emt\u0101m cenu z\u012bm\u0113m un birk\u0101m, ka ar\u012b nen\u0113s\u0101tai. <strong>L\u016bdzam pievienojiet ar\u012b sa\u0146emto pavadz\u012bmi!<\/strong><\/li>\n\n\n\n<li>Lai atgrieztu preces, l\u016bdzam aizpild\u012bt atgrie\u0161anas formu, kas nor\u0101d\u012bta zem\u0101k.<\/li>\n\n\n\n<li>Preci var atgriezt:\n<ul class=\"wp-block-list\">\n<li>Huppa Outlet veikal\u0101 Zemit\u0101nu iel\u0101 9, R\u012bg\u0101, katru dienu plkst. 10:00-19:00.<\/li>\n\n\n\n<li>Atgriezt caur UNISEND pakom\u0101tiem. Kop\u0101 ar pas\u016bt\u012bjuma sa\u0146em\u0161anas kodu, J\u016bs sa\u0146emsiet ar\u012b pas\u016bt\u012bjuma atgrie\u0161anas kodu.<\/li>\n\n\n\n<li>Atgriezt caur Omniva pakom\u0101tiem. Kop\u0101 ar pas\u016bt\u012bjuma sa\u0146em\u0161anas kodu, J\u016bs sa\u0146emsiet ar\u012b pas\u016bt\u012bjuma atgrie\u0161anas kodu.<\/li>\n<\/ul>\n<\/li>\n\n\n\n<li>Ja sa\u0146emam atteikumu par veikto pas\u016bt\u012bjumu, pirc\u0113jam nekav\u0113joties, bet ne v\u0113l\u0101k k\u0101 14 dienu laik\u0101 p\u0113c pazi\u0146ojuma par atteik\u0161anos no prec\u0113m, ir j\u0101atgrie\u017e preces.<\/li>\n\n\n\n<li>Kad tiek atgriezta prece, nauda tiek atgriezta pirc\u0113jam nekav\u0113joties, bet ne v\u0113l\u0101k k\u0101 14 dienu laik\u0101 no atgriezt\u0101s preces sa\u0146em\u0161anas br\u012b\u017ea. Nauda tiek p\u0101rskait\u012bta uz to pa\u0161u nor\u0113\u0137inu kontu, no kura tika veikts pas\u016bt\u012bjuma apmaksa pirkuma br\u012bd\u012b.<\/li>\n\n\n\n<li>Ja atgriezto pre\u010du sa\u0146em\u0161anas br\u012bd\u012b tiek kontat\u0113ts, ka atgriezt\u0101s preces neatbilst noteikumiem, kas uzskait\u012bti \u0161\u012b l\u012bguma 7.1.-7.5. punkt\u0101, pakalpojuma sniedz\u0113jam ir ties\u012bbas pras\u012bt no pirc\u0113ja kompens\u0101ciju par preces v\u0113rt\u012bbas samazin\u0101\u0161anos.<\/li>\n<\/ul>\n\n\n\n<div class=\"wp-block-buttons is-content-justification-center is-layout-flex wp-container-core-buttons-is-layout-16018d1d wp-block-buttons-is-layout-flex\">\n<div class=\"wp-block-button\"><a class=\"wp-block-button__link wp-element-button\" href=\"https:\/\/shop.huppa.eu\/lv\/tiesibas-uz-precu-atgriesanu\/atgriesanas\/\">Atgrie\u0161anas forma<\/a><\/div>\n<\/div>\n\n\n\n<h3 class=\"wp-block-heading\">PRAS\u012aBU IESNIEG\u0160ANAS K\u0100RT\u012aBA<\/h3>\n\n\n\n<ul class=\"wp-block-list\">\n<li>Interneta veikal\u0101 p\u0101rdotaj\u0101m prec\u0113m tiek piem\u0113rots 2 gadu termi\u0146\u0161 pras\u012bbas iesnieg\u0161anai, kas noteikts Pat\u0113r\u0113t\u0101ju ties\u012bbu likum\u0101. http:\/\/www.ptac.gov.lv\/lv\/content\/atteikuma-ties-bas-1 https:\/\/likumi.lv\/doc.php?id=23309<\/li>\n\n\n\n<li>Pretenziju izskat\u012b\u0161ana tiek veikta saska\u0146\u0101 ar \u0161\u012b l\u012bguma 1.pielikumu \u201cPretenziju izskat\u012b\u0161anas k\u0101rt\u012bba SIA Huppa LV\u201d.<\/li>\n<\/ul>\n\n\n\n<div style=\"height:100px\" aria-hidden=\"true\" class=\"wp-block-spacer\"><\/div>\n","protected":false},"excerpt":{"rendered":"<p>TIES\u012aBAS UZ PRE\u010cU ATGRIE\u0160ANU PRAS\u012aBU IESNIEG\u0160ANAS K\u0100RT\u012aBA<\/p>\n","protected":false},"author":9,"featured_media":0,"parent":0,"menu_order":0,"comment_status":"closed","ping_status":"closed","template":"","meta":{"_acf_changed":false,"footnotes":""},"class_list":["post-652","page","type-page","status-publish","hentry"],"acf":[],"yoast_head":"<!-- This site is optimized with the Yoast SEO plugin v26.8 - https:\/\/yoast.com\/product\/yoast-seo-wordpress\/ -->\n<title>Atgrie\u0161ana un mai\u0146a<\/title>\n<meta name=\"description\" content=\"Pirc\u0113jam p\u0113c pas\u016bt\u012bjuma sa\u0146em\u0161anas ir ties\u012bbas 14 dienu laik\u0101 atk\u0101pties no e-veikal\u0101 nosl\u0113gt\u0101 l\u012bguma.\" \/>\n<meta name=\"robots\" content=\"index, follow, max-snippet:-1, max-image-preview:large, max-video-preview:-1\" \/>\n<link rel=\"canonical\" href=\"https:\/\/shop.huppa.eu\/lv\/tiesibas-uz-precu-atgriesanu\/\" \/>\n<meta property=\"og:locale\" content=\"lv_LV\" \/>\n<meta property=\"og:type\" content=\"article\" \/>\n<meta property=\"og:title\" content=\"Atgrie\u0161ana un mai\u0146a\" \/>\n<meta property=\"og:description\" content=\"Pirc\u0113jam p\u0113c pas\u016bt\u012bjuma sa\u0146em\u0161anas ir ties\u012bbas 14 dienu laik\u0101 atk\u0101pties no e-veikal\u0101 nosl\u0113gt\u0101 l\u012bguma.\" \/>\n<meta property=\"og:url\" content=\"https:\/\/shop.huppa.eu\/lv\/tiesibas-uz-precu-atgriesanu\/\" \/>\n<meta property=\"og:site_name\" content=\"Huppa LV\" \/>\n<meta property=\"article:modified_time\" content=\"2026-04-10T08:04:22+00:00\" \/>\n<meta property=\"og:image\" content=\"https:\/\/shop.huppa.eu\/lv\/wp-content\/uploads\/sites\/4\/2022\/01\/MicrosoftTeams-image-6.jpg\" \/>\n\t<meta property=\"og:image:width\" content=\"1440\" \/>\n\t<meta property=\"og:image:height\" content=\"600\" \/>\n\t<meta property=\"og:image:type\" content=\"image\/jpeg\" \/>\n<meta name=\"twitter:card\" content=\"summary_large_image\" \/>\n<meta name=\"twitter:label1\" content=\"Est. reading time\" \/>\n\t<meta name=\"twitter:data1\" content=\"2 min\u016btes\" \/>\n<script type=\"application\/ld+json\" class=\"yoast-schema-graph\">{\"@context\":\"https:\/\/schema.org\",\"@graph\":[{\"@type\":\"WebPage\",\"@id\":\"https:\/\/shop.huppa.eu\/lv\/tiesibas-uz-precu-atgriesanu\/\",\"url\":\"https:\/\/shop.huppa.eu\/lv\/tiesibas-uz-precu-atgriesanu\/\",\"name\":\"Atgrie\u0161ana un mai\u0146a\",\"isPartOf\":{\"@id\":\"https:\/\/shop.huppa.eu\/lv\/#website\"},\"primaryImageOfPage\":{\"@id\":\"https:\/\/shop.huppa.eu\/lv\/tiesibas-uz-precu-atgriesanu\/#primaryimage\"},\"image\":{\"@id\":\"https:\/\/shop.huppa.eu\/lv\/tiesibas-uz-precu-atgriesanu\/#primaryimage\"},\"thumbnailUrl\":\"https:\/\/shop.huppa.eu\/lv\/wp-content\/uploads\/sites\/4\/2022\/01\/MicrosoftTeams-image-6.jpg\",\"datePublished\":\"2022-03-10T11:32:13+00:00\",\"dateModified\":\"2026-04-10T08:04:22+00:00\",\"description\":\"Pirc\u0113jam p\u0113c pas\u016bt\u012bjuma sa\u0146em\u0161anas ir ties\u012bbas 14 dienu laik\u0101 atk\u0101pties no e-veikal\u0101 nosl\u0113gt\u0101 l\u012bguma.\",\"inLanguage\":\"lv-LV\",\"potentialAction\":[{\"@type\":\"ReadAction\",\"target\":[\"https:\/\/shop.huppa.eu\/lv\/tiesibas-uz-precu-atgriesanu\/\"]}]},{\"@type\":\"ImageObject\",\"inLanguage\":\"lv-LV\",\"@id\":\"https:\/\/shop.huppa.eu\/lv\/tiesibas-uz-precu-atgriesanu\/#primaryimage\",\"url\":\"https:\/\/shop.huppa.eu\/lv\/wp-content\/uploads\/sites\/4\/2022\/01\/MicrosoftTeams-image-6.jpg\",\"contentUrl\":\"https:\/\/shop.huppa.eu\/lv\/wp-content\/uploads\/sites\/4\/2022\/01\/MicrosoftTeams-image-6.jpg\",\"width\":1440,\"height\":600,\"caption\":\"Mustrid ja v\u00e4rvid\"},{\"@type\":\"WebSite\",\"@id\":\"https:\/\/shop.huppa.eu\/lv\/#website\",\"url\":\"https:\/\/shop.huppa.eu\/lv\/\",\"name\":\"Huppa LV\",\"description\":\"\",\"potentialAction\":[{\"@type\":\"SearchAction\",\"target\":{\"@type\":\"EntryPoint\",\"urlTemplate\":\"https:\/\/shop.huppa.eu\/lv\/?s={search_term_string}\"},\"query-input\":{\"@type\":\"PropertyValueSpecification\",\"valueRequired\":true,\"valueName\":\"search_term_string\"}}],\"inLanguage\":\"lv-LV\"}]}<\/script>\n<!-- \/ Yoast SEO plugin. -->","yoast_head_json":{"title":"Atgrie\u0161ana un mai\u0146a","description":"Pirc\u0113jam p\u0113c pas\u016bt\u012bjuma sa\u0146em\u0161anas ir ties\u012bbas 14 dienu laik\u0101 atk\u0101pties no e-veikal\u0101 nosl\u0113gt\u0101 l\u012bguma.","robots":{"index":"index","follow":"follow","max-snippet":"max-snippet:-1","max-image-preview":"max-image-preview:large","max-video-preview":"max-video-preview:-1"},"canonical":"https:\/\/shop.huppa.eu\/lv\/tiesibas-uz-precu-atgriesanu\/","og_locale":"lv_LV","og_type":"article","og_title":"Atgrie\u0161ana un mai\u0146a","og_description":"Pirc\u0113jam p\u0113c pas\u016bt\u012bjuma sa\u0146em\u0161anas ir ties\u012bbas 14 dienu laik\u0101 atk\u0101pties no e-veikal\u0101 nosl\u0113gt\u0101 l\u012bguma.","og_url":"https:\/\/shop.huppa.eu\/lv\/tiesibas-uz-precu-atgriesanu\/","og_site_name":"Huppa LV","article_modified_time":"2026-04-10T08:04:22+00:00","og_image":[{"width":1440,"height":600,"url":"https:\/\/shop.huppa.eu\/lv\/wp-content\/uploads\/sites\/4\/2022\/01\/MicrosoftTeams-image-6.jpg","type":"image\/jpeg"}],"twitter_card":"summary_large_image","twitter_misc":{"Est. reading time":"2 min\u016btes"},"schema":{"@context":"https:\/\/schema.org","@graph":[{"@type":"WebPage","@id":"https:\/\/shop.huppa.eu\/lv\/tiesibas-uz-precu-atgriesanu\/","url":"https:\/\/shop.huppa.eu\/lv\/tiesibas-uz-precu-atgriesanu\/","name":"Atgrie\u0161ana un mai\u0146a","isPartOf":{"@id":"https:\/\/shop.huppa.eu\/lv\/#website"},"primaryImageOfPage":{"@id":"https:\/\/shop.huppa.eu\/lv\/tiesibas-uz-precu-atgriesanu\/#primaryimage"},"image":{"@id":"https:\/\/shop.huppa.eu\/lv\/tiesibas-uz-precu-atgriesanu\/#primaryimage"},"thumbnailUrl":"https:\/\/shop.huppa.eu\/lv\/wp-content\/uploads\/sites\/4\/2022\/01\/MicrosoftTeams-image-6.jpg","datePublished":"2022-03-10T11:32:13+00:00","dateModified":"2026-04-10T08:04:22+00:00","description":"Pirc\u0113jam p\u0113c pas\u016bt\u012bjuma sa\u0146em\u0161anas ir ties\u012bbas 14 dienu laik\u0101 atk\u0101pties no e-veikal\u0101 nosl\u0113gt\u0101 l\u012bguma.","inLanguage":"lv-LV","potentialAction":[{"@type":"ReadAction","target":["https:\/\/shop.huppa.eu\/lv\/tiesibas-uz-precu-atgriesanu\/"]}]},{"@type":"ImageObject","inLanguage":"lv-LV","@id":"https:\/\/shop.huppa.eu\/lv\/tiesibas-uz-precu-atgriesanu\/#primaryimage","url":"https:\/\/shop.huppa.eu\/lv\/wp-content\/uploads\/sites\/4\/2022\/01\/MicrosoftTeams-image-6.jpg","contentUrl":"https:\/\/shop.huppa.eu\/lv\/wp-content\/uploads\/sites\/4\/2022\/01\/MicrosoftTeams-image-6.jpg","width":1440,"height":600,"caption":"Mustrid ja v\u00e4rvid"},{"@type":"WebSite","@id":"https:\/\/shop.huppa.eu\/lv\/#website","url":"https:\/\/shop.huppa.eu\/lv\/","name":"Huppa LV","description":"","potentialAction":[{"@type":"SearchAction","target":{"@type":"EntryPoint","urlTemplate":"https:\/\/shop.huppa.eu\/lv\/?s={search_term_string}"},"query-input":{"@type":"PropertyValueSpecification","valueRequired":true,"valueName":"search_term_string"}}],"inLanguage":"lv-LV"}]}},"_links":{"self":[{"href":"https:\/\/shop.huppa.eu\/lv\/wp-json\/wp\/v2\/pages\/652","targetHints":{"allow":["GET"]}}],"collection":[{"href":"https:\/\/shop.huppa.eu\/lv\/wp-json\/wp\/v2\/pages"}],"about":[{"href":"https:\/\/shop.huppa.eu\/lv\/wp-json\/wp\/v2\/types\/page"}],"author":[{"embeddable":true,"href":"https:\/\/shop.huppa.eu\/lv\/wp-json\/wp\/v2\/users\/9"}],"replies":[{"embeddable":true,"href":"https:\/\/shop.huppa.eu\/lv\/wp-json\/wp\/v2\/comments?post=652"}],"version-history":[{"count":13,"href":"https:\/\/shop.huppa.eu\/lv\/wp-json\/wp\/v2\/pages\/652\/revisions"}],"predecessor-version":[{"id":551012,"href":"https:\/\/shop.huppa.eu\/lv\/wp-json\/wp\/v2\/pages\/652\/revisions\/551012"}],"wp:attachment":[{"href":"https:\/\/shop.huppa.eu\/lv\/wp-json\/wp\/v2\/media?parent=652"}],"curies":[{"name":"wp","href":"https:\/\/api.w.org\/{rel}","templated":true}]}}