{"id":470737,"date":"2022-03-12T18:32:02","date_gmt":"2022-03-12T16:32:02","guid":{"rendered":"https:\/\/shop.huppa.eu\/lv\/product\/vejjaka-olivia-300g-2\/"},"modified":"2026-04-29T15:58:17","modified_gmt":"2026-04-29T13:58:17","slug":"vejjaka-olivia-300g-2","status":"publish","type":"product","link":"https:\/\/shop.huppa.eu\/lv\/product\/vejjaka-olivia-300g-2\/","title":{"rendered":"Meite\u0146u v\u0113jjaka OLIVA (300g)"},"content":{"rendered":"<p>V\u00e4ikeste t\u00fcdrukute m\u00f5nusalt paksu 300 g vatiini ja osaliste tepingutega jope talvisteks jalutusk\u00e4ikudeks. Kauni jope voodriks on soe karvane Teddy Fur -ja taftvooder. Eemaldatav kapuuts eraldi eemaldatava karvaga kaitseb k\u00fclma tuule eest, sisemine mansett varrukasuus kaitseb lume ja tuule eest ning helkurdetailid lisavad rohkelt turvalisust ka pimedamal ajal liikumiseks. Armsatesse lipsuga esitaskutesse saab v\u00e4ike printsess peita aga k\u00f5ige s\u00e4ravamad aarded.<\/p>\n","protected":false},"excerpt":{"rendered":"<p>V\u00e4ikeste t\u00fcdrukute m\u00f5nusalt paksu 300 g vatiini ja osaliste tepingutega jope talvisteks jalutusk\u00e4ikudeks. Kauni jope voodriks on soe karvane Teddy Fur -ja taftvooder. Eemaldatav kapuuts eraldi eemaldatava karvaga kaitseb k\u00fclma tuule eest, sisemine mansett varrukasuus kaitseb lume ja tuule eest ning helkurdetailid lisavad rohkelt turvalisust ka pimedamal ajal liikumiseks. Armsatesse lipsuga esitaskutesse saab v\u00e4ike printsess [&hellip;]<\/p>\n","protected":false},"featured_media":437884,"template":"","meta":{"_acf_changed":false},"product_brand":[],"product_cat":[104,122,6500,123,8831,105,6508],"product_tag":[],"class_list":{"0":"post-470737","1":"product","2":"type-product","3":"status-publish","4":"has-post-thumbnail","6":"product_cat-berniem","7":"product_cat-meitenes","8":"product_cat-outlet","9":"product_cat-vejjakas-meitenes","10":"product_cat-vejjakas-top","11":"product_cat-vejjakas","12":"product_cat-vejjakas-outlet","13":"pa_auduma-gaisa-caurlaidiba-5000g-m-24h","14":"pa_auduma-udens-caurlaidiba-5000mm","15":"pa_dzimums-meitenes","16":"pa_izmers-354","17":"pa_izmers-560","18":"pa_izolacijas-svars-300g","19":"pa_kolekcija-fashion","20":"pa_kolekcijas-nr-w17-18","21":"pa_produkta-kods-17890030-71413","22":"pa_raksts-rakstaina-krasa","23":"pa_sezona-ziema","24":"pa_siltinajums-300g","25":"pa_vecuma-grupa-berniem","27":"first","28":"instock","29":"sale","30":"taxable","31":"shipping-taxable","32":"purchasable","33":"product-type-variable"},"acf":[],"yoast_head":"<!-- This site is optimized with the Yoast SEO plugin v26.8 - https:\/\/yoast.com\/product\/yoast-seo-wordpress\/ -->\n<title>Meite\u0146u v\u0113jjaka OLIVA (300g) - Huppa LV<\/title>\n<meta name=\"robots\" content=\"index, follow, max-snippet:-1, max-image-preview:large, max-video-preview:-1\" \/>\n<link rel=\"canonical\" href=\"https:\/\/shop.huppa.eu\/lv\/product\/vejjaka-olivia-300g-2\/\" \/>\n<meta property=\"og:locale\" content=\"lv_LV\" \/>\n<meta property=\"og:type\" content=\"article\" \/>\n<meta property=\"og:title\" content=\"Meite\u0146u v\u0113jjaka OLIVA (300g) - Huppa LV\" \/>\n<meta property=\"og:description\" content=\"V\u00e4ikeste t\u00fcdrukute m\u00f5nusalt paksu 300 g vatiini ja osaliste tepingutega jope talvisteks jalutusk\u00e4ikudeks. Kauni jope voodriks on soe karvane Teddy Fur -ja taftvooder. Eemaldatav kapuuts eraldi eemaldatava karvaga kaitseb k\u00fclma tuule eest, sisemine mansett varrukasuus kaitseb lume ja tuule eest ning helkurdetailid lisavad rohkelt turvalisust ka pimedamal ajal liikumiseks. Armsatesse lipsuga esitaskutesse saab v\u00e4ike printsess [&hellip;]\" \/>\n<meta property=\"og:url\" content=\"https:\/\/shop.huppa.eu\/lv\/product\/vejjaka-olivia-300g-2\/\" \/>\n<meta property=\"og:site_name\" content=\"Huppa LV\" \/>\n<meta property=\"article:modified_time\" content=\"2026-04-29T13:58:17+00:00\" \/>\n<meta property=\"og:image\" content=\"https:\/\/huppashop-prod.s3.eu-north-1.amazonaws.com\/wp-content\/uploads\/sites\/2\/2021\/06\/08014512\/17900030-72447-OLIVERo.jpg\" \/>\n\t<meta property=\"og:image:width\" content=\"800\" \/>\n\t<meta property=\"og:image:height\" content=\"800\" \/>\n\t<meta property=\"og:image:type\" content=\"image\/jpeg\" \/>\n<meta name=\"twitter:card\" content=\"summary_large_image\" \/>\n<script type=\"application\/ld+json\" class=\"yoast-schema-graph\">{\"@context\":\"https:\/\/schema.org\",\"@graph\":[{\"@type\":\"WebPage\",\"@id\":\"https:\/\/shop.huppa.eu\/lv\/product\/vejjaka-olivia-300g-2\/\",\"url\":\"https:\/\/shop.huppa.eu\/lv\/product\/vejjaka-olivia-300g-2\/\",\"name\":\"Meite\u0146u v\u0113jjaka OLIVA (300g) - Huppa LV\",\"isPartOf\":{\"@id\":\"https:\/\/shop.huppa.eu\/lv\/#website\"},\"primaryImageOfPage\":{\"@id\":\"https:\/\/shop.huppa.eu\/lv\/product\/vejjaka-olivia-300g-2\/#primaryimage\"},\"image\":{\"@id\":\"https:\/\/shop.huppa.eu\/lv\/product\/vejjaka-olivia-300g-2\/#primaryimage\"},\"thumbnailUrl\":\"https:\/\/huppashop-prod.s3.eu-north-1.amazonaws.com\/wp-content\/uploads\/sites\/2\/2021\/06\/08014512\/17900030-72447-OLIVERo.jpg\",\"datePublished\":\"2022-03-12T16:32:02+00:00\",\"dateModified\":\"2026-04-29T13:58:17+00:00\",\"breadcrumb\":{\"@id\":\"https:\/\/shop.huppa.eu\/lv\/product\/vejjaka-olivia-300g-2\/#breadcrumb\"},\"inLanguage\":\"lv-LV\",\"potentialAction\":[{\"@type\":\"ReadAction\",\"target\":[\"https:\/\/shop.huppa.eu\/lv\/product\/vejjaka-olivia-300g-2\/\"]}]},{\"@type\":\"ImageObject\",\"inLanguage\":\"lv-LV\",\"@id\":\"https:\/\/shop.huppa.eu\/lv\/product\/vejjaka-olivia-300g-2\/#primaryimage\",\"url\":\"https:\/\/huppashop-prod.s3.eu-north-1.amazonaws.com\/wp-content\/uploads\/sites\/2\/2021\/06\/08014512\/17900030-72447-OLIVERo.jpg\",\"contentUrl\":\"https:\/\/huppashop-prod.s3.eu-north-1.amazonaws.com\/wp-content\/uploads\/sites\/2\/2021\/06\/08014512\/17900030-72447-OLIVERo.jpg\",\"width\":800,\"height\":800},{\"@type\":\"BreadcrumbList\",\"@id\":\"https:\/\/shop.huppa.eu\/lv\/product\/vejjaka-olivia-300g-2\/#breadcrumb\",\"itemListElement\":[{\"@type\":\"ListItem\",\"position\":1,\"name\":\"Veikals\",\"item\":\"https:\/\/shop.huppa.eu\/lv\/shop\/\"},{\"@type\":\"ListItem\",\"position\":2,\"name\":\"Meite\u0146u v\u0113jjaka OLIVA (300g)\"}]},{\"@type\":\"WebSite\",\"@id\":\"https:\/\/shop.huppa.eu\/lv\/#website\",\"url\":\"https:\/\/shop.huppa.eu\/lv\/\",\"name\":\"Huppa LV\",\"description\":\"\",\"potentialAction\":[{\"@type\":\"SearchAction\",\"target\":{\"@type\":\"EntryPoint\",\"urlTemplate\":\"https:\/\/shop.huppa.eu\/lv\/?s={search_term_string}\"},\"query-input\":{\"@type\":\"PropertyValueSpecification\",\"valueRequired\":true,\"valueName\":\"search_term_string\"}}],\"inLanguage\":\"lv-LV\"}]}<\/script>\n<!-- \/ Yoast SEO plugin. -->","yoast_head_json":{"title":"Meite\u0146u v\u0113jjaka OLIVA (300g) - Huppa LV","robots":{"index":"index","follow":"follow","max-snippet":"max-snippet:-1","max-image-preview":"max-image-preview:large","max-video-preview":"max-video-preview:-1"},"canonical":"https:\/\/shop.huppa.eu\/lv\/product\/vejjaka-olivia-300g-2\/","og_locale":"lv_LV","og_type":"article","og_title":"Meite\u0146u v\u0113jjaka OLIVA (300g) - Huppa LV","og_description":"V\u00e4ikeste t\u00fcdrukute m\u00f5nusalt paksu 300 g vatiini ja osaliste tepingutega jope talvisteks jalutusk\u00e4ikudeks. Kauni jope voodriks on soe karvane Teddy Fur -ja taftvooder. Eemaldatav kapuuts eraldi eemaldatava karvaga kaitseb k\u00fclma tuule eest, sisemine mansett varrukasuus kaitseb lume ja tuule eest ning helkurdetailid lisavad rohkelt turvalisust ka pimedamal ajal liikumiseks. Armsatesse lipsuga esitaskutesse saab v\u00e4ike printsess [&hellip;]","og_url":"https:\/\/shop.huppa.eu\/lv\/product\/vejjaka-olivia-300g-2\/","og_site_name":"Huppa LV","article_modified_time":"2026-04-29T13:58:17+00:00","og_image":[{"width":800,"height":800,"url":"https:\/\/huppashop-prod.s3.eu-north-1.amazonaws.com\/wp-content\/uploads\/sites\/2\/2021\/06\/08014512\/17900030-72447-OLIVERo.jpg","type":"image\/jpeg"}],"twitter_card":"summary_large_image","schema":{"@context":"https:\/\/schema.org","@graph":[{"@type":"WebPage","@id":"https:\/\/shop.huppa.eu\/lv\/product\/vejjaka-olivia-300g-2\/","url":"https:\/\/shop.huppa.eu\/lv\/product\/vejjaka-olivia-300g-2\/","name":"Meite\u0146u v\u0113jjaka OLIVA (300g) - Huppa LV","isPartOf":{"@id":"https:\/\/shop.huppa.eu\/lv\/#website"},"primaryImageOfPage":{"@id":"https:\/\/shop.huppa.eu\/lv\/product\/vejjaka-olivia-300g-2\/#primaryimage"},"image":{"@id":"https:\/\/shop.huppa.eu\/lv\/product\/vejjaka-olivia-300g-2\/#primaryimage"},"thumbnailUrl":"https:\/\/huppashop-prod.s3.eu-north-1.amazonaws.com\/wp-content\/uploads\/sites\/2\/2021\/06\/08014512\/17900030-72447-OLIVERo.jpg","datePublished":"2022-03-12T16:32:02+00:00","dateModified":"2026-04-29T13:58:17+00:00","breadcrumb":{"@id":"https:\/\/shop.huppa.eu\/lv\/product\/vejjaka-olivia-300g-2\/#breadcrumb"},"inLanguage":"lv-LV","potentialAction":[{"@type":"ReadAction","target":["https:\/\/shop.huppa.eu\/lv\/product\/vejjaka-olivia-300g-2\/"]}]},{"@type":"ImageObject","inLanguage":"lv-LV","@id":"https:\/\/shop.huppa.eu\/lv\/product\/vejjaka-olivia-300g-2\/#primaryimage","url":"https:\/\/huppashop-prod.s3.eu-north-1.amazonaws.com\/wp-content\/uploads\/sites\/2\/2021\/06\/08014512\/17900030-72447-OLIVERo.jpg","contentUrl":"https:\/\/huppashop-prod.s3.eu-north-1.amazonaws.com\/wp-content\/uploads\/sites\/2\/2021\/06\/08014512\/17900030-72447-OLIVERo.jpg","width":800,"height":800},{"@type":"BreadcrumbList","@id":"https:\/\/shop.huppa.eu\/lv\/product\/vejjaka-olivia-300g-2\/#breadcrumb","itemListElement":[{"@type":"ListItem","position":1,"name":"Veikals","item":"https:\/\/shop.huppa.eu\/lv\/shop\/"},{"@type":"ListItem","position":2,"name":"Meite\u0146u v\u0113jjaka OLIVA (300g)"}]},{"@type":"WebSite","@id":"https:\/\/shop.huppa.eu\/lv\/#website","url":"https:\/\/shop.huppa.eu\/lv\/","name":"Huppa LV","description":"","potentialAction":[{"@type":"SearchAction","target":{"@type":"EntryPoint","urlTemplate":"https:\/\/shop.huppa.eu\/lv\/?s={search_term_string}"},"query-input":{"@type":"PropertyValueSpecification","valueRequired":true,"valueName":"search_term_string"}}],"inLanguage":"lv-LV"}]}},"_links":{"self":[{"href":"https:\/\/shop.huppa.eu\/lv\/wp-json\/wp\/v2\/product\/470737","targetHints":{"allow":["GET"]}}],"collection":[{"href":"https:\/\/shop.huppa.eu\/lv\/wp-json\/wp\/v2\/product"}],"about":[{"href":"https:\/\/shop.huppa.eu\/lv\/wp-json\/wp\/v2\/types\/product"}],"wp:featuredmedia":[{"embeddable":true,"href":"https:\/\/shop.huppa.eu\/lv\/wp-json\/wp\/v2\/media\/437884"}],"wp:attachment":[{"href":"https:\/\/shop.huppa.eu\/lv\/wp-json\/wp\/v2\/media?parent=470737"}],"wp:term":[{"taxonomy":"product_brand","embeddable":true,"href":"https:\/\/shop.huppa.eu\/lv\/wp-json\/wp\/v2\/product_brand?post=470737"},{"taxonomy":"product_cat","embeddable":true,"href":"https:\/\/shop.huppa.eu\/lv\/wp-json\/wp\/v2\/product_cat?post=470737"},{"taxonomy":"product_tag","embeddable":true,"href":"https:\/\/shop.huppa.eu\/lv\/wp-json\/wp\/v2\/product_tag?post=470737"}],"curies":[{"name":"wp","href":"https:\/\/api.w.org\/{rel}","templated":true}]}}