{"id":474662,"date":"2022-03-12T20:07:18","date_gmt":"2022-03-12T18:07:18","guid":{"rendered":"https:\/\/shop.huppa.eu\/lv\/product\/komplekts-noelle-1-300g\/"},"modified":"2026-04-08T13:44:16","modified_gmt":"2026-04-08T11:44:16","slug":"komplekts-noelle-1-300g","status":"publish","type":"product","link":"https:\/\/shop.huppa.eu\/lv\/product\/komplekts-noelle-1-300g\/","title":{"rendered":"Meite\u0146u ziemas komplekts NOELLE 1 (300g+160g)"},"content":{"rendered":"<p>M\u00f5nusalt soe pehmemast kangast tepitud kaheosaline komplekt k\u00f5ige v\u00e4iksematele m\u00fcrakarudele igap\u00e4evasteks toimetusteks. Jope soojustus on 300g ja voodriks pehme osaliselt flanell ja taftvooder. K\u00f5rge pihaosaga p\u00fckstel on 160g soojustus ja samuti m\u00f5nus pehme osaliselt flanell ja taftvooder ning seljaosal kumm mugavamaks kandmiseks. Komplekti jopel on eemaldatava karvaga kapuuts, helkurdetailid kahel klapiga taskul. P\u00fckstel reguleeritavad kummitraksid ning  vahva tasku leidude hoidmiseks.<\/p>\n","protected":false},"excerpt":{"rendered":"<p>M\u00f5nusalt soe pehmemast kangast tepitud kaheosaline komplekt k\u00f5ige v\u00e4iksematele m\u00fcrakarudele igap\u00e4evasteks toimetusteks. Jope soojustus on 300g ja voodriks pehme osaliselt flanell ja taftvooder. K\u00f5rge pihaosaga p\u00fckstel on 160g soojustus ja samuti m\u00f5nus pehme osaliselt flanell ja taftvooder ning seljaosal kumm mugavamaks kandmiseks. Komplekti jopel on eemaldatava karvaga kapuuts, helkurdetailid kahel klapiga taskul. P\u00fckstel reguleeritavad kummitraksid [&hellip;]<\/p>\n","protected":false},"featured_media":445383,"template":"","meta":{"_acf_changed":false},"product_brand":[],"product_cat":[6592,8842,6500,104,1711,1713,107],"product_tag":[],"class_list":{"0":"post-474662","1":"product","2":"type-product","3":"status-publish","4":"has-post-thumbnail","6":"product_cat-komplekti-outlet","7":"product_cat-komplekti-top","8":"product_cat-outlet","9":"product_cat-berniem","10":"product_cat-komplekti","11":"product_cat-komplekti-zeni","12":"product_cat-zeni","13":"pa_auduma-gaisa-caurlaidiba-5000g-m-24h","14":"pa_auduma-udens-caurlaidiba-5000mm","15":"pa_dzimums-zeni","16":"pa_izmers-354","17":"pa_izolacijas-svars-300g160g","18":"pa_kolekcija-fashion","19":"pa_kolekcijas-nr-w17-18","20":"pa_produkta-kods-41820130-72386","21":"pa_raksts-rakstaina-krasa","22":"pa_sezona-ziema","23":"pa_siltinajums-300g160g","24":"pa_vecuma-grupa-berniem","26":"first","27":"instock","28":"sale","29":"taxable","30":"shipping-taxable","31":"purchasable","32":"product-type-variable"},"acf":[],"yoast_head":"<!-- This site is optimized with the Yoast SEO plugin v26.8 - https:\/\/yoast.com\/product\/yoast-seo-wordpress\/ -->\n<title>Meite\u0146u ziemas komplekts NOELLE 1 (300g+160g) - Huppa LV<\/title>\n<meta name=\"robots\" content=\"index, follow, max-snippet:-1, max-image-preview:large, max-video-preview:-1\" \/>\n<link rel=\"canonical\" href=\"https:\/\/shop.huppa.eu\/lv\/product\/komplekts-noelle-1-300g\/\" \/>\n<meta property=\"og:locale\" content=\"lv_LV\" \/>\n<meta property=\"og:type\" content=\"article\" \/>\n<meta property=\"og:title\" content=\"Meite\u0146u ziemas komplekts NOELLE 1 (300g+160g) - Huppa LV\" \/>\n<meta property=\"og:description\" content=\"M\u00f5nusalt soe pehmemast kangast tepitud kaheosaline komplekt k\u00f5ige v\u00e4iksematele m\u00fcrakarudele igap\u00e4evasteks toimetusteks. Jope soojustus on 300g ja voodriks pehme osaliselt flanell ja taftvooder. K\u00f5rge pihaosaga p\u00fckstel on 160g soojustus ja samuti m\u00f5nus pehme osaliselt flanell ja taftvooder ning seljaosal kumm mugavamaks kandmiseks. Komplekti jopel on eemaldatava karvaga kapuuts, helkurdetailid kahel klapiga taskul. P\u00fckstel reguleeritavad kummitraksid [&hellip;]\" \/>\n<meta property=\"og:url\" content=\"https:\/\/shop.huppa.eu\/lv\/product\/komplekts-noelle-1-300g\/\" \/>\n<meta property=\"og:site_name\" content=\"Huppa LV\" \/>\n<meta property=\"article:modified_time\" content=\"2026-04-08T11:44:16+00:00\" \/>\n<meta property=\"og:image\" content=\"https:\/\/huppashop-prod.s3.eu-north-1.amazonaws.com\/wp-content\/uploads\/sites\/2\/2021\/06\/08063348\/41820130-72386-NOELLEf.jpg\" \/>\n\t<meta property=\"og:image:width\" content=\"800\" \/>\n\t<meta property=\"og:image:height\" content=\"800\" \/>\n\t<meta property=\"og:image:type\" content=\"image\/jpeg\" \/>\n<meta name=\"twitter:card\" content=\"summary_large_image\" \/>\n<script type=\"application\/ld+json\" class=\"yoast-schema-graph\">{\"@context\":\"https:\/\/schema.org\",\"@graph\":[{\"@type\":\"WebPage\",\"@id\":\"https:\/\/shop.huppa.eu\/lv\/product\/komplekts-noelle-1-300g\/\",\"url\":\"https:\/\/shop.huppa.eu\/lv\/product\/komplekts-noelle-1-300g\/\",\"name\":\"Meite\u0146u ziemas komplekts NOELLE 1 (300g+160g) - Huppa LV\",\"isPartOf\":{\"@id\":\"https:\/\/shop.huppa.eu\/lv\/#website\"},\"primaryImageOfPage\":{\"@id\":\"https:\/\/shop.huppa.eu\/lv\/product\/komplekts-noelle-1-300g\/#primaryimage\"},\"image\":{\"@id\":\"https:\/\/shop.huppa.eu\/lv\/product\/komplekts-noelle-1-300g\/#primaryimage\"},\"thumbnailUrl\":\"https:\/\/huppashop-prod.s3.eu-north-1.amazonaws.com\/wp-content\/uploads\/sites\/2\/2021\/06\/08063348\/41820130-72386-NOELLEf.jpg\",\"datePublished\":\"2022-03-12T18:07:18+00:00\",\"dateModified\":\"2026-04-08T11:44:16+00:00\",\"breadcrumb\":{\"@id\":\"https:\/\/shop.huppa.eu\/lv\/product\/komplekts-noelle-1-300g\/#breadcrumb\"},\"inLanguage\":\"lv-LV\",\"potentialAction\":[{\"@type\":\"ReadAction\",\"target\":[\"https:\/\/shop.huppa.eu\/lv\/product\/komplekts-noelle-1-300g\/\"]}]},{\"@type\":\"ImageObject\",\"inLanguage\":\"lv-LV\",\"@id\":\"https:\/\/shop.huppa.eu\/lv\/product\/komplekts-noelle-1-300g\/#primaryimage\",\"url\":\"https:\/\/huppashop-prod.s3.eu-north-1.amazonaws.com\/wp-content\/uploads\/sites\/2\/2021\/06\/08063348\/41820130-72386-NOELLEf.jpg\",\"contentUrl\":\"https:\/\/huppashop-prod.s3.eu-north-1.amazonaws.com\/wp-content\/uploads\/sites\/2\/2021\/06\/08063348\/41820130-72386-NOELLEf.jpg\",\"width\":800,\"height\":800},{\"@type\":\"BreadcrumbList\",\"@id\":\"https:\/\/shop.huppa.eu\/lv\/product\/komplekts-noelle-1-300g\/#breadcrumb\",\"itemListElement\":[{\"@type\":\"ListItem\",\"position\":1,\"name\":\"Veikals\",\"item\":\"https:\/\/shop.huppa.eu\/lv\/shop\/\"},{\"@type\":\"ListItem\",\"position\":2,\"name\":\"Meite\u0146u ziemas komplekts NOELLE 1 (300g+160g)\"}]},{\"@type\":\"WebSite\",\"@id\":\"https:\/\/shop.huppa.eu\/lv\/#website\",\"url\":\"https:\/\/shop.huppa.eu\/lv\/\",\"name\":\"Huppa LV\",\"description\":\"\",\"potentialAction\":[{\"@type\":\"SearchAction\",\"target\":{\"@type\":\"EntryPoint\",\"urlTemplate\":\"https:\/\/shop.huppa.eu\/lv\/?s={search_term_string}\"},\"query-input\":{\"@type\":\"PropertyValueSpecification\",\"valueRequired\":true,\"valueName\":\"search_term_string\"}}],\"inLanguage\":\"lv-LV\"}]}<\/script>\n<!-- \/ Yoast SEO plugin. -->","yoast_head_json":{"title":"Meite\u0146u ziemas komplekts NOELLE 1 (300g+160g) - Huppa LV","robots":{"index":"index","follow":"follow","max-snippet":"max-snippet:-1","max-image-preview":"max-image-preview:large","max-video-preview":"max-video-preview:-1"},"canonical":"https:\/\/shop.huppa.eu\/lv\/product\/komplekts-noelle-1-300g\/","og_locale":"lv_LV","og_type":"article","og_title":"Meite\u0146u ziemas komplekts NOELLE 1 (300g+160g) - Huppa LV","og_description":"M\u00f5nusalt soe pehmemast kangast tepitud kaheosaline komplekt k\u00f5ige v\u00e4iksematele m\u00fcrakarudele igap\u00e4evasteks toimetusteks. Jope soojustus on 300g ja voodriks pehme osaliselt flanell ja taftvooder. K\u00f5rge pihaosaga p\u00fckstel on 160g soojustus ja samuti m\u00f5nus pehme osaliselt flanell ja taftvooder ning seljaosal kumm mugavamaks kandmiseks. Komplekti jopel on eemaldatava karvaga kapuuts, helkurdetailid kahel klapiga taskul. P\u00fckstel reguleeritavad kummitraksid [&hellip;]","og_url":"https:\/\/shop.huppa.eu\/lv\/product\/komplekts-noelle-1-300g\/","og_site_name":"Huppa LV","article_modified_time":"2026-04-08T11:44:16+00:00","og_image":[{"width":800,"height":800,"url":"https:\/\/huppashop-prod.s3.eu-north-1.amazonaws.com\/wp-content\/uploads\/sites\/2\/2021\/06\/08063348\/41820130-72386-NOELLEf.jpg","type":"image\/jpeg"}],"twitter_card":"summary_large_image","schema":{"@context":"https:\/\/schema.org","@graph":[{"@type":"WebPage","@id":"https:\/\/shop.huppa.eu\/lv\/product\/komplekts-noelle-1-300g\/","url":"https:\/\/shop.huppa.eu\/lv\/product\/komplekts-noelle-1-300g\/","name":"Meite\u0146u ziemas komplekts NOELLE 1 (300g+160g) - Huppa LV","isPartOf":{"@id":"https:\/\/shop.huppa.eu\/lv\/#website"},"primaryImageOfPage":{"@id":"https:\/\/shop.huppa.eu\/lv\/product\/komplekts-noelle-1-300g\/#primaryimage"},"image":{"@id":"https:\/\/shop.huppa.eu\/lv\/product\/komplekts-noelle-1-300g\/#primaryimage"},"thumbnailUrl":"https:\/\/huppashop-prod.s3.eu-north-1.amazonaws.com\/wp-content\/uploads\/sites\/2\/2021\/06\/08063348\/41820130-72386-NOELLEf.jpg","datePublished":"2022-03-12T18:07:18+00:00","dateModified":"2026-04-08T11:44:16+00:00","breadcrumb":{"@id":"https:\/\/shop.huppa.eu\/lv\/product\/komplekts-noelle-1-300g\/#breadcrumb"},"inLanguage":"lv-LV","potentialAction":[{"@type":"ReadAction","target":["https:\/\/shop.huppa.eu\/lv\/product\/komplekts-noelle-1-300g\/"]}]},{"@type":"ImageObject","inLanguage":"lv-LV","@id":"https:\/\/shop.huppa.eu\/lv\/product\/komplekts-noelle-1-300g\/#primaryimage","url":"https:\/\/huppashop-prod.s3.eu-north-1.amazonaws.com\/wp-content\/uploads\/sites\/2\/2021\/06\/08063348\/41820130-72386-NOELLEf.jpg","contentUrl":"https:\/\/huppashop-prod.s3.eu-north-1.amazonaws.com\/wp-content\/uploads\/sites\/2\/2021\/06\/08063348\/41820130-72386-NOELLEf.jpg","width":800,"height":800},{"@type":"BreadcrumbList","@id":"https:\/\/shop.huppa.eu\/lv\/product\/komplekts-noelle-1-300g\/#breadcrumb","itemListElement":[{"@type":"ListItem","position":1,"name":"Veikals","item":"https:\/\/shop.huppa.eu\/lv\/shop\/"},{"@type":"ListItem","position":2,"name":"Meite\u0146u ziemas komplekts NOELLE 1 (300g+160g)"}]},{"@type":"WebSite","@id":"https:\/\/shop.huppa.eu\/lv\/#website","url":"https:\/\/shop.huppa.eu\/lv\/","name":"Huppa LV","description":"","potentialAction":[{"@type":"SearchAction","target":{"@type":"EntryPoint","urlTemplate":"https:\/\/shop.huppa.eu\/lv\/?s={search_term_string}"},"query-input":{"@type":"PropertyValueSpecification","valueRequired":true,"valueName":"search_term_string"}}],"inLanguage":"lv-LV"}]}},"_links":{"self":[{"href":"https:\/\/shop.huppa.eu\/lv\/wp-json\/wp\/v2\/product\/474662","targetHints":{"allow":["GET"]}}],"collection":[{"href":"https:\/\/shop.huppa.eu\/lv\/wp-json\/wp\/v2\/product"}],"about":[{"href":"https:\/\/shop.huppa.eu\/lv\/wp-json\/wp\/v2\/types\/product"}],"wp:featuredmedia":[{"embeddable":true,"href":"https:\/\/shop.huppa.eu\/lv\/wp-json\/wp\/v2\/media\/445383"}],"wp:attachment":[{"href":"https:\/\/shop.huppa.eu\/lv\/wp-json\/wp\/v2\/media?parent=474662"}],"wp:term":[{"taxonomy":"product_brand","embeddable":true,"href":"https:\/\/shop.huppa.eu\/lv\/wp-json\/wp\/v2\/product_brand?post=474662"},{"taxonomy":"product_cat","embeddable":true,"href":"https:\/\/shop.huppa.eu\/lv\/wp-json\/wp\/v2\/product_cat?post=474662"},{"taxonomy":"product_tag","embeddable":true,"href":"https:\/\/shop.huppa.eu\/lv\/wp-json\/wp\/v2\/product_tag?post=474662"}],"curies":[{"name":"wp","href":"https:\/\/api.w.org\/{rel}","templated":true}]}}