{"id":474775,"date":"2022-03-12T20:11:58","date_gmt":"2022-03-12T18:11:58","guid":{"rendered":"https:\/\/shop.huppa.eu\/lv\/product\/mazulu-komplekts-miki\/"},"modified":"2026-04-06T20:11:59","modified_gmt":"2026-04-06T18:11:59","slug":"mazulu-komplekts-miki","status":"publish","type":"product","link":"https:\/\/shop.huppa.eu\/lv\/product\/mazulu-komplekts-miki\/","title":{"rendered":"B\u0113rnu komplekts MIKI (100g+40g)"},"content":{"rendered":"<p>Mazu\u013cu komplekts MIKI, tum\u0161i zils ar rakstu\/ tum\u0161i zils 586, 80<\/p>\n","protected":false},"excerpt":{"rendered":"<p>Mazu\u013cu komplekts MIKI, tum\u0161i zils ar rakstu\/ tum\u0161i zils 586, 80<\/p>\n","protected":false},"featured_media":445658,"template":"","meta":{"_acf_changed":false},"product_brand":[],"product_cat":[104,1713,6592,8842,1711,6500,107],"product_tag":[],"class_list":{"0":"post-474775","1":"product","2":"type-product","3":"status-publish","4":"has-post-thumbnail","6":"product_cat-berniem","7":"product_cat-komplekti-zeni","8":"product_cat-komplekti-outlet","9":"product_cat-komplekti-top","10":"product_cat-komplekti","11":"product_cat-outlet","12":"product_cat-zeni","13":"pa_auduma-gaisa-caurlaidiba-10000g-m-24h","14":"pa_auduma-udens-caurlaidiba-10000mm","15":"pa_dzimums-zeni","16":"pa_izmers-354","17":"pa_izolacijas-svars-100g40g","18":"pa_kolekcija-spring-autumn","19":"pa_kolekcijas-nr-sa16","20":"pa_produkta-kods-4189cs16-586","21":"pa_raksts-rakstaina-krasa","22":"pa_sezona-pavasaris-rudens","23":"pa_siltinajums-100g40g","24":"pa_vecuma-grupa-berniem","26":"first","27":"instock","28":"sale","29":"taxable","30":"shipping-taxable","31":"purchasable","32":"product-type-variable"},"acf":[],"yoast_head":"<!-- This site is optimized with the Yoast SEO plugin v26.8 - https:\/\/yoast.com\/product\/yoast-seo-wordpress\/ -->\n<title>B\u0113rnu komplekts MIKI (100g+40g) - Huppa LV<\/title>\n<meta name=\"robots\" content=\"index, follow, max-snippet:-1, max-image-preview:large, max-video-preview:-1\" \/>\n<link rel=\"canonical\" href=\"https:\/\/shop.huppa.eu\/lv\/product\/mazulu-komplekts-miki\/\" \/>\n<meta property=\"og:locale\" content=\"lv_LV\" \/>\n<meta property=\"og:type\" content=\"article\" \/>\n<meta property=\"og:title\" content=\"B\u0113rnu komplekts MIKI (100g+40g) - Huppa LV\" \/>\n<meta property=\"og:description\" content=\"Mazu\u013cu komplekts MIKI, tum\u0161i zils ar rakstu\/ tum\u0161i zils 586, 80\" \/>\n<meta property=\"og:url\" content=\"https:\/\/shop.huppa.eu\/lv\/product\/mazulu-komplekts-miki\/\" \/>\n<meta property=\"og:site_name\" content=\"Huppa LV\" \/>\n<meta property=\"article:modified_time\" content=\"2026-04-06T18:11:59+00:00\" \/>\n<meta property=\"og:image\" content=\"https:\/\/huppashop-prod.s3.eu-north-1.amazonaws.com\/wp-content\/uploads\/sites\/2\/2021\/06\/08064610\/4189CS16-586-MIKI_front.png\" \/>\n\t<meta property=\"og:image:width\" content=\"1600\" \/>\n\t<meta property=\"og:image:height\" content=\"1600\" \/>\n\t<meta property=\"og:image:type\" content=\"image\/png\" \/>\n<meta name=\"twitter:card\" content=\"summary_large_image\" \/>\n<script type=\"application\/ld+json\" class=\"yoast-schema-graph\">{\"@context\":\"https:\/\/schema.org\",\"@graph\":[{\"@type\":\"WebPage\",\"@id\":\"https:\/\/shop.huppa.eu\/lv\/product\/mazulu-komplekts-miki\/\",\"url\":\"https:\/\/shop.huppa.eu\/lv\/product\/mazulu-komplekts-miki\/\",\"name\":\"B\u0113rnu komplekts MIKI (100g+40g) - Huppa LV\",\"isPartOf\":{\"@id\":\"https:\/\/shop.huppa.eu\/lv\/#website\"},\"primaryImageOfPage\":{\"@id\":\"https:\/\/shop.huppa.eu\/lv\/product\/mazulu-komplekts-miki\/#primaryimage\"},\"image\":{\"@id\":\"https:\/\/shop.huppa.eu\/lv\/product\/mazulu-komplekts-miki\/#primaryimage\"},\"thumbnailUrl\":\"https:\/\/huppashop-prod.s3.eu-north-1.amazonaws.com\/wp-content\/uploads\/sites\/2\/2021\/06\/08064610\/4189CS16-586-MIKI_front.png\",\"datePublished\":\"2022-03-12T18:11:58+00:00\",\"dateModified\":\"2026-04-06T18:11:59+00:00\",\"breadcrumb\":{\"@id\":\"https:\/\/shop.huppa.eu\/lv\/product\/mazulu-komplekts-miki\/#breadcrumb\"},\"inLanguage\":\"lv-LV\",\"potentialAction\":[{\"@type\":\"ReadAction\",\"target\":[\"https:\/\/shop.huppa.eu\/lv\/product\/mazulu-komplekts-miki\/\"]}]},{\"@type\":\"ImageObject\",\"inLanguage\":\"lv-LV\",\"@id\":\"https:\/\/shop.huppa.eu\/lv\/product\/mazulu-komplekts-miki\/#primaryimage\",\"url\":\"https:\/\/huppashop-prod.s3.eu-north-1.amazonaws.com\/wp-content\/uploads\/sites\/2\/2021\/06\/08064610\/4189CS16-586-MIKI_front.png\",\"contentUrl\":\"https:\/\/huppashop-prod.s3.eu-north-1.amazonaws.com\/wp-content\/uploads\/sites\/2\/2021\/06\/08064610\/4189CS16-586-MIKI_front.png\",\"width\":1600,\"height\":1600},{\"@type\":\"BreadcrumbList\",\"@id\":\"https:\/\/shop.huppa.eu\/lv\/product\/mazulu-komplekts-miki\/#breadcrumb\",\"itemListElement\":[{\"@type\":\"ListItem\",\"position\":1,\"name\":\"Veikals\",\"item\":\"https:\/\/shop.huppa.eu\/lv\/shop\/\"},{\"@type\":\"ListItem\",\"position\":2,\"name\":\"B\u0113rnu komplekts MIKI (100g+40g)\"}]},{\"@type\":\"WebSite\",\"@id\":\"https:\/\/shop.huppa.eu\/lv\/#website\",\"url\":\"https:\/\/shop.huppa.eu\/lv\/\",\"name\":\"Huppa LV\",\"description\":\"\",\"potentialAction\":[{\"@type\":\"SearchAction\",\"target\":{\"@type\":\"EntryPoint\",\"urlTemplate\":\"https:\/\/shop.huppa.eu\/lv\/?s={search_term_string}\"},\"query-input\":{\"@type\":\"PropertyValueSpecification\",\"valueRequired\":true,\"valueName\":\"search_term_string\"}}],\"inLanguage\":\"lv-LV\"}]}<\/script>\n<!-- \/ Yoast SEO plugin. -->","yoast_head_json":{"title":"B\u0113rnu komplekts MIKI (100g+40g) - Huppa LV","robots":{"index":"index","follow":"follow","max-snippet":"max-snippet:-1","max-image-preview":"max-image-preview:large","max-video-preview":"max-video-preview:-1"},"canonical":"https:\/\/shop.huppa.eu\/lv\/product\/mazulu-komplekts-miki\/","og_locale":"lv_LV","og_type":"article","og_title":"B\u0113rnu komplekts MIKI (100g+40g) - Huppa LV","og_description":"Mazu\u013cu komplekts MIKI, tum\u0161i zils ar rakstu\/ tum\u0161i zils 586, 80","og_url":"https:\/\/shop.huppa.eu\/lv\/product\/mazulu-komplekts-miki\/","og_site_name":"Huppa LV","article_modified_time":"2026-04-06T18:11:59+00:00","og_image":[{"width":1600,"height":1600,"url":"https:\/\/huppashop-prod.s3.eu-north-1.amazonaws.com\/wp-content\/uploads\/sites\/2\/2021\/06\/08064610\/4189CS16-586-MIKI_front.png","type":"image\/png"}],"twitter_card":"summary_large_image","schema":{"@context":"https:\/\/schema.org","@graph":[{"@type":"WebPage","@id":"https:\/\/shop.huppa.eu\/lv\/product\/mazulu-komplekts-miki\/","url":"https:\/\/shop.huppa.eu\/lv\/product\/mazulu-komplekts-miki\/","name":"B\u0113rnu komplekts MIKI (100g+40g) - Huppa LV","isPartOf":{"@id":"https:\/\/shop.huppa.eu\/lv\/#website"},"primaryImageOfPage":{"@id":"https:\/\/shop.huppa.eu\/lv\/product\/mazulu-komplekts-miki\/#primaryimage"},"image":{"@id":"https:\/\/shop.huppa.eu\/lv\/product\/mazulu-komplekts-miki\/#primaryimage"},"thumbnailUrl":"https:\/\/huppashop-prod.s3.eu-north-1.amazonaws.com\/wp-content\/uploads\/sites\/2\/2021\/06\/08064610\/4189CS16-586-MIKI_front.png","datePublished":"2022-03-12T18:11:58+00:00","dateModified":"2026-04-06T18:11:59+00:00","breadcrumb":{"@id":"https:\/\/shop.huppa.eu\/lv\/product\/mazulu-komplekts-miki\/#breadcrumb"},"inLanguage":"lv-LV","potentialAction":[{"@type":"ReadAction","target":["https:\/\/shop.huppa.eu\/lv\/product\/mazulu-komplekts-miki\/"]}]},{"@type":"ImageObject","inLanguage":"lv-LV","@id":"https:\/\/shop.huppa.eu\/lv\/product\/mazulu-komplekts-miki\/#primaryimage","url":"https:\/\/huppashop-prod.s3.eu-north-1.amazonaws.com\/wp-content\/uploads\/sites\/2\/2021\/06\/08064610\/4189CS16-586-MIKI_front.png","contentUrl":"https:\/\/huppashop-prod.s3.eu-north-1.amazonaws.com\/wp-content\/uploads\/sites\/2\/2021\/06\/08064610\/4189CS16-586-MIKI_front.png","width":1600,"height":1600},{"@type":"BreadcrumbList","@id":"https:\/\/shop.huppa.eu\/lv\/product\/mazulu-komplekts-miki\/#breadcrumb","itemListElement":[{"@type":"ListItem","position":1,"name":"Veikals","item":"https:\/\/shop.huppa.eu\/lv\/shop\/"},{"@type":"ListItem","position":2,"name":"B\u0113rnu komplekts MIKI (100g+40g)"}]},{"@type":"WebSite","@id":"https:\/\/shop.huppa.eu\/lv\/#website","url":"https:\/\/shop.huppa.eu\/lv\/","name":"Huppa LV","description":"","potentialAction":[{"@type":"SearchAction","target":{"@type":"EntryPoint","urlTemplate":"https:\/\/shop.huppa.eu\/lv\/?s={search_term_string}"},"query-input":{"@type":"PropertyValueSpecification","valueRequired":true,"valueName":"search_term_string"}}],"inLanguage":"lv-LV"}]}},"_links":{"self":[{"href":"https:\/\/shop.huppa.eu\/lv\/wp-json\/wp\/v2\/product\/474775","targetHints":{"allow":["GET"]}}],"collection":[{"href":"https:\/\/shop.huppa.eu\/lv\/wp-json\/wp\/v2\/product"}],"about":[{"href":"https:\/\/shop.huppa.eu\/lv\/wp-json\/wp\/v2\/types\/product"}],"wp:featuredmedia":[{"embeddable":true,"href":"https:\/\/shop.huppa.eu\/lv\/wp-json\/wp\/v2\/media\/445658"}],"wp:attachment":[{"href":"https:\/\/shop.huppa.eu\/lv\/wp-json\/wp\/v2\/media?parent=474775"}],"wp:term":[{"taxonomy":"product_brand","embeddable":true,"href":"https:\/\/shop.huppa.eu\/lv\/wp-json\/wp\/v2\/product_brand?post=474775"},{"taxonomy":"product_cat","embeddable":true,"href":"https:\/\/shop.huppa.eu\/lv\/wp-json\/wp\/v2\/product_cat?post=474775"},{"taxonomy":"product_tag","embeddable":true,"href":"https:\/\/shop.huppa.eu\/lv\/wp-json\/wp\/v2\/product_tag?post=474775"}],"curies":[{"name":"wp","href":"https:\/\/api.w.org\/{rel}","templated":true}]}}