{"id":475776,"date":"2022-03-12T20:31:50","date_gmt":"2022-03-12T18:31:50","guid":{"rendered":"https:\/\/shop.huppa.eu\/lv\/product\/udensnec-duraini-kei-4\/"},"modified":"2026-04-29T14:05:22","modified_gmt":"2026-04-29T12:05:22","slug":"udensnec-duraini-kei-4","status":"publish","type":"product","link":"https:\/\/shop.huppa.eu\/lv\/product\/udensnec-duraini-kei-4\/","title":{"rendered":"B\u0113rnu cimdi KEI"},"content":{"rendered":"<p>Laste pikemad kevad-s\u00fcgis kindad. Lihtsal\u00f5ikelised kindad on \u00f5mmeldud m\u00f5nusast pol\u00fcesterkangast. Kaunistusena on lisatud kinda labaosale helkurtriibud. Mugavamaks kandmiseks on kinnaste randmeosa ning \u00fcla\u00e4\u00e4r kummiga. Lisaks on kinnastel v\u00e4ikesed klambrid, et kindapaar kasutamise vahepeal kenasti koos p\u00fcsiks.<\/p>\n","protected":false},"excerpt":{"rendered":"<p>Laste pikemad kevad-s\u00fcgis kindad. Lihtsal\u00f5ikelised kindad on \u00f5mmeldud m\u00f5nusast pol\u00fcesterkangast. Kaunistusena on lisatud kinda labaosale helkurtriibud. Mugavamaks kandmiseks on kinnaste randmeosa ning \u00fcla\u00e4\u00e4r kummiga. Lisaks on kinnastel v\u00e4ikesed klambrid, et kindapaar kasutamise vahepeal kenasti koos p\u00fcsiks.<\/p>\n","protected":false},"featured_media":447852,"template":"","meta":{"_acf_changed":false},"product_brand":[],"product_cat":[6472,104,2204,2209,6475,8849,122],"product_tag":[],"class_list":{"0":"post-475776","1":"product","2":"type-product","3":"status-publish","4":"has-post-thumbnail","6":"product_cat-accessories","7":"product_cat-berniem","8":"product_cat-cimdini","9":"product_cat-cimdini-meitenes","10":"product_cat-cimdini-accessories","11":"product_cat-cimdini-top","12":"product_cat-meitenes","13":"pa_auduma-gaisa-caurlaidiba-10000g-m-24h","14":"pa_auduma-udens-caurlaidiba-10000mm","15":"pa_dzimums-meitenes","16":"pa_izmers-2214","17":"pa_izmers-2200","18":"pa_izmers-2201","19":"pa_izmers-2202","20":"pa_izmers-2203","21":"pa_kolekcija-accessories","22":"pa_kolekcijas-nr-sa2017","23":"pa_produkta-kods-8103base-70073","24":"pa_raksts-vienkrasains","25":"pa_sezona-pavasaris-rudens","26":"pa_vecuma-grupa-berniem","28":"first","29":"instock","30":"taxable","31":"shipping-taxable","32":"purchasable","33":"product-type-variable"},"acf":[],"yoast_head":"<!-- This site is optimized with the Yoast SEO plugin v26.8 - https:\/\/yoast.com\/product\/yoast-seo-wordpress\/ -->\n<title>B\u0113rnu cimdi KEI - Huppa LV<\/title>\n<meta name=\"robots\" content=\"index, follow, max-snippet:-1, max-image-preview:large, max-video-preview:-1\" \/>\n<link rel=\"canonical\" href=\"https:\/\/shop.huppa.eu\/lv\/product\/udensnec-duraini-kei-4\/\" \/>\n<meta property=\"og:locale\" content=\"lv_LV\" \/>\n<meta property=\"og:type\" content=\"article\" \/>\n<meta property=\"og:title\" content=\"B\u0113rnu cimdi KEI - Huppa LV\" \/>\n<meta property=\"og:description\" content=\"Laste pikemad kevad-s\u00fcgis kindad. Lihtsal\u00f5ikelised kindad on \u00f5mmeldud m\u00f5nusast pol\u00fcesterkangast. Kaunistusena on lisatud kinda labaosale helkurtriibud. Mugavamaks kandmiseks on kinnaste randmeosa ning \u00fcla\u00e4\u00e4r kummiga. Lisaks on kinnastel v\u00e4ikesed klambrid, et kindapaar kasutamise vahepeal kenasti koos p\u00fcsiks.\" \/>\n<meta property=\"og:url\" content=\"https:\/\/shop.huppa.eu\/lv\/product\/udensnec-duraini-kei-4\/\" \/>\n<meta property=\"og:site_name\" content=\"Huppa LV\" \/>\n<meta property=\"article:modified_time\" content=\"2026-04-29T12:05:22+00:00\" \/>\n<meta property=\"og:image\" content=\"https:\/\/huppashop-prod.s3.eu-north-1.amazonaws.com\/wp-content\/uploads\/sites\/2\/2021\/06\/08080027\/8103BASE-70073-KEI.jpg\" \/>\n\t<meta property=\"og:image:width\" content=\"800\" \/>\n\t<meta property=\"og:image:height\" content=\"800\" \/>\n\t<meta property=\"og:image:type\" content=\"image\/jpeg\" \/>\n<meta name=\"twitter:card\" content=\"summary_large_image\" \/>\n<script type=\"application\/ld+json\" class=\"yoast-schema-graph\">{\"@context\":\"https:\/\/schema.org\",\"@graph\":[{\"@type\":\"WebPage\",\"@id\":\"https:\/\/shop.huppa.eu\/lv\/product\/udensnec-duraini-kei-4\/\",\"url\":\"https:\/\/shop.huppa.eu\/lv\/product\/udensnec-duraini-kei-4\/\",\"name\":\"B\u0113rnu cimdi KEI - Huppa LV\",\"isPartOf\":{\"@id\":\"https:\/\/shop.huppa.eu\/lv\/#website\"},\"primaryImageOfPage\":{\"@id\":\"https:\/\/shop.huppa.eu\/lv\/product\/udensnec-duraini-kei-4\/#primaryimage\"},\"image\":{\"@id\":\"https:\/\/shop.huppa.eu\/lv\/product\/udensnec-duraini-kei-4\/#primaryimage\"},\"thumbnailUrl\":\"https:\/\/huppashop-prod.s3.eu-north-1.amazonaws.com\/wp-content\/uploads\/sites\/2\/2021\/06\/08080027\/8103BASE-70073-KEI.jpg\",\"datePublished\":\"2022-03-12T18:31:50+00:00\",\"dateModified\":\"2026-04-29T12:05:22+00:00\",\"breadcrumb\":{\"@id\":\"https:\/\/shop.huppa.eu\/lv\/product\/udensnec-duraini-kei-4\/#breadcrumb\"},\"inLanguage\":\"lv-LV\",\"potentialAction\":[{\"@type\":\"ReadAction\",\"target\":[\"https:\/\/shop.huppa.eu\/lv\/product\/udensnec-duraini-kei-4\/\"]}]},{\"@type\":\"ImageObject\",\"inLanguage\":\"lv-LV\",\"@id\":\"https:\/\/shop.huppa.eu\/lv\/product\/udensnec-duraini-kei-4\/#primaryimage\",\"url\":\"https:\/\/huppashop-prod.s3.eu-north-1.amazonaws.com\/wp-content\/uploads\/sites\/2\/2021\/06\/08080027\/8103BASE-70073-KEI.jpg\",\"contentUrl\":\"https:\/\/huppashop-prod.s3.eu-north-1.amazonaws.com\/wp-content\/uploads\/sites\/2\/2021\/06\/08080027\/8103BASE-70073-KEI.jpg\",\"width\":800,\"height\":800},{\"@type\":\"BreadcrumbList\",\"@id\":\"https:\/\/shop.huppa.eu\/lv\/product\/udensnec-duraini-kei-4\/#breadcrumb\",\"itemListElement\":[{\"@type\":\"ListItem\",\"position\":1,\"name\":\"Veikals\",\"item\":\"https:\/\/shop.huppa.eu\/lv\/shop\/\"},{\"@type\":\"ListItem\",\"position\":2,\"name\":\"B\u0113rnu cimdi KEI\"}]},{\"@type\":\"WebSite\",\"@id\":\"https:\/\/shop.huppa.eu\/lv\/#website\",\"url\":\"https:\/\/shop.huppa.eu\/lv\/\",\"name\":\"Huppa LV\",\"description\":\"\",\"potentialAction\":[{\"@type\":\"SearchAction\",\"target\":{\"@type\":\"EntryPoint\",\"urlTemplate\":\"https:\/\/shop.huppa.eu\/lv\/?s={search_term_string}\"},\"query-input\":{\"@type\":\"PropertyValueSpecification\",\"valueRequired\":true,\"valueName\":\"search_term_string\"}}],\"inLanguage\":\"lv-LV\"}]}<\/script>\n<!-- \/ Yoast SEO plugin. -->","yoast_head_json":{"title":"B\u0113rnu cimdi KEI - Huppa LV","robots":{"index":"index","follow":"follow","max-snippet":"max-snippet:-1","max-image-preview":"max-image-preview:large","max-video-preview":"max-video-preview:-1"},"canonical":"https:\/\/shop.huppa.eu\/lv\/product\/udensnec-duraini-kei-4\/","og_locale":"lv_LV","og_type":"article","og_title":"B\u0113rnu cimdi KEI - Huppa LV","og_description":"Laste pikemad kevad-s\u00fcgis kindad. Lihtsal\u00f5ikelised kindad on \u00f5mmeldud m\u00f5nusast pol\u00fcesterkangast. Kaunistusena on lisatud kinda labaosale helkurtriibud. Mugavamaks kandmiseks on kinnaste randmeosa ning \u00fcla\u00e4\u00e4r kummiga. Lisaks on kinnastel v\u00e4ikesed klambrid, et kindapaar kasutamise vahepeal kenasti koos p\u00fcsiks.","og_url":"https:\/\/shop.huppa.eu\/lv\/product\/udensnec-duraini-kei-4\/","og_site_name":"Huppa LV","article_modified_time":"2026-04-29T12:05:22+00:00","og_image":[{"width":800,"height":800,"url":"https:\/\/huppashop-prod.s3.eu-north-1.amazonaws.com\/wp-content\/uploads\/sites\/2\/2021\/06\/08080027\/8103BASE-70073-KEI.jpg","type":"image\/jpeg"}],"twitter_card":"summary_large_image","schema":{"@context":"https:\/\/schema.org","@graph":[{"@type":"WebPage","@id":"https:\/\/shop.huppa.eu\/lv\/product\/udensnec-duraini-kei-4\/","url":"https:\/\/shop.huppa.eu\/lv\/product\/udensnec-duraini-kei-4\/","name":"B\u0113rnu cimdi KEI - Huppa LV","isPartOf":{"@id":"https:\/\/shop.huppa.eu\/lv\/#website"},"primaryImageOfPage":{"@id":"https:\/\/shop.huppa.eu\/lv\/product\/udensnec-duraini-kei-4\/#primaryimage"},"image":{"@id":"https:\/\/shop.huppa.eu\/lv\/product\/udensnec-duraini-kei-4\/#primaryimage"},"thumbnailUrl":"https:\/\/huppashop-prod.s3.eu-north-1.amazonaws.com\/wp-content\/uploads\/sites\/2\/2021\/06\/08080027\/8103BASE-70073-KEI.jpg","datePublished":"2022-03-12T18:31:50+00:00","dateModified":"2026-04-29T12:05:22+00:00","breadcrumb":{"@id":"https:\/\/shop.huppa.eu\/lv\/product\/udensnec-duraini-kei-4\/#breadcrumb"},"inLanguage":"lv-LV","potentialAction":[{"@type":"ReadAction","target":["https:\/\/shop.huppa.eu\/lv\/product\/udensnec-duraini-kei-4\/"]}]},{"@type":"ImageObject","inLanguage":"lv-LV","@id":"https:\/\/shop.huppa.eu\/lv\/product\/udensnec-duraini-kei-4\/#primaryimage","url":"https:\/\/huppashop-prod.s3.eu-north-1.amazonaws.com\/wp-content\/uploads\/sites\/2\/2021\/06\/08080027\/8103BASE-70073-KEI.jpg","contentUrl":"https:\/\/huppashop-prod.s3.eu-north-1.amazonaws.com\/wp-content\/uploads\/sites\/2\/2021\/06\/08080027\/8103BASE-70073-KEI.jpg","width":800,"height":800},{"@type":"BreadcrumbList","@id":"https:\/\/shop.huppa.eu\/lv\/product\/udensnec-duraini-kei-4\/#breadcrumb","itemListElement":[{"@type":"ListItem","position":1,"name":"Veikals","item":"https:\/\/shop.huppa.eu\/lv\/shop\/"},{"@type":"ListItem","position":2,"name":"B\u0113rnu cimdi KEI"}]},{"@type":"WebSite","@id":"https:\/\/shop.huppa.eu\/lv\/#website","url":"https:\/\/shop.huppa.eu\/lv\/","name":"Huppa LV","description":"","potentialAction":[{"@type":"SearchAction","target":{"@type":"EntryPoint","urlTemplate":"https:\/\/shop.huppa.eu\/lv\/?s={search_term_string}"},"query-input":{"@type":"PropertyValueSpecification","valueRequired":true,"valueName":"search_term_string"}}],"inLanguage":"lv-LV"}]}},"_links":{"self":[{"href":"https:\/\/shop.huppa.eu\/lv\/wp-json\/wp\/v2\/product\/475776","targetHints":{"allow":["GET"]}}],"collection":[{"href":"https:\/\/shop.huppa.eu\/lv\/wp-json\/wp\/v2\/product"}],"about":[{"href":"https:\/\/shop.huppa.eu\/lv\/wp-json\/wp\/v2\/types\/product"}],"wp:featuredmedia":[{"embeddable":true,"href":"https:\/\/shop.huppa.eu\/lv\/wp-json\/wp\/v2\/media\/447852"}],"wp:attachment":[{"href":"https:\/\/shop.huppa.eu\/lv\/wp-json\/wp\/v2\/media?parent=475776"}],"wp:term":[{"taxonomy":"product_brand","embeddable":true,"href":"https:\/\/shop.huppa.eu\/lv\/wp-json\/wp\/v2\/product_brand?post=475776"},{"taxonomy":"product_cat","embeddable":true,"href":"https:\/\/shop.huppa.eu\/lv\/wp-json\/wp\/v2\/product_cat?post=475776"},{"taxonomy":"product_tag","embeddable":true,"href":"https:\/\/shop.huppa.eu\/lv\/wp-json\/wp\/v2\/product_tag?post=475776"}],"curies":[{"name":"wp","href":"https:\/\/api.w.org\/{rel}","templated":true}]}}