{"id":499709,"date":"2022-08-23T02:42:48","date_gmt":"2022-08-23T00:42:48","guid":{"rendered":"https:\/\/shop.huppa.eu\/lv\/product\/sieviesu-ziemas-metelis-nina-1-2\/"},"modified":"2026-04-08T12:10:14","modified_gmt":"2026-04-08T10:10:14","slug":"sieviesu-ziemas-metelis-nina-1-2","status":"publish","type":"product","link":"https:\/\/shop.huppa.eu\/lv\/product\/sieviesu-ziemas-metelis-nina-1-2\/","title":{"rendered":"Sievie\u0161u ziemas m\u0113telis NINA 1 (300g)"},"content":{"rendered":"<p>B\u0113rnu \u016bdens- un v\u0113ja iztur\u012bgs pavasara-rudens kombinezons. Elpojo\u0161s virsaudums. Kombinezona iek\u0161pus\u0113 ir flane\u013ca oderaudums. Piedurk\u0146u un staru galos un kapuces mal\u0101 ir iestr\u0101d\u0101ta gumijas lente. No\u0146emam\u0101 kapuce pie apkakles nostiprin\u0101ma ar spiedpog\u0101m. Izm\u0113riem 62-80 \u0113rti izgrie\u017eami piedurk\u0146u un staru gali. Muguras da\u013c\u0101 jostasviet\u0101 iestr\u0101d\u0101ta gumijas lente. \u016adensnotur\u012bgas, step\u0113tas \u0161uves. Kombinezonam nav staras iek\u0161\u0113j\u0101s \u0161uves. No\u0146emamas zoles gumijas. Virsaudumam atstarojo\u0161as deta\u013cas.<\/p>\n","protected":false},"excerpt":{"rendered":"<p>B\u0113rnu \u016bdens- un v\u0113ja iztur\u012bgs pavasara-rudens kombinezons. Elpojo\u0161s virsaudums. Kombinezona iek\u0161pus\u0113 ir flane\u013ca oderaudums. Piedurk\u0146u un staru galos un kapuces mal\u0101 ir iestr\u0101d\u0101ta gumijas lente. No\u0146emam\u0101 kapuce pie apkakles nostiprin\u0101ma ar spiedpog\u0101m. Izm\u0113riem 62-80 \u0113rti izgrie\u017eami piedurk\u0146u un staru gali. Muguras da\u013c\u0101 jostasviet\u0101 iestr\u0101d\u0101ta gumijas lente. \u016adensnotur\u012bgas, step\u0113tas \u0161uves. Kombinezonam nav staras iek\u0161\u0113j\u0101s \u0161uves. No\u0146emamas [&hellip;]<\/p>\n","protected":false},"featured_media":514464,"template":"","meta":{"_acf_changed":false},"product_brand":[],"product_cat":[8813,7387,6501,159,138,6500,158,7382,8812],"product_tag":[],"class_list":{"0":"post-499709","1":"product","2":"type-product","3":"status-publish","4":"has-post-thumbnail","6":"product_cat-meteli-sievietes","7":"product_cat-meteli-sale","8":"product_cat-meteli-outlet","9":"product_cat-meteli-pieaugusajiem","10":"product_cat-meteli","11":"product_cat-outlet","12":"product_cat-pieaugusajiem","13":"product_cat-sale","14":"product_cat-sievietes","15":"pa_auduma-gaisa-caurlaidiba-5-000g-m-24h","16":"pa_auduma-udens-caurlaidiba-5-000mm","17":"pa_dzimums-sievietes","18":"pa_izmers-l","19":"pa_izmers-m","20":"pa_izmers-s","21":"pa_izmers-xl","22":"pa_izmers-xs","23":"pa_izmers-xxl","24":"pa_izolacijas-svars-300g","25":"pa_kolekcija-fashion","26":"pa_kolekcijas-nr-w24-25","27":"pa_produkta-kods-12598130-00063","28":"pa_raksts-vienkrasains","29":"pa_sale-yes","30":"pa_sezona-ziema","31":"pa_siltinajums-300g","32":"pa_vecuma-grupa-pieaugusajiem","34":"first","35":"instock","36":"sale","37":"taxable","38":"shipping-taxable","39":"purchasable","40":"product-type-variable"},"acf":[],"yoast_head":"<!-- This site is optimized with the Yoast SEO plugin v26.8 - https:\/\/yoast.com\/product\/yoast-seo-wordpress\/ -->\n<title>Sievie\u0161u ziemas m\u0113telis NINA 1 (300g) - Huppa LV<\/title>\n<meta name=\"robots\" content=\"index, follow, max-snippet:-1, max-image-preview:large, max-video-preview:-1\" \/>\n<link rel=\"canonical\" href=\"https:\/\/shop.huppa.eu\/lv\/product\/sieviesu-ziemas-metelis-nina-1-2\/\" \/>\n<meta property=\"og:locale\" content=\"lv_LV\" \/>\n<meta property=\"og:type\" content=\"article\" \/>\n<meta property=\"og:title\" content=\"Sievie\u0161u ziemas m\u0113telis NINA 1 (300g) - Huppa LV\" \/>\n<meta property=\"og:description\" content=\"B\u0113rnu \u016bdens- un v\u0113ja iztur\u012bgs pavasara-rudens kombinezons. Elpojo\u0161s virsaudums. Kombinezona iek\u0161pus\u0113 ir flane\u013ca oderaudums. Piedurk\u0146u un staru galos un kapuces mal\u0101 ir iestr\u0101d\u0101ta gumijas lente. No\u0146emam\u0101 kapuce pie apkakles nostiprin\u0101ma ar spiedpog\u0101m. Izm\u0113riem 62-80 \u0113rti izgrie\u017eami piedurk\u0146u un staru gali. Muguras da\u013c\u0101 jostasviet\u0101 iestr\u0101d\u0101ta gumijas lente. \u016adensnotur\u012bgas, step\u0113tas \u0161uves. Kombinezonam nav staras iek\u0161\u0113j\u0101s \u0161uves. No\u0146emamas [&hellip;]\" \/>\n<meta property=\"og:url\" content=\"https:\/\/shop.huppa.eu\/lv\/product\/sieviesu-ziemas-metelis-nina-1-2\/\" \/>\n<meta property=\"og:site_name\" content=\"Huppa LV\" \/>\n<meta property=\"article:modified_time\" content=\"2026-04-08T10:10:14+00:00\" \/>\n<meta property=\"og:image\" content=\"https:\/\/huppashop-prod.s3.eu-north-1.amazonaws.com\/wp-content\/uploads\/sites\/4\/2023\/06\/29021307\/12598130-00063-NINA1_mw_f.jpg\" \/>\n\t<meta property=\"og:image:width\" content=\"1200\" \/>\n\t<meta property=\"og:image:height\" content=\"1200\" \/>\n\t<meta property=\"og:image:type\" content=\"image\/jpeg\" \/>\n<meta name=\"twitter:card\" content=\"summary_large_image\" \/>\n<script type=\"application\/ld+json\" class=\"yoast-schema-graph\">{\"@context\":\"https:\/\/schema.org\",\"@graph\":[{\"@type\":\"WebPage\",\"@id\":\"https:\/\/shop.huppa.eu\/lv\/product\/sieviesu-ziemas-metelis-nina-1-2\/\",\"url\":\"https:\/\/shop.huppa.eu\/lv\/product\/sieviesu-ziemas-metelis-nina-1-2\/\",\"name\":\"Sievie\u0161u ziemas m\u0113telis NINA 1 (300g) - Huppa LV\",\"isPartOf\":{\"@id\":\"https:\/\/shop.huppa.eu\/lv\/#website\"},\"primaryImageOfPage\":{\"@id\":\"https:\/\/shop.huppa.eu\/lv\/product\/sieviesu-ziemas-metelis-nina-1-2\/#primaryimage\"},\"image\":{\"@id\":\"https:\/\/shop.huppa.eu\/lv\/product\/sieviesu-ziemas-metelis-nina-1-2\/#primaryimage\"},\"thumbnailUrl\":\"https:\/\/huppashop-prod.s3.eu-north-1.amazonaws.com\/wp-content\/uploads\/sites\/4\/2023\/06\/29021307\/12598130-00063-NINA1_mw_f.jpg\",\"datePublished\":\"2022-08-23T00:42:48+00:00\",\"dateModified\":\"2026-04-08T10:10:14+00:00\",\"breadcrumb\":{\"@id\":\"https:\/\/shop.huppa.eu\/lv\/product\/sieviesu-ziemas-metelis-nina-1-2\/#breadcrumb\"},\"inLanguage\":\"lv-LV\",\"potentialAction\":[{\"@type\":\"ReadAction\",\"target\":[\"https:\/\/shop.huppa.eu\/lv\/product\/sieviesu-ziemas-metelis-nina-1-2\/\"]}]},{\"@type\":\"ImageObject\",\"inLanguage\":\"lv-LV\",\"@id\":\"https:\/\/shop.huppa.eu\/lv\/product\/sieviesu-ziemas-metelis-nina-1-2\/#primaryimage\",\"url\":\"https:\/\/huppashop-prod.s3.eu-north-1.amazonaws.com\/wp-content\/uploads\/sites\/4\/2023\/06\/29021307\/12598130-00063-NINA1_mw_f.jpg\",\"contentUrl\":\"https:\/\/huppashop-prod.s3.eu-north-1.amazonaws.com\/wp-content\/uploads\/sites\/4\/2023\/06\/29021307\/12598130-00063-NINA1_mw_f.jpg\",\"width\":1200,\"height\":1200},{\"@type\":\"BreadcrumbList\",\"@id\":\"https:\/\/shop.huppa.eu\/lv\/product\/sieviesu-ziemas-metelis-nina-1-2\/#breadcrumb\",\"itemListElement\":[{\"@type\":\"ListItem\",\"position\":1,\"name\":\"Veikals\",\"item\":\"https:\/\/shop.huppa.eu\/lv\/shop\/\"},{\"@type\":\"ListItem\",\"position\":2,\"name\":\"Sievie\u0161u ziemas m\u0113telis NINA 1 (300g)\"}]},{\"@type\":\"WebSite\",\"@id\":\"https:\/\/shop.huppa.eu\/lv\/#website\",\"url\":\"https:\/\/shop.huppa.eu\/lv\/\",\"name\":\"Huppa LV\",\"description\":\"\",\"potentialAction\":[{\"@type\":\"SearchAction\",\"target\":{\"@type\":\"EntryPoint\",\"urlTemplate\":\"https:\/\/shop.huppa.eu\/lv\/?s={search_term_string}\"},\"query-input\":{\"@type\":\"PropertyValueSpecification\",\"valueRequired\":true,\"valueName\":\"search_term_string\"}}],\"inLanguage\":\"lv-LV\"}]}<\/script>\n<!-- \/ Yoast SEO plugin. -->","yoast_head_json":{"title":"Sievie\u0161u ziemas m\u0113telis NINA 1 (300g) - Huppa LV","robots":{"index":"index","follow":"follow","max-snippet":"max-snippet:-1","max-image-preview":"max-image-preview:large","max-video-preview":"max-video-preview:-1"},"canonical":"https:\/\/shop.huppa.eu\/lv\/product\/sieviesu-ziemas-metelis-nina-1-2\/","og_locale":"lv_LV","og_type":"article","og_title":"Sievie\u0161u ziemas m\u0113telis NINA 1 (300g) - Huppa LV","og_description":"B\u0113rnu \u016bdens- un v\u0113ja iztur\u012bgs pavasara-rudens kombinezons. Elpojo\u0161s virsaudums. Kombinezona iek\u0161pus\u0113 ir flane\u013ca oderaudums. Piedurk\u0146u un staru galos un kapuces mal\u0101 ir iestr\u0101d\u0101ta gumijas lente. No\u0146emam\u0101 kapuce pie apkakles nostiprin\u0101ma ar spiedpog\u0101m. Izm\u0113riem 62-80 \u0113rti izgrie\u017eami piedurk\u0146u un staru gali. Muguras da\u013c\u0101 jostasviet\u0101 iestr\u0101d\u0101ta gumijas lente. \u016adensnotur\u012bgas, step\u0113tas \u0161uves. Kombinezonam nav staras iek\u0161\u0113j\u0101s \u0161uves. No\u0146emamas [&hellip;]","og_url":"https:\/\/shop.huppa.eu\/lv\/product\/sieviesu-ziemas-metelis-nina-1-2\/","og_site_name":"Huppa LV","article_modified_time":"2026-04-08T10:10:14+00:00","og_image":[{"width":1200,"height":1200,"url":"https:\/\/huppashop-prod.s3.eu-north-1.amazonaws.com\/wp-content\/uploads\/sites\/4\/2023\/06\/29021307\/12598130-00063-NINA1_mw_f.jpg","type":"image\/jpeg"}],"twitter_card":"summary_large_image","schema":{"@context":"https:\/\/schema.org","@graph":[{"@type":"WebPage","@id":"https:\/\/shop.huppa.eu\/lv\/product\/sieviesu-ziemas-metelis-nina-1-2\/","url":"https:\/\/shop.huppa.eu\/lv\/product\/sieviesu-ziemas-metelis-nina-1-2\/","name":"Sievie\u0161u ziemas m\u0113telis NINA 1 (300g) - Huppa LV","isPartOf":{"@id":"https:\/\/shop.huppa.eu\/lv\/#website"},"primaryImageOfPage":{"@id":"https:\/\/shop.huppa.eu\/lv\/product\/sieviesu-ziemas-metelis-nina-1-2\/#primaryimage"},"image":{"@id":"https:\/\/shop.huppa.eu\/lv\/product\/sieviesu-ziemas-metelis-nina-1-2\/#primaryimage"},"thumbnailUrl":"https:\/\/huppashop-prod.s3.eu-north-1.amazonaws.com\/wp-content\/uploads\/sites\/4\/2023\/06\/29021307\/12598130-00063-NINA1_mw_f.jpg","datePublished":"2022-08-23T00:42:48+00:00","dateModified":"2026-04-08T10:10:14+00:00","breadcrumb":{"@id":"https:\/\/shop.huppa.eu\/lv\/product\/sieviesu-ziemas-metelis-nina-1-2\/#breadcrumb"},"inLanguage":"lv-LV","potentialAction":[{"@type":"ReadAction","target":["https:\/\/shop.huppa.eu\/lv\/product\/sieviesu-ziemas-metelis-nina-1-2\/"]}]},{"@type":"ImageObject","inLanguage":"lv-LV","@id":"https:\/\/shop.huppa.eu\/lv\/product\/sieviesu-ziemas-metelis-nina-1-2\/#primaryimage","url":"https:\/\/huppashop-prod.s3.eu-north-1.amazonaws.com\/wp-content\/uploads\/sites\/4\/2023\/06\/29021307\/12598130-00063-NINA1_mw_f.jpg","contentUrl":"https:\/\/huppashop-prod.s3.eu-north-1.amazonaws.com\/wp-content\/uploads\/sites\/4\/2023\/06\/29021307\/12598130-00063-NINA1_mw_f.jpg","width":1200,"height":1200},{"@type":"BreadcrumbList","@id":"https:\/\/shop.huppa.eu\/lv\/product\/sieviesu-ziemas-metelis-nina-1-2\/#breadcrumb","itemListElement":[{"@type":"ListItem","position":1,"name":"Veikals","item":"https:\/\/shop.huppa.eu\/lv\/shop\/"},{"@type":"ListItem","position":2,"name":"Sievie\u0161u ziemas m\u0113telis NINA 1 (300g)"}]},{"@type":"WebSite","@id":"https:\/\/shop.huppa.eu\/lv\/#website","url":"https:\/\/shop.huppa.eu\/lv\/","name":"Huppa LV","description":"","potentialAction":[{"@type":"SearchAction","target":{"@type":"EntryPoint","urlTemplate":"https:\/\/shop.huppa.eu\/lv\/?s={search_term_string}"},"query-input":{"@type":"PropertyValueSpecification","valueRequired":true,"valueName":"search_term_string"}}],"inLanguage":"lv-LV"}]}},"_links":{"self":[{"href":"https:\/\/shop.huppa.eu\/lv\/wp-json\/wp\/v2\/product\/499709","targetHints":{"allow":["GET"]}}],"collection":[{"href":"https:\/\/shop.huppa.eu\/lv\/wp-json\/wp\/v2\/product"}],"about":[{"href":"https:\/\/shop.huppa.eu\/lv\/wp-json\/wp\/v2\/types\/product"}],"wp:featuredmedia":[{"embeddable":true,"href":"https:\/\/shop.huppa.eu\/lv\/wp-json\/wp\/v2\/media\/514464"}],"wp:attachment":[{"href":"https:\/\/shop.huppa.eu\/lv\/wp-json\/wp\/v2\/media?parent=499709"}],"wp:term":[{"taxonomy":"product_brand","embeddable":true,"href":"https:\/\/shop.huppa.eu\/lv\/wp-json\/wp\/v2\/product_brand?post=499709"},{"taxonomy":"product_cat","embeddable":true,"href":"https:\/\/shop.huppa.eu\/lv\/wp-json\/wp\/v2\/product_cat?post=499709"},{"taxonomy":"product_tag","embeddable":true,"href":"https:\/\/shop.huppa.eu\/lv\/wp-json\/wp\/v2\/product_tag?post=499709"}],"curies":[{"name":"wp","href":"https:\/\/api.w.org\/{rel}","templated":true}]}}