{"id":520577,"date":"2024-03-06T03:39:03","date_gmt":"2024-03-06T01:39:03","guid":{"rendered":"https:\/\/shop.huppa.eu\/lv\/product\/mazulu-kombinezons-deiro-3-100g-16\/"},"modified":"2026-04-08T13:24:25","modified_gmt":"2026-04-08T11:24:25","slug":"mazulu-kombinezons-deiro-3-100g-16","status":"publish","type":"product","link":"https:\/\/shop.huppa.eu\/lv\/product\/mazulu-kombinezons-deiro-3-100g-16\/","title":{"rendered":"B\u0113rnu pavasara-rudens kombinezons DEIRO 3 (100g)"},"content":{"rendered":"<p>\u016adens un v\u0113ja notur\u012bgs starpsezonas kombinezons ar 100\u00a0g siltin\u0101jumu mazu\u013ciem. Elpojo\u0161s virsaudums. Kombinezona iek\u0161pus\u0113 flane\u013ca odere. Piedurk\u0146u un staru galos, k\u0101 ar\u012b kapuces mal\u0101 ir iestr\u0101d\u0101ta gumija. 62.-80.\u00a0izm\u0113ram \u0113rti atlok\u0101mi piedurk\u0146u un bik\u0161u staru gali. \u016adensnotur\u012bgas, step\u0113tas \u0161uves. Bik\u0161u galos elast\u012bgas gumijas. Uz virsauduma atstarojo\u0161as deta\u013cas.<\/p>\n","protected":false},"excerpt":{"rendered":"<p>\u016adens un v\u0113ja notur\u012bgs starpsezonas kombinezons ar 100\u00a0g siltin\u0101jumu mazu\u013ciem. Elpojo\u0161s virsaudums. Kombinezona iek\u0161pus\u0113 flane\u013ca odere. Piedurk\u0146u un staru galos, k\u0101 ar\u012b kapuces mal\u0101 ir iestr\u0101d\u0101ta gumija. 62.-80.\u00a0izm\u0113ram \u0113rti atlok\u0101mi piedurk\u0146u un bik\u0161u staru gali. \u016adensnotur\u012bgas, step\u0113tas \u0161uves. Bik\u0161u galos elast\u012bgas gumijas. Uz virsauduma atstarojo\u0161as deta\u013cas.<\/p>\n","protected":false},"featured_media":522991,"template":"","meta":{"_acf_changed":false},"product_brand":[],"product_cat":[8838,104,357,1380,122],"product_tag":[],"class_list":{"0":"post-520577","1":"product","2":"type-product","3":"status-publish","4":"has-post-thumbnail","6":"product_cat-kombinezoni-top","7":"product_cat-berniem","8":"product_cat-kombinezoni","9":"product_cat-kombinezoni-meitenes","10":"product_cat-meitenes","11":"pa_auduma-gaisa-caurlaidiba-10000g-m-24h","12":"pa_auduma-udens-caurlaidiba-10000mm","13":"pa_dzimums-meitenes","14":"pa_izmers-1374","15":"pa_izmers-351","16":"pa_izmers-354","17":"pa_izmers-355","18":"pa_izmers-356","19":"pa_izmers-560","20":"pa_izolacijas-svars-100g","21":"pa_kolekcija-semi-season","22":"pa_kolekcijas-nr-sa2024","23":"pa_produkta-kods-36290310-43099","24":"pa_raksts-rakstaina-krasa","25":"pa_sale-yes","26":"pa_sezona-pavasaris-rudens","27":"pa_siltinajums-100g","28":"pa_vecuma-grupa-berniem","30":"first","31":"instock","32":"sale","33":"taxable","34":"shipping-taxable","35":"purchasable","36":"product-type-variable"},"acf":[],"yoast_head":"<!-- This site is optimized with the Yoast SEO plugin v26.8 - https:\/\/yoast.com\/product\/yoast-seo-wordpress\/ -->\n<title>B\u0113rnu pavasara-rudens kombinezons DEIRO 3 (100g) - Huppa LV<\/title>\n<meta name=\"robots\" content=\"index, follow, max-snippet:-1, max-image-preview:large, max-video-preview:-1\" \/>\n<link rel=\"canonical\" href=\"https:\/\/shop.huppa.eu\/lv\/product\/mazulu-kombinezons-deiro-3-100g-16\/\" \/>\n<meta property=\"og:locale\" content=\"lv_LV\" \/>\n<meta property=\"og:type\" content=\"article\" \/>\n<meta property=\"og:title\" content=\"B\u0113rnu pavasara-rudens kombinezons DEIRO 3 (100g) - Huppa LV\" \/>\n<meta property=\"og:description\" content=\"\u016adens un v\u0113ja notur\u012bgs starpsezonas kombinezons ar 100\u00a0g siltin\u0101jumu mazu\u013ciem. Elpojo\u0161s virsaudums. Kombinezona iek\u0161pus\u0113 flane\u013ca odere. Piedurk\u0146u un staru galos, k\u0101 ar\u012b kapuces mal\u0101 ir iestr\u0101d\u0101ta gumija. 62.-80.\u00a0izm\u0113ram \u0113rti atlok\u0101mi piedurk\u0146u un bik\u0161u staru gali. \u016adensnotur\u012bgas, step\u0113tas \u0161uves. Bik\u0161u galos elast\u012bgas gumijas. Uz virsauduma atstarojo\u0161as deta\u013cas.\" \/>\n<meta property=\"og:url\" content=\"https:\/\/shop.huppa.eu\/lv\/product\/mazulu-kombinezons-deiro-3-100g-16\/\" \/>\n<meta property=\"og:site_name\" content=\"Huppa LV\" \/>\n<meta property=\"article:modified_time\" content=\"2026-04-08T11:24:25+00:00\" \/>\n<meta property=\"og:image\" content=\"https:\/\/huppashop-prod.s3.eu-north-1.amazonaws.com\/wp-content\/uploads\/sites\/4\/2024\/04\/09021924\/36290310-43099-DEIRO3_f.jpg\" \/>\n\t<meta property=\"og:image:width\" content=\"1200\" \/>\n\t<meta property=\"og:image:height\" content=\"1200\" \/>\n\t<meta property=\"og:image:type\" content=\"image\/jpeg\" \/>\n<meta name=\"twitter:card\" content=\"summary_large_image\" \/>\n<meta name=\"twitter:label1\" content=\"Est. reading time\" \/>\n\t<meta name=\"twitter:data1\" content=\"1 min\u016bte\" \/>\n<script type=\"application\/ld+json\" class=\"yoast-schema-graph\">{\"@context\":\"https:\/\/schema.org\",\"@graph\":[{\"@type\":\"WebPage\",\"@id\":\"https:\/\/shop.huppa.eu\/lv\/product\/mazulu-kombinezons-deiro-3-100g-16\/\",\"url\":\"https:\/\/shop.huppa.eu\/lv\/product\/mazulu-kombinezons-deiro-3-100g-16\/\",\"name\":\"B\u0113rnu pavasara-rudens kombinezons DEIRO 3 (100g) - Huppa LV\",\"isPartOf\":{\"@id\":\"https:\/\/shop.huppa.eu\/lv\/#website\"},\"primaryImageOfPage\":{\"@id\":\"https:\/\/shop.huppa.eu\/lv\/product\/mazulu-kombinezons-deiro-3-100g-16\/#primaryimage\"},\"image\":{\"@id\":\"https:\/\/shop.huppa.eu\/lv\/product\/mazulu-kombinezons-deiro-3-100g-16\/#primaryimage\"},\"thumbnailUrl\":\"https:\/\/huppashop-prod.s3.eu-north-1.amazonaws.com\/wp-content\/uploads\/sites\/4\/2024\/04\/09021924\/36290310-43099-DEIRO3_f.jpg\",\"datePublished\":\"2024-03-06T01:39:03+00:00\",\"dateModified\":\"2026-04-08T11:24:25+00:00\",\"breadcrumb\":{\"@id\":\"https:\/\/shop.huppa.eu\/lv\/product\/mazulu-kombinezons-deiro-3-100g-16\/#breadcrumb\"},\"inLanguage\":\"lv-LV\",\"potentialAction\":[{\"@type\":\"ReadAction\",\"target\":[\"https:\/\/shop.huppa.eu\/lv\/product\/mazulu-kombinezons-deiro-3-100g-16\/\"]}]},{\"@type\":\"ImageObject\",\"inLanguage\":\"lv-LV\",\"@id\":\"https:\/\/shop.huppa.eu\/lv\/product\/mazulu-kombinezons-deiro-3-100g-16\/#primaryimage\",\"url\":\"https:\/\/huppashop-prod.s3.eu-north-1.amazonaws.com\/wp-content\/uploads\/sites\/4\/2024\/04\/09021924\/36290310-43099-DEIRO3_f.jpg\",\"contentUrl\":\"https:\/\/huppashop-prod.s3.eu-north-1.amazonaws.com\/wp-content\/uploads\/sites\/4\/2024\/04\/09021924\/36290310-43099-DEIRO3_f.jpg\",\"width\":1200,\"height\":1200},{\"@type\":\"BreadcrumbList\",\"@id\":\"https:\/\/shop.huppa.eu\/lv\/product\/mazulu-kombinezons-deiro-3-100g-16\/#breadcrumb\",\"itemListElement\":[{\"@type\":\"ListItem\",\"position\":1,\"name\":\"Veikals\",\"item\":\"https:\/\/shop.huppa.eu\/lv\/shop\/\"},{\"@type\":\"ListItem\",\"position\":2,\"name\":\"B\u0113rnu pavasara-rudens kombinezons DEIRO 3 (100g)\"}]},{\"@type\":\"WebSite\",\"@id\":\"https:\/\/shop.huppa.eu\/lv\/#website\",\"url\":\"https:\/\/shop.huppa.eu\/lv\/\",\"name\":\"Huppa LV\",\"description\":\"\",\"potentialAction\":[{\"@type\":\"SearchAction\",\"target\":{\"@type\":\"EntryPoint\",\"urlTemplate\":\"https:\/\/shop.huppa.eu\/lv\/?s={search_term_string}\"},\"query-input\":{\"@type\":\"PropertyValueSpecification\",\"valueRequired\":true,\"valueName\":\"search_term_string\"}}],\"inLanguage\":\"lv-LV\"}]}<\/script>\n<!-- \/ Yoast SEO plugin. -->","yoast_head_json":{"title":"B\u0113rnu pavasara-rudens kombinezons DEIRO 3 (100g) - Huppa LV","robots":{"index":"index","follow":"follow","max-snippet":"max-snippet:-1","max-image-preview":"max-image-preview:large","max-video-preview":"max-video-preview:-1"},"canonical":"https:\/\/shop.huppa.eu\/lv\/product\/mazulu-kombinezons-deiro-3-100g-16\/","og_locale":"lv_LV","og_type":"article","og_title":"B\u0113rnu pavasara-rudens kombinezons DEIRO 3 (100g) - Huppa LV","og_description":"\u016adens un v\u0113ja notur\u012bgs starpsezonas kombinezons ar 100\u00a0g siltin\u0101jumu mazu\u013ciem. Elpojo\u0161s virsaudums. Kombinezona iek\u0161pus\u0113 flane\u013ca odere. Piedurk\u0146u un staru galos, k\u0101 ar\u012b kapuces mal\u0101 ir iestr\u0101d\u0101ta gumija. 62.-80.\u00a0izm\u0113ram \u0113rti atlok\u0101mi piedurk\u0146u un bik\u0161u staru gali. \u016adensnotur\u012bgas, step\u0113tas \u0161uves. Bik\u0161u galos elast\u012bgas gumijas. Uz virsauduma atstarojo\u0161as deta\u013cas.","og_url":"https:\/\/shop.huppa.eu\/lv\/product\/mazulu-kombinezons-deiro-3-100g-16\/","og_site_name":"Huppa LV","article_modified_time":"2026-04-08T11:24:25+00:00","og_image":[{"width":1200,"height":1200,"url":"https:\/\/huppashop-prod.s3.eu-north-1.amazonaws.com\/wp-content\/uploads\/sites\/4\/2024\/04\/09021924\/36290310-43099-DEIRO3_f.jpg","type":"image\/jpeg"}],"twitter_card":"summary_large_image","twitter_misc":{"Est. reading time":"1 min\u016bte"},"schema":{"@context":"https:\/\/schema.org","@graph":[{"@type":"WebPage","@id":"https:\/\/shop.huppa.eu\/lv\/product\/mazulu-kombinezons-deiro-3-100g-16\/","url":"https:\/\/shop.huppa.eu\/lv\/product\/mazulu-kombinezons-deiro-3-100g-16\/","name":"B\u0113rnu pavasara-rudens kombinezons DEIRO 3 (100g) - Huppa LV","isPartOf":{"@id":"https:\/\/shop.huppa.eu\/lv\/#website"},"primaryImageOfPage":{"@id":"https:\/\/shop.huppa.eu\/lv\/product\/mazulu-kombinezons-deiro-3-100g-16\/#primaryimage"},"image":{"@id":"https:\/\/shop.huppa.eu\/lv\/product\/mazulu-kombinezons-deiro-3-100g-16\/#primaryimage"},"thumbnailUrl":"https:\/\/huppashop-prod.s3.eu-north-1.amazonaws.com\/wp-content\/uploads\/sites\/4\/2024\/04\/09021924\/36290310-43099-DEIRO3_f.jpg","datePublished":"2024-03-06T01:39:03+00:00","dateModified":"2026-04-08T11:24:25+00:00","breadcrumb":{"@id":"https:\/\/shop.huppa.eu\/lv\/product\/mazulu-kombinezons-deiro-3-100g-16\/#breadcrumb"},"inLanguage":"lv-LV","potentialAction":[{"@type":"ReadAction","target":["https:\/\/shop.huppa.eu\/lv\/product\/mazulu-kombinezons-deiro-3-100g-16\/"]}]},{"@type":"ImageObject","inLanguage":"lv-LV","@id":"https:\/\/shop.huppa.eu\/lv\/product\/mazulu-kombinezons-deiro-3-100g-16\/#primaryimage","url":"https:\/\/huppashop-prod.s3.eu-north-1.amazonaws.com\/wp-content\/uploads\/sites\/4\/2024\/04\/09021924\/36290310-43099-DEIRO3_f.jpg","contentUrl":"https:\/\/huppashop-prod.s3.eu-north-1.amazonaws.com\/wp-content\/uploads\/sites\/4\/2024\/04\/09021924\/36290310-43099-DEIRO3_f.jpg","width":1200,"height":1200},{"@type":"BreadcrumbList","@id":"https:\/\/shop.huppa.eu\/lv\/product\/mazulu-kombinezons-deiro-3-100g-16\/#breadcrumb","itemListElement":[{"@type":"ListItem","position":1,"name":"Veikals","item":"https:\/\/shop.huppa.eu\/lv\/shop\/"},{"@type":"ListItem","position":2,"name":"B\u0113rnu pavasara-rudens kombinezons DEIRO 3 (100g)"}]},{"@type":"WebSite","@id":"https:\/\/shop.huppa.eu\/lv\/#website","url":"https:\/\/shop.huppa.eu\/lv\/","name":"Huppa LV","description":"","potentialAction":[{"@type":"SearchAction","target":{"@type":"EntryPoint","urlTemplate":"https:\/\/shop.huppa.eu\/lv\/?s={search_term_string}"},"query-input":{"@type":"PropertyValueSpecification","valueRequired":true,"valueName":"search_term_string"}}],"inLanguage":"lv-LV"}]}},"_links":{"self":[{"href":"https:\/\/shop.huppa.eu\/lv\/wp-json\/wp\/v2\/product\/520577","targetHints":{"allow":["GET"]}}],"collection":[{"href":"https:\/\/shop.huppa.eu\/lv\/wp-json\/wp\/v2\/product"}],"about":[{"href":"https:\/\/shop.huppa.eu\/lv\/wp-json\/wp\/v2\/types\/product"}],"wp:featuredmedia":[{"embeddable":true,"href":"https:\/\/shop.huppa.eu\/lv\/wp-json\/wp\/v2\/media\/522991"}],"wp:attachment":[{"href":"https:\/\/shop.huppa.eu\/lv\/wp-json\/wp\/v2\/media?parent=520577"}],"wp:term":[{"taxonomy":"product_brand","embeddable":true,"href":"https:\/\/shop.huppa.eu\/lv\/wp-json\/wp\/v2\/product_brand?post=520577"},{"taxonomy":"product_cat","embeddable":true,"href":"https:\/\/shop.huppa.eu\/lv\/wp-json\/wp\/v2\/product_cat?post=520577"},{"taxonomy":"product_tag","embeddable":true,"href":"https:\/\/shop.huppa.eu\/lv\/wp-json\/wp\/v2\/product_tag?post=520577"}],"curies":[{"name":"wp","href":"https:\/\/api.w.org\/{rel}","templated":true}]}}