{"id":525933,"date":"2024-10-09T02:10:07","date_gmt":"2024-10-09T00:10:07","guid":{"rendered":"https:\/\/shop.huppa.eu\/lv\/product\/meitenu-parka-hanka-1-100g\/"},"modified":"2026-05-08T17:55:28","modified_gmt":"2026-05-08T15:55:28","slug":"meitenu-parka-hanka-1-100g","status":"publish","type":"product","link":"https:\/\/shop.huppa.eu\/lv\/product\/meitenu-parka-hanka-1-100g\/","title":{"rendered":"Meite\u0146u pavasara-rudens parka HANKA 1 (100g)"},"content":{"rendered":"<p>\u016adens un v\u0113ja notur\u012bga starpsezonas parka ar 100\u00a0g siltin\u0101jumu meiten\u0113m. Elpojo\u0161s virsaudums. Piedurk\u0146u galos un kapuces mal\u0101 ir iestr\u0101d\u0101ta gumijas lente. Jostas l\u012bnij\u0101 savelko\u0161a aukla. \u016adensnotur\u012bgas, step\u0113tas \u0161uves. Uz virsauduma atstarojo\u0161as deta\u013cas.<\/p>\n","protected":false},"excerpt":{"rendered":"<p>\u016adens un v\u0113ja notur\u012bga starpsezonas parka ar 100\u00a0g siltin\u0101jumu meiten\u0113m. Elpojo\u0161s virsaudums. Piedurk\u0146u galos un kapuces mal\u0101 ir iestr\u0101d\u0101ta gumijas lente. Jostas l\u012bnij\u0101 savelko\u0161a aukla. \u016adensnotur\u012bgas, step\u0113tas \u0161uves. Uz virsauduma atstarojo\u0161as deta\u013cas.<\/p>\n","protected":false},"featured_media":525935,"template":"","meta":{"_acf_changed":false},"product_brand":[],"product_cat":[104,122,479,3632,3633],"product_tag":[],"class_list":{"0":"post-525933","1":"product","2":"type-product","3":"status-publish","4":"has-post-thumbnail","6":"product_cat-berniem","7":"product_cat-meitenes","8":"product_cat-parka","9":"product_cat-parka-berniem","10":"product_cat-parka-meitenes","11":"pa_auduma-gaisa-caurlaidiba-10-000g-m-24h","12":"pa_auduma-udens-caurlaidiba-10-000mm","13":"pa_dzimums-meitenes","14":"pa_izmers-118","15":"pa_izolacijas-svars-100g","16":"pa_kolekcija-semi-season","17":"pa_kolekcijas-nr-sa2024","18":"pa_produkta-kods-12630110-00109","19":"pa_raksts-vienkrasains","20":"pa_sezona-pavasaris-rudens","21":"pa_siltinajums-100g","22":"pa_vecuma-grupa-berniem","24":"first","25":"instock","26":"taxable","27":"shipping-taxable","28":"purchasable","29":"product-type-variable"},"acf":[],"yoast_head":"<!-- This site is optimized with the Yoast SEO plugin v26.8 - https:\/\/yoast.com\/product\/yoast-seo-wordpress\/ -->\n<title>Meite\u0146u pavasara-rudens parka HANKA 1 (100g) - Huppa LV<\/title>\n<meta name=\"robots\" content=\"index, follow, max-snippet:-1, max-image-preview:large, max-video-preview:-1\" \/>\n<link rel=\"canonical\" href=\"https:\/\/shop.huppa.eu\/lv\/product\/meitenu-parka-hanka-1-100g\/\" \/>\n<meta property=\"og:locale\" content=\"lv_LV\" \/>\n<meta property=\"og:type\" content=\"article\" \/>\n<meta property=\"og:title\" content=\"Meite\u0146u pavasara-rudens parka HANKA 1 (100g) - Huppa LV\" \/>\n<meta property=\"og:description\" content=\"\u016adens un v\u0113ja notur\u012bga starpsezonas parka ar 100\u00a0g siltin\u0101jumu meiten\u0113m. Elpojo\u0161s virsaudums. Piedurk\u0146u galos un kapuces mal\u0101 ir iestr\u0101d\u0101ta gumijas lente. Jostas l\u012bnij\u0101 savelko\u0161a aukla. \u016adensnotur\u012bgas, step\u0113tas \u0161uves. Uz virsauduma atstarojo\u0161as deta\u013cas.\" \/>\n<meta property=\"og:url\" content=\"https:\/\/shop.huppa.eu\/lv\/product\/meitenu-parka-hanka-1-100g\/\" \/>\n<meta property=\"og:site_name\" content=\"Huppa LV\" \/>\n<meta property=\"article:modified_time\" content=\"2026-05-08T15:55:28+00:00\" \/>\n<meta property=\"og:image\" content=\"https:\/\/huppashop-prod.s3.eu-north-1.amazonaws.com\/wp-content\/uploads\/sites\/4\/2024\/10\/09021008\/12630110-00109-HANKA1_f.jpg\" \/>\n\t<meta property=\"og:image:width\" content=\"1200\" \/>\n\t<meta property=\"og:image:height\" content=\"1200\" \/>\n\t<meta property=\"og:image:type\" content=\"image\/jpeg\" \/>\n<meta name=\"twitter:card\" content=\"summary_large_image\" \/>\n<script type=\"application\/ld+json\" class=\"yoast-schema-graph\">{\"@context\":\"https:\/\/schema.org\",\"@graph\":[{\"@type\":\"WebPage\",\"@id\":\"https:\/\/shop.huppa.eu\/lv\/product\/meitenu-parka-hanka-1-100g\/\",\"url\":\"https:\/\/shop.huppa.eu\/lv\/product\/meitenu-parka-hanka-1-100g\/\",\"name\":\"Meite\u0146u pavasara-rudens parka HANKA 1 (100g) - Huppa LV\",\"isPartOf\":{\"@id\":\"https:\/\/shop.huppa.eu\/lv\/#website\"},\"primaryImageOfPage\":{\"@id\":\"https:\/\/shop.huppa.eu\/lv\/product\/meitenu-parka-hanka-1-100g\/#primaryimage\"},\"image\":{\"@id\":\"https:\/\/shop.huppa.eu\/lv\/product\/meitenu-parka-hanka-1-100g\/#primaryimage\"},\"thumbnailUrl\":\"https:\/\/huppashop-prod.s3.eu-north-1.amazonaws.com\/wp-content\/uploads\/sites\/4\/2024\/10\/09021008\/12630110-00109-HANKA1_f.jpg\",\"datePublished\":\"2024-10-09T00:10:07+00:00\",\"dateModified\":\"2026-05-08T15:55:28+00:00\",\"breadcrumb\":{\"@id\":\"https:\/\/shop.huppa.eu\/lv\/product\/meitenu-parka-hanka-1-100g\/#breadcrumb\"},\"inLanguage\":\"lv-LV\",\"potentialAction\":[{\"@type\":\"ReadAction\",\"target\":[\"https:\/\/shop.huppa.eu\/lv\/product\/meitenu-parka-hanka-1-100g\/\"]}]},{\"@type\":\"ImageObject\",\"inLanguage\":\"lv-LV\",\"@id\":\"https:\/\/shop.huppa.eu\/lv\/product\/meitenu-parka-hanka-1-100g\/#primaryimage\",\"url\":\"https:\/\/huppashop-prod.s3.eu-north-1.amazonaws.com\/wp-content\/uploads\/sites\/4\/2024\/10\/09021008\/12630110-00109-HANKA1_f.jpg\",\"contentUrl\":\"https:\/\/huppashop-prod.s3.eu-north-1.amazonaws.com\/wp-content\/uploads\/sites\/4\/2024\/10\/09021008\/12630110-00109-HANKA1_f.jpg\",\"width\":1200,\"height\":1200},{\"@type\":\"BreadcrumbList\",\"@id\":\"https:\/\/shop.huppa.eu\/lv\/product\/meitenu-parka-hanka-1-100g\/#breadcrumb\",\"itemListElement\":[{\"@type\":\"ListItem\",\"position\":1,\"name\":\"Veikals\",\"item\":\"https:\/\/shop.huppa.eu\/lv\/shop\/\"},{\"@type\":\"ListItem\",\"position\":2,\"name\":\"Meite\u0146u pavasara-rudens parka HANKA 1 (100g)\"}]},{\"@type\":\"WebSite\",\"@id\":\"https:\/\/shop.huppa.eu\/lv\/#website\",\"url\":\"https:\/\/shop.huppa.eu\/lv\/\",\"name\":\"Huppa LV\",\"description\":\"\",\"potentialAction\":[{\"@type\":\"SearchAction\",\"target\":{\"@type\":\"EntryPoint\",\"urlTemplate\":\"https:\/\/shop.huppa.eu\/lv\/?s={search_term_string}\"},\"query-input\":{\"@type\":\"PropertyValueSpecification\",\"valueRequired\":true,\"valueName\":\"search_term_string\"}}],\"inLanguage\":\"lv-LV\"}]}<\/script>\n<!-- \/ Yoast SEO plugin. -->","yoast_head_json":{"title":"Meite\u0146u pavasara-rudens parka HANKA 1 (100g) - Huppa LV","robots":{"index":"index","follow":"follow","max-snippet":"max-snippet:-1","max-image-preview":"max-image-preview:large","max-video-preview":"max-video-preview:-1"},"canonical":"https:\/\/shop.huppa.eu\/lv\/product\/meitenu-parka-hanka-1-100g\/","og_locale":"lv_LV","og_type":"article","og_title":"Meite\u0146u pavasara-rudens parka HANKA 1 (100g) - Huppa LV","og_description":"\u016adens un v\u0113ja notur\u012bga starpsezonas parka ar 100\u00a0g siltin\u0101jumu meiten\u0113m. Elpojo\u0161s virsaudums. Piedurk\u0146u galos un kapuces mal\u0101 ir iestr\u0101d\u0101ta gumijas lente. Jostas l\u012bnij\u0101 savelko\u0161a aukla. \u016adensnotur\u012bgas, step\u0113tas \u0161uves. Uz virsauduma atstarojo\u0161as deta\u013cas.","og_url":"https:\/\/shop.huppa.eu\/lv\/product\/meitenu-parka-hanka-1-100g\/","og_site_name":"Huppa LV","article_modified_time":"2026-05-08T15:55:28+00:00","og_image":[{"width":1200,"height":1200,"url":"https:\/\/huppashop-prod.s3.eu-north-1.amazonaws.com\/wp-content\/uploads\/sites\/4\/2024\/10\/09021008\/12630110-00109-HANKA1_f.jpg","type":"image\/jpeg"}],"twitter_card":"summary_large_image","schema":{"@context":"https:\/\/schema.org","@graph":[{"@type":"WebPage","@id":"https:\/\/shop.huppa.eu\/lv\/product\/meitenu-parka-hanka-1-100g\/","url":"https:\/\/shop.huppa.eu\/lv\/product\/meitenu-parka-hanka-1-100g\/","name":"Meite\u0146u pavasara-rudens parka HANKA 1 (100g) - Huppa LV","isPartOf":{"@id":"https:\/\/shop.huppa.eu\/lv\/#website"},"primaryImageOfPage":{"@id":"https:\/\/shop.huppa.eu\/lv\/product\/meitenu-parka-hanka-1-100g\/#primaryimage"},"image":{"@id":"https:\/\/shop.huppa.eu\/lv\/product\/meitenu-parka-hanka-1-100g\/#primaryimage"},"thumbnailUrl":"https:\/\/huppashop-prod.s3.eu-north-1.amazonaws.com\/wp-content\/uploads\/sites\/4\/2024\/10\/09021008\/12630110-00109-HANKA1_f.jpg","datePublished":"2024-10-09T00:10:07+00:00","dateModified":"2026-05-08T15:55:28+00:00","breadcrumb":{"@id":"https:\/\/shop.huppa.eu\/lv\/product\/meitenu-parka-hanka-1-100g\/#breadcrumb"},"inLanguage":"lv-LV","potentialAction":[{"@type":"ReadAction","target":["https:\/\/shop.huppa.eu\/lv\/product\/meitenu-parka-hanka-1-100g\/"]}]},{"@type":"ImageObject","inLanguage":"lv-LV","@id":"https:\/\/shop.huppa.eu\/lv\/product\/meitenu-parka-hanka-1-100g\/#primaryimage","url":"https:\/\/huppashop-prod.s3.eu-north-1.amazonaws.com\/wp-content\/uploads\/sites\/4\/2024\/10\/09021008\/12630110-00109-HANKA1_f.jpg","contentUrl":"https:\/\/huppashop-prod.s3.eu-north-1.amazonaws.com\/wp-content\/uploads\/sites\/4\/2024\/10\/09021008\/12630110-00109-HANKA1_f.jpg","width":1200,"height":1200},{"@type":"BreadcrumbList","@id":"https:\/\/shop.huppa.eu\/lv\/product\/meitenu-parka-hanka-1-100g\/#breadcrumb","itemListElement":[{"@type":"ListItem","position":1,"name":"Veikals","item":"https:\/\/shop.huppa.eu\/lv\/shop\/"},{"@type":"ListItem","position":2,"name":"Meite\u0146u pavasara-rudens parka HANKA 1 (100g)"}]},{"@type":"WebSite","@id":"https:\/\/shop.huppa.eu\/lv\/#website","url":"https:\/\/shop.huppa.eu\/lv\/","name":"Huppa LV","description":"","potentialAction":[{"@type":"SearchAction","target":{"@type":"EntryPoint","urlTemplate":"https:\/\/shop.huppa.eu\/lv\/?s={search_term_string}"},"query-input":{"@type":"PropertyValueSpecification","valueRequired":true,"valueName":"search_term_string"}}],"inLanguage":"lv-LV"}]}},"_links":{"self":[{"href":"https:\/\/shop.huppa.eu\/lv\/wp-json\/wp\/v2\/product\/525933","targetHints":{"allow":["GET"]}}],"collection":[{"href":"https:\/\/shop.huppa.eu\/lv\/wp-json\/wp\/v2\/product"}],"about":[{"href":"https:\/\/shop.huppa.eu\/lv\/wp-json\/wp\/v2\/types\/product"}],"wp:featuredmedia":[{"embeddable":true,"href":"https:\/\/shop.huppa.eu\/lv\/wp-json\/wp\/v2\/media\/525935"}],"wp:attachment":[{"href":"https:\/\/shop.huppa.eu\/lv\/wp-json\/wp\/v2\/media?parent=525933"}],"wp:term":[{"taxonomy":"product_brand","embeddable":true,"href":"https:\/\/shop.huppa.eu\/lv\/wp-json\/wp\/v2\/product_brand?post=525933"},{"taxonomy":"product_cat","embeddable":true,"href":"https:\/\/shop.huppa.eu\/lv\/wp-json\/wp\/v2\/product_cat?post=525933"},{"taxonomy":"product_tag","embeddable":true,"href":"https:\/\/shop.huppa.eu\/lv\/wp-json\/wp\/v2\/product_tag?post=525933"}],"curies":[{"name":"wp","href":"https:\/\/api.w.org\/{rel}","templated":true}]}}