{"id":526052,"date":"2024-10-09T02:12:45","date_gmt":"2024-10-09T00:12:45","guid":{"rendered":"https:\/\/shop.huppa.eu\/lv\/product\/mazulu-vejjaka-ross-300g-2\/"},"modified":"2026-04-08T12:40:47","modified_gmt":"2026-04-08T10:40:47","slug":"mazulu-vejjaka-ross-300g-2","status":"publish","type":"product","link":"https:\/\/shop.huppa.eu\/lv\/product\/mazulu-vejjaka-ross-300g-2\/","title":{"rendered":"Z\u0113nu ziemas v\u0113jjaka ROSS (300g)"},"content":{"rendered":"<p>Virsjaka z\u0113niem ar 300 g siltin\u0101jumu. Virsjaka ir no v\u0113ja un \u016bdens necaurlaid\u012bga auduma ar m\u012bkstu kokvilnas flane\u013ca oderi, k\u0101 ar\u012b \u0161uves ir l\u012bm\u0113tas. Virsjakai ir iestr\u0101d\u0101tas atstarojo\u0161as deta\u013cas. Ar spiedpog\u0101m pie apkakles piestiprin\u0101ma un no\u0146emama kapuce, kurai ir no\u0146emama ar\u012b m\u0101ksl\u012bg\u0101s ka\u017eok\u0101das mala.<\/p>\n","protected":false},"excerpt":{"rendered":"<p>Virsjaka z\u0113niem ar 300 g siltin\u0101jumu. Virsjaka ir no v\u0113ja un \u016bdens necaurlaid\u012bga auduma ar m\u012bkstu kokvilnas flane\u013ca oderi, k\u0101 ar\u012b \u0161uves ir l\u012bm\u0113tas. Virsjakai ir iestr\u0101d\u0101tas atstarojo\u0161as deta\u013cas. Ar spiedpog\u0101m pie apkakles piestiprin\u0101ma un no\u0146emama kapuce, kurai ir no\u0146emama ar\u012b m\u0101ksl\u012bg\u0101s ka\u017eok\u0101das mala.<\/p>\n","protected":false},"featured_media":506493,"template":"","meta":{"_acf_changed":false},"product_brand":[],"product_cat":[6500,6508,8831,104,105,108,107],"product_tag":[],"class_list":{"0":"post-526052","1":"product","2":"type-product","3":"status-publish","4":"has-post-thumbnail","6":"product_cat-outlet","7":"product_cat-vejjakas-outlet","8":"product_cat-vejjakas-top","9":"product_cat-berniem","10":"product_cat-vejjakas","11":"product_cat-vejjakas-zeni","12":"product_cat-zeni","13":"pa_auduma-gaisa-caurlaidiba-10000g-m-24h","14":"pa_auduma-udens-caurlaidiba-10000mm","15":"pa_dzimums-zeni","16":"pa_izmers-354","17":"pa_izolacijas-svars-300g","18":"pa_kolekcija-fashion","19":"pa_kolekcijas-nr-w19-20","20":"pa_produkta-kods-18070030-92586","21":"pa_raksts-modeli","22":"pa_sezona-ziema","23":"pa_siltinajums-300g","24":"pa_vecuma-grupa-berniem","26":"first","27":"instock","28":"sale","29":"taxable","30":"shipping-taxable","31":"purchasable","32":"product-type-variable"},"acf":[],"yoast_head":"<!-- This site is optimized with the Yoast SEO plugin v26.8 - https:\/\/yoast.com\/product\/yoast-seo-wordpress\/ -->\n<title>Z\u0113nu ziemas v\u0113jjaka ROSS (300g) - Huppa LV<\/title>\n<meta name=\"robots\" content=\"index, follow, max-snippet:-1, max-image-preview:large, max-video-preview:-1\" \/>\n<link rel=\"canonical\" href=\"https:\/\/shop.huppa.eu\/lv\/product\/mazulu-vejjaka-ross-300g-2\/\" \/>\n<meta property=\"og:locale\" content=\"lv_LV\" \/>\n<meta property=\"og:type\" content=\"article\" \/>\n<meta property=\"og:title\" content=\"Z\u0113nu ziemas v\u0113jjaka ROSS (300g) - Huppa LV\" \/>\n<meta property=\"og:description\" content=\"Virsjaka z\u0113niem ar 300 g siltin\u0101jumu. Virsjaka ir no v\u0113ja un \u016bdens necaurlaid\u012bga auduma ar m\u012bkstu kokvilnas flane\u013ca oderi, k\u0101 ar\u012b \u0161uves ir l\u012bm\u0113tas. Virsjakai ir iestr\u0101d\u0101tas atstarojo\u0161as deta\u013cas. Ar spiedpog\u0101m pie apkakles piestiprin\u0101ma un no\u0146emama kapuce, kurai ir no\u0146emama ar\u012b m\u0101ksl\u012bg\u0101s ka\u017eok\u0101das mala.\" \/>\n<meta property=\"og:url\" content=\"https:\/\/shop.huppa.eu\/lv\/product\/mazulu-vejjaka-ross-300g-2\/\" \/>\n<meta property=\"og:site_name\" content=\"Huppa LV\" \/>\n<meta property=\"article:modified_time\" content=\"2026-04-08T10:40:47+00:00\" \/>\n<meta property=\"og:image\" content=\"https:\/\/huppashop-prod.s3.eu-north-1.amazonaws.com\/wp-content\/uploads\/sites\/4\/2022\/10\/12155508\/18070030-92586-ROSSf.jpg\" \/>\n\t<meta property=\"og:image:width\" content=\"1200\" \/>\n\t<meta property=\"og:image:height\" content=\"1200\" \/>\n\t<meta property=\"og:image:type\" content=\"image\/jpeg\" \/>\n<meta name=\"twitter:card\" content=\"summary_large_image\" \/>\n<script type=\"application\/ld+json\" class=\"yoast-schema-graph\">{\"@context\":\"https:\/\/schema.org\",\"@graph\":[{\"@type\":\"WebPage\",\"@id\":\"https:\/\/shop.huppa.eu\/lv\/product\/mazulu-vejjaka-ross-300g-2\/\",\"url\":\"https:\/\/shop.huppa.eu\/lv\/product\/mazulu-vejjaka-ross-300g-2\/\",\"name\":\"Z\u0113nu ziemas v\u0113jjaka ROSS (300g) - Huppa LV\",\"isPartOf\":{\"@id\":\"https:\/\/shop.huppa.eu\/lv\/#website\"},\"primaryImageOfPage\":{\"@id\":\"https:\/\/shop.huppa.eu\/lv\/product\/mazulu-vejjaka-ross-300g-2\/#primaryimage\"},\"image\":{\"@id\":\"https:\/\/shop.huppa.eu\/lv\/product\/mazulu-vejjaka-ross-300g-2\/#primaryimage\"},\"thumbnailUrl\":\"https:\/\/huppashop-prod.s3.eu-north-1.amazonaws.com\/wp-content\/uploads\/sites\/4\/2022\/10\/12155508\/18070030-92586-ROSSf.jpg\",\"datePublished\":\"2024-10-09T00:12:45+00:00\",\"dateModified\":\"2026-04-08T10:40:47+00:00\",\"breadcrumb\":{\"@id\":\"https:\/\/shop.huppa.eu\/lv\/product\/mazulu-vejjaka-ross-300g-2\/#breadcrumb\"},\"inLanguage\":\"lv-LV\",\"potentialAction\":[{\"@type\":\"ReadAction\",\"target\":[\"https:\/\/shop.huppa.eu\/lv\/product\/mazulu-vejjaka-ross-300g-2\/\"]}]},{\"@type\":\"ImageObject\",\"inLanguage\":\"lv-LV\",\"@id\":\"https:\/\/shop.huppa.eu\/lv\/product\/mazulu-vejjaka-ross-300g-2\/#primaryimage\",\"url\":\"https:\/\/huppashop-prod.s3.eu-north-1.amazonaws.com\/wp-content\/uploads\/sites\/4\/2022\/10\/12155508\/18070030-92586-ROSSf.jpg\",\"contentUrl\":\"https:\/\/huppashop-prod.s3.eu-north-1.amazonaws.com\/wp-content\/uploads\/sites\/4\/2022\/10\/12155508\/18070030-92586-ROSSf.jpg\",\"width\":1200,\"height\":1200},{\"@type\":\"BreadcrumbList\",\"@id\":\"https:\/\/shop.huppa.eu\/lv\/product\/mazulu-vejjaka-ross-300g-2\/#breadcrumb\",\"itemListElement\":[{\"@type\":\"ListItem\",\"position\":1,\"name\":\"Veikals\",\"item\":\"https:\/\/shop.huppa.eu\/lv\/shop\/\"},{\"@type\":\"ListItem\",\"position\":2,\"name\":\"Z\u0113nu ziemas v\u0113jjaka ROSS (300g)\"}]},{\"@type\":\"WebSite\",\"@id\":\"https:\/\/shop.huppa.eu\/lv\/#website\",\"url\":\"https:\/\/shop.huppa.eu\/lv\/\",\"name\":\"Huppa LV\",\"description\":\"\",\"potentialAction\":[{\"@type\":\"SearchAction\",\"target\":{\"@type\":\"EntryPoint\",\"urlTemplate\":\"https:\/\/shop.huppa.eu\/lv\/?s={search_term_string}\"},\"query-input\":{\"@type\":\"PropertyValueSpecification\",\"valueRequired\":true,\"valueName\":\"search_term_string\"}}],\"inLanguage\":\"lv-LV\"}]}<\/script>\n<!-- \/ Yoast SEO plugin. -->","yoast_head_json":{"title":"Z\u0113nu ziemas v\u0113jjaka ROSS (300g) - Huppa LV","robots":{"index":"index","follow":"follow","max-snippet":"max-snippet:-1","max-image-preview":"max-image-preview:large","max-video-preview":"max-video-preview:-1"},"canonical":"https:\/\/shop.huppa.eu\/lv\/product\/mazulu-vejjaka-ross-300g-2\/","og_locale":"lv_LV","og_type":"article","og_title":"Z\u0113nu ziemas v\u0113jjaka ROSS (300g) - Huppa LV","og_description":"Virsjaka z\u0113niem ar 300 g siltin\u0101jumu. Virsjaka ir no v\u0113ja un \u016bdens necaurlaid\u012bga auduma ar m\u012bkstu kokvilnas flane\u013ca oderi, k\u0101 ar\u012b \u0161uves ir l\u012bm\u0113tas. Virsjakai ir iestr\u0101d\u0101tas atstarojo\u0161as deta\u013cas. Ar spiedpog\u0101m pie apkakles piestiprin\u0101ma un no\u0146emama kapuce, kurai ir no\u0146emama ar\u012b m\u0101ksl\u012bg\u0101s ka\u017eok\u0101das mala.","og_url":"https:\/\/shop.huppa.eu\/lv\/product\/mazulu-vejjaka-ross-300g-2\/","og_site_name":"Huppa LV","article_modified_time":"2026-04-08T10:40:47+00:00","og_image":[{"width":1200,"height":1200,"url":"https:\/\/huppashop-prod.s3.eu-north-1.amazonaws.com\/wp-content\/uploads\/sites\/4\/2022\/10\/12155508\/18070030-92586-ROSSf.jpg","type":"image\/jpeg"}],"twitter_card":"summary_large_image","schema":{"@context":"https:\/\/schema.org","@graph":[{"@type":"WebPage","@id":"https:\/\/shop.huppa.eu\/lv\/product\/mazulu-vejjaka-ross-300g-2\/","url":"https:\/\/shop.huppa.eu\/lv\/product\/mazulu-vejjaka-ross-300g-2\/","name":"Z\u0113nu ziemas v\u0113jjaka ROSS (300g) - Huppa LV","isPartOf":{"@id":"https:\/\/shop.huppa.eu\/lv\/#website"},"primaryImageOfPage":{"@id":"https:\/\/shop.huppa.eu\/lv\/product\/mazulu-vejjaka-ross-300g-2\/#primaryimage"},"image":{"@id":"https:\/\/shop.huppa.eu\/lv\/product\/mazulu-vejjaka-ross-300g-2\/#primaryimage"},"thumbnailUrl":"https:\/\/huppashop-prod.s3.eu-north-1.amazonaws.com\/wp-content\/uploads\/sites\/4\/2022\/10\/12155508\/18070030-92586-ROSSf.jpg","datePublished":"2024-10-09T00:12:45+00:00","dateModified":"2026-04-08T10:40:47+00:00","breadcrumb":{"@id":"https:\/\/shop.huppa.eu\/lv\/product\/mazulu-vejjaka-ross-300g-2\/#breadcrumb"},"inLanguage":"lv-LV","potentialAction":[{"@type":"ReadAction","target":["https:\/\/shop.huppa.eu\/lv\/product\/mazulu-vejjaka-ross-300g-2\/"]}]},{"@type":"ImageObject","inLanguage":"lv-LV","@id":"https:\/\/shop.huppa.eu\/lv\/product\/mazulu-vejjaka-ross-300g-2\/#primaryimage","url":"https:\/\/huppashop-prod.s3.eu-north-1.amazonaws.com\/wp-content\/uploads\/sites\/4\/2022\/10\/12155508\/18070030-92586-ROSSf.jpg","contentUrl":"https:\/\/huppashop-prod.s3.eu-north-1.amazonaws.com\/wp-content\/uploads\/sites\/4\/2022\/10\/12155508\/18070030-92586-ROSSf.jpg","width":1200,"height":1200},{"@type":"BreadcrumbList","@id":"https:\/\/shop.huppa.eu\/lv\/product\/mazulu-vejjaka-ross-300g-2\/#breadcrumb","itemListElement":[{"@type":"ListItem","position":1,"name":"Veikals","item":"https:\/\/shop.huppa.eu\/lv\/shop\/"},{"@type":"ListItem","position":2,"name":"Z\u0113nu ziemas v\u0113jjaka ROSS (300g)"}]},{"@type":"WebSite","@id":"https:\/\/shop.huppa.eu\/lv\/#website","url":"https:\/\/shop.huppa.eu\/lv\/","name":"Huppa LV","description":"","potentialAction":[{"@type":"SearchAction","target":{"@type":"EntryPoint","urlTemplate":"https:\/\/shop.huppa.eu\/lv\/?s={search_term_string}"},"query-input":{"@type":"PropertyValueSpecification","valueRequired":true,"valueName":"search_term_string"}}],"inLanguage":"lv-LV"}]}},"_links":{"self":[{"href":"https:\/\/shop.huppa.eu\/lv\/wp-json\/wp\/v2\/product\/526052","targetHints":{"allow":["GET"]}}],"collection":[{"href":"https:\/\/shop.huppa.eu\/lv\/wp-json\/wp\/v2\/product"}],"about":[{"href":"https:\/\/shop.huppa.eu\/lv\/wp-json\/wp\/v2\/types\/product"}],"wp:featuredmedia":[{"embeddable":true,"href":"https:\/\/shop.huppa.eu\/lv\/wp-json\/wp\/v2\/media\/506493"}],"wp:attachment":[{"href":"https:\/\/shop.huppa.eu\/lv\/wp-json\/wp\/v2\/media?parent=526052"}],"wp:term":[{"taxonomy":"product_brand","embeddable":true,"href":"https:\/\/shop.huppa.eu\/lv\/wp-json\/wp\/v2\/product_brand?post=526052"},{"taxonomy":"product_cat","embeddable":true,"href":"https:\/\/shop.huppa.eu\/lv\/wp-json\/wp\/v2\/product_cat?post=526052"},{"taxonomy":"product_tag","embeddable":true,"href":"https:\/\/shop.huppa.eu\/lv\/wp-json\/wp\/v2\/product_tag?post=526052"}],"curies":[{"name":"wp","href":"https:\/\/api.w.org\/{rel}","templated":true}]}}