{"id":528688,"date":"2024-11-26T02:06:44","date_gmt":"2024-11-26T00:06:44","guid":{"rendered":"https:\/\/shop.huppa.eu\/lv\/product\/mazulu-vejjaka-neely-1\/"},"modified":"2026-04-08T12:30:34","modified_gmt":"2026-04-08T10:30:34","slug":"mazulu-vejjaka-neely-1","status":"publish","type":"product","link":"https:\/\/shop.huppa.eu\/lv\/product\/mazulu-vejjaka-neely-1\/","title":{"rendered":"Meite\u0146u ziemas v\u0113jjaka NEELY 1 (300g)"},"content":{"rendered":"<p>V\u00e4ikeste t\u00fcdrukute m\u00f5nusalt paksu 300 g vatiiniga  tepitud jope talvisteks jalutusk\u00e4ikudeks. Kauni jope voodriks on m\u00f5nus flanell ja taftvooder. Eemaldatav karvaga kapuuts kaitseb k\u00fclma tuule eest, kummiga varrukasuu kaitseb lume ja tuule eest ning helkurdetailid lisavad rohkelt turvalisust ka pimedamal ajal liikumiseks. Klappidega esitaskutesse saab v\u00e4ike printsess peita aga k\u00f5ige s\u00e4ravamad aarded.<\/p>\n","protected":false},"excerpt":{"rendered":"<p>V\u00e4ikeste t\u00fcdrukute m\u00f5nusalt paksu 300 g vatiiniga tepitud jope talvisteks jalutusk\u00e4ikudeks. Kauni jope voodriks on m\u00f5nus flanell ja taftvooder. Eemaldatav karvaga kapuuts kaitseb k\u00fclma tuule eest, kummiga varrukasuu kaitseb lume ja tuule eest ning helkurdetailid lisavad rohkelt turvalisust ka pimedamal ajal liikumiseks. Klappidega esitaskutesse saab v\u00e4ike printsess peita aga k\u00f5ige s\u00e4ravamad aarded.<\/p>\n","protected":false},"featured_media":528690,"template":"","meta":{"_acf_changed":false},"product_brand":[],"product_cat":[6500,8831,6508,104,105,108,107],"product_tag":[],"class_list":{"0":"post-528688","1":"product","2":"type-product","3":"status-publish","4":"has-post-thumbnail","6":"product_cat-outlet","7":"product_cat-vejjakas-top","8":"product_cat-vejjakas-outlet","9":"product_cat-berniem","10":"product_cat-vejjakas","11":"product_cat-vejjakas-zeni","12":"product_cat-zeni","13":"pa_auduma-gaisa-caurlaidiba-5000g-m-24h","14":"pa_auduma-udens-caurlaidiba-5000mm","15":"pa_dzimums-zeni","16":"pa_izmers-356","17":"pa_izolacijas-svars-300g","18":"pa_kolekcija-fashion","19":"pa_kolekcijas-nr-w17-18","20":"pa_produkta-kods-17540130-72335","21":"pa_raksts-modeli","22":"pa_sezona-ziema","23":"pa_siltinajums-300g","24":"pa_vecuma-grupa-berniem","26":"first","27":"instock","28":"sale","29":"taxable","30":"shipping-taxable","31":"purchasable","32":"product-type-variable"},"acf":[],"yoast_head":"<!-- This site is optimized with the Yoast SEO plugin v26.8 - https:\/\/yoast.com\/product\/yoast-seo-wordpress\/ -->\n<title>Meite\u0146u ziemas v\u0113jjaka NEELY 1 (300g) - Huppa LV<\/title>\n<meta name=\"robots\" content=\"index, follow, max-snippet:-1, max-image-preview:large, max-video-preview:-1\" \/>\n<link rel=\"canonical\" href=\"https:\/\/shop.huppa.eu\/lv\/product\/mazulu-vejjaka-neely-1\/\" \/>\n<meta property=\"og:locale\" content=\"lv_LV\" \/>\n<meta property=\"og:type\" content=\"article\" \/>\n<meta property=\"og:title\" content=\"Meite\u0146u ziemas v\u0113jjaka NEELY 1 (300g) - Huppa LV\" \/>\n<meta property=\"og:description\" content=\"V\u00e4ikeste t\u00fcdrukute m\u00f5nusalt paksu 300 g vatiiniga tepitud jope talvisteks jalutusk\u00e4ikudeks. Kauni jope voodriks on m\u00f5nus flanell ja taftvooder. Eemaldatav karvaga kapuuts kaitseb k\u00fclma tuule eest, kummiga varrukasuu kaitseb lume ja tuule eest ning helkurdetailid lisavad rohkelt turvalisust ka pimedamal ajal liikumiseks. Klappidega esitaskutesse saab v\u00e4ike printsess peita aga k\u00f5ige s\u00e4ravamad aarded.\" \/>\n<meta property=\"og:url\" content=\"https:\/\/shop.huppa.eu\/lv\/product\/mazulu-vejjaka-neely-1\/\" \/>\n<meta property=\"og:site_name\" content=\"Huppa LV\" \/>\n<meta property=\"article:modified_time\" content=\"2026-04-08T10:30:34+00:00\" \/>\n<meta property=\"og:image\" content=\"https:\/\/huppashop-prod.s3.eu-north-1.amazonaws.com\/wp-content\/uploads\/sites\/4\/2024\/11\/26020645\/17540130-72335-NEELY1f.jpg\" \/>\n\t<meta property=\"og:image:width\" content=\"800\" \/>\n\t<meta property=\"og:image:height\" content=\"800\" \/>\n\t<meta property=\"og:image:type\" content=\"image\/jpeg\" \/>\n<meta name=\"twitter:card\" content=\"summary_large_image\" \/>\n<script type=\"application\/ld+json\" class=\"yoast-schema-graph\">{\"@context\":\"https:\/\/schema.org\",\"@graph\":[{\"@type\":\"WebPage\",\"@id\":\"https:\/\/shop.huppa.eu\/lv\/product\/mazulu-vejjaka-neely-1\/\",\"url\":\"https:\/\/shop.huppa.eu\/lv\/product\/mazulu-vejjaka-neely-1\/\",\"name\":\"Meite\u0146u ziemas v\u0113jjaka NEELY 1 (300g) - Huppa LV\",\"isPartOf\":{\"@id\":\"https:\/\/shop.huppa.eu\/lv\/#website\"},\"primaryImageOfPage\":{\"@id\":\"https:\/\/shop.huppa.eu\/lv\/product\/mazulu-vejjaka-neely-1\/#primaryimage\"},\"image\":{\"@id\":\"https:\/\/shop.huppa.eu\/lv\/product\/mazulu-vejjaka-neely-1\/#primaryimage\"},\"thumbnailUrl\":\"https:\/\/huppashop-prod.s3.eu-north-1.amazonaws.com\/wp-content\/uploads\/sites\/4\/2024\/11\/26020645\/17540130-72335-NEELY1f.jpg\",\"datePublished\":\"2024-11-26T00:06:44+00:00\",\"dateModified\":\"2026-04-08T10:30:34+00:00\",\"breadcrumb\":{\"@id\":\"https:\/\/shop.huppa.eu\/lv\/product\/mazulu-vejjaka-neely-1\/#breadcrumb\"},\"inLanguage\":\"lv-LV\",\"potentialAction\":[{\"@type\":\"ReadAction\",\"target\":[\"https:\/\/shop.huppa.eu\/lv\/product\/mazulu-vejjaka-neely-1\/\"]}]},{\"@type\":\"ImageObject\",\"inLanguage\":\"lv-LV\",\"@id\":\"https:\/\/shop.huppa.eu\/lv\/product\/mazulu-vejjaka-neely-1\/#primaryimage\",\"url\":\"https:\/\/huppashop-prod.s3.eu-north-1.amazonaws.com\/wp-content\/uploads\/sites\/4\/2024\/11\/26020645\/17540130-72335-NEELY1f.jpg\",\"contentUrl\":\"https:\/\/huppashop-prod.s3.eu-north-1.amazonaws.com\/wp-content\/uploads\/sites\/4\/2024\/11\/26020645\/17540130-72335-NEELY1f.jpg\",\"width\":800,\"height\":800},{\"@type\":\"BreadcrumbList\",\"@id\":\"https:\/\/shop.huppa.eu\/lv\/product\/mazulu-vejjaka-neely-1\/#breadcrumb\",\"itemListElement\":[{\"@type\":\"ListItem\",\"position\":1,\"name\":\"Veikals\",\"item\":\"https:\/\/shop.huppa.eu\/lv\/shop\/\"},{\"@type\":\"ListItem\",\"position\":2,\"name\":\"Meite\u0146u ziemas v\u0113jjaka NEELY 1 (300g)\"}]},{\"@type\":\"WebSite\",\"@id\":\"https:\/\/shop.huppa.eu\/lv\/#website\",\"url\":\"https:\/\/shop.huppa.eu\/lv\/\",\"name\":\"Huppa LV\",\"description\":\"\",\"potentialAction\":[{\"@type\":\"SearchAction\",\"target\":{\"@type\":\"EntryPoint\",\"urlTemplate\":\"https:\/\/shop.huppa.eu\/lv\/?s={search_term_string}\"},\"query-input\":{\"@type\":\"PropertyValueSpecification\",\"valueRequired\":true,\"valueName\":\"search_term_string\"}}],\"inLanguage\":\"lv-LV\"}]}<\/script>\n<!-- \/ Yoast SEO plugin. -->","yoast_head_json":{"title":"Meite\u0146u ziemas v\u0113jjaka NEELY 1 (300g) - Huppa LV","robots":{"index":"index","follow":"follow","max-snippet":"max-snippet:-1","max-image-preview":"max-image-preview:large","max-video-preview":"max-video-preview:-1"},"canonical":"https:\/\/shop.huppa.eu\/lv\/product\/mazulu-vejjaka-neely-1\/","og_locale":"lv_LV","og_type":"article","og_title":"Meite\u0146u ziemas v\u0113jjaka NEELY 1 (300g) - Huppa LV","og_description":"V\u00e4ikeste t\u00fcdrukute m\u00f5nusalt paksu 300 g vatiiniga tepitud jope talvisteks jalutusk\u00e4ikudeks. Kauni jope voodriks on m\u00f5nus flanell ja taftvooder. Eemaldatav karvaga kapuuts kaitseb k\u00fclma tuule eest, kummiga varrukasuu kaitseb lume ja tuule eest ning helkurdetailid lisavad rohkelt turvalisust ka pimedamal ajal liikumiseks. Klappidega esitaskutesse saab v\u00e4ike printsess peita aga k\u00f5ige s\u00e4ravamad aarded.","og_url":"https:\/\/shop.huppa.eu\/lv\/product\/mazulu-vejjaka-neely-1\/","og_site_name":"Huppa LV","article_modified_time":"2026-04-08T10:30:34+00:00","og_image":[{"width":800,"height":800,"url":"https:\/\/huppashop-prod.s3.eu-north-1.amazonaws.com\/wp-content\/uploads\/sites\/4\/2024\/11\/26020645\/17540130-72335-NEELY1f.jpg","type":"image\/jpeg"}],"twitter_card":"summary_large_image","schema":{"@context":"https:\/\/schema.org","@graph":[{"@type":"WebPage","@id":"https:\/\/shop.huppa.eu\/lv\/product\/mazulu-vejjaka-neely-1\/","url":"https:\/\/shop.huppa.eu\/lv\/product\/mazulu-vejjaka-neely-1\/","name":"Meite\u0146u ziemas v\u0113jjaka NEELY 1 (300g) - Huppa LV","isPartOf":{"@id":"https:\/\/shop.huppa.eu\/lv\/#website"},"primaryImageOfPage":{"@id":"https:\/\/shop.huppa.eu\/lv\/product\/mazulu-vejjaka-neely-1\/#primaryimage"},"image":{"@id":"https:\/\/shop.huppa.eu\/lv\/product\/mazulu-vejjaka-neely-1\/#primaryimage"},"thumbnailUrl":"https:\/\/huppashop-prod.s3.eu-north-1.amazonaws.com\/wp-content\/uploads\/sites\/4\/2024\/11\/26020645\/17540130-72335-NEELY1f.jpg","datePublished":"2024-11-26T00:06:44+00:00","dateModified":"2026-04-08T10:30:34+00:00","breadcrumb":{"@id":"https:\/\/shop.huppa.eu\/lv\/product\/mazulu-vejjaka-neely-1\/#breadcrumb"},"inLanguage":"lv-LV","potentialAction":[{"@type":"ReadAction","target":["https:\/\/shop.huppa.eu\/lv\/product\/mazulu-vejjaka-neely-1\/"]}]},{"@type":"ImageObject","inLanguage":"lv-LV","@id":"https:\/\/shop.huppa.eu\/lv\/product\/mazulu-vejjaka-neely-1\/#primaryimage","url":"https:\/\/huppashop-prod.s3.eu-north-1.amazonaws.com\/wp-content\/uploads\/sites\/4\/2024\/11\/26020645\/17540130-72335-NEELY1f.jpg","contentUrl":"https:\/\/huppashop-prod.s3.eu-north-1.amazonaws.com\/wp-content\/uploads\/sites\/4\/2024\/11\/26020645\/17540130-72335-NEELY1f.jpg","width":800,"height":800},{"@type":"BreadcrumbList","@id":"https:\/\/shop.huppa.eu\/lv\/product\/mazulu-vejjaka-neely-1\/#breadcrumb","itemListElement":[{"@type":"ListItem","position":1,"name":"Veikals","item":"https:\/\/shop.huppa.eu\/lv\/shop\/"},{"@type":"ListItem","position":2,"name":"Meite\u0146u ziemas v\u0113jjaka NEELY 1 (300g)"}]},{"@type":"WebSite","@id":"https:\/\/shop.huppa.eu\/lv\/#website","url":"https:\/\/shop.huppa.eu\/lv\/","name":"Huppa LV","description":"","potentialAction":[{"@type":"SearchAction","target":{"@type":"EntryPoint","urlTemplate":"https:\/\/shop.huppa.eu\/lv\/?s={search_term_string}"},"query-input":{"@type":"PropertyValueSpecification","valueRequired":true,"valueName":"search_term_string"}}],"inLanguage":"lv-LV"}]}},"_links":{"self":[{"href":"https:\/\/shop.huppa.eu\/lv\/wp-json\/wp\/v2\/product\/528688","targetHints":{"allow":["GET"]}}],"collection":[{"href":"https:\/\/shop.huppa.eu\/lv\/wp-json\/wp\/v2\/product"}],"about":[{"href":"https:\/\/shop.huppa.eu\/lv\/wp-json\/wp\/v2\/types\/product"}],"wp:featuredmedia":[{"embeddable":true,"href":"https:\/\/shop.huppa.eu\/lv\/wp-json\/wp\/v2\/media\/528690"}],"wp:attachment":[{"href":"https:\/\/shop.huppa.eu\/lv\/wp-json\/wp\/v2\/media?parent=528688"}],"wp:term":[{"taxonomy":"product_brand","embeddable":true,"href":"https:\/\/shop.huppa.eu\/lv\/wp-json\/wp\/v2\/product_brand?post=528688"},{"taxonomy":"product_cat","embeddable":true,"href":"https:\/\/shop.huppa.eu\/lv\/wp-json\/wp\/v2\/product_cat?post=528688"},{"taxonomy":"product_tag","embeddable":true,"href":"https:\/\/shop.huppa.eu\/lv\/wp-json\/wp\/v2\/product_tag?post=528688"}],"curies":[{"name":"wp","href":"https:\/\/api.w.org\/{rel}","templated":true}]}}