{"id":528835,"date":"2024-11-26T02:12:30","date_gmt":"2024-11-26T00:12:30","guid":{"rendered":"https:\/\/shop.huppa.eu\/lv\/product\/mazulu-maisins-dunu-emily\/"},"modified":"2026-04-06T19:11:22","modified_gmt":"2026-04-06T17:11:22","slug":"mazulu-maisins-dunu-emily","status":"publish","type":"product","link":"https:\/\/shop.huppa.eu\/lv\/product\/mazulu-maisins-dunu-emily\/","title":{"rendered":"Mazu\u013cu gu\u013cammaisi\u0146\u0161 EMILY (DOWN)"},"content":{"rendered":"<p>M\u00f5nusalt soe beebide sulet\u00e4idisega vee- ja tuulekindel magamiskott magusateks l\u00f5unauinakuteks. Magamiskotil on pehmest puuvillasest flanellist vooder ning hingav pealiskangas. Beebit on lihtne magamiskotti riietada t\u00e4nu kahele t\u00e4ispikale lukule ning mugav kasutada autos\u00f5idul kinnitades turvav\u00f6\u00f6 l\u00e4bi selleks etten\u00e4htud ava. Varrukaotstes ja kapuutsi servas sisset\u00f6\u00f6deldud kummipael. Paari liigutusega saab ka tagasi keerata varrukasuu otsad ning kindaid ei olegi vaja. Esiosas kaks pikka t\u00f5mblukkkinnist.<\/p>\n","protected":false},"excerpt":{"rendered":"<p>M\u00f5nusalt soe beebide sulet\u00e4idisega vee- ja tuulekindel magamiskott magusateks l\u00f5unauinakuteks. Magamiskotil on pehmest puuvillasest flanellist vooder ning hingav pealiskangas. Beebit on lihtne magamiskotti riietada t\u00e4nu kahele t\u00e4ispikale lukule ning mugav kasutada autos\u00f5idul kinnitades turvav\u00f6\u00f6 l\u00e4bi selleks etten\u00e4htud ava. Varrukaotstes ja kapuutsi servas sisset\u00f6\u00f6deldud kummipael. Paari liigutusega saab ka tagasi keerata varrukasuu otsad ning kindaid ei [&hellip;]<\/p>\n","protected":false},"featured_media":442533,"template":"","meta":{"_acf_changed":false},"product_brand":[],"product_cat":[104,1494,7404,1496,8839,6500,563],"product_tag":[],"class_list":{"0":"post-528835","1":"product","2":"type-product","3":"status-publish","4":"has-post-thumbnail","6":"product_cat-berniem","7":"product_cat-mazulu-maisini","8":"product_cat-mazulu-maisini-outlet","9":"product_cat-mazulu-maisini-unisex","10":"product_cat-mazulu-maisini-top","11":"product_cat-outlet","12":"product_cat-unisex","13":"pa_auduma-gaisa-caurlaidiba-5000g-m-24h","14":"pa_auduma-udens-caurlaidiba-5000mm","15":"pa_dzimums-unisex","16":"pa_izmers-1374","17":"pa_izolacijas-svars-down","18":"pa_kolekcija-down","19":"pa_kolekcijas-nr-aw11-12","20":"pa_produkta-kods-3201aw11-013","21":"pa_raksts-vienkrasains","22":"pa_sezona-ziema","23":"pa_siltinajums-down","24":"pa_vecuma-grupa-berniem","26":"first","27":"instock","28":"sale","29":"taxable","30":"shipping-taxable","31":"purchasable","32":"product-type-variable"},"acf":[],"yoast_head":"<!-- This site is optimized with the Yoast SEO plugin v26.8 - https:\/\/yoast.com\/product\/yoast-seo-wordpress\/ -->\n<title>Mazu\u013cu gu\u013cammaisi\u0146\u0161 EMILY (DOWN) - Huppa LV<\/title>\n<meta name=\"robots\" content=\"index, follow, max-snippet:-1, max-image-preview:large, max-video-preview:-1\" \/>\n<link rel=\"canonical\" href=\"https:\/\/shop.huppa.eu\/lv\/product\/mazulu-maisins-dunu-emily\/\" \/>\n<meta property=\"og:locale\" content=\"lv_LV\" \/>\n<meta property=\"og:type\" content=\"article\" \/>\n<meta property=\"og:title\" content=\"Mazu\u013cu gu\u013cammaisi\u0146\u0161 EMILY (DOWN) - Huppa LV\" \/>\n<meta property=\"og:description\" content=\"M\u00f5nusalt soe beebide sulet\u00e4idisega vee- ja tuulekindel magamiskott magusateks l\u00f5unauinakuteks. Magamiskotil on pehmest puuvillasest flanellist vooder ning hingav pealiskangas. Beebit on lihtne magamiskotti riietada t\u00e4nu kahele t\u00e4ispikale lukule ning mugav kasutada autos\u00f5idul kinnitades turvav\u00f6\u00f6 l\u00e4bi selleks etten\u00e4htud ava. Varrukaotstes ja kapuutsi servas sisset\u00f6\u00f6deldud kummipael. Paari liigutusega saab ka tagasi keerata varrukasuu otsad ning kindaid ei [&hellip;]\" \/>\n<meta property=\"og:url\" content=\"https:\/\/shop.huppa.eu\/lv\/product\/mazulu-maisins-dunu-emily\/\" \/>\n<meta property=\"og:site_name\" content=\"Huppa LV\" \/>\n<meta property=\"article:modified_time\" content=\"2026-04-06T17:11:22+00:00\" \/>\n<meta property=\"og:image\" content=\"https:\/\/huppashop-prod.s3.eu-north-1.amazonaws.com\/wp-content\/uploads\/sites\/2\/2021\/06\/08042837\/3201AW11-013-EMILY_front.png\" \/>\n\t<meta property=\"og:image:width\" content=\"800\" \/>\n\t<meta property=\"og:image:height\" content=\"800\" \/>\n\t<meta property=\"og:image:type\" content=\"image\/png\" \/>\n<meta name=\"twitter:card\" content=\"summary_large_image\" \/>\n<script type=\"application\/ld+json\" class=\"yoast-schema-graph\">{\"@context\":\"https:\/\/schema.org\",\"@graph\":[{\"@type\":\"WebPage\",\"@id\":\"https:\/\/shop.huppa.eu\/lv\/product\/mazulu-maisins-dunu-emily\/\",\"url\":\"https:\/\/shop.huppa.eu\/lv\/product\/mazulu-maisins-dunu-emily\/\",\"name\":\"Mazu\u013cu gu\u013cammaisi\u0146\u0161 EMILY (DOWN) - Huppa LV\",\"isPartOf\":{\"@id\":\"https:\/\/shop.huppa.eu\/lv\/#website\"},\"primaryImageOfPage\":{\"@id\":\"https:\/\/shop.huppa.eu\/lv\/product\/mazulu-maisins-dunu-emily\/#primaryimage\"},\"image\":{\"@id\":\"https:\/\/shop.huppa.eu\/lv\/product\/mazulu-maisins-dunu-emily\/#primaryimage\"},\"thumbnailUrl\":\"https:\/\/huppashop-prod.s3.eu-north-1.amazonaws.com\/wp-content\/uploads\/sites\/2\/2021\/06\/08042837\/3201AW11-013-EMILY_front.png\",\"datePublished\":\"2024-11-26T00:12:30+00:00\",\"dateModified\":\"2026-04-06T17:11:22+00:00\",\"breadcrumb\":{\"@id\":\"https:\/\/shop.huppa.eu\/lv\/product\/mazulu-maisins-dunu-emily\/#breadcrumb\"},\"inLanguage\":\"lv-LV\",\"potentialAction\":[{\"@type\":\"ReadAction\",\"target\":[\"https:\/\/shop.huppa.eu\/lv\/product\/mazulu-maisins-dunu-emily\/\"]}]},{\"@type\":\"ImageObject\",\"inLanguage\":\"lv-LV\",\"@id\":\"https:\/\/shop.huppa.eu\/lv\/product\/mazulu-maisins-dunu-emily\/#primaryimage\",\"url\":\"https:\/\/huppashop-prod.s3.eu-north-1.amazonaws.com\/wp-content\/uploads\/sites\/2\/2021\/06\/08042837\/3201AW11-013-EMILY_front.png\",\"contentUrl\":\"https:\/\/huppashop-prod.s3.eu-north-1.amazonaws.com\/wp-content\/uploads\/sites\/2\/2021\/06\/08042837\/3201AW11-013-EMILY_front.png\",\"width\":800,\"height\":800},{\"@type\":\"BreadcrumbList\",\"@id\":\"https:\/\/shop.huppa.eu\/lv\/product\/mazulu-maisins-dunu-emily\/#breadcrumb\",\"itemListElement\":[{\"@type\":\"ListItem\",\"position\":1,\"name\":\"Veikals\",\"item\":\"https:\/\/shop.huppa.eu\/lv\/shop\/\"},{\"@type\":\"ListItem\",\"position\":2,\"name\":\"Mazu\u013cu gu\u013cammaisi\u0146\u0161 EMILY (DOWN)\"}]},{\"@type\":\"WebSite\",\"@id\":\"https:\/\/shop.huppa.eu\/lv\/#website\",\"url\":\"https:\/\/shop.huppa.eu\/lv\/\",\"name\":\"Huppa LV\",\"description\":\"\",\"potentialAction\":[{\"@type\":\"SearchAction\",\"target\":{\"@type\":\"EntryPoint\",\"urlTemplate\":\"https:\/\/shop.huppa.eu\/lv\/?s={search_term_string}\"},\"query-input\":{\"@type\":\"PropertyValueSpecification\",\"valueRequired\":true,\"valueName\":\"search_term_string\"}}],\"inLanguage\":\"lv-LV\"}]}<\/script>\n<!-- \/ Yoast SEO plugin. -->","yoast_head_json":{"title":"Mazu\u013cu gu\u013cammaisi\u0146\u0161 EMILY (DOWN) - Huppa LV","robots":{"index":"index","follow":"follow","max-snippet":"max-snippet:-1","max-image-preview":"max-image-preview:large","max-video-preview":"max-video-preview:-1"},"canonical":"https:\/\/shop.huppa.eu\/lv\/product\/mazulu-maisins-dunu-emily\/","og_locale":"lv_LV","og_type":"article","og_title":"Mazu\u013cu gu\u013cammaisi\u0146\u0161 EMILY (DOWN) - Huppa LV","og_description":"M\u00f5nusalt soe beebide sulet\u00e4idisega vee- ja tuulekindel magamiskott magusateks l\u00f5unauinakuteks. Magamiskotil on pehmest puuvillasest flanellist vooder ning hingav pealiskangas. Beebit on lihtne magamiskotti riietada t\u00e4nu kahele t\u00e4ispikale lukule ning mugav kasutada autos\u00f5idul kinnitades turvav\u00f6\u00f6 l\u00e4bi selleks etten\u00e4htud ava. Varrukaotstes ja kapuutsi servas sisset\u00f6\u00f6deldud kummipael. Paari liigutusega saab ka tagasi keerata varrukasuu otsad ning kindaid ei [&hellip;]","og_url":"https:\/\/shop.huppa.eu\/lv\/product\/mazulu-maisins-dunu-emily\/","og_site_name":"Huppa LV","article_modified_time":"2026-04-06T17:11:22+00:00","og_image":[{"width":800,"height":800,"url":"https:\/\/huppashop-prod.s3.eu-north-1.amazonaws.com\/wp-content\/uploads\/sites\/2\/2021\/06\/08042837\/3201AW11-013-EMILY_front.png","type":"image\/png"}],"twitter_card":"summary_large_image","schema":{"@context":"https:\/\/schema.org","@graph":[{"@type":"WebPage","@id":"https:\/\/shop.huppa.eu\/lv\/product\/mazulu-maisins-dunu-emily\/","url":"https:\/\/shop.huppa.eu\/lv\/product\/mazulu-maisins-dunu-emily\/","name":"Mazu\u013cu gu\u013cammaisi\u0146\u0161 EMILY (DOWN) - Huppa LV","isPartOf":{"@id":"https:\/\/shop.huppa.eu\/lv\/#website"},"primaryImageOfPage":{"@id":"https:\/\/shop.huppa.eu\/lv\/product\/mazulu-maisins-dunu-emily\/#primaryimage"},"image":{"@id":"https:\/\/shop.huppa.eu\/lv\/product\/mazulu-maisins-dunu-emily\/#primaryimage"},"thumbnailUrl":"https:\/\/huppashop-prod.s3.eu-north-1.amazonaws.com\/wp-content\/uploads\/sites\/2\/2021\/06\/08042837\/3201AW11-013-EMILY_front.png","datePublished":"2024-11-26T00:12:30+00:00","dateModified":"2026-04-06T17:11:22+00:00","breadcrumb":{"@id":"https:\/\/shop.huppa.eu\/lv\/product\/mazulu-maisins-dunu-emily\/#breadcrumb"},"inLanguage":"lv-LV","potentialAction":[{"@type":"ReadAction","target":["https:\/\/shop.huppa.eu\/lv\/product\/mazulu-maisins-dunu-emily\/"]}]},{"@type":"ImageObject","inLanguage":"lv-LV","@id":"https:\/\/shop.huppa.eu\/lv\/product\/mazulu-maisins-dunu-emily\/#primaryimage","url":"https:\/\/huppashop-prod.s3.eu-north-1.amazonaws.com\/wp-content\/uploads\/sites\/2\/2021\/06\/08042837\/3201AW11-013-EMILY_front.png","contentUrl":"https:\/\/huppashop-prod.s3.eu-north-1.amazonaws.com\/wp-content\/uploads\/sites\/2\/2021\/06\/08042837\/3201AW11-013-EMILY_front.png","width":800,"height":800},{"@type":"BreadcrumbList","@id":"https:\/\/shop.huppa.eu\/lv\/product\/mazulu-maisins-dunu-emily\/#breadcrumb","itemListElement":[{"@type":"ListItem","position":1,"name":"Veikals","item":"https:\/\/shop.huppa.eu\/lv\/shop\/"},{"@type":"ListItem","position":2,"name":"Mazu\u013cu gu\u013cammaisi\u0146\u0161 EMILY (DOWN)"}]},{"@type":"WebSite","@id":"https:\/\/shop.huppa.eu\/lv\/#website","url":"https:\/\/shop.huppa.eu\/lv\/","name":"Huppa LV","description":"","potentialAction":[{"@type":"SearchAction","target":{"@type":"EntryPoint","urlTemplate":"https:\/\/shop.huppa.eu\/lv\/?s={search_term_string}"},"query-input":{"@type":"PropertyValueSpecification","valueRequired":true,"valueName":"search_term_string"}}],"inLanguage":"lv-LV"}]}},"_links":{"self":[{"href":"https:\/\/shop.huppa.eu\/lv\/wp-json\/wp\/v2\/product\/528835","targetHints":{"allow":["GET"]}}],"collection":[{"href":"https:\/\/shop.huppa.eu\/lv\/wp-json\/wp\/v2\/product"}],"about":[{"href":"https:\/\/shop.huppa.eu\/lv\/wp-json\/wp\/v2\/types\/product"}],"wp:featuredmedia":[{"embeddable":true,"href":"https:\/\/shop.huppa.eu\/lv\/wp-json\/wp\/v2\/media\/442533"}],"wp:attachment":[{"href":"https:\/\/shop.huppa.eu\/lv\/wp-json\/wp\/v2\/media?parent=528835"}],"wp:term":[{"taxonomy":"product_brand","embeddable":true,"href":"https:\/\/shop.huppa.eu\/lv\/wp-json\/wp\/v2\/product_brand?post=528835"},{"taxonomy":"product_cat","embeddable":true,"href":"https:\/\/shop.huppa.eu\/lv\/wp-json\/wp\/v2\/product_cat?post=528835"},{"taxonomy":"product_tag","embeddable":true,"href":"https:\/\/shop.huppa.eu\/lv\/wp-json\/wp\/v2\/product_tag?post=528835"}],"curies":[{"name":"wp","href":"https:\/\/api.w.org\/{rel}","templated":true}]}}