{"id":530443,"date":"2025-01-17T02:22:08","date_gmt":"2025-01-17T00:22:08","guid":{"rendered":"https:\/\/shop.huppa.eu\/lv\/product\/cepure-sasienama-doody-3\/"},"modified":"2026-04-06T18:50:07","modified_gmt":"2026-04-06T16:50:07","slug":"cepure-sasienama-doody-3","status":"publish","type":"product","link":"https:\/\/shop.huppa.eu\/lv\/product\/cepure-sasienama-doody-3\/","title":{"rendered":"B\u0113rnu cepure DOODY"},"content":{"rendered":"<p>Pl\u0101n\u0101ka ad\u012bta pavasara-rudens cepure b\u0113rniem. Vienk\u0101r\u0161\u0101 raksta cepure ir ad\u012bta no skaistas kokvilnas dzijas. Cepure ir dekor\u0113ta ar m\u012bl\u012bgu dz\u012bvnieka att\u0113lu, tai ir ausis un divas me\u017e\u0123\u012bnes, kas ne\u013caus tai uzbraukt un apsald\u0113t ausis.<\/p>\n","protected":false},"excerpt":{"rendered":"<p>Pl\u0101n\u0101ka ad\u012bta pavasara-rudens cepure b\u0113rniem. Vienk\u0101r\u0161\u0101 raksta cepure ir ad\u012bta no skaistas kokvilnas dzijas. Cepure ir dekor\u0113ta ar m\u012bl\u012bgu dz\u012bvnieka att\u0113lu, tai ir ausis un divas me\u017e\u0123\u012bnes, kas ne\u013caus tai uzbraukt un apsald\u0113t ausis.<\/p>\n","protected":false},"featured_media":464095,"template":"","meta":{"_acf_changed":false},"product_brand":[],"product_cat":[6472,104,2037,6474,2052,8848,122],"product_tag":[],"class_list":{"0":"post-530443","1":"product","2":"type-product","3":"status-publish","4":"has-post-thumbnail","6":"product_cat-accessories","7":"product_cat-berniem","8":"product_cat-cepurites","9":"product_cat-cepurites-accessories","10":"product_cat-cepurites-meitenes","11":"product_cat-cepurites-top","12":"product_cat-meitenes","13":"pa_auduma-gaisa-caurlaidiba-g-m-24h","14":"pa_auduma-udens-caurlaidiba-mm","15":"pa_dzimums-meitenes","16":"pa_izmers-s","17":"pa_izmers-xs","18":"pa_izmers-xxs","19":"pa_kolekcija-accessories","20":"pa_kolekcijas-nr-sa2014","21":"pa_produkta-kods-8373as14-013","22":"pa_vecuma-grupa-berniem","24":"first","25":"instock","26":"sale","27":"taxable","28":"shipping-taxable","29":"purchasable","30":"product-type-variable"},"acf":[],"yoast_head":"<!-- This site is optimized with the Yoast SEO plugin v26.8 - https:\/\/yoast.com\/product\/yoast-seo-wordpress\/ -->\n<title>B\u0113rnu cepure DOODY - Huppa LV<\/title>\n<meta name=\"robots\" content=\"index, follow, max-snippet:-1, max-image-preview:large, max-video-preview:-1\" \/>\n<link rel=\"canonical\" href=\"https:\/\/shop.huppa.eu\/lv\/product\/cepure-sasienama-doody-3\/\" \/>\n<meta property=\"og:locale\" content=\"lv_LV\" \/>\n<meta property=\"og:type\" content=\"article\" \/>\n<meta property=\"og:title\" content=\"B\u0113rnu cepure DOODY - Huppa LV\" \/>\n<meta property=\"og:description\" content=\"Pl\u0101n\u0101ka ad\u012bta pavasara-rudens cepure b\u0113rniem. Vienk\u0101r\u0161\u0101 raksta cepure ir ad\u012bta no skaistas kokvilnas dzijas. Cepure ir dekor\u0113ta ar m\u012bl\u012bgu dz\u012bvnieka att\u0113lu, tai ir ausis un divas me\u017e\u0123\u012bnes, kas ne\u013caus tai uzbraukt un apsald\u0113t ausis.\" \/>\n<meta property=\"og:url\" content=\"https:\/\/shop.huppa.eu\/lv\/product\/cepure-sasienama-doody-3\/\" \/>\n<meta property=\"og:site_name\" content=\"Huppa LV\" \/>\n<meta property=\"article:modified_time\" content=\"2026-04-06T16:50:07+00:00\" \/>\n<meta property=\"og:image\" content=\"https:\/\/huppashop-prod.s3.eu-north-1.amazonaws.com\/wp-content\/uploads\/sites\/2\/2022\/02\/11045538\/8373AS14-013-DOODY.png\" \/>\n\t<meta property=\"og:image:width\" content=\"800\" \/>\n\t<meta property=\"og:image:height\" content=\"800\" \/>\n\t<meta property=\"og:image:type\" content=\"image\/png\" \/>\n<meta name=\"twitter:card\" content=\"summary_large_image\" \/>\n<script type=\"application\/ld+json\" class=\"yoast-schema-graph\">{\"@context\":\"https:\/\/schema.org\",\"@graph\":[{\"@type\":\"WebPage\",\"@id\":\"https:\/\/shop.huppa.eu\/lv\/product\/cepure-sasienama-doody-3\/\",\"url\":\"https:\/\/shop.huppa.eu\/lv\/product\/cepure-sasienama-doody-3\/\",\"name\":\"B\u0113rnu cepure DOODY - Huppa LV\",\"isPartOf\":{\"@id\":\"https:\/\/shop.huppa.eu\/lv\/#website\"},\"primaryImageOfPage\":{\"@id\":\"https:\/\/shop.huppa.eu\/lv\/product\/cepure-sasienama-doody-3\/#primaryimage\"},\"image\":{\"@id\":\"https:\/\/shop.huppa.eu\/lv\/product\/cepure-sasienama-doody-3\/#primaryimage\"},\"thumbnailUrl\":\"https:\/\/huppashop-prod.s3.eu-north-1.amazonaws.com\/wp-content\/uploads\/sites\/2\/2022\/02\/11045538\/8373AS14-013-DOODY.png\",\"datePublished\":\"2025-01-17T00:22:08+00:00\",\"dateModified\":\"2026-04-06T16:50:07+00:00\",\"breadcrumb\":{\"@id\":\"https:\/\/shop.huppa.eu\/lv\/product\/cepure-sasienama-doody-3\/#breadcrumb\"},\"inLanguage\":\"lv-LV\",\"potentialAction\":[{\"@type\":\"ReadAction\",\"target\":[\"https:\/\/shop.huppa.eu\/lv\/product\/cepure-sasienama-doody-3\/\"]}]},{\"@type\":\"ImageObject\",\"inLanguage\":\"lv-LV\",\"@id\":\"https:\/\/shop.huppa.eu\/lv\/product\/cepure-sasienama-doody-3\/#primaryimage\",\"url\":\"https:\/\/huppashop-prod.s3.eu-north-1.amazonaws.com\/wp-content\/uploads\/sites\/2\/2022\/02\/11045538\/8373AS14-013-DOODY.png\",\"contentUrl\":\"https:\/\/huppashop-prod.s3.eu-north-1.amazonaws.com\/wp-content\/uploads\/sites\/2\/2022\/02\/11045538\/8373AS14-013-DOODY.png\",\"width\":800,\"height\":800},{\"@type\":\"BreadcrumbList\",\"@id\":\"https:\/\/shop.huppa.eu\/lv\/product\/cepure-sasienama-doody-3\/#breadcrumb\",\"itemListElement\":[{\"@type\":\"ListItem\",\"position\":1,\"name\":\"Veikals\",\"item\":\"https:\/\/shop.huppa.eu\/lv\/shop\/\"},{\"@type\":\"ListItem\",\"position\":2,\"name\":\"B\u0113rnu cepure DOODY\"}]},{\"@type\":\"WebSite\",\"@id\":\"https:\/\/shop.huppa.eu\/lv\/#website\",\"url\":\"https:\/\/shop.huppa.eu\/lv\/\",\"name\":\"Huppa LV\",\"description\":\"\",\"potentialAction\":[{\"@type\":\"SearchAction\",\"target\":{\"@type\":\"EntryPoint\",\"urlTemplate\":\"https:\/\/shop.huppa.eu\/lv\/?s={search_term_string}\"},\"query-input\":{\"@type\":\"PropertyValueSpecification\",\"valueRequired\":true,\"valueName\":\"search_term_string\"}}],\"inLanguage\":\"lv-LV\"}]}<\/script>\n<!-- \/ Yoast SEO plugin. -->","yoast_head_json":{"title":"B\u0113rnu cepure DOODY - Huppa LV","robots":{"index":"index","follow":"follow","max-snippet":"max-snippet:-1","max-image-preview":"max-image-preview:large","max-video-preview":"max-video-preview:-1"},"canonical":"https:\/\/shop.huppa.eu\/lv\/product\/cepure-sasienama-doody-3\/","og_locale":"lv_LV","og_type":"article","og_title":"B\u0113rnu cepure DOODY - Huppa LV","og_description":"Pl\u0101n\u0101ka ad\u012bta pavasara-rudens cepure b\u0113rniem. Vienk\u0101r\u0161\u0101 raksta cepure ir ad\u012bta no skaistas kokvilnas dzijas. Cepure ir dekor\u0113ta ar m\u012bl\u012bgu dz\u012bvnieka att\u0113lu, tai ir ausis un divas me\u017e\u0123\u012bnes, kas ne\u013caus tai uzbraukt un apsald\u0113t ausis.","og_url":"https:\/\/shop.huppa.eu\/lv\/product\/cepure-sasienama-doody-3\/","og_site_name":"Huppa LV","article_modified_time":"2026-04-06T16:50:07+00:00","og_image":[{"width":800,"height":800,"url":"https:\/\/huppashop-prod.s3.eu-north-1.amazonaws.com\/wp-content\/uploads\/sites\/2\/2022\/02\/11045538\/8373AS14-013-DOODY.png","type":"image\/png"}],"twitter_card":"summary_large_image","schema":{"@context":"https:\/\/schema.org","@graph":[{"@type":"WebPage","@id":"https:\/\/shop.huppa.eu\/lv\/product\/cepure-sasienama-doody-3\/","url":"https:\/\/shop.huppa.eu\/lv\/product\/cepure-sasienama-doody-3\/","name":"B\u0113rnu cepure DOODY - Huppa LV","isPartOf":{"@id":"https:\/\/shop.huppa.eu\/lv\/#website"},"primaryImageOfPage":{"@id":"https:\/\/shop.huppa.eu\/lv\/product\/cepure-sasienama-doody-3\/#primaryimage"},"image":{"@id":"https:\/\/shop.huppa.eu\/lv\/product\/cepure-sasienama-doody-3\/#primaryimage"},"thumbnailUrl":"https:\/\/huppashop-prod.s3.eu-north-1.amazonaws.com\/wp-content\/uploads\/sites\/2\/2022\/02\/11045538\/8373AS14-013-DOODY.png","datePublished":"2025-01-17T00:22:08+00:00","dateModified":"2026-04-06T16:50:07+00:00","breadcrumb":{"@id":"https:\/\/shop.huppa.eu\/lv\/product\/cepure-sasienama-doody-3\/#breadcrumb"},"inLanguage":"lv-LV","potentialAction":[{"@type":"ReadAction","target":["https:\/\/shop.huppa.eu\/lv\/product\/cepure-sasienama-doody-3\/"]}]},{"@type":"ImageObject","inLanguage":"lv-LV","@id":"https:\/\/shop.huppa.eu\/lv\/product\/cepure-sasienama-doody-3\/#primaryimage","url":"https:\/\/huppashop-prod.s3.eu-north-1.amazonaws.com\/wp-content\/uploads\/sites\/2\/2022\/02\/11045538\/8373AS14-013-DOODY.png","contentUrl":"https:\/\/huppashop-prod.s3.eu-north-1.amazonaws.com\/wp-content\/uploads\/sites\/2\/2022\/02\/11045538\/8373AS14-013-DOODY.png","width":800,"height":800},{"@type":"BreadcrumbList","@id":"https:\/\/shop.huppa.eu\/lv\/product\/cepure-sasienama-doody-3\/#breadcrumb","itemListElement":[{"@type":"ListItem","position":1,"name":"Veikals","item":"https:\/\/shop.huppa.eu\/lv\/shop\/"},{"@type":"ListItem","position":2,"name":"B\u0113rnu cepure DOODY"}]},{"@type":"WebSite","@id":"https:\/\/shop.huppa.eu\/lv\/#website","url":"https:\/\/shop.huppa.eu\/lv\/","name":"Huppa LV","description":"","potentialAction":[{"@type":"SearchAction","target":{"@type":"EntryPoint","urlTemplate":"https:\/\/shop.huppa.eu\/lv\/?s={search_term_string}"},"query-input":{"@type":"PropertyValueSpecification","valueRequired":true,"valueName":"search_term_string"}}],"inLanguage":"lv-LV"}]}},"_links":{"self":[{"href":"https:\/\/shop.huppa.eu\/lv\/wp-json\/wp\/v2\/product\/530443","targetHints":{"allow":["GET"]}}],"collection":[{"href":"https:\/\/shop.huppa.eu\/lv\/wp-json\/wp\/v2\/product"}],"about":[{"href":"https:\/\/shop.huppa.eu\/lv\/wp-json\/wp\/v2\/types\/product"}],"wp:featuredmedia":[{"embeddable":true,"href":"https:\/\/shop.huppa.eu\/lv\/wp-json\/wp\/v2\/media\/464095"}],"wp:attachment":[{"href":"https:\/\/shop.huppa.eu\/lv\/wp-json\/wp\/v2\/media?parent=530443"}],"wp:term":[{"taxonomy":"product_brand","embeddable":true,"href":"https:\/\/shop.huppa.eu\/lv\/wp-json\/wp\/v2\/product_brand?post=530443"},{"taxonomy":"product_cat","embeddable":true,"href":"https:\/\/shop.huppa.eu\/lv\/wp-json\/wp\/v2\/product_cat?post=530443"},{"taxonomy":"product_tag","embeddable":true,"href":"https:\/\/shop.huppa.eu\/lv\/wp-json\/wp\/v2\/product_tag?post=530443"}],"curies":[{"name":"wp","href":"https:\/\/api.w.org\/{rel}","templated":true}]}}