{"id":530810,"date":"2025-02-11T02:04:01","date_gmt":"2025-02-11T00:04:01","guid":{"rendered":"https:\/\/shop.huppa.eu\/lv\/product\/zenu-ziemas-parka-vesper-2-300g\/"},"modified":"2026-04-08T12:30:31","modified_gmt":"2026-04-08T10:30:31","slug":"zenu-ziemas-parka-vesper-2-300g","status":"publish","type":"product","link":"https:\/\/shop.huppa.eu\/lv\/product\/zenu-ziemas-parka-vesper-2-300g\/","title":{"rendered":"Z\u0113nu ziemas parka VESPER 2 (300g)"},"content":{"rendered":"<p>Ziemas parka ar vieglu vatel\u012bna pild\u012bjumu z\u0113niem. Parka ar da\u013c\u0113ju fl\u012b\u0161a un da\u013c\u0113ju taftas oderi. \u016adeni atgr\u016bdo\u0161s audums. Svi\u0137el\u012b ad\u012btas piedurk\u0146u aproces ar regul\u0113jamu gumijas auklu un no\u0146emamu kapuce ar ka\u017eok\u0101du.<\/p>\n","protected":false},"excerpt":{"rendered":"<p>Ziemas parka ar vieglu vatel\u012bna pild\u012bjumu z\u0113niem. Parka ar da\u013c\u0113ju fl\u012b\u0161a un da\u013c\u0113ju taftas oderi. \u016adeni atgr\u016bdo\u0161s audums. Svi\u0137el\u012b ad\u012btas piedurk\u0146u aproces ar regul\u0113jamu gumijas auklu un no\u0146emamu kapuce ar ka\u017eok\u0101du.<\/p>\n","protected":false},"featured_media":436839,"template":"","meta":{"_acf_changed":false},"product_brand":[],"product_cat":[104,6500,4905,479,6753,3632,107],"product_tag":[],"class_list":{"0":"post-530810","1":"product","2":"type-product","3":"status-publish","4":"has-post-thumbnail","6":"product_cat-berniem","7":"product_cat-outlet","8":"product_cat-parka-zeni","9":"product_cat-parka","10":"product_cat-parka-outlet","11":"product_cat-parka-berniem","12":"product_cat-zeni","13":"pa_auduma-gaisa-caurlaidiba-10000g-m-24h","14":"pa_auduma-udens-caurlaidiba-10000mm","15":"pa_dzimums-zeni","16":"pa_izmers-95","17":"pa_izmers-110","18":"pa_izmers-117","19":"pa_izmers-118","20":"pa_izmers-120","21":"pa_izmers-121","22":"pa_izolacijas-svars-300g","23":"pa_kolekcija-classic","24":"pa_kolekcijas-nr-w20-21","25":"pa_produkta-kods-17480230-70004","26":"pa_raksts-vienkrasains","27":"pa_sezona-ziema","28":"pa_siltinajums-300g","29":"pa_vecuma-grupa-berniem","31":"first","32":"instock","33":"sale","34":"taxable","35":"shipping-taxable","36":"purchasable","37":"product-type-variable"},"acf":[],"yoast_head":"<!-- This site is optimized with the Yoast SEO plugin v26.8 - https:\/\/yoast.com\/product\/yoast-seo-wordpress\/ -->\n<title>Z\u0113nu ziemas parka VESPER 2 (300g) - Huppa LV<\/title>\n<meta name=\"robots\" content=\"index, follow, max-snippet:-1, max-image-preview:large, max-video-preview:-1\" \/>\n<link rel=\"canonical\" href=\"https:\/\/shop.huppa.eu\/lv\/product\/zenu-ziemas-parka-vesper-2-300g\/\" \/>\n<meta property=\"og:locale\" content=\"lv_LV\" \/>\n<meta property=\"og:type\" content=\"article\" \/>\n<meta property=\"og:title\" content=\"Z\u0113nu ziemas parka VESPER 2 (300g) - Huppa LV\" \/>\n<meta property=\"og:description\" content=\"Ziemas parka ar vieglu vatel\u012bna pild\u012bjumu z\u0113niem. Parka ar da\u013c\u0113ju fl\u012b\u0161a un da\u013c\u0113ju taftas oderi. \u016adeni atgr\u016bdo\u0161s audums. Svi\u0137el\u012b ad\u012btas piedurk\u0146u aproces ar regul\u0113jamu gumijas auklu un no\u0146emamu kapuce ar ka\u017eok\u0101du.\" \/>\n<meta property=\"og:url\" content=\"https:\/\/shop.huppa.eu\/lv\/product\/zenu-ziemas-parka-vesper-2-300g\/\" \/>\n<meta property=\"og:site_name\" content=\"Huppa LV\" \/>\n<meta property=\"article:modified_time\" content=\"2026-04-08T10:30:31+00:00\" \/>\n<meta property=\"og:image\" content=\"https:\/\/huppashop-prod.s3.eu-north-1.amazonaws.com\/wp-content\/uploads\/sites\/2\/2021\/06\/08010709\/17480230-70004-VESPER2_f.jpg\" \/>\n\t<meta property=\"og:image:width\" content=\"1200\" \/>\n\t<meta property=\"og:image:height\" content=\"1200\" \/>\n\t<meta property=\"og:image:type\" content=\"image\/jpeg\" \/>\n<meta name=\"twitter:card\" content=\"summary_large_image\" \/>\n<script type=\"application\/ld+json\" class=\"yoast-schema-graph\">{\"@context\":\"https:\/\/schema.org\",\"@graph\":[{\"@type\":\"WebPage\",\"@id\":\"https:\/\/shop.huppa.eu\/lv\/product\/zenu-ziemas-parka-vesper-2-300g\/\",\"url\":\"https:\/\/shop.huppa.eu\/lv\/product\/zenu-ziemas-parka-vesper-2-300g\/\",\"name\":\"Z\u0113nu ziemas parka VESPER 2 (300g) - Huppa LV\",\"isPartOf\":{\"@id\":\"https:\/\/shop.huppa.eu\/lv\/#website\"},\"primaryImageOfPage\":{\"@id\":\"https:\/\/shop.huppa.eu\/lv\/product\/zenu-ziemas-parka-vesper-2-300g\/#primaryimage\"},\"image\":{\"@id\":\"https:\/\/shop.huppa.eu\/lv\/product\/zenu-ziemas-parka-vesper-2-300g\/#primaryimage\"},\"thumbnailUrl\":\"https:\/\/huppashop-prod.s3.eu-north-1.amazonaws.com\/wp-content\/uploads\/sites\/2\/2021\/06\/08010709\/17480230-70004-VESPER2_f.jpg\",\"datePublished\":\"2025-02-11T00:04:01+00:00\",\"dateModified\":\"2026-04-08T10:30:31+00:00\",\"breadcrumb\":{\"@id\":\"https:\/\/shop.huppa.eu\/lv\/product\/zenu-ziemas-parka-vesper-2-300g\/#breadcrumb\"},\"inLanguage\":\"lv-LV\",\"potentialAction\":[{\"@type\":\"ReadAction\",\"target\":[\"https:\/\/shop.huppa.eu\/lv\/product\/zenu-ziemas-parka-vesper-2-300g\/\"]}]},{\"@type\":\"ImageObject\",\"inLanguage\":\"lv-LV\",\"@id\":\"https:\/\/shop.huppa.eu\/lv\/product\/zenu-ziemas-parka-vesper-2-300g\/#primaryimage\",\"url\":\"https:\/\/huppashop-prod.s3.eu-north-1.amazonaws.com\/wp-content\/uploads\/sites\/2\/2021\/06\/08010709\/17480230-70004-VESPER2_f.jpg\",\"contentUrl\":\"https:\/\/huppashop-prod.s3.eu-north-1.amazonaws.com\/wp-content\/uploads\/sites\/2\/2021\/06\/08010709\/17480230-70004-VESPER2_f.jpg\",\"width\":1200,\"height\":1200},{\"@type\":\"BreadcrumbList\",\"@id\":\"https:\/\/shop.huppa.eu\/lv\/product\/zenu-ziemas-parka-vesper-2-300g\/#breadcrumb\",\"itemListElement\":[{\"@type\":\"ListItem\",\"position\":1,\"name\":\"Veikals\",\"item\":\"https:\/\/shop.huppa.eu\/lv\/shop\/\"},{\"@type\":\"ListItem\",\"position\":2,\"name\":\"Z\u0113nu ziemas parka VESPER 2 (300g)\"}]},{\"@type\":\"WebSite\",\"@id\":\"https:\/\/shop.huppa.eu\/lv\/#website\",\"url\":\"https:\/\/shop.huppa.eu\/lv\/\",\"name\":\"Huppa LV\",\"description\":\"\",\"potentialAction\":[{\"@type\":\"SearchAction\",\"target\":{\"@type\":\"EntryPoint\",\"urlTemplate\":\"https:\/\/shop.huppa.eu\/lv\/?s={search_term_string}\"},\"query-input\":{\"@type\":\"PropertyValueSpecification\",\"valueRequired\":true,\"valueName\":\"search_term_string\"}}],\"inLanguage\":\"lv-LV\"}]}<\/script>\n<!-- \/ Yoast SEO plugin. -->","yoast_head_json":{"title":"Z\u0113nu ziemas parka VESPER 2 (300g) - Huppa LV","robots":{"index":"index","follow":"follow","max-snippet":"max-snippet:-1","max-image-preview":"max-image-preview:large","max-video-preview":"max-video-preview:-1"},"canonical":"https:\/\/shop.huppa.eu\/lv\/product\/zenu-ziemas-parka-vesper-2-300g\/","og_locale":"lv_LV","og_type":"article","og_title":"Z\u0113nu ziemas parka VESPER 2 (300g) - Huppa LV","og_description":"Ziemas parka ar vieglu vatel\u012bna pild\u012bjumu z\u0113niem. Parka ar da\u013c\u0113ju fl\u012b\u0161a un da\u013c\u0113ju taftas oderi. \u016adeni atgr\u016bdo\u0161s audums. Svi\u0137el\u012b ad\u012btas piedurk\u0146u aproces ar regul\u0113jamu gumijas auklu un no\u0146emamu kapuce ar ka\u017eok\u0101du.","og_url":"https:\/\/shop.huppa.eu\/lv\/product\/zenu-ziemas-parka-vesper-2-300g\/","og_site_name":"Huppa LV","article_modified_time":"2026-04-08T10:30:31+00:00","og_image":[{"width":1200,"height":1200,"url":"https:\/\/huppashop-prod.s3.eu-north-1.amazonaws.com\/wp-content\/uploads\/sites\/2\/2021\/06\/08010709\/17480230-70004-VESPER2_f.jpg","type":"image\/jpeg"}],"twitter_card":"summary_large_image","schema":{"@context":"https:\/\/schema.org","@graph":[{"@type":"WebPage","@id":"https:\/\/shop.huppa.eu\/lv\/product\/zenu-ziemas-parka-vesper-2-300g\/","url":"https:\/\/shop.huppa.eu\/lv\/product\/zenu-ziemas-parka-vesper-2-300g\/","name":"Z\u0113nu ziemas parka VESPER 2 (300g) - Huppa LV","isPartOf":{"@id":"https:\/\/shop.huppa.eu\/lv\/#website"},"primaryImageOfPage":{"@id":"https:\/\/shop.huppa.eu\/lv\/product\/zenu-ziemas-parka-vesper-2-300g\/#primaryimage"},"image":{"@id":"https:\/\/shop.huppa.eu\/lv\/product\/zenu-ziemas-parka-vesper-2-300g\/#primaryimage"},"thumbnailUrl":"https:\/\/huppashop-prod.s3.eu-north-1.amazonaws.com\/wp-content\/uploads\/sites\/2\/2021\/06\/08010709\/17480230-70004-VESPER2_f.jpg","datePublished":"2025-02-11T00:04:01+00:00","dateModified":"2026-04-08T10:30:31+00:00","breadcrumb":{"@id":"https:\/\/shop.huppa.eu\/lv\/product\/zenu-ziemas-parka-vesper-2-300g\/#breadcrumb"},"inLanguage":"lv-LV","potentialAction":[{"@type":"ReadAction","target":["https:\/\/shop.huppa.eu\/lv\/product\/zenu-ziemas-parka-vesper-2-300g\/"]}]},{"@type":"ImageObject","inLanguage":"lv-LV","@id":"https:\/\/shop.huppa.eu\/lv\/product\/zenu-ziemas-parka-vesper-2-300g\/#primaryimage","url":"https:\/\/huppashop-prod.s3.eu-north-1.amazonaws.com\/wp-content\/uploads\/sites\/2\/2021\/06\/08010709\/17480230-70004-VESPER2_f.jpg","contentUrl":"https:\/\/huppashop-prod.s3.eu-north-1.amazonaws.com\/wp-content\/uploads\/sites\/2\/2021\/06\/08010709\/17480230-70004-VESPER2_f.jpg","width":1200,"height":1200},{"@type":"BreadcrumbList","@id":"https:\/\/shop.huppa.eu\/lv\/product\/zenu-ziemas-parka-vesper-2-300g\/#breadcrumb","itemListElement":[{"@type":"ListItem","position":1,"name":"Veikals","item":"https:\/\/shop.huppa.eu\/lv\/shop\/"},{"@type":"ListItem","position":2,"name":"Z\u0113nu ziemas parka VESPER 2 (300g)"}]},{"@type":"WebSite","@id":"https:\/\/shop.huppa.eu\/lv\/#website","url":"https:\/\/shop.huppa.eu\/lv\/","name":"Huppa LV","description":"","potentialAction":[{"@type":"SearchAction","target":{"@type":"EntryPoint","urlTemplate":"https:\/\/shop.huppa.eu\/lv\/?s={search_term_string}"},"query-input":{"@type":"PropertyValueSpecification","valueRequired":true,"valueName":"search_term_string"}}],"inLanguage":"lv-LV"}]}},"_links":{"self":[{"href":"https:\/\/shop.huppa.eu\/lv\/wp-json\/wp\/v2\/product\/530810","targetHints":{"allow":["GET"]}}],"collection":[{"href":"https:\/\/shop.huppa.eu\/lv\/wp-json\/wp\/v2\/product"}],"about":[{"href":"https:\/\/shop.huppa.eu\/lv\/wp-json\/wp\/v2\/types\/product"}],"wp:featuredmedia":[{"embeddable":true,"href":"https:\/\/shop.huppa.eu\/lv\/wp-json\/wp\/v2\/media\/436839"}],"wp:attachment":[{"href":"https:\/\/shop.huppa.eu\/lv\/wp-json\/wp\/v2\/media?parent=530810"}],"wp:term":[{"taxonomy":"product_brand","embeddable":true,"href":"https:\/\/shop.huppa.eu\/lv\/wp-json\/wp\/v2\/product_brand?post=530810"},{"taxonomy":"product_cat","embeddable":true,"href":"https:\/\/shop.huppa.eu\/lv\/wp-json\/wp\/v2\/product_cat?post=530810"},{"taxonomy":"product_tag","embeddable":true,"href":"https:\/\/shop.huppa.eu\/lv\/wp-json\/wp\/v2\/product_tag?post=530810"}],"curies":[{"name":"wp","href":"https:\/\/api.w.org\/{rel}","templated":true}]}}