{"id":533217,"date":"2025-03-29T02:06:15","date_gmt":"2025-03-29T00:06:15","guid":{"rendered":"https:\/\/shop.huppa.eu\/lv\/product\/dunu-jaka-royal\/"},"modified":"2026-04-08T11:59:52","modified_gmt":"2026-04-08T09:59:52","slug":"dunu-jaka-royal","status":"publish","type":"product","link":"https:\/\/shop.huppa.eu\/lv\/product\/dunu-jaka-royal\/","title":{"rendered":"Sievie\u0161u ziemas m\u0113telis ROYAL (DOWN)"},"content":{"rendered":"<p>Kuninglik suurte t\u00fcdrukute sulemantel on isikup\u00e4rane ja m\u00f5nus! Mantli tuule- ja veekindel pealiskangas on eriti pehme ning selle t\u00e4idiseks on udusuled ja suled. Trikoofliisist vooder ning taftvooder on m\u00f5nusad ja soojad. Soonikust sisemised mansetid varrukates hoiavad lapse sooja ja kuivana. Paremaks n\u00e4htavuseks pimedal ajal on mantlile lisatud helkurdetailid. Kapuutsil on rinnaesisele ulatuv uhke loomulikust karvast \u00e4\u00e4r. Mantli esitaskud on varustatud lukuga. Uhke sulemantel kooliteele!<\/p>\n","protected":false},"excerpt":{"rendered":"<p>Kuninglik suurte t\u00fcdrukute sulemantel on isikup\u00e4rane ja m\u00f5nus! Mantli tuule- ja veekindel pealiskangas on eriti pehme ning selle t\u00e4idiseks on udusuled ja suled. Trikoofliisist vooder ning taftvooder on m\u00f5nusad ja soojad. Soonikust sisemised mansetid varrukates hoiavad lapse sooja ja kuivana. Paremaks n\u00e4htavuseks pimedal ajal on mantlile lisatud helkurdetailid. Kapuutsil on rinnaesisele ulatuv uhke loomulikust karvast [&hellip;]<\/p>\n","protected":false},"featured_media":434877,"template":"","meta":{"_acf_changed":false},"product_brand":[],"product_cat":[8813,159,138,6501,6500,158,8812],"product_tag":[],"class_list":{"0":"post-533217","1":"product","2":"type-product","3":"status-publish","4":"has-post-thumbnail","6":"product_cat-meteli-sievietes","7":"product_cat-meteli-pieaugusajiem","8":"product_cat-meteli","9":"product_cat-meteli-outlet","10":"product_cat-outlet","11":"product_cat-pieaugusajiem","12":"product_cat-sievietes","13":"pa_auduma-gaisa-caurlaidiba-5000g-m-24h","14":"pa_auduma-udens-caurlaidiba-5000mm","15":"pa_dzimums-sievietes","16":"pa_izmers-s","17":"pa_izmers-xs","18":"pa_izolacijas-svars-down","19":"pa_kolekcija-down","20":"pa_kolekcijas-nr-w18-19","21":"pa_produkta-kods-12480055-80034","22":"pa_raksts-vienkrasains","23":"pa_sezona-ziema","24":"pa_siltinajums-down","25":"pa_vecuma-grupa-pieaugusajiem","27":"first","28":"instock","29":"sale","30":"taxable","31":"shipping-taxable","32":"purchasable","33":"product-type-variable"},"acf":[],"yoast_head":"<!-- This site is optimized with the Yoast SEO plugin v26.8 - https:\/\/yoast.com\/product\/yoast-seo-wordpress\/ -->\n<title>Sievie\u0161u ziemas m\u0113telis ROYAL (DOWN) - Huppa LV<\/title>\n<meta name=\"robots\" content=\"index, follow, max-snippet:-1, max-image-preview:large, max-video-preview:-1\" \/>\n<link rel=\"canonical\" href=\"https:\/\/shop.huppa.eu\/lv\/product\/dunu-jaka-royal\/\" \/>\n<meta property=\"og:locale\" content=\"lv_LV\" \/>\n<meta property=\"og:type\" content=\"article\" \/>\n<meta property=\"og:title\" content=\"Sievie\u0161u ziemas m\u0113telis ROYAL (DOWN) - Huppa LV\" \/>\n<meta property=\"og:description\" content=\"Kuninglik suurte t\u00fcdrukute sulemantel on isikup\u00e4rane ja m\u00f5nus! Mantli tuule- ja veekindel pealiskangas on eriti pehme ning selle t\u00e4idiseks on udusuled ja suled. Trikoofliisist vooder ning taftvooder on m\u00f5nusad ja soojad. Soonikust sisemised mansetid varrukates hoiavad lapse sooja ja kuivana. Paremaks n\u00e4htavuseks pimedal ajal on mantlile lisatud helkurdetailid. Kapuutsil on rinnaesisele ulatuv uhke loomulikust karvast [&hellip;]\" \/>\n<meta property=\"og:url\" content=\"https:\/\/shop.huppa.eu\/lv\/product\/dunu-jaka-royal\/\" \/>\n<meta property=\"og:site_name\" content=\"Huppa LV\" \/>\n<meta property=\"article:modified_time\" content=\"2026-04-08T09:59:52+00:00\" \/>\n<meta property=\"og:image\" content=\"https:\/\/huppashop-prod.s3.eu-north-1.amazonaws.com\/wp-content\/uploads\/sites\/2\/2021\/06\/07235630\/12480055-80034-ROYALf.jpg\" \/>\n\t<meta property=\"og:image:width\" content=\"800\" \/>\n\t<meta property=\"og:image:height\" content=\"800\" \/>\n\t<meta property=\"og:image:type\" content=\"image\/jpeg\" \/>\n<meta name=\"twitter:card\" content=\"summary_large_image\" \/>\n<script type=\"application\/ld+json\" class=\"yoast-schema-graph\">{\"@context\":\"https:\/\/schema.org\",\"@graph\":[{\"@type\":\"WebPage\",\"@id\":\"https:\/\/shop.huppa.eu\/lv\/product\/dunu-jaka-royal\/\",\"url\":\"https:\/\/shop.huppa.eu\/lv\/product\/dunu-jaka-royal\/\",\"name\":\"Sievie\u0161u ziemas m\u0113telis ROYAL (DOWN) - Huppa LV\",\"isPartOf\":{\"@id\":\"https:\/\/shop.huppa.eu\/lv\/#website\"},\"primaryImageOfPage\":{\"@id\":\"https:\/\/shop.huppa.eu\/lv\/product\/dunu-jaka-royal\/#primaryimage\"},\"image\":{\"@id\":\"https:\/\/shop.huppa.eu\/lv\/product\/dunu-jaka-royal\/#primaryimage\"},\"thumbnailUrl\":\"https:\/\/huppashop-prod.s3.eu-north-1.amazonaws.com\/wp-content\/uploads\/sites\/2\/2021\/06\/07235630\/12480055-80034-ROYALf.jpg\",\"datePublished\":\"2025-03-29T00:06:15+00:00\",\"dateModified\":\"2026-04-08T09:59:52+00:00\",\"breadcrumb\":{\"@id\":\"https:\/\/shop.huppa.eu\/lv\/product\/dunu-jaka-royal\/#breadcrumb\"},\"inLanguage\":\"lv-LV\",\"potentialAction\":[{\"@type\":\"ReadAction\",\"target\":[\"https:\/\/shop.huppa.eu\/lv\/product\/dunu-jaka-royal\/\"]}]},{\"@type\":\"ImageObject\",\"inLanguage\":\"lv-LV\",\"@id\":\"https:\/\/shop.huppa.eu\/lv\/product\/dunu-jaka-royal\/#primaryimage\",\"url\":\"https:\/\/huppashop-prod.s3.eu-north-1.amazonaws.com\/wp-content\/uploads\/sites\/2\/2021\/06\/07235630\/12480055-80034-ROYALf.jpg\",\"contentUrl\":\"https:\/\/huppashop-prod.s3.eu-north-1.amazonaws.com\/wp-content\/uploads\/sites\/2\/2021\/06\/07235630\/12480055-80034-ROYALf.jpg\",\"width\":800,\"height\":800},{\"@type\":\"BreadcrumbList\",\"@id\":\"https:\/\/shop.huppa.eu\/lv\/product\/dunu-jaka-royal\/#breadcrumb\",\"itemListElement\":[{\"@type\":\"ListItem\",\"position\":1,\"name\":\"Veikals\",\"item\":\"https:\/\/shop.huppa.eu\/lv\/shop\/\"},{\"@type\":\"ListItem\",\"position\":2,\"name\":\"Sievie\u0161u ziemas m\u0113telis ROYAL (DOWN)\"}]},{\"@type\":\"WebSite\",\"@id\":\"https:\/\/shop.huppa.eu\/lv\/#website\",\"url\":\"https:\/\/shop.huppa.eu\/lv\/\",\"name\":\"Huppa LV\",\"description\":\"\",\"potentialAction\":[{\"@type\":\"SearchAction\",\"target\":{\"@type\":\"EntryPoint\",\"urlTemplate\":\"https:\/\/shop.huppa.eu\/lv\/?s={search_term_string}\"},\"query-input\":{\"@type\":\"PropertyValueSpecification\",\"valueRequired\":true,\"valueName\":\"search_term_string\"}}],\"inLanguage\":\"lv-LV\"}]}<\/script>\n<!-- \/ Yoast SEO plugin. -->","yoast_head_json":{"title":"Sievie\u0161u ziemas m\u0113telis ROYAL (DOWN) - Huppa LV","robots":{"index":"index","follow":"follow","max-snippet":"max-snippet:-1","max-image-preview":"max-image-preview:large","max-video-preview":"max-video-preview:-1"},"canonical":"https:\/\/shop.huppa.eu\/lv\/product\/dunu-jaka-royal\/","og_locale":"lv_LV","og_type":"article","og_title":"Sievie\u0161u ziemas m\u0113telis ROYAL (DOWN) - Huppa LV","og_description":"Kuninglik suurte t\u00fcdrukute sulemantel on isikup\u00e4rane ja m\u00f5nus! Mantli tuule- ja veekindel pealiskangas on eriti pehme ning selle t\u00e4idiseks on udusuled ja suled. Trikoofliisist vooder ning taftvooder on m\u00f5nusad ja soojad. Soonikust sisemised mansetid varrukates hoiavad lapse sooja ja kuivana. Paremaks n\u00e4htavuseks pimedal ajal on mantlile lisatud helkurdetailid. Kapuutsil on rinnaesisele ulatuv uhke loomulikust karvast [&hellip;]","og_url":"https:\/\/shop.huppa.eu\/lv\/product\/dunu-jaka-royal\/","og_site_name":"Huppa LV","article_modified_time":"2026-04-08T09:59:52+00:00","og_image":[{"width":800,"height":800,"url":"https:\/\/huppashop-prod.s3.eu-north-1.amazonaws.com\/wp-content\/uploads\/sites\/2\/2021\/06\/07235630\/12480055-80034-ROYALf.jpg","type":"image\/jpeg"}],"twitter_card":"summary_large_image","schema":{"@context":"https:\/\/schema.org","@graph":[{"@type":"WebPage","@id":"https:\/\/shop.huppa.eu\/lv\/product\/dunu-jaka-royal\/","url":"https:\/\/shop.huppa.eu\/lv\/product\/dunu-jaka-royal\/","name":"Sievie\u0161u ziemas m\u0113telis ROYAL (DOWN) - Huppa LV","isPartOf":{"@id":"https:\/\/shop.huppa.eu\/lv\/#website"},"primaryImageOfPage":{"@id":"https:\/\/shop.huppa.eu\/lv\/product\/dunu-jaka-royal\/#primaryimage"},"image":{"@id":"https:\/\/shop.huppa.eu\/lv\/product\/dunu-jaka-royal\/#primaryimage"},"thumbnailUrl":"https:\/\/huppashop-prod.s3.eu-north-1.amazonaws.com\/wp-content\/uploads\/sites\/2\/2021\/06\/07235630\/12480055-80034-ROYALf.jpg","datePublished":"2025-03-29T00:06:15+00:00","dateModified":"2026-04-08T09:59:52+00:00","breadcrumb":{"@id":"https:\/\/shop.huppa.eu\/lv\/product\/dunu-jaka-royal\/#breadcrumb"},"inLanguage":"lv-LV","potentialAction":[{"@type":"ReadAction","target":["https:\/\/shop.huppa.eu\/lv\/product\/dunu-jaka-royal\/"]}]},{"@type":"ImageObject","inLanguage":"lv-LV","@id":"https:\/\/shop.huppa.eu\/lv\/product\/dunu-jaka-royal\/#primaryimage","url":"https:\/\/huppashop-prod.s3.eu-north-1.amazonaws.com\/wp-content\/uploads\/sites\/2\/2021\/06\/07235630\/12480055-80034-ROYALf.jpg","contentUrl":"https:\/\/huppashop-prod.s3.eu-north-1.amazonaws.com\/wp-content\/uploads\/sites\/2\/2021\/06\/07235630\/12480055-80034-ROYALf.jpg","width":800,"height":800},{"@type":"BreadcrumbList","@id":"https:\/\/shop.huppa.eu\/lv\/product\/dunu-jaka-royal\/#breadcrumb","itemListElement":[{"@type":"ListItem","position":1,"name":"Veikals","item":"https:\/\/shop.huppa.eu\/lv\/shop\/"},{"@type":"ListItem","position":2,"name":"Sievie\u0161u ziemas m\u0113telis ROYAL (DOWN)"}]},{"@type":"WebSite","@id":"https:\/\/shop.huppa.eu\/lv\/#website","url":"https:\/\/shop.huppa.eu\/lv\/","name":"Huppa LV","description":"","potentialAction":[{"@type":"SearchAction","target":{"@type":"EntryPoint","urlTemplate":"https:\/\/shop.huppa.eu\/lv\/?s={search_term_string}"},"query-input":{"@type":"PropertyValueSpecification","valueRequired":true,"valueName":"search_term_string"}}],"inLanguage":"lv-LV"}]}},"_links":{"self":[{"href":"https:\/\/shop.huppa.eu\/lv\/wp-json\/wp\/v2\/product\/533217","targetHints":{"allow":["GET"]}}],"collection":[{"href":"https:\/\/shop.huppa.eu\/lv\/wp-json\/wp\/v2\/product"}],"about":[{"href":"https:\/\/shop.huppa.eu\/lv\/wp-json\/wp\/v2\/types\/product"}],"wp:featuredmedia":[{"embeddable":true,"href":"https:\/\/shop.huppa.eu\/lv\/wp-json\/wp\/v2\/media\/434877"}],"wp:attachment":[{"href":"https:\/\/shop.huppa.eu\/lv\/wp-json\/wp\/v2\/media?parent=533217"}],"wp:term":[{"taxonomy":"product_brand","embeddable":true,"href":"https:\/\/shop.huppa.eu\/lv\/wp-json\/wp\/v2\/product_brand?post=533217"},{"taxonomy":"product_cat","embeddable":true,"href":"https:\/\/shop.huppa.eu\/lv\/wp-json\/wp\/v2\/product_cat?post=533217"},{"taxonomy":"product_tag","embeddable":true,"href":"https:\/\/shop.huppa.eu\/lv\/wp-json\/wp\/v2\/product_tag?post=533217"}],"curies":[{"name":"wp","href":"https:\/\/api.w.org\/{rel}","templated":true}]}}