{"id":534111,"date":"2025-05-13T03:34:22","date_gmt":"2025-05-13T01:34:22","guid":{"rendered":"https:\/\/shop.huppa.eu\/lv\/product\/flisa-komplekts-marti-2\/"},"modified":"2026-04-14T12:00:19","modified_gmt":"2026-04-14T10:00:19","slug":"flisa-komplekts-marti-2","status":"publish","type":"product","link":"https:\/\/shop.huppa.eu\/lv\/product\/flisa-komplekts-marti-2\/","title":{"rendered":"B\u0113rnu fl\u012bsa komplekts MARTI"},"content":{"rendered":"<p>Pehme fliiskomplekt lastele, millega on m\u00f5nus jahedamate ilmadega m\u00e4ngida. Komplekt sobib ideaalselt ka v\u00e4lisriiete all kandmiseks. Mugavamaks kandmiseks on jakile lisatud lukkudega taskud ning soonikuga varrukasuu, p\u00fckstele reguleeritav pihaosa ning ala\u00e4\u00e4red.<\/p>\n","protected":false},"excerpt":{"rendered":"<p>Pehme fliiskomplekt lastele, millega on m\u00f5nus jahedamate ilmadega m\u00e4ngida. Komplekt sobib ideaalselt ka v\u00e4lisriiete all kandmiseks. Mugavamaks kandmiseks on jakile lisatud lukkudega taskud ning soonikuga varrukasuu, p\u00fckstele reguleeritav pihaosa ning ala\u00e4\u00e4red.<\/p>\n","protected":false},"featured_media":446381,"template":"","meta":{"_acf_changed":false},"product_brand":[],"product_cat":[104,577,561,562,107],"product_tag":[],"class_list":{"0":"post-534111","1":"product","2":"type-product","3":"status-publish","4":"has-post-thumbnail","6":"product_cat-berniem","7":"product_cat-comfort-zeni","8":"product_cat-flisa-apgerbi","9":"product_cat-comfort","10":"product_cat-zeni","11":"pa_auduma-gaisa-caurlaidiba-g-m-24h","12":"pa_auduma-udens-caurlaidiba-mm","13":"pa_dzimums-zeni","14":"pa_izmers-125","15":"pa_izmers-95","16":"pa_izmers-110","17":"pa_izmers-117","18":"pa_izmers-560","19":"pa_kolekcija-mid-layers","20":"pa_kolekcijas-nr-sa2018","21":"pa_produkta-kods-43060000-60976","22":"pa_raksts-vienkrasains","23":"pa_sezona-pavasaris-rudens","24":"pa_vecuma-grupa-berniem","26":"first","27":"instock","28":"sale","29":"taxable","30":"shipping-taxable","31":"purchasable","32":"product-type-variable"},"acf":[],"yoast_head":"<!-- This site is optimized with the Yoast SEO plugin v26.8 - https:\/\/yoast.com\/product\/yoast-seo-wordpress\/ -->\n<title>B\u0113rnu fl\u012bsa komplekts MARTI - Huppa LV<\/title>\n<meta name=\"robots\" content=\"index, follow, max-snippet:-1, max-image-preview:large, max-video-preview:-1\" \/>\n<link rel=\"canonical\" href=\"https:\/\/shop.huppa.eu\/lv\/product\/flisa-komplekts-marti-2\/\" \/>\n<meta property=\"og:locale\" content=\"lv_LV\" \/>\n<meta property=\"og:type\" content=\"article\" \/>\n<meta property=\"og:title\" content=\"B\u0113rnu fl\u012bsa komplekts MARTI - Huppa LV\" \/>\n<meta property=\"og:description\" content=\"Pehme fliiskomplekt lastele, millega on m\u00f5nus jahedamate ilmadega m\u00e4ngida. Komplekt sobib ideaalselt ka v\u00e4lisriiete all kandmiseks. Mugavamaks kandmiseks on jakile lisatud lukkudega taskud ning soonikuga varrukasuu, p\u00fckstele reguleeritav pihaosa ning ala\u00e4\u00e4red.\" \/>\n<meta property=\"og:url\" content=\"https:\/\/shop.huppa.eu\/lv\/product\/flisa-komplekts-marti-2\/\" \/>\n<meta property=\"og:site_name\" content=\"Huppa LV\" \/>\n<meta property=\"article:modified_time\" content=\"2026-04-14T10:00:19+00:00\" \/>\n<meta property=\"og:image\" content=\"https:\/\/huppashop-prod.s3.eu-north-1.amazonaws.com\/wp-content\/uploads\/sites\/2\/2021\/06\/08071643\/4306AW14-976-MARTIfront.png\" \/>\n\t<meta property=\"og:image:width\" content=\"800\" \/>\n\t<meta property=\"og:image:height\" content=\"800\" \/>\n\t<meta property=\"og:image:type\" content=\"image\/png\" \/>\n<meta name=\"twitter:card\" content=\"summary_large_image\" \/>\n<script type=\"application\/ld+json\" class=\"yoast-schema-graph\">{\"@context\":\"https:\/\/schema.org\",\"@graph\":[{\"@type\":\"WebPage\",\"@id\":\"https:\/\/shop.huppa.eu\/lv\/product\/flisa-komplekts-marti-2\/\",\"url\":\"https:\/\/shop.huppa.eu\/lv\/product\/flisa-komplekts-marti-2\/\",\"name\":\"B\u0113rnu fl\u012bsa komplekts MARTI - Huppa LV\",\"isPartOf\":{\"@id\":\"https:\/\/shop.huppa.eu\/lv\/#website\"},\"primaryImageOfPage\":{\"@id\":\"https:\/\/shop.huppa.eu\/lv\/product\/flisa-komplekts-marti-2\/#primaryimage\"},\"image\":{\"@id\":\"https:\/\/shop.huppa.eu\/lv\/product\/flisa-komplekts-marti-2\/#primaryimage\"},\"thumbnailUrl\":\"https:\/\/huppashop-prod.s3.eu-north-1.amazonaws.com\/wp-content\/uploads\/sites\/2\/2021\/06\/08071643\/4306AW14-976-MARTIfront.png\",\"datePublished\":\"2025-05-13T01:34:22+00:00\",\"dateModified\":\"2026-04-14T10:00:19+00:00\",\"breadcrumb\":{\"@id\":\"https:\/\/shop.huppa.eu\/lv\/product\/flisa-komplekts-marti-2\/#breadcrumb\"},\"inLanguage\":\"lv-LV\",\"potentialAction\":[{\"@type\":\"ReadAction\",\"target\":[\"https:\/\/shop.huppa.eu\/lv\/product\/flisa-komplekts-marti-2\/\"]}]},{\"@type\":\"ImageObject\",\"inLanguage\":\"lv-LV\",\"@id\":\"https:\/\/shop.huppa.eu\/lv\/product\/flisa-komplekts-marti-2\/#primaryimage\",\"url\":\"https:\/\/huppashop-prod.s3.eu-north-1.amazonaws.com\/wp-content\/uploads\/sites\/2\/2021\/06\/08071643\/4306AW14-976-MARTIfront.png\",\"contentUrl\":\"https:\/\/huppashop-prod.s3.eu-north-1.amazonaws.com\/wp-content\/uploads\/sites\/2\/2021\/06\/08071643\/4306AW14-976-MARTIfront.png\",\"width\":800,\"height\":800},{\"@type\":\"BreadcrumbList\",\"@id\":\"https:\/\/shop.huppa.eu\/lv\/product\/flisa-komplekts-marti-2\/#breadcrumb\",\"itemListElement\":[{\"@type\":\"ListItem\",\"position\":1,\"name\":\"Veikals\",\"item\":\"https:\/\/shop.huppa.eu\/lv\/shop\/\"},{\"@type\":\"ListItem\",\"position\":2,\"name\":\"B\u0113rnu fl\u012bsa komplekts MARTI\"}]},{\"@type\":\"WebSite\",\"@id\":\"https:\/\/shop.huppa.eu\/lv\/#website\",\"url\":\"https:\/\/shop.huppa.eu\/lv\/\",\"name\":\"Huppa LV\",\"description\":\"\",\"potentialAction\":[{\"@type\":\"SearchAction\",\"target\":{\"@type\":\"EntryPoint\",\"urlTemplate\":\"https:\/\/shop.huppa.eu\/lv\/?s={search_term_string}\"},\"query-input\":{\"@type\":\"PropertyValueSpecification\",\"valueRequired\":true,\"valueName\":\"search_term_string\"}}],\"inLanguage\":\"lv-LV\"}]}<\/script>\n<!-- \/ Yoast SEO plugin. -->","yoast_head_json":{"title":"B\u0113rnu fl\u012bsa komplekts MARTI - Huppa LV","robots":{"index":"index","follow":"follow","max-snippet":"max-snippet:-1","max-image-preview":"max-image-preview:large","max-video-preview":"max-video-preview:-1"},"canonical":"https:\/\/shop.huppa.eu\/lv\/product\/flisa-komplekts-marti-2\/","og_locale":"lv_LV","og_type":"article","og_title":"B\u0113rnu fl\u012bsa komplekts MARTI - Huppa LV","og_description":"Pehme fliiskomplekt lastele, millega on m\u00f5nus jahedamate ilmadega m\u00e4ngida. Komplekt sobib ideaalselt ka v\u00e4lisriiete all kandmiseks. Mugavamaks kandmiseks on jakile lisatud lukkudega taskud ning soonikuga varrukasuu, p\u00fckstele reguleeritav pihaosa ning ala\u00e4\u00e4red.","og_url":"https:\/\/shop.huppa.eu\/lv\/product\/flisa-komplekts-marti-2\/","og_site_name":"Huppa LV","article_modified_time":"2026-04-14T10:00:19+00:00","og_image":[{"width":800,"height":800,"url":"https:\/\/huppashop-prod.s3.eu-north-1.amazonaws.com\/wp-content\/uploads\/sites\/2\/2021\/06\/08071643\/4306AW14-976-MARTIfront.png","type":"image\/png"}],"twitter_card":"summary_large_image","schema":{"@context":"https:\/\/schema.org","@graph":[{"@type":"WebPage","@id":"https:\/\/shop.huppa.eu\/lv\/product\/flisa-komplekts-marti-2\/","url":"https:\/\/shop.huppa.eu\/lv\/product\/flisa-komplekts-marti-2\/","name":"B\u0113rnu fl\u012bsa komplekts MARTI - Huppa LV","isPartOf":{"@id":"https:\/\/shop.huppa.eu\/lv\/#website"},"primaryImageOfPage":{"@id":"https:\/\/shop.huppa.eu\/lv\/product\/flisa-komplekts-marti-2\/#primaryimage"},"image":{"@id":"https:\/\/shop.huppa.eu\/lv\/product\/flisa-komplekts-marti-2\/#primaryimage"},"thumbnailUrl":"https:\/\/huppashop-prod.s3.eu-north-1.amazonaws.com\/wp-content\/uploads\/sites\/2\/2021\/06\/08071643\/4306AW14-976-MARTIfront.png","datePublished":"2025-05-13T01:34:22+00:00","dateModified":"2026-04-14T10:00:19+00:00","breadcrumb":{"@id":"https:\/\/shop.huppa.eu\/lv\/product\/flisa-komplekts-marti-2\/#breadcrumb"},"inLanguage":"lv-LV","potentialAction":[{"@type":"ReadAction","target":["https:\/\/shop.huppa.eu\/lv\/product\/flisa-komplekts-marti-2\/"]}]},{"@type":"ImageObject","inLanguage":"lv-LV","@id":"https:\/\/shop.huppa.eu\/lv\/product\/flisa-komplekts-marti-2\/#primaryimage","url":"https:\/\/huppashop-prod.s3.eu-north-1.amazonaws.com\/wp-content\/uploads\/sites\/2\/2021\/06\/08071643\/4306AW14-976-MARTIfront.png","contentUrl":"https:\/\/huppashop-prod.s3.eu-north-1.amazonaws.com\/wp-content\/uploads\/sites\/2\/2021\/06\/08071643\/4306AW14-976-MARTIfront.png","width":800,"height":800},{"@type":"BreadcrumbList","@id":"https:\/\/shop.huppa.eu\/lv\/product\/flisa-komplekts-marti-2\/#breadcrumb","itemListElement":[{"@type":"ListItem","position":1,"name":"Veikals","item":"https:\/\/shop.huppa.eu\/lv\/shop\/"},{"@type":"ListItem","position":2,"name":"B\u0113rnu fl\u012bsa komplekts MARTI"}]},{"@type":"WebSite","@id":"https:\/\/shop.huppa.eu\/lv\/#website","url":"https:\/\/shop.huppa.eu\/lv\/","name":"Huppa LV","description":"","potentialAction":[{"@type":"SearchAction","target":{"@type":"EntryPoint","urlTemplate":"https:\/\/shop.huppa.eu\/lv\/?s={search_term_string}"},"query-input":{"@type":"PropertyValueSpecification","valueRequired":true,"valueName":"search_term_string"}}],"inLanguage":"lv-LV"}]}},"_links":{"self":[{"href":"https:\/\/shop.huppa.eu\/lv\/wp-json\/wp\/v2\/product\/534111","targetHints":{"allow":["GET"]}}],"collection":[{"href":"https:\/\/shop.huppa.eu\/lv\/wp-json\/wp\/v2\/product"}],"about":[{"href":"https:\/\/shop.huppa.eu\/lv\/wp-json\/wp\/v2\/types\/product"}],"wp:featuredmedia":[{"embeddable":true,"href":"https:\/\/shop.huppa.eu\/lv\/wp-json\/wp\/v2\/media\/446381"}],"wp:attachment":[{"href":"https:\/\/shop.huppa.eu\/lv\/wp-json\/wp\/v2\/media?parent=534111"}],"wp:term":[{"taxonomy":"product_brand","embeddable":true,"href":"https:\/\/shop.huppa.eu\/lv\/wp-json\/wp\/v2\/product_brand?post=534111"},{"taxonomy":"product_cat","embeddable":true,"href":"https:\/\/shop.huppa.eu\/lv\/wp-json\/wp\/v2\/product_cat?post=534111"},{"taxonomy":"product_tag","embeddable":true,"href":"https:\/\/shop.huppa.eu\/lv\/wp-json\/wp\/v2\/product_tag?post=534111"}],"curies":[{"name":"wp","href":"https:\/\/api.w.org\/{rel}","templated":true}]}}