{"id":538023,"date":"2025-11-14T02:12:21","date_gmt":"2025-11-14T00:12:21","guid":{"rendered":"https:\/\/shop.huppa.eu\/lv\/product\/dunu-vejjaka-lucas-down\/"},"modified":"2026-04-08T12:31:26","modified_gmt":"2026-04-08T10:31:26","slug":"dunu-vejjaka-lucas-down","status":"publish","type":"product","link":"https:\/\/shop.huppa.eu\/lv\/product\/dunu-vejjaka-lucas-down\/","title":{"rendered":"V\u012brie\u0161u ziemas m\u0113telis LUCAS (DOWN)"},"content":{"rendered":"<p>D\u016bnu parka v\u012brie\u0161i. V\u0113ja un \u016bdens necaurlaid\u012bgs audums, taftas odere. 50 % spalvu un 50 % d\u016bnu pild\u012bjums. Svi\u0137el\u012b ad\u012btas piedurk\u0146u iek\u0161\u0113j\u0101s man\u0161etes un regul\u0113jama viduk\u013ca da\u013ca pasarg\u0101s no aukstuma un mitruma. Audums ar atstarojo\u0161\u0101m deta\u013c\u0101m. Ar spiedpog\u0101m pie apkakles piestiprin\u0101ma un no\u0146emama kapuce k\u0101 ar\u012b no\u0146emama dab\u012bgas ka\u017eok\u0101das apmale. No aug\u0161puses un apak\u0161puses attais\u0101ma aizdare, kabatas ar r\u0101v\u0113jsl\u0113dz\u0113jiem un spiedpog\u0101m.<\/p>\n","protected":false},"excerpt":{"rendered":"<p>D\u016bnu parka v\u012brie\u0161i. V\u0113ja un \u016bdens necaurlaid\u012bgs audums, taftas odere. 50 % spalvu un 50 % d\u016bnu pild\u012bjums. Svi\u0137el\u012b ad\u012btas piedurk\u0146u iek\u0161\u0113j\u0101s man\u0161etes un regul\u0113jama viduk\u013ca da\u013ca pasarg\u0101s no aukstuma un mitruma. Audums ar atstarojo\u0161\u0101m deta\u013c\u0101m. Ar spiedpog\u0101m pie apkakles piestiprin\u0101ma un no\u0146emama kapuce k\u0101 ar\u012b no\u0146emama dab\u012bgas ka\u017eok\u0101das apmale. No aug\u0161puses un apak\u0161puses attais\u0101ma [&hellip;]<\/p>\n","protected":false},"featured_media":530851,"template":"","meta":{"_acf_changed":false},"product_brand":[],"product_cat":[8817,8815,138,159,158],"product_tag":[],"class_list":{"0":"post-538023","1":"product","2":"type-product","3":"status-publish","4":"has-post-thumbnail","6":"product_cat-meteli-viriesi","7":"product_cat-viriesi","8":"product_cat-meteli","9":"product_cat-meteli-pieaugusajiem","10":"product_cat-pieaugusajiem","11":"pa_auduma-gaisa-caurlaidiba-5000g-m-24h","12":"pa_auduma-udens-caurlaidiba-5000mm","13":"pa_dzimums-viriesi","14":"pa_izmers-110","15":"pa_izmers-117","16":"pa_izmers-118","17":"pa_izmers-119","18":"pa_izmers-120","19":"pa_izmers-121","20":"pa_izmers-112","21":"pa_izmers-xs","22":"pa_izmers-s","23":"pa_izmers-m","24":"pa_izmers-l","25":"pa_izmers-xl","26":"pa_izolacijas-svars-down","27":"pa_kolekcija-down","28":"pa_kolekcijas-nr-w19-20","29":"pa_produkta-kods-17770055-70086","30":"pa_raksts-vienkrasains","31":"pa_sezona-ziema","32":"pa_siltinajums-down","33":"pa_vecuma-grupa-pieaugusajiem","35":"first","36":"instock","37":"sale","38":"taxable","39":"shipping-taxable","40":"purchasable","41":"product-type-variable"},"acf":[],"yoast_head":"<!-- This site is optimized with the Yoast SEO plugin v26.8 - https:\/\/yoast.com\/product\/yoast-seo-wordpress\/ -->\n<title>V\u012brie\u0161u ziemas m\u0113telis LUCAS (DOWN) - Huppa LV<\/title>\n<meta name=\"robots\" content=\"index, follow, max-snippet:-1, max-image-preview:large, max-video-preview:-1\" \/>\n<link rel=\"canonical\" href=\"https:\/\/shop.huppa.eu\/lv\/product\/dunu-vejjaka-lucas-down\/\" \/>\n<meta property=\"og:locale\" content=\"lv_LV\" \/>\n<meta property=\"og:type\" content=\"article\" \/>\n<meta property=\"og:title\" content=\"V\u012brie\u0161u ziemas m\u0113telis LUCAS (DOWN) - Huppa LV\" \/>\n<meta property=\"og:description\" content=\"D\u016bnu parka v\u012brie\u0161i. V\u0113ja un \u016bdens necaurlaid\u012bgs audums, taftas odere. 50 % spalvu un 50 % d\u016bnu pild\u012bjums. Svi\u0137el\u012b ad\u012btas piedurk\u0146u iek\u0161\u0113j\u0101s man\u0161etes un regul\u0113jama viduk\u013ca da\u013ca pasarg\u0101s no aukstuma un mitruma. Audums ar atstarojo\u0161\u0101m deta\u013c\u0101m. Ar spiedpog\u0101m pie apkakles piestiprin\u0101ma un no\u0146emama kapuce k\u0101 ar\u012b no\u0146emama dab\u012bgas ka\u017eok\u0101das apmale. No aug\u0161puses un apak\u0161puses attais\u0101ma [&hellip;]\" \/>\n<meta property=\"og:url\" content=\"https:\/\/shop.huppa.eu\/lv\/product\/dunu-vejjaka-lucas-down\/\" \/>\n<meta property=\"og:site_name\" content=\"Huppa LV\" \/>\n<meta property=\"article:modified_time\" content=\"2026-04-08T10:31:26+00:00\" \/>\n<meta property=\"og:image\" content=\"https:\/\/huppashop-prod.s3.eu-north-1.amazonaws.com\/wp-content\/uploads\/sites\/4\/2025\/02\/11020424\/17770055-70086-LUCASMf.jpg\" \/>\n\t<meta property=\"og:image:width\" content=\"800\" \/>\n\t<meta property=\"og:image:height\" content=\"800\" \/>\n\t<meta property=\"og:image:type\" content=\"image\/jpeg\" \/>\n<meta name=\"twitter:card\" content=\"summary_large_image\" \/>\n<script type=\"application\/ld+json\" class=\"yoast-schema-graph\">{\"@context\":\"https:\/\/schema.org\",\"@graph\":[{\"@type\":\"WebPage\",\"@id\":\"https:\/\/shop.huppa.eu\/lv\/product\/dunu-vejjaka-lucas-down\/\",\"url\":\"https:\/\/shop.huppa.eu\/lv\/product\/dunu-vejjaka-lucas-down\/\",\"name\":\"V\u012brie\u0161u ziemas m\u0113telis LUCAS (DOWN) - Huppa LV\",\"isPartOf\":{\"@id\":\"https:\/\/shop.huppa.eu\/lv\/#website\"},\"primaryImageOfPage\":{\"@id\":\"https:\/\/shop.huppa.eu\/lv\/product\/dunu-vejjaka-lucas-down\/#primaryimage\"},\"image\":{\"@id\":\"https:\/\/shop.huppa.eu\/lv\/product\/dunu-vejjaka-lucas-down\/#primaryimage\"},\"thumbnailUrl\":\"https:\/\/huppashop-prod.s3.eu-north-1.amazonaws.com\/wp-content\/uploads\/sites\/4\/2025\/02\/11020424\/17770055-70086-LUCASMf.jpg\",\"datePublished\":\"2025-11-14T00:12:21+00:00\",\"dateModified\":\"2026-04-08T10:31:26+00:00\",\"breadcrumb\":{\"@id\":\"https:\/\/shop.huppa.eu\/lv\/product\/dunu-vejjaka-lucas-down\/#breadcrumb\"},\"inLanguage\":\"lv-LV\",\"potentialAction\":[{\"@type\":\"ReadAction\",\"target\":[\"https:\/\/shop.huppa.eu\/lv\/product\/dunu-vejjaka-lucas-down\/\"]}]},{\"@type\":\"ImageObject\",\"inLanguage\":\"lv-LV\",\"@id\":\"https:\/\/shop.huppa.eu\/lv\/product\/dunu-vejjaka-lucas-down\/#primaryimage\",\"url\":\"https:\/\/huppashop-prod.s3.eu-north-1.amazonaws.com\/wp-content\/uploads\/sites\/4\/2025\/02\/11020424\/17770055-70086-LUCASMf.jpg\",\"contentUrl\":\"https:\/\/huppashop-prod.s3.eu-north-1.amazonaws.com\/wp-content\/uploads\/sites\/4\/2025\/02\/11020424\/17770055-70086-LUCASMf.jpg\",\"width\":800,\"height\":800},{\"@type\":\"BreadcrumbList\",\"@id\":\"https:\/\/shop.huppa.eu\/lv\/product\/dunu-vejjaka-lucas-down\/#breadcrumb\",\"itemListElement\":[{\"@type\":\"ListItem\",\"position\":1,\"name\":\"Veikals\",\"item\":\"https:\/\/shop.huppa.eu\/lv\/shop\/\"},{\"@type\":\"ListItem\",\"position\":2,\"name\":\"V\u012brie\u0161u ziemas m\u0113telis LUCAS (DOWN)\"}]},{\"@type\":\"WebSite\",\"@id\":\"https:\/\/shop.huppa.eu\/lv\/#website\",\"url\":\"https:\/\/shop.huppa.eu\/lv\/\",\"name\":\"Huppa LV\",\"description\":\"\",\"potentialAction\":[{\"@type\":\"SearchAction\",\"target\":{\"@type\":\"EntryPoint\",\"urlTemplate\":\"https:\/\/shop.huppa.eu\/lv\/?s={search_term_string}\"},\"query-input\":{\"@type\":\"PropertyValueSpecification\",\"valueRequired\":true,\"valueName\":\"search_term_string\"}}],\"inLanguage\":\"lv-LV\"}]}<\/script>\n<!-- \/ Yoast SEO plugin. -->","yoast_head_json":{"title":"V\u012brie\u0161u ziemas m\u0113telis LUCAS (DOWN) - Huppa LV","robots":{"index":"index","follow":"follow","max-snippet":"max-snippet:-1","max-image-preview":"max-image-preview:large","max-video-preview":"max-video-preview:-1"},"canonical":"https:\/\/shop.huppa.eu\/lv\/product\/dunu-vejjaka-lucas-down\/","og_locale":"lv_LV","og_type":"article","og_title":"V\u012brie\u0161u ziemas m\u0113telis LUCAS (DOWN) - Huppa LV","og_description":"D\u016bnu parka v\u012brie\u0161i. V\u0113ja un \u016bdens necaurlaid\u012bgs audums, taftas odere. 50 % spalvu un 50 % d\u016bnu pild\u012bjums. Svi\u0137el\u012b ad\u012btas piedurk\u0146u iek\u0161\u0113j\u0101s man\u0161etes un regul\u0113jama viduk\u013ca da\u013ca pasarg\u0101s no aukstuma un mitruma. Audums ar atstarojo\u0161\u0101m deta\u013c\u0101m. Ar spiedpog\u0101m pie apkakles piestiprin\u0101ma un no\u0146emama kapuce k\u0101 ar\u012b no\u0146emama dab\u012bgas ka\u017eok\u0101das apmale. No aug\u0161puses un apak\u0161puses attais\u0101ma [&hellip;]","og_url":"https:\/\/shop.huppa.eu\/lv\/product\/dunu-vejjaka-lucas-down\/","og_site_name":"Huppa LV","article_modified_time":"2026-04-08T10:31:26+00:00","og_image":[{"width":800,"height":800,"url":"https:\/\/huppashop-prod.s3.eu-north-1.amazonaws.com\/wp-content\/uploads\/sites\/4\/2025\/02\/11020424\/17770055-70086-LUCASMf.jpg","type":"image\/jpeg"}],"twitter_card":"summary_large_image","schema":{"@context":"https:\/\/schema.org","@graph":[{"@type":"WebPage","@id":"https:\/\/shop.huppa.eu\/lv\/product\/dunu-vejjaka-lucas-down\/","url":"https:\/\/shop.huppa.eu\/lv\/product\/dunu-vejjaka-lucas-down\/","name":"V\u012brie\u0161u ziemas m\u0113telis LUCAS (DOWN) - Huppa LV","isPartOf":{"@id":"https:\/\/shop.huppa.eu\/lv\/#website"},"primaryImageOfPage":{"@id":"https:\/\/shop.huppa.eu\/lv\/product\/dunu-vejjaka-lucas-down\/#primaryimage"},"image":{"@id":"https:\/\/shop.huppa.eu\/lv\/product\/dunu-vejjaka-lucas-down\/#primaryimage"},"thumbnailUrl":"https:\/\/huppashop-prod.s3.eu-north-1.amazonaws.com\/wp-content\/uploads\/sites\/4\/2025\/02\/11020424\/17770055-70086-LUCASMf.jpg","datePublished":"2025-11-14T00:12:21+00:00","dateModified":"2026-04-08T10:31:26+00:00","breadcrumb":{"@id":"https:\/\/shop.huppa.eu\/lv\/product\/dunu-vejjaka-lucas-down\/#breadcrumb"},"inLanguage":"lv-LV","potentialAction":[{"@type":"ReadAction","target":["https:\/\/shop.huppa.eu\/lv\/product\/dunu-vejjaka-lucas-down\/"]}]},{"@type":"ImageObject","inLanguage":"lv-LV","@id":"https:\/\/shop.huppa.eu\/lv\/product\/dunu-vejjaka-lucas-down\/#primaryimage","url":"https:\/\/huppashop-prod.s3.eu-north-1.amazonaws.com\/wp-content\/uploads\/sites\/4\/2025\/02\/11020424\/17770055-70086-LUCASMf.jpg","contentUrl":"https:\/\/huppashop-prod.s3.eu-north-1.amazonaws.com\/wp-content\/uploads\/sites\/4\/2025\/02\/11020424\/17770055-70086-LUCASMf.jpg","width":800,"height":800},{"@type":"BreadcrumbList","@id":"https:\/\/shop.huppa.eu\/lv\/product\/dunu-vejjaka-lucas-down\/#breadcrumb","itemListElement":[{"@type":"ListItem","position":1,"name":"Veikals","item":"https:\/\/shop.huppa.eu\/lv\/shop\/"},{"@type":"ListItem","position":2,"name":"V\u012brie\u0161u ziemas m\u0113telis LUCAS (DOWN)"}]},{"@type":"WebSite","@id":"https:\/\/shop.huppa.eu\/lv\/#website","url":"https:\/\/shop.huppa.eu\/lv\/","name":"Huppa LV","description":"","potentialAction":[{"@type":"SearchAction","target":{"@type":"EntryPoint","urlTemplate":"https:\/\/shop.huppa.eu\/lv\/?s={search_term_string}"},"query-input":{"@type":"PropertyValueSpecification","valueRequired":true,"valueName":"search_term_string"}}],"inLanguage":"lv-LV"}]}},"_links":{"self":[{"href":"https:\/\/shop.huppa.eu\/lv\/wp-json\/wp\/v2\/product\/538023","targetHints":{"allow":["GET"]}}],"collection":[{"href":"https:\/\/shop.huppa.eu\/lv\/wp-json\/wp\/v2\/product"}],"about":[{"href":"https:\/\/shop.huppa.eu\/lv\/wp-json\/wp\/v2\/types\/product"}],"wp:featuredmedia":[{"embeddable":true,"href":"https:\/\/shop.huppa.eu\/lv\/wp-json\/wp\/v2\/media\/530851"}],"wp:attachment":[{"href":"https:\/\/shop.huppa.eu\/lv\/wp-json\/wp\/v2\/media?parent=538023"}],"wp:term":[{"taxonomy":"product_brand","embeddable":true,"href":"https:\/\/shop.huppa.eu\/lv\/wp-json\/wp\/v2\/product_brand?post=538023"},{"taxonomy":"product_cat","embeddable":true,"href":"https:\/\/shop.huppa.eu\/lv\/wp-json\/wp\/v2\/product_cat?post=538023"},{"taxonomy":"product_tag","embeddable":true,"href":"https:\/\/shop.huppa.eu\/lv\/wp-json\/wp\/v2\/product_tag?post=538023"}],"curies":[{"name":"wp","href":"https:\/\/api.w.org\/{rel}","templated":true}]}}