{"id":538295,"date":"2025-11-14T02:29:17","date_gmt":"2025-11-14T00:29:17","guid":{"rendered":"https:\/\/shop.huppa.eu\/lv\/product\/mazulu-zabacini-brook-40g-2\/"},"modified":"2026-04-13T11:30:27","modified_gmt":"2026-04-13T09:30:27","slug":"mazulu-zabacini-brook-40g-2","status":"publish","type":"product","link":"https:\/\/shop.huppa.eu\/lv\/product\/mazulu-zabacini-brook-40g-2\/","title":{"rendered":"Mazu\u013cu z\u0101baci\u0146i BROOK (40g)"},"content":{"rendered":"<p>Baby\u00b4s spring-autumn booties in bright colors with light padding. The booties have a fairly breathable and waterproof upper fabric. To make the booties more comfortable to wear, elastic bands have been added to the middle and top edge so that they stay on the foot nicely, and a nice Huppa embroidery has been added as decoration. The booties have 40g of insulation.<\/p>\n","protected":false},"excerpt":{"rendered":"<p>Baby\u00b4s spring-autumn booties in bright colors with light padding. The booties have a fairly breathable and waterproof upper fabric. To make the booties more comfortable to wear, elastic bands have been added to the middle and top edge so that they stay on the foot nicely, and a nice Huppa embroidery has been added as [&hellip;]<\/p>\n","protected":false},"featured_media":450619,"template":"","meta":{"_acf_changed":false},"product_brand":[],"product_cat":[6472,7094,8849,6475,6500,104,2204,2209,122],"product_tag":[],"class_list":{"0":"post-538295","1":"product","2":"type-product","3":"status-publish","4":"has-post-thumbnail","6":"product_cat-accessories","7":"product_cat-cimdini-outlet","8":"product_cat-cimdini-top","9":"product_cat-cimdini-accessories","10":"product_cat-outlet","11":"product_cat-berniem","12":"product_cat-cimdini","13":"product_cat-cimdini-meitenes","14":"product_cat-meitenes","15":"pa_auduma-gaisa-caurlaidiba-5000g-m-24h","16":"pa_auduma-udens-caurlaidiba-5000mm","17":"pa_dzimums-meitenes","18":"pa_izolacijas-svars-40g","19":"pa_kolekcija-accessories","20":"pa_kolekcijas-nr-sa2014","21":"pa_produkta-kods-8701as14-023","22":"pa_raksts-vienkrasains","23":"pa_sezona-pavasaris-rudens","24":"pa_siltinajums-40g","25":"pa_vecuma-grupa-berniem","27":"first","28":"instock","29":"sale","30":"taxable","31":"shipping-taxable","32":"purchasable","33":"product-type-variable"},"acf":[],"yoast_head":"<!-- This site is optimized with the Yoast SEO plugin v26.8 - https:\/\/yoast.com\/product\/yoast-seo-wordpress\/ -->\n<title>Mazu\u013cu z\u0101baci\u0146i BROOK (40g) - Huppa LV<\/title>\n<meta name=\"robots\" content=\"index, follow, max-snippet:-1, max-image-preview:large, max-video-preview:-1\" \/>\n<link rel=\"canonical\" href=\"https:\/\/shop.huppa.eu\/lv\/product\/mazulu-zabacini-brook-40g-2\/\" \/>\n<meta property=\"og:locale\" content=\"lv_LV\" \/>\n<meta property=\"og:type\" content=\"article\" \/>\n<meta property=\"og:title\" content=\"Mazu\u013cu z\u0101baci\u0146i BROOK (40g) - Huppa LV\" \/>\n<meta property=\"og:description\" content=\"Baby\u00b4s spring-autumn booties in bright colors with light padding. The booties have a fairly breathable and waterproof upper fabric. To make the booties more comfortable to wear, elastic bands have been added to the middle and top edge so that they stay on the foot nicely, and a nice Huppa embroidery has been added as [&hellip;]\" \/>\n<meta property=\"og:url\" content=\"https:\/\/shop.huppa.eu\/lv\/product\/mazulu-zabacini-brook-40g-2\/\" \/>\n<meta property=\"og:site_name\" content=\"Huppa LV\" \/>\n<meta property=\"article:modified_time\" content=\"2026-04-13T09:30:27+00:00\" \/>\n<meta property=\"og:image\" content=\"https:\/\/huppashop-prod.s3.eu-north-1.amazonaws.com\/wp-content\/uploads\/sites\/2\/2021\/06\/08091647\/8701AS14-023-BROOK.png\" \/>\n\t<meta property=\"og:image:width\" content=\"800\" \/>\n\t<meta property=\"og:image:height\" content=\"800\" \/>\n\t<meta property=\"og:image:type\" content=\"image\/png\" \/>\n<meta name=\"twitter:card\" content=\"summary_large_image\" \/>\n<script type=\"application\/ld+json\" class=\"yoast-schema-graph\">{\"@context\":\"https:\/\/schema.org\",\"@graph\":[{\"@type\":\"WebPage\",\"@id\":\"https:\/\/shop.huppa.eu\/lv\/product\/mazulu-zabacini-brook-40g-2\/\",\"url\":\"https:\/\/shop.huppa.eu\/lv\/product\/mazulu-zabacini-brook-40g-2\/\",\"name\":\"Mazu\u013cu z\u0101baci\u0146i BROOK (40g) - Huppa LV\",\"isPartOf\":{\"@id\":\"https:\/\/shop.huppa.eu\/lv\/#website\"},\"primaryImageOfPage\":{\"@id\":\"https:\/\/shop.huppa.eu\/lv\/product\/mazulu-zabacini-brook-40g-2\/#primaryimage\"},\"image\":{\"@id\":\"https:\/\/shop.huppa.eu\/lv\/product\/mazulu-zabacini-brook-40g-2\/#primaryimage\"},\"thumbnailUrl\":\"https:\/\/huppashop-prod.s3.eu-north-1.amazonaws.com\/wp-content\/uploads\/sites\/2\/2021\/06\/08091647\/8701AS14-023-BROOK.png\",\"datePublished\":\"2025-11-14T00:29:17+00:00\",\"dateModified\":\"2026-04-13T09:30:27+00:00\",\"breadcrumb\":{\"@id\":\"https:\/\/shop.huppa.eu\/lv\/product\/mazulu-zabacini-brook-40g-2\/#breadcrumb\"},\"inLanguage\":\"lv-LV\",\"potentialAction\":[{\"@type\":\"ReadAction\",\"target\":[\"https:\/\/shop.huppa.eu\/lv\/product\/mazulu-zabacini-brook-40g-2\/\"]}]},{\"@type\":\"ImageObject\",\"inLanguage\":\"lv-LV\",\"@id\":\"https:\/\/shop.huppa.eu\/lv\/product\/mazulu-zabacini-brook-40g-2\/#primaryimage\",\"url\":\"https:\/\/huppashop-prod.s3.eu-north-1.amazonaws.com\/wp-content\/uploads\/sites\/2\/2021\/06\/08091647\/8701AS14-023-BROOK.png\",\"contentUrl\":\"https:\/\/huppashop-prod.s3.eu-north-1.amazonaws.com\/wp-content\/uploads\/sites\/2\/2021\/06\/08091647\/8701AS14-023-BROOK.png\",\"width\":800,\"height\":800},{\"@type\":\"BreadcrumbList\",\"@id\":\"https:\/\/shop.huppa.eu\/lv\/product\/mazulu-zabacini-brook-40g-2\/#breadcrumb\",\"itemListElement\":[{\"@type\":\"ListItem\",\"position\":1,\"name\":\"Veikals\",\"item\":\"https:\/\/shop.huppa.eu\/lv\/shop\/\"},{\"@type\":\"ListItem\",\"position\":2,\"name\":\"Mazu\u013cu z\u0101baci\u0146i BROOK (40g)\"}]},{\"@type\":\"WebSite\",\"@id\":\"https:\/\/shop.huppa.eu\/lv\/#website\",\"url\":\"https:\/\/shop.huppa.eu\/lv\/\",\"name\":\"Huppa LV\",\"description\":\"\",\"potentialAction\":[{\"@type\":\"SearchAction\",\"target\":{\"@type\":\"EntryPoint\",\"urlTemplate\":\"https:\/\/shop.huppa.eu\/lv\/?s={search_term_string}\"},\"query-input\":{\"@type\":\"PropertyValueSpecification\",\"valueRequired\":true,\"valueName\":\"search_term_string\"}}],\"inLanguage\":\"lv-LV\"}]}<\/script>\n<!-- \/ Yoast SEO plugin. -->","yoast_head_json":{"title":"Mazu\u013cu z\u0101baci\u0146i BROOK (40g) - Huppa LV","robots":{"index":"index","follow":"follow","max-snippet":"max-snippet:-1","max-image-preview":"max-image-preview:large","max-video-preview":"max-video-preview:-1"},"canonical":"https:\/\/shop.huppa.eu\/lv\/product\/mazulu-zabacini-brook-40g-2\/","og_locale":"lv_LV","og_type":"article","og_title":"Mazu\u013cu z\u0101baci\u0146i BROOK (40g) - Huppa LV","og_description":"Baby\u00b4s spring-autumn booties in bright colors with light padding. The booties have a fairly breathable and waterproof upper fabric. To make the booties more comfortable to wear, elastic bands have been added to the middle and top edge so that they stay on the foot nicely, and a nice Huppa embroidery has been added as [&hellip;]","og_url":"https:\/\/shop.huppa.eu\/lv\/product\/mazulu-zabacini-brook-40g-2\/","og_site_name":"Huppa LV","article_modified_time":"2026-04-13T09:30:27+00:00","og_image":[{"width":800,"height":800,"url":"https:\/\/huppashop-prod.s3.eu-north-1.amazonaws.com\/wp-content\/uploads\/sites\/2\/2021\/06\/08091647\/8701AS14-023-BROOK.png","type":"image\/png"}],"twitter_card":"summary_large_image","schema":{"@context":"https:\/\/schema.org","@graph":[{"@type":"WebPage","@id":"https:\/\/shop.huppa.eu\/lv\/product\/mazulu-zabacini-brook-40g-2\/","url":"https:\/\/shop.huppa.eu\/lv\/product\/mazulu-zabacini-brook-40g-2\/","name":"Mazu\u013cu z\u0101baci\u0146i BROOK (40g) - Huppa LV","isPartOf":{"@id":"https:\/\/shop.huppa.eu\/lv\/#website"},"primaryImageOfPage":{"@id":"https:\/\/shop.huppa.eu\/lv\/product\/mazulu-zabacini-brook-40g-2\/#primaryimage"},"image":{"@id":"https:\/\/shop.huppa.eu\/lv\/product\/mazulu-zabacini-brook-40g-2\/#primaryimage"},"thumbnailUrl":"https:\/\/huppashop-prod.s3.eu-north-1.amazonaws.com\/wp-content\/uploads\/sites\/2\/2021\/06\/08091647\/8701AS14-023-BROOK.png","datePublished":"2025-11-14T00:29:17+00:00","dateModified":"2026-04-13T09:30:27+00:00","breadcrumb":{"@id":"https:\/\/shop.huppa.eu\/lv\/product\/mazulu-zabacini-brook-40g-2\/#breadcrumb"},"inLanguage":"lv-LV","potentialAction":[{"@type":"ReadAction","target":["https:\/\/shop.huppa.eu\/lv\/product\/mazulu-zabacini-brook-40g-2\/"]}]},{"@type":"ImageObject","inLanguage":"lv-LV","@id":"https:\/\/shop.huppa.eu\/lv\/product\/mazulu-zabacini-brook-40g-2\/#primaryimage","url":"https:\/\/huppashop-prod.s3.eu-north-1.amazonaws.com\/wp-content\/uploads\/sites\/2\/2021\/06\/08091647\/8701AS14-023-BROOK.png","contentUrl":"https:\/\/huppashop-prod.s3.eu-north-1.amazonaws.com\/wp-content\/uploads\/sites\/2\/2021\/06\/08091647\/8701AS14-023-BROOK.png","width":800,"height":800},{"@type":"BreadcrumbList","@id":"https:\/\/shop.huppa.eu\/lv\/product\/mazulu-zabacini-brook-40g-2\/#breadcrumb","itemListElement":[{"@type":"ListItem","position":1,"name":"Veikals","item":"https:\/\/shop.huppa.eu\/lv\/shop\/"},{"@type":"ListItem","position":2,"name":"Mazu\u013cu z\u0101baci\u0146i BROOK (40g)"}]},{"@type":"WebSite","@id":"https:\/\/shop.huppa.eu\/lv\/#website","url":"https:\/\/shop.huppa.eu\/lv\/","name":"Huppa LV","description":"","potentialAction":[{"@type":"SearchAction","target":{"@type":"EntryPoint","urlTemplate":"https:\/\/shop.huppa.eu\/lv\/?s={search_term_string}"},"query-input":{"@type":"PropertyValueSpecification","valueRequired":true,"valueName":"search_term_string"}}],"inLanguage":"lv-LV"}]}},"_links":{"self":[{"href":"https:\/\/shop.huppa.eu\/lv\/wp-json\/wp\/v2\/product\/538295","targetHints":{"allow":["GET"]}}],"collection":[{"href":"https:\/\/shop.huppa.eu\/lv\/wp-json\/wp\/v2\/product"}],"about":[{"href":"https:\/\/shop.huppa.eu\/lv\/wp-json\/wp\/v2\/types\/product"}],"wp:featuredmedia":[{"embeddable":true,"href":"https:\/\/shop.huppa.eu\/lv\/wp-json\/wp\/v2\/media\/450619"}],"wp:attachment":[{"href":"https:\/\/shop.huppa.eu\/lv\/wp-json\/wp\/v2\/media?parent=538295"}],"wp:term":[{"taxonomy":"product_brand","embeddable":true,"href":"https:\/\/shop.huppa.eu\/lv\/wp-json\/wp\/v2\/product_brand?post=538295"},{"taxonomy":"product_cat","embeddable":true,"href":"https:\/\/shop.huppa.eu\/lv\/wp-json\/wp\/v2\/product_cat?post=538295"},{"taxonomy":"product_tag","embeddable":true,"href":"https:\/\/shop.huppa.eu\/lv\/wp-json\/wp\/v2\/product_tag?post=538295"}],"curies":[{"name":"wp","href":"https:\/\/api.w.org\/{rel}","templated":true}]}}