{"id":538826,"date":"2025-11-24T15:43:47","date_gmt":"2025-11-24T13:43:47","guid":{"rendered":"https:\/\/shop.huppa.eu\/lv\/product\/meitenu-ziemas-metelis-yacaranda-300g-29\/"},"modified":"2026-04-08T11:43:39","modified_gmt":"2026-04-08T09:43:39","slug":"meitenu-ziemas-metelis-yacaranda-300g-29","status":"publish","type":"product","link":"https:\/\/shop.huppa.eu\/lv\/product\/meitenu-ziemas-metelis-yacaranda-300g-29\/","title":{"rendered":"Meite\u0146u ziemas m\u0113telis YACARANDA (300g)"},"content":{"rendered":"<p>Klassikaline t\u00fcdrukute ja naiste mantel on mugav ning vastupidav! Mantlil on parimate n\u00e4itajatega tuule- ja veekindel pealiskangas ning 300g soojustus ning selle taft- ja fliisvooder on m\u00f5nus ja soe. Soonikust sisemised mansetid varrukates hoiavad  sooja ja kuivana. Parimaks n\u00e4htavuseks pimedal ajal on mantlile lisatud helkurdetailid. Eemaldatav karvase \u00e4\u00e4rega kapuuts on kinnitatud trukkidega. Mantli esitaskud on varustatud lukuga ning esilukk on kahepoolselt avanev, mis teeb mantliga istumise mugavamaks. Stiilne klassikaline mantel igaks p\u00e4evaks!<\/p>\n","protected":false},"excerpt":{"rendered":"<p>Klassikaline t\u00fcdrukute ja naiste mantel on mugav ning vastupidav! Mantlil on parimate n\u00e4itajatega tuule- ja veekindel pealiskangas ning 300g soojustus ning selle taft- ja fliisvooder on m\u00f5nus ja soe. Soonikust sisemised mansetid varrukates hoiavad sooja ja kuivana. Parimaks n\u00e4htavuseks pimedal ajal on mantlile lisatud helkurdetailid. Eemaldatav karvase \u00e4\u00e4rega kapuuts on kinnitatud trukkidega. Mantli esitaskud on [&hellip;]<\/p>\n","protected":false},"featured_media":1112,"template":"","meta":{"_acf_changed":false},"product_brand":[],"product_cat":[104,122,149,150,138],"product_tag":[],"class_list":{"0":"post-538826","1":"product","2":"type-product","3":"status-publish","4":"has-post-thumbnail","6":"product_cat-berniem","7":"product_cat-meitenes","8":"product_cat-meteli-berniem","9":"product_cat-meteli-meitenes","10":"product_cat-meteli","11":"pa_auduma-gaisa-caurlaidiba-10000g-m-24h","12":"pa_auduma-udens-caurlaidiba-10000mm","13":"pa_dzimums-meitenes","14":"pa_izmers-95","15":"pa_izolacijas-svars-300g","16":"pa_kolekcija-classic","17":"pa_kolekcijas-nr-w19-20","18":"pa_produkta-kods-12030030-94263","19":"pa_sezona-ziema","20":"pa_siltinajums-300g","21":"pa_vecuma-grupa-berniem","23":"first","24":"instock","25":"sale","26":"taxable","27":"shipping-taxable","28":"purchasable","29":"product-type-variable"},"acf":[],"yoast_head":"<!-- This site is optimized with the Yoast SEO plugin v26.8 - https:\/\/yoast.com\/product\/yoast-seo-wordpress\/ -->\n<title>Meite\u0146u ziemas m\u0113telis YACARANDA (300g) - Huppa LV<\/title>\n<meta name=\"robots\" content=\"index, follow, max-snippet:-1, max-image-preview:large, max-video-preview:-1\" \/>\n<link rel=\"canonical\" href=\"https:\/\/shop.huppa.eu\/lv\/product\/meitenu-ziemas-metelis-yacaranda-300g-29\/\" \/>\n<meta property=\"og:locale\" content=\"lv_LV\" \/>\n<meta property=\"og:type\" content=\"article\" \/>\n<meta property=\"og:title\" content=\"Meite\u0146u ziemas m\u0113telis YACARANDA (300g) - Huppa LV\" \/>\n<meta property=\"og:description\" content=\"Klassikaline t\u00fcdrukute ja naiste mantel on mugav ning vastupidav! Mantlil on parimate n\u00e4itajatega tuule- ja veekindel pealiskangas ning 300g soojustus ning selle taft- ja fliisvooder on m\u00f5nus ja soe. Soonikust sisemised mansetid varrukates hoiavad sooja ja kuivana. Parimaks n\u00e4htavuseks pimedal ajal on mantlile lisatud helkurdetailid. Eemaldatav karvase \u00e4\u00e4rega kapuuts on kinnitatud trukkidega. Mantli esitaskud on [&hellip;]\" \/>\n<meta property=\"og:url\" content=\"https:\/\/shop.huppa.eu\/lv\/product\/meitenu-ziemas-metelis-yacaranda-300g-29\/\" \/>\n<meta property=\"og:site_name\" content=\"Huppa LV\" \/>\n<meta property=\"article:modified_time\" content=\"2026-04-08T09:43:39+00:00\" \/>\n<meta property=\"og:image\" content=\"https:\/\/huppashop-prod.s3.eu-north-1.amazonaws.com\/wp-content\/uploads\/sites\/4\/2022\/03\/11131708\/12030030-94263-YACARANDAf.jpg\" \/>\n\t<meta property=\"og:image:width\" content=\"1200\" \/>\n\t<meta property=\"og:image:height\" content=\"1200\" \/>\n\t<meta property=\"og:image:type\" content=\"image\/jpeg\" \/>\n<meta name=\"twitter:card\" content=\"summary_large_image\" \/>\n<script type=\"application\/ld+json\" class=\"yoast-schema-graph\">{\"@context\":\"https:\/\/schema.org\",\"@graph\":[{\"@type\":\"WebPage\",\"@id\":\"https:\/\/shop.huppa.eu\/lv\/product\/meitenu-ziemas-metelis-yacaranda-300g-29\/\",\"url\":\"https:\/\/shop.huppa.eu\/lv\/product\/meitenu-ziemas-metelis-yacaranda-300g-29\/\",\"name\":\"Meite\u0146u ziemas m\u0113telis YACARANDA (300g) - Huppa LV\",\"isPartOf\":{\"@id\":\"https:\/\/shop.huppa.eu\/lv\/#website\"},\"primaryImageOfPage\":{\"@id\":\"https:\/\/shop.huppa.eu\/lv\/product\/meitenu-ziemas-metelis-yacaranda-300g-29\/#primaryimage\"},\"image\":{\"@id\":\"https:\/\/shop.huppa.eu\/lv\/product\/meitenu-ziemas-metelis-yacaranda-300g-29\/#primaryimage\"},\"thumbnailUrl\":\"https:\/\/huppashop-prod.s3.eu-north-1.amazonaws.com\/wp-content\/uploads\/sites\/4\/2022\/03\/11131708\/12030030-94263-YACARANDAf.jpg\",\"datePublished\":\"2025-11-24T13:43:47+00:00\",\"dateModified\":\"2026-04-08T09:43:39+00:00\",\"breadcrumb\":{\"@id\":\"https:\/\/shop.huppa.eu\/lv\/product\/meitenu-ziemas-metelis-yacaranda-300g-29\/#breadcrumb\"},\"inLanguage\":\"lv-LV\",\"potentialAction\":[{\"@type\":\"ReadAction\",\"target\":[\"https:\/\/shop.huppa.eu\/lv\/product\/meitenu-ziemas-metelis-yacaranda-300g-29\/\"]}]},{\"@type\":\"ImageObject\",\"inLanguage\":\"lv-LV\",\"@id\":\"https:\/\/shop.huppa.eu\/lv\/product\/meitenu-ziemas-metelis-yacaranda-300g-29\/#primaryimage\",\"url\":\"https:\/\/huppashop-prod.s3.eu-north-1.amazonaws.com\/wp-content\/uploads\/sites\/4\/2022\/03\/11131708\/12030030-94263-YACARANDAf.jpg\",\"contentUrl\":\"https:\/\/huppashop-prod.s3.eu-north-1.amazonaws.com\/wp-content\/uploads\/sites\/4\/2022\/03\/11131708\/12030030-94263-YACARANDAf.jpg\",\"width\":1200,\"height\":1200},{\"@type\":\"BreadcrumbList\",\"@id\":\"https:\/\/shop.huppa.eu\/lv\/product\/meitenu-ziemas-metelis-yacaranda-300g-29\/#breadcrumb\",\"itemListElement\":[{\"@type\":\"ListItem\",\"position\":1,\"name\":\"Veikals\",\"item\":\"https:\/\/shop.huppa.eu\/lv\/shop\/\"},{\"@type\":\"ListItem\",\"position\":2,\"name\":\"Meite\u0146u ziemas m\u0113telis YACARANDA (300g)\"}]},{\"@type\":\"WebSite\",\"@id\":\"https:\/\/shop.huppa.eu\/lv\/#website\",\"url\":\"https:\/\/shop.huppa.eu\/lv\/\",\"name\":\"Huppa LV\",\"description\":\"\",\"potentialAction\":[{\"@type\":\"SearchAction\",\"target\":{\"@type\":\"EntryPoint\",\"urlTemplate\":\"https:\/\/shop.huppa.eu\/lv\/?s={search_term_string}\"},\"query-input\":{\"@type\":\"PropertyValueSpecification\",\"valueRequired\":true,\"valueName\":\"search_term_string\"}}],\"inLanguage\":\"lv-LV\"}]}<\/script>\n<!-- \/ Yoast SEO plugin. -->","yoast_head_json":{"title":"Meite\u0146u ziemas m\u0113telis YACARANDA (300g) - Huppa LV","robots":{"index":"index","follow":"follow","max-snippet":"max-snippet:-1","max-image-preview":"max-image-preview:large","max-video-preview":"max-video-preview:-1"},"canonical":"https:\/\/shop.huppa.eu\/lv\/product\/meitenu-ziemas-metelis-yacaranda-300g-29\/","og_locale":"lv_LV","og_type":"article","og_title":"Meite\u0146u ziemas m\u0113telis YACARANDA (300g) - Huppa LV","og_description":"Klassikaline t\u00fcdrukute ja naiste mantel on mugav ning vastupidav! Mantlil on parimate n\u00e4itajatega tuule- ja veekindel pealiskangas ning 300g soojustus ning selle taft- ja fliisvooder on m\u00f5nus ja soe. Soonikust sisemised mansetid varrukates hoiavad sooja ja kuivana. Parimaks n\u00e4htavuseks pimedal ajal on mantlile lisatud helkurdetailid. Eemaldatav karvase \u00e4\u00e4rega kapuuts on kinnitatud trukkidega. Mantli esitaskud on [&hellip;]","og_url":"https:\/\/shop.huppa.eu\/lv\/product\/meitenu-ziemas-metelis-yacaranda-300g-29\/","og_site_name":"Huppa LV","article_modified_time":"2026-04-08T09:43:39+00:00","og_image":[{"width":1200,"height":1200,"url":"https:\/\/huppashop-prod.s3.eu-north-1.amazonaws.com\/wp-content\/uploads\/sites\/4\/2022\/03\/11131708\/12030030-94263-YACARANDAf.jpg","type":"image\/jpeg"}],"twitter_card":"summary_large_image","schema":{"@context":"https:\/\/schema.org","@graph":[{"@type":"WebPage","@id":"https:\/\/shop.huppa.eu\/lv\/product\/meitenu-ziemas-metelis-yacaranda-300g-29\/","url":"https:\/\/shop.huppa.eu\/lv\/product\/meitenu-ziemas-metelis-yacaranda-300g-29\/","name":"Meite\u0146u ziemas m\u0113telis YACARANDA (300g) - Huppa LV","isPartOf":{"@id":"https:\/\/shop.huppa.eu\/lv\/#website"},"primaryImageOfPage":{"@id":"https:\/\/shop.huppa.eu\/lv\/product\/meitenu-ziemas-metelis-yacaranda-300g-29\/#primaryimage"},"image":{"@id":"https:\/\/shop.huppa.eu\/lv\/product\/meitenu-ziemas-metelis-yacaranda-300g-29\/#primaryimage"},"thumbnailUrl":"https:\/\/huppashop-prod.s3.eu-north-1.amazonaws.com\/wp-content\/uploads\/sites\/4\/2022\/03\/11131708\/12030030-94263-YACARANDAf.jpg","datePublished":"2025-11-24T13:43:47+00:00","dateModified":"2026-04-08T09:43:39+00:00","breadcrumb":{"@id":"https:\/\/shop.huppa.eu\/lv\/product\/meitenu-ziemas-metelis-yacaranda-300g-29\/#breadcrumb"},"inLanguage":"lv-LV","potentialAction":[{"@type":"ReadAction","target":["https:\/\/shop.huppa.eu\/lv\/product\/meitenu-ziemas-metelis-yacaranda-300g-29\/"]}]},{"@type":"ImageObject","inLanguage":"lv-LV","@id":"https:\/\/shop.huppa.eu\/lv\/product\/meitenu-ziemas-metelis-yacaranda-300g-29\/#primaryimage","url":"https:\/\/huppashop-prod.s3.eu-north-1.amazonaws.com\/wp-content\/uploads\/sites\/4\/2022\/03\/11131708\/12030030-94263-YACARANDAf.jpg","contentUrl":"https:\/\/huppashop-prod.s3.eu-north-1.amazonaws.com\/wp-content\/uploads\/sites\/4\/2022\/03\/11131708\/12030030-94263-YACARANDAf.jpg","width":1200,"height":1200},{"@type":"BreadcrumbList","@id":"https:\/\/shop.huppa.eu\/lv\/product\/meitenu-ziemas-metelis-yacaranda-300g-29\/#breadcrumb","itemListElement":[{"@type":"ListItem","position":1,"name":"Veikals","item":"https:\/\/shop.huppa.eu\/lv\/shop\/"},{"@type":"ListItem","position":2,"name":"Meite\u0146u ziemas m\u0113telis YACARANDA (300g)"}]},{"@type":"WebSite","@id":"https:\/\/shop.huppa.eu\/lv\/#website","url":"https:\/\/shop.huppa.eu\/lv\/","name":"Huppa LV","description":"","potentialAction":[{"@type":"SearchAction","target":{"@type":"EntryPoint","urlTemplate":"https:\/\/shop.huppa.eu\/lv\/?s={search_term_string}"},"query-input":{"@type":"PropertyValueSpecification","valueRequired":true,"valueName":"search_term_string"}}],"inLanguage":"lv-LV"}]}},"_links":{"self":[{"href":"https:\/\/shop.huppa.eu\/lv\/wp-json\/wp\/v2\/product\/538826","targetHints":{"allow":["GET"]}}],"collection":[{"href":"https:\/\/shop.huppa.eu\/lv\/wp-json\/wp\/v2\/product"}],"about":[{"href":"https:\/\/shop.huppa.eu\/lv\/wp-json\/wp\/v2\/types\/product"}],"wp:featuredmedia":[{"embeddable":true,"href":"https:\/\/shop.huppa.eu\/lv\/wp-json\/wp\/v2\/media\/1112"}],"wp:attachment":[{"href":"https:\/\/shop.huppa.eu\/lv\/wp-json\/wp\/v2\/media?parent=538826"}],"wp:term":[{"taxonomy":"product_brand","embeddable":true,"href":"https:\/\/shop.huppa.eu\/lv\/wp-json\/wp\/v2\/product_brand?post=538826"},{"taxonomy":"product_cat","embeddable":true,"href":"https:\/\/shop.huppa.eu\/lv\/wp-json\/wp\/v2\/product_cat?post=538826"},{"taxonomy":"product_tag","embeddable":true,"href":"https:\/\/shop.huppa.eu\/lv\/wp-json\/wp\/v2\/product_tag?post=538826"}],"curies":[{"name":"wp","href":"https:\/\/api.w.org\/{rel}","templated":true}]}}