{"id":538848,"date":"2025-11-24T15:44:12","date_gmt":"2025-11-24T13:44:12","guid":{"rendered":"https:\/\/shop.huppa.eu\/lv\/product\/meitenu-ziemas-parka-mona-300g-3\/"},"modified":"2026-04-08T11:44:11","modified_gmt":"2026-04-08T09:44:11","slug":"meitenu-ziemas-parka-mona-300g-3","status":"publish","type":"product","link":"https:\/\/shop.huppa.eu\/lv\/product\/meitenu-ziemas-parka-mona-300g-3\/","title":{"rendered":"Meite\u0146u ziemas parka MONA (300g)"},"content":{"rendered":"<p>Moodne paksema 300 g vatiiniga noorte neidude talveparka. Parkal on osaliselt fliis, osaliselt taftvooder ning meie kliimasse h\u00e4sti sobiv parajalt hingav ja vettpidav pealiskangas. Kandmismugavust lisavad soonikust varrukaotsad, stopperiga reguleeritav kummin\u00f6\u00f6r ning eemaldatav kapuuts eraldi eemaldatava karvaga. Noorte neidude parkal on l\u00e4bil\u00f5igetesse lisatud kaunid helkurdetailid, mis lubavad turvaliselt liikuda ka pimedamal ajal. Talveparka \u00f5la\u00f5mblused on teibitud.<\/p>\n","protected":false},"excerpt":{"rendered":"<p>Moodne paksema 300 g vatiiniga noorte neidude talveparka. Parkal on osaliselt fliis, osaliselt taftvooder ning meie kliimasse h\u00e4sti sobiv parajalt hingav ja vettpidav pealiskangas. Kandmismugavust lisavad soonikust varrukaotsad, stopperiga reguleeritav kummin\u00f6\u00f6r ning eemaldatav kapuuts eraldi eemaldatava karvaga. Noorte neidude parkal on l\u00e4bil\u00f5igetesse lisatud kaunid helkurdetailid, mis lubavad turvaliselt liikuda ka pimedamal ajal. Talveparka \u00f5la\u00f5mblused on [&hellip;]<\/p>\n","protected":false},"featured_media":484375,"template":"","meta":{"_acf_changed":false},"product_brand":[],"product_cat":[104,122,3632,3633,479],"product_tag":[],"class_list":{"0":"post-538848","1":"product","2":"type-product","3":"status-publish","4":"has-post-thumbnail","6":"product_cat-berniem","7":"product_cat-meitenes","8":"product_cat-parka-berniem","9":"product_cat-parka-meitenes","10":"product_cat-parka","11":"pa_auduma-gaisa-caurlaidiba-10000g-m-24h","12":"pa_auduma-udens-caurlaidiba-10000mm","13":"pa_dzimums-meitenes","14":"pa_izmers-117","15":"pa_izmers-118","16":"pa_izmers-119","17":"pa_izolacijas-svars-300g","18":"pa_kolekcija-fashion","19":"pa_kolekcijas-nr-w19-20","20":"pa_produkta-kods-12200030-70086","21":"pa_siltinajums-300g","22":"pa_vecuma-grupa-berniem","24":"first","25":"instock","26":"sale","27":"taxable","28":"shipping-taxable","29":"purchasable","30":"product-type-variable"},"acf":[],"yoast_head":"<!-- This site is optimized with the Yoast SEO plugin v26.8 - https:\/\/yoast.com\/product\/yoast-seo-wordpress\/ -->\n<title>Meite\u0146u ziemas parka MONA (300g) - Huppa LV<\/title>\n<meta name=\"robots\" content=\"index, follow, max-snippet:-1, max-image-preview:large, max-video-preview:-1\" \/>\n<link rel=\"canonical\" href=\"https:\/\/shop.huppa.eu\/lv\/product\/meitenu-ziemas-parka-mona-300g-3\/\" \/>\n<meta property=\"og:locale\" content=\"lv_LV\" \/>\n<meta property=\"og:type\" content=\"article\" \/>\n<meta property=\"og:title\" content=\"Meite\u0146u ziemas parka MONA (300g) - Huppa LV\" \/>\n<meta property=\"og:description\" content=\"Moodne paksema 300 g vatiiniga noorte neidude talveparka. Parkal on osaliselt fliis, osaliselt taftvooder ning meie kliimasse h\u00e4sti sobiv parajalt hingav ja vettpidav pealiskangas. Kandmismugavust lisavad soonikust varrukaotsad, stopperiga reguleeritav kummin\u00f6\u00f6r ning eemaldatav kapuuts eraldi eemaldatava karvaga. Noorte neidude parkal on l\u00e4bil\u00f5igetesse lisatud kaunid helkurdetailid, mis lubavad turvaliselt liikuda ka pimedamal ajal. Talveparka \u00f5la\u00f5mblused on [&hellip;]\" \/>\n<meta property=\"og:url\" content=\"https:\/\/shop.huppa.eu\/lv\/product\/meitenu-ziemas-parka-mona-300g-3\/\" \/>\n<meta property=\"og:site_name\" content=\"Huppa LV\" \/>\n<meta property=\"article:modified_time\" content=\"2026-04-08T09:44:11+00:00\" \/>\n<meta property=\"og:image\" content=\"https:\/\/huppashop-prod.s3.eu-north-1.amazonaws.com\/wp-content\/uploads\/sites\/4\/2022\/04\/01110045\/12200030-70086-MONAf.jpg\" \/>\n\t<meta property=\"og:image:width\" content=\"800\" \/>\n\t<meta property=\"og:image:height\" content=\"800\" \/>\n\t<meta property=\"og:image:type\" content=\"image\/jpeg\" \/>\n<meta name=\"twitter:card\" content=\"summary_large_image\" \/>\n<script type=\"application\/ld+json\" class=\"yoast-schema-graph\">{\"@context\":\"https:\/\/schema.org\",\"@graph\":[{\"@type\":\"WebPage\",\"@id\":\"https:\/\/shop.huppa.eu\/lv\/product\/meitenu-ziemas-parka-mona-300g-3\/\",\"url\":\"https:\/\/shop.huppa.eu\/lv\/product\/meitenu-ziemas-parka-mona-300g-3\/\",\"name\":\"Meite\u0146u ziemas parka MONA (300g) - Huppa LV\",\"isPartOf\":{\"@id\":\"https:\/\/shop.huppa.eu\/lv\/#website\"},\"primaryImageOfPage\":{\"@id\":\"https:\/\/shop.huppa.eu\/lv\/product\/meitenu-ziemas-parka-mona-300g-3\/#primaryimage\"},\"image\":{\"@id\":\"https:\/\/shop.huppa.eu\/lv\/product\/meitenu-ziemas-parka-mona-300g-3\/#primaryimage\"},\"thumbnailUrl\":\"https:\/\/huppashop-prod.s3.eu-north-1.amazonaws.com\/wp-content\/uploads\/sites\/4\/2022\/04\/01110045\/12200030-70086-MONAf.jpg\",\"datePublished\":\"2025-11-24T13:44:12+00:00\",\"dateModified\":\"2026-04-08T09:44:11+00:00\",\"breadcrumb\":{\"@id\":\"https:\/\/shop.huppa.eu\/lv\/product\/meitenu-ziemas-parka-mona-300g-3\/#breadcrumb\"},\"inLanguage\":\"lv-LV\",\"potentialAction\":[{\"@type\":\"ReadAction\",\"target\":[\"https:\/\/shop.huppa.eu\/lv\/product\/meitenu-ziemas-parka-mona-300g-3\/\"]}]},{\"@type\":\"ImageObject\",\"inLanguage\":\"lv-LV\",\"@id\":\"https:\/\/shop.huppa.eu\/lv\/product\/meitenu-ziemas-parka-mona-300g-3\/#primaryimage\",\"url\":\"https:\/\/huppashop-prod.s3.eu-north-1.amazonaws.com\/wp-content\/uploads\/sites\/4\/2022\/04\/01110045\/12200030-70086-MONAf.jpg\",\"contentUrl\":\"https:\/\/huppashop-prod.s3.eu-north-1.amazonaws.com\/wp-content\/uploads\/sites\/4\/2022\/04\/01110045\/12200030-70086-MONAf.jpg\",\"width\":800,\"height\":800},{\"@type\":\"BreadcrumbList\",\"@id\":\"https:\/\/shop.huppa.eu\/lv\/product\/meitenu-ziemas-parka-mona-300g-3\/#breadcrumb\",\"itemListElement\":[{\"@type\":\"ListItem\",\"position\":1,\"name\":\"Veikals\",\"item\":\"https:\/\/shop.huppa.eu\/lv\/shop\/\"},{\"@type\":\"ListItem\",\"position\":2,\"name\":\"Meite\u0146u ziemas parka MONA (300g)\"}]},{\"@type\":\"WebSite\",\"@id\":\"https:\/\/shop.huppa.eu\/lv\/#website\",\"url\":\"https:\/\/shop.huppa.eu\/lv\/\",\"name\":\"Huppa LV\",\"description\":\"\",\"potentialAction\":[{\"@type\":\"SearchAction\",\"target\":{\"@type\":\"EntryPoint\",\"urlTemplate\":\"https:\/\/shop.huppa.eu\/lv\/?s={search_term_string}\"},\"query-input\":{\"@type\":\"PropertyValueSpecification\",\"valueRequired\":true,\"valueName\":\"search_term_string\"}}],\"inLanguage\":\"lv-LV\"}]}<\/script>\n<!-- \/ Yoast SEO plugin. -->","yoast_head_json":{"title":"Meite\u0146u ziemas parka MONA (300g) - Huppa LV","robots":{"index":"index","follow":"follow","max-snippet":"max-snippet:-1","max-image-preview":"max-image-preview:large","max-video-preview":"max-video-preview:-1"},"canonical":"https:\/\/shop.huppa.eu\/lv\/product\/meitenu-ziemas-parka-mona-300g-3\/","og_locale":"lv_LV","og_type":"article","og_title":"Meite\u0146u ziemas parka MONA (300g) - Huppa LV","og_description":"Moodne paksema 300 g vatiiniga noorte neidude talveparka. Parkal on osaliselt fliis, osaliselt taftvooder ning meie kliimasse h\u00e4sti sobiv parajalt hingav ja vettpidav pealiskangas. Kandmismugavust lisavad soonikust varrukaotsad, stopperiga reguleeritav kummin\u00f6\u00f6r ning eemaldatav kapuuts eraldi eemaldatava karvaga. Noorte neidude parkal on l\u00e4bil\u00f5igetesse lisatud kaunid helkurdetailid, mis lubavad turvaliselt liikuda ka pimedamal ajal. Talveparka \u00f5la\u00f5mblused on [&hellip;]","og_url":"https:\/\/shop.huppa.eu\/lv\/product\/meitenu-ziemas-parka-mona-300g-3\/","og_site_name":"Huppa LV","article_modified_time":"2026-04-08T09:44:11+00:00","og_image":[{"width":800,"height":800,"url":"https:\/\/huppashop-prod.s3.eu-north-1.amazonaws.com\/wp-content\/uploads\/sites\/4\/2022\/04\/01110045\/12200030-70086-MONAf.jpg","type":"image\/jpeg"}],"twitter_card":"summary_large_image","schema":{"@context":"https:\/\/schema.org","@graph":[{"@type":"WebPage","@id":"https:\/\/shop.huppa.eu\/lv\/product\/meitenu-ziemas-parka-mona-300g-3\/","url":"https:\/\/shop.huppa.eu\/lv\/product\/meitenu-ziemas-parka-mona-300g-3\/","name":"Meite\u0146u ziemas parka MONA (300g) - Huppa LV","isPartOf":{"@id":"https:\/\/shop.huppa.eu\/lv\/#website"},"primaryImageOfPage":{"@id":"https:\/\/shop.huppa.eu\/lv\/product\/meitenu-ziemas-parka-mona-300g-3\/#primaryimage"},"image":{"@id":"https:\/\/shop.huppa.eu\/lv\/product\/meitenu-ziemas-parka-mona-300g-3\/#primaryimage"},"thumbnailUrl":"https:\/\/huppashop-prod.s3.eu-north-1.amazonaws.com\/wp-content\/uploads\/sites\/4\/2022\/04\/01110045\/12200030-70086-MONAf.jpg","datePublished":"2025-11-24T13:44:12+00:00","dateModified":"2026-04-08T09:44:11+00:00","breadcrumb":{"@id":"https:\/\/shop.huppa.eu\/lv\/product\/meitenu-ziemas-parka-mona-300g-3\/#breadcrumb"},"inLanguage":"lv-LV","potentialAction":[{"@type":"ReadAction","target":["https:\/\/shop.huppa.eu\/lv\/product\/meitenu-ziemas-parka-mona-300g-3\/"]}]},{"@type":"ImageObject","inLanguage":"lv-LV","@id":"https:\/\/shop.huppa.eu\/lv\/product\/meitenu-ziemas-parka-mona-300g-3\/#primaryimage","url":"https:\/\/huppashop-prod.s3.eu-north-1.amazonaws.com\/wp-content\/uploads\/sites\/4\/2022\/04\/01110045\/12200030-70086-MONAf.jpg","contentUrl":"https:\/\/huppashop-prod.s3.eu-north-1.amazonaws.com\/wp-content\/uploads\/sites\/4\/2022\/04\/01110045\/12200030-70086-MONAf.jpg","width":800,"height":800},{"@type":"BreadcrumbList","@id":"https:\/\/shop.huppa.eu\/lv\/product\/meitenu-ziemas-parka-mona-300g-3\/#breadcrumb","itemListElement":[{"@type":"ListItem","position":1,"name":"Veikals","item":"https:\/\/shop.huppa.eu\/lv\/shop\/"},{"@type":"ListItem","position":2,"name":"Meite\u0146u ziemas parka MONA (300g)"}]},{"@type":"WebSite","@id":"https:\/\/shop.huppa.eu\/lv\/#website","url":"https:\/\/shop.huppa.eu\/lv\/","name":"Huppa LV","description":"","potentialAction":[{"@type":"SearchAction","target":{"@type":"EntryPoint","urlTemplate":"https:\/\/shop.huppa.eu\/lv\/?s={search_term_string}"},"query-input":{"@type":"PropertyValueSpecification","valueRequired":true,"valueName":"search_term_string"}}],"inLanguage":"lv-LV"}]}},"_links":{"self":[{"href":"https:\/\/shop.huppa.eu\/lv\/wp-json\/wp\/v2\/product\/538848","targetHints":{"allow":["GET"]}}],"collection":[{"href":"https:\/\/shop.huppa.eu\/lv\/wp-json\/wp\/v2\/product"}],"about":[{"href":"https:\/\/shop.huppa.eu\/lv\/wp-json\/wp\/v2\/types\/product"}],"wp:featuredmedia":[{"embeddable":true,"href":"https:\/\/shop.huppa.eu\/lv\/wp-json\/wp\/v2\/media\/484375"}],"wp:attachment":[{"href":"https:\/\/shop.huppa.eu\/lv\/wp-json\/wp\/v2\/media?parent=538848"}],"wp:term":[{"taxonomy":"product_brand","embeddable":true,"href":"https:\/\/shop.huppa.eu\/lv\/wp-json\/wp\/v2\/product_brand?post=538848"},{"taxonomy":"product_cat","embeddable":true,"href":"https:\/\/shop.huppa.eu\/lv\/wp-json\/wp\/v2\/product_cat?post=538848"},{"taxonomy":"product_tag","embeddable":true,"href":"https:\/\/shop.huppa.eu\/lv\/wp-json\/wp\/v2\/product_tag?post=538848"}],"curies":[{"name":"wp","href":"https:\/\/api.w.org\/{rel}","templated":true}]}}