{"id":539653,"date":"2025-11-24T16:06:57","date_gmt":"2025-11-24T14:06:57","guid":{"rendered":"https:\/\/shop.huppa.eu\/lv\/product\/sieviesu-ziemas-parka-minna-300g\/"},"modified":"2026-04-29T14:47:30","modified_gmt":"2026-04-29T12:47:30","slug":"sieviesu-ziemas-parka-minna-300g","status":"publish","type":"product","link":"https:\/\/shop.huppa.eu\/lv\/product\/sieviesu-ziemas-parka-minna-300g\/","title":{"rendered":"Sievie\u0161u ziemas parka MINNA (300g)"},"content":{"rendered":"<p>\u016adens un v\u0113ja notur\u012bga ziemas parka ar 300\u00a0g siltin\u0101jumu sieviet\u0113m. Elpojo\u0161s virsaudums. Parkas iek\u0161pus\u0113 m\u012bksts oderaudums. Regul\u0113jama kapuce un piedurk\u0146u gali. Jostas l\u012bnij\u0101 gumijas auklas tunelis ar atdur\u0113m. \u016adensnotur\u012bgas, step\u0113tas \u0161uves. Uz virsauduma atstarojo\u0161as deta\u013cas.<\/p>\n","protected":false},"excerpt":{"rendered":"<p>\u016adens un v\u0113ja notur\u012bga ziemas parka ar 300\u00a0g siltin\u0101jumu sieviet\u0113m. Elpojo\u0161s virsaudums. Parkas iek\u0161pus\u0113 m\u012bksts oderaudums. Regul\u0113jama kapuce un piedurk\u0146u gali. Jostas l\u012bnij\u0101 gumijas auklas tunelis ar atdur\u0113m. \u016adensnotur\u012bgas, step\u0113tas \u0161uves. Uz virsauduma atstarojo\u0161as deta\u013cas.<\/p>\n","protected":false},"featured_media":526905,"template":"","meta":{"_acf_changed":false},"product_brand":[],"product_cat":[3737,8832,8812,479,158],"product_tag":[],"class_list":{"0":"post-539653","1":"product","2":"type-product","3":"status-publish","4":"has-post-thumbnail","6":"product_cat-parka-pieaugusajiem","7":"product_cat-parka-sievietes","8":"product_cat-sievietes","9":"product_cat-parka","10":"product_cat-pieaugusajiem","11":"pa_auduma-gaisa-caurlaidiba-10-000g-m-24h","12":"pa_auduma-udens-caurlaidiba-10-000mm","13":"pa_dzimums-sievietes","14":"pa_izmers-xs","15":"pa_izmers-s","16":"pa_izmers-m","17":"pa_izmers-l","18":"pa_izolacijas-svars-300g","19":"pa_kolekcija-fashion","20":"pa_kolekcijas-nr-w23-24","21":"pa_produkta-kods-12678030-34528","22":"pa_raksts-rakstaina-krasa","23":"pa_sezona-ziema","24":"pa_siltinajums-300g","25":"pa_vecuma-grupa-pieaugusajiem","27":"first","28":"instock","29":"sale","30":"taxable","31":"shipping-taxable","32":"purchasable","33":"product-type-variable"},"acf":[],"yoast_head":"<!-- This site is optimized with the Yoast SEO plugin v26.8 - https:\/\/yoast.com\/product\/yoast-seo-wordpress\/ -->\n<title>Sievie\u0161u ziemas parka MINNA (300g) - Huppa LV<\/title>\n<meta name=\"robots\" content=\"index, follow, max-snippet:-1, max-image-preview:large, max-video-preview:-1\" \/>\n<link rel=\"canonical\" href=\"https:\/\/shop.huppa.eu\/lv\/product\/sieviesu-ziemas-parka-minna-300g\/\" \/>\n<meta property=\"og:locale\" content=\"lv_LV\" \/>\n<meta property=\"og:type\" content=\"article\" \/>\n<meta property=\"og:title\" content=\"Sievie\u0161u ziemas parka MINNA (300g) - Huppa LV\" \/>\n<meta property=\"og:description\" content=\"\u016adens un v\u0113ja notur\u012bga ziemas parka ar 300\u00a0g siltin\u0101jumu sieviet\u0113m. Elpojo\u0161s virsaudums. Parkas iek\u0161pus\u0113 m\u012bksts oderaudums. Regul\u0113jama kapuce un piedurk\u0146u gali. Jostas l\u012bnij\u0101 gumijas auklas tunelis ar atdur\u0113m. \u016adensnotur\u012bgas, step\u0113tas \u0161uves. Uz virsauduma atstarojo\u0161as deta\u013cas.\" \/>\n<meta property=\"og:url\" content=\"https:\/\/shop.huppa.eu\/lv\/product\/sieviesu-ziemas-parka-minna-300g\/\" \/>\n<meta property=\"og:site_name\" content=\"Huppa LV\" \/>\n<meta property=\"article:modified_time\" content=\"2026-04-29T12:47:30+00:00\" \/>\n<meta property=\"og:image\" content=\"https:\/\/huppashop-prod.s3.eu-north-1.amazonaws.com\/wp-content\/uploads\/sites\/4\/2024\/10\/11020126\/12678030-34528-MINNA_f.jpg\" \/>\n\t<meta property=\"og:image:width\" content=\"1200\" \/>\n\t<meta property=\"og:image:height\" content=\"1200\" \/>\n\t<meta property=\"og:image:type\" content=\"image\/jpeg\" \/>\n<meta name=\"twitter:card\" content=\"summary_large_image\" \/>\n<script type=\"application\/ld+json\" class=\"yoast-schema-graph\">{\"@context\":\"https:\/\/schema.org\",\"@graph\":[{\"@type\":\"WebPage\",\"@id\":\"https:\/\/shop.huppa.eu\/lv\/product\/sieviesu-ziemas-parka-minna-300g\/\",\"url\":\"https:\/\/shop.huppa.eu\/lv\/product\/sieviesu-ziemas-parka-minna-300g\/\",\"name\":\"Sievie\u0161u ziemas parka MINNA (300g) - Huppa LV\",\"isPartOf\":{\"@id\":\"https:\/\/shop.huppa.eu\/lv\/#website\"},\"primaryImageOfPage\":{\"@id\":\"https:\/\/shop.huppa.eu\/lv\/product\/sieviesu-ziemas-parka-minna-300g\/#primaryimage\"},\"image\":{\"@id\":\"https:\/\/shop.huppa.eu\/lv\/product\/sieviesu-ziemas-parka-minna-300g\/#primaryimage\"},\"thumbnailUrl\":\"https:\/\/huppashop-prod.s3.eu-north-1.amazonaws.com\/wp-content\/uploads\/sites\/4\/2024\/10\/11020126\/12678030-34528-MINNA_f.jpg\",\"datePublished\":\"2025-11-24T14:06:57+00:00\",\"dateModified\":\"2026-04-29T12:47:30+00:00\",\"breadcrumb\":{\"@id\":\"https:\/\/shop.huppa.eu\/lv\/product\/sieviesu-ziemas-parka-minna-300g\/#breadcrumb\"},\"inLanguage\":\"lv-LV\",\"potentialAction\":[{\"@type\":\"ReadAction\",\"target\":[\"https:\/\/shop.huppa.eu\/lv\/product\/sieviesu-ziemas-parka-minna-300g\/\"]}]},{\"@type\":\"ImageObject\",\"inLanguage\":\"lv-LV\",\"@id\":\"https:\/\/shop.huppa.eu\/lv\/product\/sieviesu-ziemas-parka-minna-300g\/#primaryimage\",\"url\":\"https:\/\/huppashop-prod.s3.eu-north-1.amazonaws.com\/wp-content\/uploads\/sites\/4\/2024\/10\/11020126\/12678030-34528-MINNA_f.jpg\",\"contentUrl\":\"https:\/\/huppashop-prod.s3.eu-north-1.amazonaws.com\/wp-content\/uploads\/sites\/4\/2024\/10\/11020126\/12678030-34528-MINNA_f.jpg\",\"width\":1200,\"height\":1200},{\"@type\":\"BreadcrumbList\",\"@id\":\"https:\/\/shop.huppa.eu\/lv\/product\/sieviesu-ziemas-parka-minna-300g\/#breadcrumb\",\"itemListElement\":[{\"@type\":\"ListItem\",\"position\":1,\"name\":\"Veikals\",\"item\":\"https:\/\/shop.huppa.eu\/lv\/shop\/\"},{\"@type\":\"ListItem\",\"position\":2,\"name\":\"Sievie\u0161u ziemas parka MINNA (300g)\"}]},{\"@type\":\"WebSite\",\"@id\":\"https:\/\/shop.huppa.eu\/lv\/#website\",\"url\":\"https:\/\/shop.huppa.eu\/lv\/\",\"name\":\"Huppa LV\",\"description\":\"\",\"potentialAction\":[{\"@type\":\"SearchAction\",\"target\":{\"@type\":\"EntryPoint\",\"urlTemplate\":\"https:\/\/shop.huppa.eu\/lv\/?s={search_term_string}\"},\"query-input\":{\"@type\":\"PropertyValueSpecification\",\"valueRequired\":true,\"valueName\":\"search_term_string\"}}],\"inLanguage\":\"lv-LV\"}]}<\/script>\n<!-- \/ Yoast SEO plugin. -->","yoast_head_json":{"title":"Sievie\u0161u ziemas parka MINNA (300g) - Huppa LV","robots":{"index":"index","follow":"follow","max-snippet":"max-snippet:-1","max-image-preview":"max-image-preview:large","max-video-preview":"max-video-preview:-1"},"canonical":"https:\/\/shop.huppa.eu\/lv\/product\/sieviesu-ziemas-parka-minna-300g\/","og_locale":"lv_LV","og_type":"article","og_title":"Sievie\u0161u ziemas parka MINNA (300g) - Huppa LV","og_description":"\u016adens un v\u0113ja notur\u012bga ziemas parka ar 300\u00a0g siltin\u0101jumu sieviet\u0113m. Elpojo\u0161s virsaudums. Parkas iek\u0161pus\u0113 m\u012bksts oderaudums. Regul\u0113jama kapuce un piedurk\u0146u gali. Jostas l\u012bnij\u0101 gumijas auklas tunelis ar atdur\u0113m. \u016adensnotur\u012bgas, step\u0113tas \u0161uves. Uz virsauduma atstarojo\u0161as deta\u013cas.","og_url":"https:\/\/shop.huppa.eu\/lv\/product\/sieviesu-ziemas-parka-minna-300g\/","og_site_name":"Huppa LV","article_modified_time":"2026-04-29T12:47:30+00:00","og_image":[{"width":1200,"height":1200,"url":"https:\/\/huppashop-prod.s3.eu-north-1.amazonaws.com\/wp-content\/uploads\/sites\/4\/2024\/10\/11020126\/12678030-34528-MINNA_f.jpg","type":"image\/jpeg"}],"twitter_card":"summary_large_image","schema":{"@context":"https:\/\/schema.org","@graph":[{"@type":"WebPage","@id":"https:\/\/shop.huppa.eu\/lv\/product\/sieviesu-ziemas-parka-minna-300g\/","url":"https:\/\/shop.huppa.eu\/lv\/product\/sieviesu-ziemas-parka-minna-300g\/","name":"Sievie\u0161u ziemas parka MINNA (300g) - Huppa LV","isPartOf":{"@id":"https:\/\/shop.huppa.eu\/lv\/#website"},"primaryImageOfPage":{"@id":"https:\/\/shop.huppa.eu\/lv\/product\/sieviesu-ziemas-parka-minna-300g\/#primaryimage"},"image":{"@id":"https:\/\/shop.huppa.eu\/lv\/product\/sieviesu-ziemas-parka-minna-300g\/#primaryimage"},"thumbnailUrl":"https:\/\/huppashop-prod.s3.eu-north-1.amazonaws.com\/wp-content\/uploads\/sites\/4\/2024\/10\/11020126\/12678030-34528-MINNA_f.jpg","datePublished":"2025-11-24T14:06:57+00:00","dateModified":"2026-04-29T12:47:30+00:00","breadcrumb":{"@id":"https:\/\/shop.huppa.eu\/lv\/product\/sieviesu-ziemas-parka-minna-300g\/#breadcrumb"},"inLanguage":"lv-LV","potentialAction":[{"@type":"ReadAction","target":["https:\/\/shop.huppa.eu\/lv\/product\/sieviesu-ziemas-parka-minna-300g\/"]}]},{"@type":"ImageObject","inLanguage":"lv-LV","@id":"https:\/\/shop.huppa.eu\/lv\/product\/sieviesu-ziemas-parka-minna-300g\/#primaryimage","url":"https:\/\/huppashop-prod.s3.eu-north-1.amazonaws.com\/wp-content\/uploads\/sites\/4\/2024\/10\/11020126\/12678030-34528-MINNA_f.jpg","contentUrl":"https:\/\/huppashop-prod.s3.eu-north-1.amazonaws.com\/wp-content\/uploads\/sites\/4\/2024\/10\/11020126\/12678030-34528-MINNA_f.jpg","width":1200,"height":1200},{"@type":"BreadcrumbList","@id":"https:\/\/shop.huppa.eu\/lv\/product\/sieviesu-ziemas-parka-minna-300g\/#breadcrumb","itemListElement":[{"@type":"ListItem","position":1,"name":"Veikals","item":"https:\/\/shop.huppa.eu\/lv\/shop\/"},{"@type":"ListItem","position":2,"name":"Sievie\u0161u ziemas parka MINNA (300g)"}]},{"@type":"WebSite","@id":"https:\/\/shop.huppa.eu\/lv\/#website","url":"https:\/\/shop.huppa.eu\/lv\/","name":"Huppa LV","description":"","potentialAction":[{"@type":"SearchAction","target":{"@type":"EntryPoint","urlTemplate":"https:\/\/shop.huppa.eu\/lv\/?s={search_term_string}"},"query-input":{"@type":"PropertyValueSpecification","valueRequired":true,"valueName":"search_term_string"}}],"inLanguage":"lv-LV"}]}},"_links":{"self":[{"href":"https:\/\/shop.huppa.eu\/lv\/wp-json\/wp\/v2\/product\/539653","targetHints":{"allow":["GET"]}}],"collection":[{"href":"https:\/\/shop.huppa.eu\/lv\/wp-json\/wp\/v2\/product"}],"about":[{"href":"https:\/\/shop.huppa.eu\/lv\/wp-json\/wp\/v2\/types\/product"}],"wp:featuredmedia":[{"embeddable":true,"href":"https:\/\/shop.huppa.eu\/lv\/wp-json\/wp\/v2\/media\/526905"}],"wp:attachment":[{"href":"https:\/\/shop.huppa.eu\/lv\/wp-json\/wp\/v2\/media?parent=539653"}],"wp:term":[{"taxonomy":"product_brand","embeddable":true,"href":"https:\/\/shop.huppa.eu\/lv\/wp-json\/wp\/v2\/product_brand?post=539653"},{"taxonomy":"product_cat","embeddable":true,"href":"https:\/\/shop.huppa.eu\/lv\/wp-json\/wp\/v2\/product_cat?post=539653"},{"taxonomy":"product_tag","embeddable":true,"href":"https:\/\/shop.huppa.eu\/lv\/wp-json\/wp\/v2\/product_tag?post=539653"}],"curies":[{"name":"wp","href":"https:\/\/api.w.org\/{rel}","templated":true}]}}