{"id":540036,"date":"2025-11-24T16:16:06","date_gmt":"2025-11-24T14:16:06","guid":{"rendered":"https:\/\/shop.huppa.eu\/lv\/product\/bernu-ziemas-vejjaka-virgo-300g-10\/"},"modified":"2026-04-08T12:27:26","modified_gmt":"2026-04-08T10:27:26","slug":"bernu-ziemas-vejjaka-virgo-300g-10","status":"publish","type":"product","link":"https:\/\/shop.huppa.eu\/lv\/product\/bernu-ziemas-vejjaka-virgo-300g-10\/","title":{"rendered":"B\u0113rnu ziemas v\u0113jjaka VIRGO (300g)"},"content":{"rendered":"<p>Paksema vatiiniga m\u00f5nus v\u00e4ikelaste klassikaline talvejope igap\u00e4evasteks toimetusteks. Jopel on puuvillane vooder ning meie kliimasse h\u00e4sti sobiv parajalt hingav ja vettpidav pealiskangas. Mugavamaks kandmiseks on jopel eemaldatav karvaga kapuuts, kummiga varrukasuu ning kaks vahvat taskut leidude hoidmiseks. Helkurdetailid l\u00e4bil\u00f5igetes lisavad turvalisust ka pimedamal ajal liikudes.<\/p>\n","protected":false},"excerpt":{"rendered":"<p>Paksema vatiiniga m\u00f5nus v\u00e4ikelaste klassikaline talvejope igap\u00e4evasteks toimetusteks. Jopel on puuvillane vooder ning meie kliimasse h\u00e4sti sobiv parajalt hingav ja vettpidav pealiskangas. Mugavamaks kandmiseks on jopel eemaldatav karvaga kapuuts, kummiga varrukasuu ning kaks vahvat taskut leidude hoidmiseks. Helkurdetailid l\u00e4bil\u00f5igetes lisavad turvalisust ka pimedamal ajal liikudes.<\/p>\n","protected":false},"featured_media":486613,"template":"","meta":{"_acf_changed":false},"product_brand":[],"product_cat":[8831,104,108,105,107],"product_tag":[],"class_list":{"0":"post-540036","1":"product","2":"type-product","3":"status-publish","4":"has-post-thumbnail","6":"product_cat-vejjakas-top","7":"product_cat-berniem","8":"product_cat-vejjakas-zeni","9":"product_cat-vejjakas","10":"product_cat-zeni","11":"pa_auduma-gaisa-caurlaidiba-5000g-m-24h","12":"pa_auduma-udens-caurlaidiba-5000mm","13":"pa_dzimums-zeni","14":"pa_izmers-355","15":"pa_izolacijas-svars-300g","16":"pa_kolekcija-classic","17":"pa_kolekcijas-nr-w16-17","18":"pa_produkta-kods-17210030-63186","19":"pa_siltinajums-300g","20":"pa_vecuma-grupa-berniem","22":"first","23":"instock","24":"sale","25":"taxable","26":"shipping-taxable","27":"purchasable","28":"product-type-variable"},"acf":[],"yoast_head":"<!-- This site is optimized with the Yoast SEO plugin v26.8 - https:\/\/yoast.com\/product\/yoast-seo-wordpress\/ -->\n<title>B\u0113rnu ziemas v\u0113jjaka VIRGO (300g) - Huppa LV<\/title>\n<meta name=\"robots\" content=\"index, follow, max-snippet:-1, max-image-preview:large, max-video-preview:-1\" \/>\n<link rel=\"canonical\" href=\"https:\/\/shop.huppa.eu\/lv\/product\/bernu-ziemas-vejjaka-virgo-300g-10\/\" \/>\n<meta property=\"og:locale\" content=\"lv_LV\" \/>\n<meta property=\"og:type\" content=\"article\" \/>\n<meta property=\"og:title\" content=\"B\u0113rnu ziemas v\u0113jjaka VIRGO (300g) - Huppa LV\" \/>\n<meta property=\"og:description\" content=\"Paksema vatiiniga m\u00f5nus v\u00e4ikelaste klassikaline talvejope igap\u00e4evasteks toimetusteks. Jopel on puuvillane vooder ning meie kliimasse h\u00e4sti sobiv parajalt hingav ja vettpidav pealiskangas. Mugavamaks kandmiseks on jopel eemaldatav karvaga kapuuts, kummiga varrukasuu ning kaks vahvat taskut leidude hoidmiseks. Helkurdetailid l\u00e4bil\u00f5igetes lisavad turvalisust ka pimedamal ajal liikudes.\" \/>\n<meta property=\"og:url\" content=\"https:\/\/shop.huppa.eu\/lv\/product\/bernu-ziemas-vejjaka-virgo-300g-10\/\" \/>\n<meta property=\"og:site_name\" content=\"Huppa LV\" \/>\n<meta property=\"article:modified_time\" content=\"2026-04-08T10:27:26+00:00\" \/>\n<meta property=\"og:image\" content=\"https:\/\/huppashop-prod.s3.eu-north-1.amazonaws.com\/wp-content\/uploads\/sites\/4\/2022\/05\/02152013\/17210030-63186-VIRGOf.png\" \/>\n\t<meta property=\"og:image:width\" content=\"800\" \/>\n\t<meta property=\"og:image:height\" content=\"800\" \/>\n\t<meta property=\"og:image:type\" content=\"image\/png\" \/>\n<meta name=\"twitter:card\" content=\"summary_large_image\" \/>\n<script type=\"application\/ld+json\" class=\"yoast-schema-graph\">{\"@context\":\"https:\/\/schema.org\",\"@graph\":[{\"@type\":\"WebPage\",\"@id\":\"https:\/\/shop.huppa.eu\/lv\/product\/bernu-ziemas-vejjaka-virgo-300g-10\/\",\"url\":\"https:\/\/shop.huppa.eu\/lv\/product\/bernu-ziemas-vejjaka-virgo-300g-10\/\",\"name\":\"B\u0113rnu ziemas v\u0113jjaka VIRGO (300g) - Huppa LV\",\"isPartOf\":{\"@id\":\"https:\/\/shop.huppa.eu\/lv\/#website\"},\"primaryImageOfPage\":{\"@id\":\"https:\/\/shop.huppa.eu\/lv\/product\/bernu-ziemas-vejjaka-virgo-300g-10\/#primaryimage\"},\"image\":{\"@id\":\"https:\/\/shop.huppa.eu\/lv\/product\/bernu-ziemas-vejjaka-virgo-300g-10\/#primaryimage\"},\"thumbnailUrl\":\"https:\/\/huppashop-prod.s3.eu-north-1.amazonaws.com\/wp-content\/uploads\/sites\/4\/2022\/05\/02152013\/17210030-63186-VIRGOf.png\",\"datePublished\":\"2025-11-24T14:16:06+00:00\",\"dateModified\":\"2026-04-08T10:27:26+00:00\",\"breadcrumb\":{\"@id\":\"https:\/\/shop.huppa.eu\/lv\/product\/bernu-ziemas-vejjaka-virgo-300g-10\/#breadcrumb\"},\"inLanguage\":\"lv-LV\",\"potentialAction\":[{\"@type\":\"ReadAction\",\"target\":[\"https:\/\/shop.huppa.eu\/lv\/product\/bernu-ziemas-vejjaka-virgo-300g-10\/\"]}]},{\"@type\":\"ImageObject\",\"inLanguage\":\"lv-LV\",\"@id\":\"https:\/\/shop.huppa.eu\/lv\/product\/bernu-ziemas-vejjaka-virgo-300g-10\/#primaryimage\",\"url\":\"https:\/\/huppashop-prod.s3.eu-north-1.amazonaws.com\/wp-content\/uploads\/sites\/4\/2022\/05\/02152013\/17210030-63186-VIRGOf.png\",\"contentUrl\":\"https:\/\/huppashop-prod.s3.eu-north-1.amazonaws.com\/wp-content\/uploads\/sites\/4\/2022\/05\/02152013\/17210030-63186-VIRGOf.png\",\"width\":800,\"height\":800},{\"@type\":\"BreadcrumbList\",\"@id\":\"https:\/\/shop.huppa.eu\/lv\/product\/bernu-ziemas-vejjaka-virgo-300g-10\/#breadcrumb\",\"itemListElement\":[{\"@type\":\"ListItem\",\"position\":1,\"name\":\"Veikals\",\"item\":\"https:\/\/shop.huppa.eu\/lv\/shop\/\"},{\"@type\":\"ListItem\",\"position\":2,\"name\":\"B\u0113rnu ziemas v\u0113jjaka VIRGO (300g)\"}]},{\"@type\":\"WebSite\",\"@id\":\"https:\/\/shop.huppa.eu\/lv\/#website\",\"url\":\"https:\/\/shop.huppa.eu\/lv\/\",\"name\":\"Huppa LV\",\"description\":\"\",\"potentialAction\":[{\"@type\":\"SearchAction\",\"target\":{\"@type\":\"EntryPoint\",\"urlTemplate\":\"https:\/\/shop.huppa.eu\/lv\/?s={search_term_string}\"},\"query-input\":{\"@type\":\"PropertyValueSpecification\",\"valueRequired\":true,\"valueName\":\"search_term_string\"}}],\"inLanguage\":\"lv-LV\"}]}<\/script>\n<!-- \/ Yoast SEO plugin. -->","yoast_head_json":{"title":"B\u0113rnu ziemas v\u0113jjaka VIRGO (300g) - Huppa LV","robots":{"index":"index","follow":"follow","max-snippet":"max-snippet:-1","max-image-preview":"max-image-preview:large","max-video-preview":"max-video-preview:-1"},"canonical":"https:\/\/shop.huppa.eu\/lv\/product\/bernu-ziemas-vejjaka-virgo-300g-10\/","og_locale":"lv_LV","og_type":"article","og_title":"B\u0113rnu ziemas v\u0113jjaka VIRGO (300g) - Huppa LV","og_description":"Paksema vatiiniga m\u00f5nus v\u00e4ikelaste klassikaline talvejope igap\u00e4evasteks toimetusteks. Jopel on puuvillane vooder ning meie kliimasse h\u00e4sti sobiv parajalt hingav ja vettpidav pealiskangas. Mugavamaks kandmiseks on jopel eemaldatav karvaga kapuuts, kummiga varrukasuu ning kaks vahvat taskut leidude hoidmiseks. Helkurdetailid l\u00e4bil\u00f5igetes lisavad turvalisust ka pimedamal ajal liikudes.","og_url":"https:\/\/shop.huppa.eu\/lv\/product\/bernu-ziemas-vejjaka-virgo-300g-10\/","og_site_name":"Huppa LV","article_modified_time":"2026-04-08T10:27:26+00:00","og_image":[{"width":800,"height":800,"url":"https:\/\/huppashop-prod.s3.eu-north-1.amazonaws.com\/wp-content\/uploads\/sites\/4\/2022\/05\/02152013\/17210030-63186-VIRGOf.png","type":"image\/png"}],"twitter_card":"summary_large_image","schema":{"@context":"https:\/\/schema.org","@graph":[{"@type":"WebPage","@id":"https:\/\/shop.huppa.eu\/lv\/product\/bernu-ziemas-vejjaka-virgo-300g-10\/","url":"https:\/\/shop.huppa.eu\/lv\/product\/bernu-ziemas-vejjaka-virgo-300g-10\/","name":"B\u0113rnu ziemas v\u0113jjaka VIRGO (300g) - Huppa LV","isPartOf":{"@id":"https:\/\/shop.huppa.eu\/lv\/#website"},"primaryImageOfPage":{"@id":"https:\/\/shop.huppa.eu\/lv\/product\/bernu-ziemas-vejjaka-virgo-300g-10\/#primaryimage"},"image":{"@id":"https:\/\/shop.huppa.eu\/lv\/product\/bernu-ziemas-vejjaka-virgo-300g-10\/#primaryimage"},"thumbnailUrl":"https:\/\/huppashop-prod.s3.eu-north-1.amazonaws.com\/wp-content\/uploads\/sites\/4\/2022\/05\/02152013\/17210030-63186-VIRGOf.png","datePublished":"2025-11-24T14:16:06+00:00","dateModified":"2026-04-08T10:27:26+00:00","breadcrumb":{"@id":"https:\/\/shop.huppa.eu\/lv\/product\/bernu-ziemas-vejjaka-virgo-300g-10\/#breadcrumb"},"inLanguage":"lv-LV","potentialAction":[{"@type":"ReadAction","target":["https:\/\/shop.huppa.eu\/lv\/product\/bernu-ziemas-vejjaka-virgo-300g-10\/"]}]},{"@type":"ImageObject","inLanguage":"lv-LV","@id":"https:\/\/shop.huppa.eu\/lv\/product\/bernu-ziemas-vejjaka-virgo-300g-10\/#primaryimage","url":"https:\/\/huppashop-prod.s3.eu-north-1.amazonaws.com\/wp-content\/uploads\/sites\/4\/2022\/05\/02152013\/17210030-63186-VIRGOf.png","contentUrl":"https:\/\/huppashop-prod.s3.eu-north-1.amazonaws.com\/wp-content\/uploads\/sites\/4\/2022\/05\/02152013\/17210030-63186-VIRGOf.png","width":800,"height":800},{"@type":"BreadcrumbList","@id":"https:\/\/shop.huppa.eu\/lv\/product\/bernu-ziemas-vejjaka-virgo-300g-10\/#breadcrumb","itemListElement":[{"@type":"ListItem","position":1,"name":"Veikals","item":"https:\/\/shop.huppa.eu\/lv\/shop\/"},{"@type":"ListItem","position":2,"name":"B\u0113rnu ziemas v\u0113jjaka VIRGO (300g)"}]},{"@type":"WebSite","@id":"https:\/\/shop.huppa.eu\/lv\/#website","url":"https:\/\/shop.huppa.eu\/lv\/","name":"Huppa LV","description":"","potentialAction":[{"@type":"SearchAction","target":{"@type":"EntryPoint","urlTemplate":"https:\/\/shop.huppa.eu\/lv\/?s={search_term_string}"},"query-input":{"@type":"PropertyValueSpecification","valueRequired":true,"valueName":"search_term_string"}}],"inLanguage":"lv-LV"}]}},"_links":{"self":[{"href":"https:\/\/shop.huppa.eu\/lv\/wp-json\/wp\/v2\/product\/540036","targetHints":{"allow":["GET"]}}],"collection":[{"href":"https:\/\/shop.huppa.eu\/lv\/wp-json\/wp\/v2\/product"}],"about":[{"href":"https:\/\/shop.huppa.eu\/lv\/wp-json\/wp\/v2\/types\/product"}],"wp:featuredmedia":[{"embeddable":true,"href":"https:\/\/shop.huppa.eu\/lv\/wp-json\/wp\/v2\/media\/486613"}],"wp:attachment":[{"href":"https:\/\/shop.huppa.eu\/lv\/wp-json\/wp\/v2\/media?parent=540036"}],"wp:term":[{"taxonomy":"product_brand","embeddable":true,"href":"https:\/\/shop.huppa.eu\/lv\/wp-json\/wp\/v2\/product_brand?post=540036"},{"taxonomy":"product_cat","embeddable":true,"href":"https:\/\/shop.huppa.eu\/lv\/wp-json\/wp\/v2\/product_cat?post=540036"},{"taxonomy":"product_tag","embeddable":true,"href":"https:\/\/shop.huppa.eu\/lv\/wp-json\/wp\/v2\/product_tag?post=540036"}],"curies":[{"name":"wp","href":"https:\/\/api.w.org\/{rel}","templated":true}]}}