{"id":540477,"date":"2025-11-24T16:24:40","date_gmt":"2025-11-24T14:24:40","guid":{"rendered":"https:\/\/shop.huppa.eu\/lv\/product\/meitenu-ziemas-vejjaka-rosa-1-300g-10\/"},"modified":"2026-04-08T12:34:19","modified_gmt":"2026-04-08T10:34:19","slug":"meitenu-ziemas-vejjaka-rosa-1-300g-10","status":"publish","type":"product","link":"https:\/\/shop.huppa.eu\/lv\/product\/meitenu-ziemas-vejjaka-rosa-1-300g-10\/","title":{"rendered":"Meite\u0146u ziemas v\u0113jjaka ROSA 1 (300g)"},"content":{"rendered":"<p>T\u00fcdrukute kaunil\u00f5ikeline sooja 300 g vatiiniga talvejope. Jopel on m\u00f5nus karvane Teddy Fur ja taftvooder ning meie kliimasse h\u00e4sti sobiv parajalt hingav ja vetth\u00fclgav pealiskangas. Mugavamaks kandmiseks on jopel k\u00fclma tuule eest kaitsev eemaldatav kapuuts eraldi eemaldatava naturaalkarvaga, sisemine mansett varrukasuus ning lukuga taskud v\u00e4\u00e4rtuslike asjade hoidmiseks. L\u00e4bil\u00f5igetes on rohkelt helkurdetaile, mis lubavad noorel neiul ka pimedamal ajal turvaliselt liikuda.<\/p>\n","protected":false},"excerpt":{"rendered":"<p>T\u00fcdrukute kaunil\u00f5ikeline sooja 300 g vatiiniga talvejope. Jopel on m\u00f5nus karvane Teddy Fur ja taftvooder ning meie kliimasse h\u00e4sti sobiv parajalt hingav ja vetth\u00fclgav pealiskangas. Mugavamaks kandmiseks on jopel k\u00fclma tuule eest kaitsev eemaldatav kapuuts eraldi eemaldatava naturaalkarvaga, sisemine mansett varrukasuus ning lukuga taskud v\u00e4\u00e4rtuslike asjade hoidmiseks. L\u00e4bil\u00f5igetes on rohkelt helkurdetaile, mis lubavad noorel neiul [&hellip;]<\/p>\n","protected":false},"featured_media":437901,"template":"","meta":{"_acf_changed":false},"product_brand":[],"product_cat":[8831,104,122,123,105],"product_tag":[],"class_list":{"0":"post-540477","1":"product","2":"type-product","3":"status-publish","4":"has-post-thumbnail","6":"product_cat-vejjakas-top","7":"product_cat-berniem","8":"product_cat-meitenes","9":"product_cat-vejjakas-meitenes","10":"product_cat-vejjakas","11":"pa_auduma-gaisa-caurlaidiba-5000g-m-24h","12":"pa_auduma-udens-caurlaidiba-5000mm","13":"pa_dzimums-meitenes","14":"pa_izmers-95","15":"pa_izmers-117","16":"pa_izmers-118","17":"pa_izmers-120","18":"pa_izolacijas-svars-300g","19":"pa_kolekcija-fashion","20":"pa_kolekcijas-nr-w20-21","21":"pa_produkta-kods-17910130-01734","22":"pa_raksts-rakstaina-krasa","23":"pa_sezona-ziema","24":"pa_siltinajums-300g","25":"pa_vecuma-grupa-berniem","27":"first","28":"instock","29":"sale","30":"taxable","31":"shipping-taxable","32":"purchasable","33":"product-type-variable"},"acf":[],"yoast_head":"<!-- This site is optimized with the Yoast SEO plugin v26.8 - https:\/\/yoast.com\/product\/yoast-seo-wordpress\/ -->\n<title>Meite\u0146u ziemas v\u0113jjaka ROSA 1 (300g) - Huppa LV<\/title>\n<meta name=\"robots\" content=\"index, follow, max-snippet:-1, max-image-preview:large, max-video-preview:-1\" \/>\n<link rel=\"canonical\" href=\"https:\/\/shop.huppa.eu\/lv\/product\/meitenu-ziemas-vejjaka-rosa-1-300g-10\/\" \/>\n<meta property=\"og:locale\" content=\"lv_LV\" \/>\n<meta property=\"og:type\" content=\"article\" \/>\n<meta property=\"og:title\" content=\"Meite\u0146u ziemas v\u0113jjaka ROSA 1 (300g) - Huppa LV\" \/>\n<meta property=\"og:description\" content=\"T\u00fcdrukute kaunil\u00f5ikeline sooja 300 g vatiiniga talvejope. Jopel on m\u00f5nus karvane Teddy Fur ja taftvooder ning meie kliimasse h\u00e4sti sobiv parajalt hingav ja vetth\u00fclgav pealiskangas. Mugavamaks kandmiseks on jopel k\u00fclma tuule eest kaitsev eemaldatav kapuuts eraldi eemaldatava naturaalkarvaga, sisemine mansett varrukasuus ning lukuga taskud v\u00e4\u00e4rtuslike asjade hoidmiseks. L\u00e4bil\u00f5igetes on rohkelt helkurdetaile, mis lubavad noorel neiul [&hellip;]\" \/>\n<meta property=\"og:url\" content=\"https:\/\/shop.huppa.eu\/lv\/product\/meitenu-ziemas-vejjaka-rosa-1-300g-10\/\" \/>\n<meta property=\"og:site_name\" content=\"Huppa LV\" \/>\n<meta property=\"article:modified_time\" content=\"2026-04-08T10:34:19+00:00\" \/>\n<meta property=\"og:image\" content=\"https:\/\/huppashop-prod.s3.eu-north-1.amazonaws.com\/wp-content\/uploads\/sites\/2\/2021\/06\/08014536\/17910130-01734-ROSA1_f.jpg\" \/>\n\t<meta property=\"og:image:width\" content=\"1200\" \/>\n\t<meta property=\"og:image:height\" content=\"1200\" \/>\n\t<meta property=\"og:image:type\" content=\"image\/jpeg\" \/>\n<meta name=\"twitter:card\" content=\"summary_large_image\" \/>\n<script type=\"application\/ld+json\" class=\"yoast-schema-graph\">{\"@context\":\"https:\/\/schema.org\",\"@graph\":[{\"@type\":\"WebPage\",\"@id\":\"https:\/\/shop.huppa.eu\/lv\/product\/meitenu-ziemas-vejjaka-rosa-1-300g-10\/\",\"url\":\"https:\/\/shop.huppa.eu\/lv\/product\/meitenu-ziemas-vejjaka-rosa-1-300g-10\/\",\"name\":\"Meite\u0146u ziemas v\u0113jjaka ROSA 1 (300g) - Huppa LV\",\"isPartOf\":{\"@id\":\"https:\/\/shop.huppa.eu\/lv\/#website\"},\"primaryImageOfPage\":{\"@id\":\"https:\/\/shop.huppa.eu\/lv\/product\/meitenu-ziemas-vejjaka-rosa-1-300g-10\/#primaryimage\"},\"image\":{\"@id\":\"https:\/\/shop.huppa.eu\/lv\/product\/meitenu-ziemas-vejjaka-rosa-1-300g-10\/#primaryimage\"},\"thumbnailUrl\":\"https:\/\/huppashop-prod.s3.eu-north-1.amazonaws.com\/wp-content\/uploads\/sites\/2\/2021\/06\/08014536\/17910130-01734-ROSA1_f.jpg\",\"datePublished\":\"2025-11-24T14:24:40+00:00\",\"dateModified\":\"2026-04-08T10:34:19+00:00\",\"breadcrumb\":{\"@id\":\"https:\/\/shop.huppa.eu\/lv\/product\/meitenu-ziemas-vejjaka-rosa-1-300g-10\/#breadcrumb\"},\"inLanguage\":\"lv-LV\",\"potentialAction\":[{\"@type\":\"ReadAction\",\"target\":[\"https:\/\/shop.huppa.eu\/lv\/product\/meitenu-ziemas-vejjaka-rosa-1-300g-10\/\"]}]},{\"@type\":\"ImageObject\",\"inLanguage\":\"lv-LV\",\"@id\":\"https:\/\/shop.huppa.eu\/lv\/product\/meitenu-ziemas-vejjaka-rosa-1-300g-10\/#primaryimage\",\"url\":\"https:\/\/huppashop-prod.s3.eu-north-1.amazonaws.com\/wp-content\/uploads\/sites\/2\/2021\/06\/08014536\/17910130-01734-ROSA1_f.jpg\",\"contentUrl\":\"https:\/\/huppashop-prod.s3.eu-north-1.amazonaws.com\/wp-content\/uploads\/sites\/2\/2021\/06\/08014536\/17910130-01734-ROSA1_f.jpg\",\"width\":1200,\"height\":1200},{\"@type\":\"BreadcrumbList\",\"@id\":\"https:\/\/shop.huppa.eu\/lv\/product\/meitenu-ziemas-vejjaka-rosa-1-300g-10\/#breadcrumb\",\"itemListElement\":[{\"@type\":\"ListItem\",\"position\":1,\"name\":\"Veikals\",\"item\":\"https:\/\/shop.huppa.eu\/lv\/shop\/\"},{\"@type\":\"ListItem\",\"position\":2,\"name\":\"Meite\u0146u ziemas v\u0113jjaka ROSA 1 (300g)\"}]},{\"@type\":\"WebSite\",\"@id\":\"https:\/\/shop.huppa.eu\/lv\/#website\",\"url\":\"https:\/\/shop.huppa.eu\/lv\/\",\"name\":\"Huppa LV\",\"description\":\"\",\"potentialAction\":[{\"@type\":\"SearchAction\",\"target\":{\"@type\":\"EntryPoint\",\"urlTemplate\":\"https:\/\/shop.huppa.eu\/lv\/?s={search_term_string}\"},\"query-input\":{\"@type\":\"PropertyValueSpecification\",\"valueRequired\":true,\"valueName\":\"search_term_string\"}}],\"inLanguage\":\"lv-LV\"}]}<\/script>\n<!-- \/ Yoast SEO plugin. -->","yoast_head_json":{"title":"Meite\u0146u ziemas v\u0113jjaka ROSA 1 (300g) - Huppa LV","robots":{"index":"index","follow":"follow","max-snippet":"max-snippet:-1","max-image-preview":"max-image-preview:large","max-video-preview":"max-video-preview:-1"},"canonical":"https:\/\/shop.huppa.eu\/lv\/product\/meitenu-ziemas-vejjaka-rosa-1-300g-10\/","og_locale":"lv_LV","og_type":"article","og_title":"Meite\u0146u ziemas v\u0113jjaka ROSA 1 (300g) - Huppa LV","og_description":"T\u00fcdrukute kaunil\u00f5ikeline sooja 300 g vatiiniga talvejope. Jopel on m\u00f5nus karvane Teddy Fur ja taftvooder ning meie kliimasse h\u00e4sti sobiv parajalt hingav ja vetth\u00fclgav pealiskangas. Mugavamaks kandmiseks on jopel k\u00fclma tuule eest kaitsev eemaldatav kapuuts eraldi eemaldatava naturaalkarvaga, sisemine mansett varrukasuus ning lukuga taskud v\u00e4\u00e4rtuslike asjade hoidmiseks. L\u00e4bil\u00f5igetes on rohkelt helkurdetaile, mis lubavad noorel neiul [&hellip;]","og_url":"https:\/\/shop.huppa.eu\/lv\/product\/meitenu-ziemas-vejjaka-rosa-1-300g-10\/","og_site_name":"Huppa LV","article_modified_time":"2026-04-08T10:34:19+00:00","og_image":[{"width":1200,"height":1200,"url":"https:\/\/huppashop-prod.s3.eu-north-1.amazonaws.com\/wp-content\/uploads\/sites\/2\/2021\/06\/08014536\/17910130-01734-ROSA1_f.jpg","type":"image\/jpeg"}],"twitter_card":"summary_large_image","schema":{"@context":"https:\/\/schema.org","@graph":[{"@type":"WebPage","@id":"https:\/\/shop.huppa.eu\/lv\/product\/meitenu-ziemas-vejjaka-rosa-1-300g-10\/","url":"https:\/\/shop.huppa.eu\/lv\/product\/meitenu-ziemas-vejjaka-rosa-1-300g-10\/","name":"Meite\u0146u ziemas v\u0113jjaka ROSA 1 (300g) - Huppa LV","isPartOf":{"@id":"https:\/\/shop.huppa.eu\/lv\/#website"},"primaryImageOfPage":{"@id":"https:\/\/shop.huppa.eu\/lv\/product\/meitenu-ziemas-vejjaka-rosa-1-300g-10\/#primaryimage"},"image":{"@id":"https:\/\/shop.huppa.eu\/lv\/product\/meitenu-ziemas-vejjaka-rosa-1-300g-10\/#primaryimage"},"thumbnailUrl":"https:\/\/huppashop-prod.s3.eu-north-1.amazonaws.com\/wp-content\/uploads\/sites\/2\/2021\/06\/08014536\/17910130-01734-ROSA1_f.jpg","datePublished":"2025-11-24T14:24:40+00:00","dateModified":"2026-04-08T10:34:19+00:00","breadcrumb":{"@id":"https:\/\/shop.huppa.eu\/lv\/product\/meitenu-ziemas-vejjaka-rosa-1-300g-10\/#breadcrumb"},"inLanguage":"lv-LV","potentialAction":[{"@type":"ReadAction","target":["https:\/\/shop.huppa.eu\/lv\/product\/meitenu-ziemas-vejjaka-rosa-1-300g-10\/"]}]},{"@type":"ImageObject","inLanguage":"lv-LV","@id":"https:\/\/shop.huppa.eu\/lv\/product\/meitenu-ziemas-vejjaka-rosa-1-300g-10\/#primaryimage","url":"https:\/\/huppashop-prod.s3.eu-north-1.amazonaws.com\/wp-content\/uploads\/sites\/2\/2021\/06\/08014536\/17910130-01734-ROSA1_f.jpg","contentUrl":"https:\/\/huppashop-prod.s3.eu-north-1.amazonaws.com\/wp-content\/uploads\/sites\/2\/2021\/06\/08014536\/17910130-01734-ROSA1_f.jpg","width":1200,"height":1200},{"@type":"BreadcrumbList","@id":"https:\/\/shop.huppa.eu\/lv\/product\/meitenu-ziemas-vejjaka-rosa-1-300g-10\/#breadcrumb","itemListElement":[{"@type":"ListItem","position":1,"name":"Veikals","item":"https:\/\/shop.huppa.eu\/lv\/shop\/"},{"@type":"ListItem","position":2,"name":"Meite\u0146u ziemas v\u0113jjaka ROSA 1 (300g)"}]},{"@type":"WebSite","@id":"https:\/\/shop.huppa.eu\/lv\/#website","url":"https:\/\/shop.huppa.eu\/lv\/","name":"Huppa LV","description":"","potentialAction":[{"@type":"SearchAction","target":{"@type":"EntryPoint","urlTemplate":"https:\/\/shop.huppa.eu\/lv\/?s={search_term_string}"},"query-input":{"@type":"PropertyValueSpecification","valueRequired":true,"valueName":"search_term_string"}}],"inLanguage":"lv-LV"}]}},"_links":{"self":[{"href":"https:\/\/shop.huppa.eu\/lv\/wp-json\/wp\/v2\/product\/540477","targetHints":{"allow":["GET"]}}],"collection":[{"href":"https:\/\/shop.huppa.eu\/lv\/wp-json\/wp\/v2\/product"}],"about":[{"href":"https:\/\/shop.huppa.eu\/lv\/wp-json\/wp\/v2\/types\/product"}],"wp:featuredmedia":[{"embeddable":true,"href":"https:\/\/shop.huppa.eu\/lv\/wp-json\/wp\/v2\/media\/437901"}],"wp:attachment":[{"href":"https:\/\/shop.huppa.eu\/lv\/wp-json\/wp\/v2\/media?parent=540477"}],"wp:term":[{"taxonomy":"product_brand","embeddable":true,"href":"https:\/\/shop.huppa.eu\/lv\/wp-json\/wp\/v2\/product_brand?post=540477"},{"taxonomy":"product_cat","embeddable":true,"href":"https:\/\/shop.huppa.eu\/lv\/wp-json\/wp\/v2\/product_cat?post=540477"},{"taxonomy":"product_tag","embeddable":true,"href":"https:\/\/shop.huppa.eu\/lv\/wp-json\/wp\/v2\/product_tag?post=540477"}],"curies":[{"name":"wp","href":"https:\/\/api.w.org\/{rel}","templated":true}]}}