{"id":541228,"date":"2025-11-24T16:40:05","date_gmt":"2025-11-24T14:40:05","guid":{"rendered":"https:\/\/shop.huppa.eu\/lv\/product\/viriesu-ziemas-metelis-aron-200g\/"},"modified":"2026-04-08T12:48:57","modified_gmt":"2026-04-08T10:48:57","slug":"viriesu-ziemas-metelis-aron-200g","status":"publish","type":"product","link":"https:\/\/shop.huppa.eu\/lv\/product\/viriesu-ziemas-metelis-aron-200g\/","title":{"rendered":"V\u012brie\u0161u ziemas m\u0113telis ARON (200g)"},"content":{"rendered":"<p>Parka v\u012brie\u0161iem ar 200 g siltin\u0101jumu. V\u0113ja un \u016bdens necaurlaid\u012bgais audums k\u0101 ar\u012b nol\u012bm\u0113t\u0101s no\u0161uves pasarg\u0101s no aukstuma un mitruma. Kapuce ar no\u0146emamu ka\u017eok\u0101das apmali, virskabatas ar spiedpog\u0101m, s\u0101nu kabatas ar r\u0101v\u0113jsl\u0113dz\u0113jiem. Virs\u0113jais audums ar atstarojo\u0161\u0101m deta\u013c\u0101m.<\/p>\n","protected":false},"excerpt":{"rendered":"<p>Parka v\u012brie\u0161iem ar 200 g siltin\u0101jumu. V\u0113ja un \u016bdens necaurlaid\u012bgais audums k\u0101 ar\u012b nol\u012bm\u0113t\u0101s no\u0161uves pasarg\u0101s no aukstuma un mitruma. Kapuce ar no\u0146emamu ka\u017eok\u0101das apmali, virskabatas ar spiedpog\u0101m, s\u0101nu kabatas ar r\u0101v\u0113jsl\u0113dz\u0113jiem. Virs\u0113jais audums ar atstarojo\u0161\u0101m deta\u013c\u0101m.<\/p>\n","protected":false},"featured_media":531543,"template":"","meta":{"_acf_changed":false},"product_brand":[],"product_cat":[138,159,8817,158,8815],"product_tag":[],"class_list":{"0":"post-541228","1":"product","2":"type-product","3":"status-publish","4":"has-post-thumbnail","6":"product_cat-meteli","7":"product_cat-meteli-pieaugusajiem","8":"product_cat-meteli-viriesi","9":"product_cat-pieaugusajiem","10":"product_cat-viriesi","11":"pa_auduma-gaisa-caurlaidiba-10000g-m-24h","12":"pa_auduma-udens-caurlaidiba-10000mm","13":"pa_dzimums-viriesi","14":"pa_izmers-l","15":"pa_izmers-m","16":"pa_izmers-s","17":"pa_izmers-xl","18":"pa_izmers-xxl","19":"pa_izmers-xxxl","20":"pa_izolacijas-svars-200g","21":"pa_kolekcija-fashion","22":"pa_kolekcijas-nr-w20-21","23":"pa_produkta-kods-18298020-80066","24":"pa_raksts-vienkrasains","25":"pa_sezona-ziema","26":"pa_siltinajums-200g","27":"pa_vecuma-grupa-pieaugusajiem","29":"first","30":"instock","31":"sale","32":"taxable","33":"shipping-taxable","34":"purchasable","35":"product-type-variable"},"acf":[],"yoast_head":"<!-- This site is optimized with the Yoast SEO plugin v26.8 - https:\/\/yoast.com\/product\/yoast-seo-wordpress\/ -->\n<title>V\u012brie\u0161u ziemas m\u0113telis ARON (200g) - Huppa LV<\/title>\n<meta name=\"robots\" content=\"index, follow, max-snippet:-1, max-image-preview:large, max-video-preview:-1\" \/>\n<link rel=\"canonical\" href=\"https:\/\/shop.huppa.eu\/lv\/product\/viriesu-ziemas-metelis-aron-200g\/\" \/>\n<meta property=\"og:locale\" content=\"lv_LV\" \/>\n<meta property=\"og:type\" content=\"article\" \/>\n<meta property=\"og:title\" content=\"V\u012brie\u0161u ziemas m\u0113telis ARON (200g) - Huppa LV\" \/>\n<meta property=\"og:description\" content=\"Parka v\u012brie\u0161iem ar 200 g siltin\u0101jumu. V\u0113ja un \u016bdens necaurlaid\u012bgais audums k\u0101 ar\u012b nol\u012bm\u0113t\u0101s no\u0161uves pasarg\u0101s no aukstuma un mitruma. Kapuce ar no\u0146emamu ka\u017eok\u0101das apmali, virskabatas ar spiedpog\u0101m, s\u0101nu kabatas ar r\u0101v\u0113jsl\u0113dz\u0113jiem. Virs\u0113jais audums ar atstarojo\u0161\u0101m deta\u013c\u0101m.\" \/>\n<meta property=\"og:url\" content=\"https:\/\/shop.huppa.eu\/lv\/product\/viriesu-ziemas-metelis-aron-200g\/\" \/>\n<meta property=\"og:site_name\" content=\"Huppa LV\" \/>\n<meta property=\"article:modified_time\" content=\"2026-04-08T10:48:57+00:00\" \/>\n<meta property=\"og:image\" content=\"https:\/\/huppashop-prod.s3.eu-north-1.amazonaws.com\/wp-content\/uploads\/sites\/4\/2025\/02\/19020142\/18298020-80066-ARON1_mw_f.jpg\" \/>\n\t<meta property=\"og:image:width\" content=\"1200\" \/>\n\t<meta property=\"og:image:height\" content=\"1200\" \/>\n\t<meta property=\"og:image:type\" content=\"image\/jpeg\" \/>\n<meta name=\"twitter:card\" content=\"summary_large_image\" \/>\n<script type=\"application\/ld+json\" class=\"yoast-schema-graph\">{\"@context\":\"https:\/\/schema.org\",\"@graph\":[{\"@type\":\"WebPage\",\"@id\":\"https:\/\/shop.huppa.eu\/lv\/product\/viriesu-ziemas-metelis-aron-200g\/\",\"url\":\"https:\/\/shop.huppa.eu\/lv\/product\/viriesu-ziemas-metelis-aron-200g\/\",\"name\":\"V\u012brie\u0161u ziemas m\u0113telis ARON (200g) - Huppa LV\",\"isPartOf\":{\"@id\":\"https:\/\/shop.huppa.eu\/lv\/#website\"},\"primaryImageOfPage\":{\"@id\":\"https:\/\/shop.huppa.eu\/lv\/product\/viriesu-ziemas-metelis-aron-200g\/#primaryimage\"},\"image\":{\"@id\":\"https:\/\/shop.huppa.eu\/lv\/product\/viriesu-ziemas-metelis-aron-200g\/#primaryimage\"},\"thumbnailUrl\":\"https:\/\/huppashop-prod.s3.eu-north-1.amazonaws.com\/wp-content\/uploads\/sites\/4\/2025\/02\/19020142\/18298020-80066-ARON1_mw_f.jpg\",\"datePublished\":\"2025-11-24T14:40:05+00:00\",\"dateModified\":\"2026-04-08T10:48:57+00:00\",\"breadcrumb\":{\"@id\":\"https:\/\/shop.huppa.eu\/lv\/product\/viriesu-ziemas-metelis-aron-200g\/#breadcrumb\"},\"inLanguage\":\"lv-LV\",\"potentialAction\":[{\"@type\":\"ReadAction\",\"target\":[\"https:\/\/shop.huppa.eu\/lv\/product\/viriesu-ziemas-metelis-aron-200g\/\"]}]},{\"@type\":\"ImageObject\",\"inLanguage\":\"lv-LV\",\"@id\":\"https:\/\/shop.huppa.eu\/lv\/product\/viriesu-ziemas-metelis-aron-200g\/#primaryimage\",\"url\":\"https:\/\/huppashop-prod.s3.eu-north-1.amazonaws.com\/wp-content\/uploads\/sites\/4\/2025\/02\/19020142\/18298020-80066-ARON1_mw_f.jpg\",\"contentUrl\":\"https:\/\/huppashop-prod.s3.eu-north-1.amazonaws.com\/wp-content\/uploads\/sites\/4\/2025\/02\/19020142\/18298020-80066-ARON1_mw_f.jpg\",\"width\":1200,\"height\":1200},{\"@type\":\"BreadcrumbList\",\"@id\":\"https:\/\/shop.huppa.eu\/lv\/product\/viriesu-ziemas-metelis-aron-200g\/#breadcrumb\",\"itemListElement\":[{\"@type\":\"ListItem\",\"position\":1,\"name\":\"Veikals\",\"item\":\"https:\/\/shop.huppa.eu\/lv\/shop\/\"},{\"@type\":\"ListItem\",\"position\":2,\"name\":\"V\u012brie\u0161u ziemas m\u0113telis ARON (200g)\"}]},{\"@type\":\"WebSite\",\"@id\":\"https:\/\/shop.huppa.eu\/lv\/#website\",\"url\":\"https:\/\/shop.huppa.eu\/lv\/\",\"name\":\"Huppa LV\",\"description\":\"\",\"potentialAction\":[{\"@type\":\"SearchAction\",\"target\":{\"@type\":\"EntryPoint\",\"urlTemplate\":\"https:\/\/shop.huppa.eu\/lv\/?s={search_term_string}\"},\"query-input\":{\"@type\":\"PropertyValueSpecification\",\"valueRequired\":true,\"valueName\":\"search_term_string\"}}],\"inLanguage\":\"lv-LV\"}]}<\/script>\n<!-- \/ Yoast SEO plugin. -->","yoast_head_json":{"title":"V\u012brie\u0161u ziemas m\u0113telis ARON (200g) - Huppa LV","robots":{"index":"index","follow":"follow","max-snippet":"max-snippet:-1","max-image-preview":"max-image-preview:large","max-video-preview":"max-video-preview:-1"},"canonical":"https:\/\/shop.huppa.eu\/lv\/product\/viriesu-ziemas-metelis-aron-200g\/","og_locale":"lv_LV","og_type":"article","og_title":"V\u012brie\u0161u ziemas m\u0113telis ARON (200g) - Huppa LV","og_description":"Parka v\u012brie\u0161iem ar 200 g siltin\u0101jumu. V\u0113ja un \u016bdens necaurlaid\u012bgais audums k\u0101 ar\u012b nol\u012bm\u0113t\u0101s no\u0161uves pasarg\u0101s no aukstuma un mitruma. Kapuce ar no\u0146emamu ka\u017eok\u0101das apmali, virskabatas ar spiedpog\u0101m, s\u0101nu kabatas ar r\u0101v\u0113jsl\u0113dz\u0113jiem. Virs\u0113jais audums ar atstarojo\u0161\u0101m deta\u013c\u0101m.","og_url":"https:\/\/shop.huppa.eu\/lv\/product\/viriesu-ziemas-metelis-aron-200g\/","og_site_name":"Huppa LV","article_modified_time":"2026-04-08T10:48:57+00:00","og_image":[{"width":1200,"height":1200,"url":"https:\/\/huppashop-prod.s3.eu-north-1.amazonaws.com\/wp-content\/uploads\/sites\/4\/2025\/02\/19020142\/18298020-80066-ARON1_mw_f.jpg","type":"image\/jpeg"}],"twitter_card":"summary_large_image","schema":{"@context":"https:\/\/schema.org","@graph":[{"@type":"WebPage","@id":"https:\/\/shop.huppa.eu\/lv\/product\/viriesu-ziemas-metelis-aron-200g\/","url":"https:\/\/shop.huppa.eu\/lv\/product\/viriesu-ziemas-metelis-aron-200g\/","name":"V\u012brie\u0161u ziemas m\u0113telis ARON (200g) - Huppa LV","isPartOf":{"@id":"https:\/\/shop.huppa.eu\/lv\/#website"},"primaryImageOfPage":{"@id":"https:\/\/shop.huppa.eu\/lv\/product\/viriesu-ziemas-metelis-aron-200g\/#primaryimage"},"image":{"@id":"https:\/\/shop.huppa.eu\/lv\/product\/viriesu-ziemas-metelis-aron-200g\/#primaryimage"},"thumbnailUrl":"https:\/\/huppashop-prod.s3.eu-north-1.amazonaws.com\/wp-content\/uploads\/sites\/4\/2025\/02\/19020142\/18298020-80066-ARON1_mw_f.jpg","datePublished":"2025-11-24T14:40:05+00:00","dateModified":"2026-04-08T10:48:57+00:00","breadcrumb":{"@id":"https:\/\/shop.huppa.eu\/lv\/product\/viriesu-ziemas-metelis-aron-200g\/#breadcrumb"},"inLanguage":"lv-LV","potentialAction":[{"@type":"ReadAction","target":["https:\/\/shop.huppa.eu\/lv\/product\/viriesu-ziemas-metelis-aron-200g\/"]}]},{"@type":"ImageObject","inLanguage":"lv-LV","@id":"https:\/\/shop.huppa.eu\/lv\/product\/viriesu-ziemas-metelis-aron-200g\/#primaryimage","url":"https:\/\/huppashop-prod.s3.eu-north-1.amazonaws.com\/wp-content\/uploads\/sites\/4\/2025\/02\/19020142\/18298020-80066-ARON1_mw_f.jpg","contentUrl":"https:\/\/huppashop-prod.s3.eu-north-1.amazonaws.com\/wp-content\/uploads\/sites\/4\/2025\/02\/19020142\/18298020-80066-ARON1_mw_f.jpg","width":1200,"height":1200},{"@type":"BreadcrumbList","@id":"https:\/\/shop.huppa.eu\/lv\/product\/viriesu-ziemas-metelis-aron-200g\/#breadcrumb","itemListElement":[{"@type":"ListItem","position":1,"name":"Veikals","item":"https:\/\/shop.huppa.eu\/lv\/shop\/"},{"@type":"ListItem","position":2,"name":"V\u012brie\u0161u ziemas m\u0113telis ARON (200g)"}]},{"@type":"WebSite","@id":"https:\/\/shop.huppa.eu\/lv\/#website","url":"https:\/\/shop.huppa.eu\/lv\/","name":"Huppa LV","description":"","potentialAction":[{"@type":"SearchAction","target":{"@type":"EntryPoint","urlTemplate":"https:\/\/shop.huppa.eu\/lv\/?s={search_term_string}"},"query-input":{"@type":"PropertyValueSpecification","valueRequired":true,"valueName":"search_term_string"}}],"inLanguage":"lv-LV"}]}},"_links":{"self":[{"href":"https:\/\/shop.huppa.eu\/lv\/wp-json\/wp\/v2\/product\/541228","targetHints":{"allow":["GET"]}}],"collection":[{"href":"https:\/\/shop.huppa.eu\/lv\/wp-json\/wp\/v2\/product"}],"about":[{"href":"https:\/\/shop.huppa.eu\/lv\/wp-json\/wp\/v2\/types\/product"}],"wp:featuredmedia":[{"embeddable":true,"href":"https:\/\/shop.huppa.eu\/lv\/wp-json\/wp\/v2\/media\/531543"}],"wp:attachment":[{"href":"https:\/\/shop.huppa.eu\/lv\/wp-json\/wp\/v2\/media?parent=541228"}],"wp:term":[{"taxonomy":"product_brand","embeddable":true,"href":"https:\/\/shop.huppa.eu\/lv\/wp-json\/wp\/v2\/product_brand?post=541228"},{"taxonomy":"product_cat","embeddable":true,"href":"https:\/\/shop.huppa.eu\/lv\/wp-json\/wp\/v2\/product_cat?post=541228"},{"taxonomy":"product_tag","embeddable":true,"href":"https:\/\/shop.huppa.eu\/lv\/wp-json\/wp\/v2\/product_tag?post=541228"}],"curies":[{"name":"wp","href":"https:\/\/api.w.org\/{rel}","templated":true}]}}