{"id":542174,"date":"2025-11-24T17:02:37","date_gmt":"2025-11-24T15:02:37","guid":{"rendered":"https:\/\/shop.huppa.eu\/lv\/product\/sieviesu-ziemas-bikses-metta-80g-3\/"},"modified":"2026-04-08T13:12:04","modified_gmt":"2026-04-08T11:12:04","slug":"sieviesu-ziemas-bikses-metta-80g-3","status":"publish","type":"product","link":"https:\/\/shop.huppa.eu\/lv\/product\/sieviesu-ziemas-bikses-metta-80g-3\/","title":{"rendered":"Sievie\u0161u ziemas bikses METTA (80g)"},"content":{"rendered":"<p>\u0112rtas sievie\u0161u \u016bdens un v\u0113ja necaurlaid\u012bg\u0101s bikses ar 80g siltin\u0101jumu Gaisu caurlaid\u012bgs virs\u0113jais audums M\u012bksta bik\u0161u odere Kr\u0101saina gumijas apdare Sniega necaurlaid\u012bgas staras Regul\u0113jams staru platums \u016adens necaurlaid\u012bgi l\u012bm\u0113ti iz\u0161uvumi Auduma virspus\u0113 atstarojo\u0161as deta\u013cas<\/p>\n","protected":false},"excerpt":{"rendered":"<p>\u0112rtas sievie\u0161u \u016bdens un v\u0113ja necaurlaid\u012bg\u0101s bikses ar 80g siltin\u0101jumu Gaisu caurlaid\u012bgs virs\u0113jais audums M\u012bksta bik\u0161u odere Kr\u0101saina gumijas apdare Sniega necaurlaid\u012bgas staras Regul\u0113jams staru platums \u016adens necaurlaid\u012bgi l\u012bm\u0113ti iz\u0161uvumi Auduma virspus\u0113 atstarojo\u0161as deta\u013cas<\/p>\n","protected":false},"featured_media":508666,"template":"","meta":{"_acf_changed":false},"product_brand":[],"product_cat":[1332,8820,1135,158,8812],"product_tag":[],"class_list":{"0":"post-542174","1":"product","2":"type-product","3":"status-publish","4":"has-post-thumbnail","6":"product_cat-bikses-pieaugusajiem","7":"product_cat-bikses-sievietes","8":"product_cat-bikses","9":"product_cat-pieaugusajiem","10":"product_cat-sievietes","11":"pa_auduma-gaisa-caurlaidiba-10000g-m-24h","12":"pa_auduma-udens-caurlaidiba-10000mm","13":"pa_dzimums-sievietes","14":"pa_izmers-l","15":"pa_izmers-xs","16":"pa_izolacijas-svars-80g","17":"pa_kolekcija-fashion","18":"pa_kolekcijas-nr-w22-23","19":"pa_produkta-kods-26598008-70035","20":"pa_raksts-vienkrasains","21":"pa_sezona-semi-season","22":"pa_siltinajums-80g","23":"pa_vecuma-grupa-pieaugusajiem","25":"first","26":"instock","27":"sale","28":"taxable","29":"shipping-taxable","30":"purchasable","31":"product-type-variable"},"acf":[],"yoast_head":"<!-- This site is optimized with the Yoast SEO plugin v26.8 - https:\/\/yoast.com\/product\/yoast-seo-wordpress\/ -->\n<title>Sievie\u0161u ziemas bikses METTA (80g) - Huppa LV<\/title>\n<meta name=\"robots\" content=\"index, follow, max-snippet:-1, max-image-preview:large, max-video-preview:-1\" \/>\n<link rel=\"canonical\" href=\"https:\/\/shop.huppa.eu\/lv\/product\/sieviesu-ziemas-bikses-metta-80g-3\/\" \/>\n<meta property=\"og:locale\" content=\"lv_LV\" \/>\n<meta property=\"og:type\" content=\"article\" \/>\n<meta property=\"og:title\" content=\"Sievie\u0161u ziemas bikses METTA (80g) - Huppa LV\" \/>\n<meta property=\"og:description\" content=\"\u0112rtas sievie\u0161u \u016bdens un v\u0113ja necaurlaid\u012bg\u0101s bikses ar 80g siltin\u0101jumu Gaisu caurlaid\u012bgs virs\u0113jais audums M\u012bksta bik\u0161u odere Kr\u0101saina gumijas apdare Sniega necaurlaid\u012bgas staras Regul\u0113jams staru platums \u016adens necaurlaid\u012bgi l\u012bm\u0113ti iz\u0161uvumi Auduma virspus\u0113 atstarojo\u0161as deta\u013cas\" \/>\n<meta property=\"og:url\" content=\"https:\/\/shop.huppa.eu\/lv\/product\/sieviesu-ziemas-bikses-metta-80g-3\/\" \/>\n<meta property=\"og:site_name\" content=\"Huppa LV\" \/>\n<meta property=\"article:modified_time\" content=\"2026-04-08T11:12:04+00:00\" \/>\n<meta property=\"og:image\" content=\"https:\/\/huppashop-prod.s3.eu-north-1.amazonaws.com\/wp-content\/uploads\/sites\/4\/2022\/11\/12054836\/26598008-70035-METTA_f.jpg\" \/>\n\t<meta property=\"og:image:width\" content=\"1200\" \/>\n\t<meta property=\"og:image:height\" content=\"1200\" \/>\n\t<meta property=\"og:image:type\" content=\"image\/jpeg\" \/>\n<meta name=\"twitter:card\" content=\"summary_large_image\" \/>\n<script type=\"application\/ld+json\" class=\"yoast-schema-graph\">{\"@context\":\"https:\/\/schema.org\",\"@graph\":[{\"@type\":\"WebPage\",\"@id\":\"https:\/\/shop.huppa.eu\/lv\/product\/sieviesu-ziemas-bikses-metta-80g-3\/\",\"url\":\"https:\/\/shop.huppa.eu\/lv\/product\/sieviesu-ziemas-bikses-metta-80g-3\/\",\"name\":\"Sievie\u0161u ziemas bikses METTA (80g) - Huppa LV\",\"isPartOf\":{\"@id\":\"https:\/\/shop.huppa.eu\/lv\/#website\"},\"primaryImageOfPage\":{\"@id\":\"https:\/\/shop.huppa.eu\/lv\/product\/sieviesu-ziemas-bikses-metta-80g-3\/#primaryimage\"},\"image\":{\"@id\":\"https:\/\/shop.huppa.eu\/lv\/product\/sieviesu-ziemas-bikses-metta-80g-3\/#primaryimage\"},\"thumbnailUrl\":\"https:\/\/huppashop-prod.s3.eu-north-1.amazonaws.com\/wp-content\/uploads\/sites\/4\/2022\/11\/12054836\/26598008-70035-METTA_f.jpg\",\"datePublished\":\"2025-11-24T15:02:37+00:00\",\"dateModified\":\"2026-04-08T11:12:04+00:00\",\"breadcrumb\":{\"@id\":\"https:\/\/shop.huppa.eu\/lv\/product\/sieviesu-ziemas-bikses-metta-80g-3\/#breadcrumb\"},\"inLanguage\":\"lv-LV\",\"potentialAction\":[{\"@type\":\"ReadAction\",\"target\":[\"https:\/\/shop.huppa.eu\/lv\/product\/sieviesu-ziemas-bikses-metta-80g-3\/\"]}]},{\"@type\":\"ImageObject\",\"inLanguage\":\"lv-LV\",\"@id\":\"https:\/\/shop.huppa.eu\/lv\/product\/sieviesu-ziemas-bikses-metta-80g-3\/#primaryimage\",\"url\":\"https:\/\/huppashop-prod.s3.eu-north-1.amazonaws.com\/wp-content\/uploads\/sites\/4\/2022\/11\/12054836\/26598008-70035-METTA_f.jpg\",\"contentUrl\":\"https:\/\/huppashop-prod.s3.eu-north-1.amazonaws.com\/wp-content\/uploads\/sites\/4\/2022\/11\/12054836\/26598008-70035-METTA_f.jpg\",\"width\":1200,\"height\":1200},{\"@type\":\"BreadcrumbList\",\"@id\":\"https:\/\/shop.huppa.eu\/lv\/product\/sieviesu-ziemas-bikses-metta-80g-3\/#breadcrumb\",\"itemListElement\":[{\"@type\":\"ListItem\",\"position\":1,\"name\":\"Veikals\",\"item\":\"https:\/\/shop.huppa.eu\/lv\/shop\/\"},{\"@type\":\"ListItem\",\"position\":2,\"name\":\"Sievie\u0161u ziemas bikses METTA (80g)\"}]},{\"@type\":\"WebSite\",\"@id\":\"https:\/\/shop.huppa.eu\/lv\/#website\",\"url\":\"https:\/\/shop.huppa.eu\/lv\/\",\"name\":\"Huppa LV\",\"description\":\"\",\"potentialAction\":[{\"@type\":\"SearchAction\",\"target\":{\"@type\":\"EntryPoint\",\"urlTemplate\":\"https:\/\/shop.huppa.eu\/lv\/?s={search_term_string}\"},\"query-input\":{\"@type\":\"PropertyValueSpecification\",\"valueRequired\":true,\"valueName\":\"search_term_string\"}}],\"inLanguage\":\"lv-LV\"}]}<\/script>\n<!-- \/ Yoast SEO plugin. -->","yoast_head_json":{"title":"Sievie\u0161u ziemas bikses METTA (80g) - Huppa LV","robots":{"index":"index","follow":"follow","max-snippet":"max-snippet:-1","max-image-preview":"max-image-preview:large","max-video-preview":"max-video-preview:-1"},"canonical":"https:\/\/shop.huppa.eu\/lv\/product\/sieviesu-ziemas-bikses-metta-80g-3\/","og_locale":"lv_LV","og_type":"article","og_title":"Sievie\u0161u ziemas bikses METTA (80g) - Huppa LV","og_description":"\u0112rtas sievie\u0161u \u016bdens un v\u0113ja necaurlaid\u012bg\u0101s bikses ar 80g siltin\u0101jumu Gaisu caurlaid\u012bgs virs\u0113jais audums M\u012bksta bik\u0161u odere Kr\u0101saina gumijas apdare Sniega necaurlaid\u012bgas staras Regul\u0113jams staru platums \u016adens necaurlaid\u012bgi l\u012bm\u0113ti iz\u0161uvumi Auduma virspus\u0113 atstarojo\u0161as deta\u013cas","og_url":"https:\/\/shop.huppa.eu\/lv\/product\/sieviesu-ziemas-bikses-metta-80g-3\/","og_site_name":"Huppa LV","article_modified_time":"2026-04-08T11:12:04+00:00","og_image":[{"width":1200,"height":1200,"url":"https:\/\/huppashop-prod.s3.eu-north-1.amazonaws.com\/wp-content\/uploads\/sites\/4\/2022\/11\/12054836\/26598008-70035-METTA_f.jpg","type":"image\/jpeg"}],"twitter_card":"summary_large_image","schema":{"@context":"https:\/\/schema.org","@graph":[{"@type":"WebPage","@id":"https:\/\/shop.huppa.eu\/lv\/product\/sieviesu-ziemas-bikses-metta-80g-3\/","url":"https:\/\/shop.huppa.eu\/lv\/product\/sieviesu-ziemas-bikses-metta-80g-3\/","name":"Sievie\u0161u ziemas bikses METTA (80g) - Huppa LV","isPartOf":{"@id":"https:\/\/shop.huppa.eu\/lv\/#website"},"primaryImageOfPage":{"@id":"https:\/\/shop.huppa.eu\/lv\/product\/sieviesu-ziemas-bikses-metta-80g-3\/#primaryimage"},"image":{"@id":"https:\/\/shop.huppa.eu\/lv\/product\/sieviesu-ziemas-bikses-metta-80g-3\/#primaryimage"},"thumbnailUrl":"https:\/\/huppashop-prod.s3.eu-north-1.amazonaws.com\/wp-content\/uploads\/sites\/4\/2022\/11\/12054836\/26598008-70035-METTA_f.jpg","datePublished":"2025-11-24T15:02:37+00:00","dateModified":"2026-04-08T11:12:04+00:00","breadcrumb":{"@id":"https:\/\/shop.huppa.eu\/lv\/product\/sieviesu-ziemas-bikses-metta-80g-3\/#breadcrumb"},"inLanguage":"lv-LV","potentialAction":[{"@type":"ReadAction","target":["https:\/\/shop.huppa.eu\/lv\/product\/sieviesu-ziemas-bikses-metta-80g-3\/"]}]},{"@type":"ImageObject","inLanguage":"lv-LV","@id":"https:\/\/shop.huppa.eu\/lv\/product\/sieviesu-ziemas-bikses-metta-80g-3\/#primaryimage","url":"https:\/\/huppashop-prod.s3.eu-north-1.amazonaws.com\/wp-content\/uploads\/sites\/4\/2022\/11\/12054836\/26598008-70035-METTA_f.jpg","contentUrl":"https:\/\/huppashop-prod.s3.eu-north-1.amazonaws.com\/wp-content\/uploads\/sites\/4\/2022\/11\/12054836\/26598008-70035-METTA_f.jpg","width":1200,"height":1200},{"@type":"BreadcrumbList","@id":"https:\/\/shop.huppa.eu\/lv\/product\/sieviesu-ziemas-bikses-metta-80g-3\/#breadcrumb","itemListElement":[{"@type":"ListItem","position":1,"name":"Veikals","item":"https:\/\/shop.huppa.eu\/lv\/shop\/"},{"@type":"ListItem","position":2,"name":"Sievie\u0161u ziemas bikses METTA (80g)"}]},{"@type":"WebSite","@id":"https:\/\/shop.huppa.eu\/lv\/#website","url":"https:\/\/shop.huppa.eu\/lv\/","name":"Huppa LV","description":"","potentialAction":[{"@type":"SearchAction","target":{"@type":"EntryPoint","urlTemplate":"https:\/\/shop.huppa.eu\/lv\/?s={search_term_string}"},"query-input":{"@type":"PropertyValueSpecification","valueRequired":true,"valueName":"search_term_string"}}],"inLanguage":"lv-LV"}]}},"_links":{"self":[{"href":"https:\/\/shop.huppa.eu\/lv\/wp-json\/wp\/v2\/product\/542174","targetHints":{"allow":["GET"]}}],"collection":[{"href":"https:\/\/shop.huppa.eu\/lv\/wp-json\/wp\/v2\/product"}],"about":[{"href":"https:\/\/shop.huppa.eu\/lv\/wp-json\/wp\/v2\/types\/product"}],"wp:featuredmedia":[{"embeddable":true,"href":"https:\/\/shop.huppa.eu\/lv\/wp-json\/wp\/v2\/media\/508666"}],"wp:attachment":[{"href":"https:\/\/shop.huppa.eu\/lv\/wp-json\/wp\/v2\/media?parent=542174"}],"wp:term":[{"taxonomy":"product_brand","embeddable":true,"href":"https:\/\/shop.huppa.eu\/lv\/wp-json\/wp\/v2\/product_brand?post=542174"},{"taxonomy":"product_cat","embeddable":true,"href":"https:\/\/shop.huppa.eu\/lv\/wp-json\/wp\/v2\/product_cat?post=542174"},{"taxonomy":"product_tag","embeddable":true,"href":"https:\/\/shop.huppa.eu\/lv\/wp-json\/wp\/v2\/product_tag?post=542174"}],"curies":[{"name":"wp","href":"https:\/\/api.w.org\/{rel}","templated":true}]}}