{"id":542216,"date":"2025-11-24T17:03:49","date_gmt":"2025-11-24T15:03:49","guid":{"rendered":"https:\/\/shop.huppa.eu\/lv\/product\/meitenu-ziemas-kombinezons-adelle-300g\/"},"modified":"2026-04-06T06:09:01","modified_gmt":"2026-04-06T04:09:01","slug":"meitenu-ziemas-kombinezons-adelle-300g","status":"publish","type":"product","link":"https:\/\/shop.huppa.eu\/lv\/product\/meitenu-ziemas-kombinezons-adelle-300g\/","title":{"rendered":"Meite\u0146u ziemas kombinezons ADELLE (300g)"},"content":{"rendered":"<p>B\u0113rnu ziemas kombinezons. Kombinezonam ir m\u012bksta kokvilnas flane\u013ca odere un elpojo\u0161s, \u016bdensnecaurlaid\u012bgs \u0101r\u0113jais audums, kas lieliski piem\u0113rots m\u016bsu klimatam. Pateicoties diviem pilna garuma r\u0101v\u0113jsl\u0113dz\u0113jiem, b\u0113rnu ir viegli sa\u0123\u0113rbt. L\u012bm\u0113t\u0101s s\u0113dvietas un s\u0101nu \u0161uves \u013cauj b\u0113rnam akt\u012bvi darboties, paliekot sausam un siltam. Mazu\u013cu iecien\u012btajam kombinezonam ir no\u0146emama kapuce ar ka\u017eok\u0101du, kabata gardumu uzglab\u0101\u0161anai un silikona gumijas stiprin\u0101jums zem zoles. L\u012bdz izm\u0113ram 86 piedurk\u0146u galus var viegli uzloc\u012bt, t\u0101p\u0113c cimdi nav nepiecie\u0161ami.<\/p>\n","protected":false},"excerpt":{"rendered":"<p>B\u0113rnu ziemas kombinezons. Kombinezonam ir m\u012bksta kokvilnas flane\u013ca odere un elpojo\u0161s, \u016bdensnecaurlaid\u012bgs \u0101r\u0113jais audums, kas lieliski piem\u0113rots m\u016bsu klimatam. Pateicoties diviem pilna garuma r\u0101v\u0113jsl\u0113dz\u0113jiem, b\u0113rnu ir viegli sa\u0123\u0113rbt. L\u012bm\u0113t\u0101s s\u0113dvietas un s\u0101nu \u0161uves \u013cauj b\u0113rnam akt\u012bvi darboties, paliekot sausam un siltam. Mazu\u013cu iecien\u012btajam kombinezonam ir no\u0146emama kapuce ar ka\u017eok\u0101du, kabata gardumu uzglab\u0101\u0161anai un silikona gumijas [&hellip;]<\/p>\n","protected":false},"featured_media":512275,"template":"","meta":{"_acf_changed":false},"product_brand":[],"product_cat":[104,357,8838,1380,7417,122,7382],"product_tag":[],"class_list":{"0":"post-542216","1":"product","2":"type-product","3":"status-publish","4":"has-post-thumbnail","6":"product_cat-berniem","7":"product_cat-kombinezoni","8":"product_cat-kombinezoni-top","9":"product_cat-kombinezoni-meitenes","10":"product_cat-kombinezoni-sale","11":"product_cat-meitenes","12":"product_cat-sale","13":"pa_auduma-gaisa-caurlaidiba-5000g-m-24h","14":"pa_auduma-udens-caurlaidiba-5000mm","15":"pa_dzimums-meitenes","16":"pa_izmers-351","17":"pa_izmers-356","18":"pa_izmers-560","19":"pa_izolacijas-svars-300g","20":"pa_kolekcija-fashion","21":"pa_kolekcijas-nr-w14-15","22":"pa_produkta-kods-3183aw14-033","23":"pa_sale-yes","24":"pa_siltinajums-300g","25":"pa_vecuma-grupa-berniem","27":"first","28":"instock","29":"sale","30":"taxable","31":"shipping-taxable","32":"purchasable","33":"product-type-variable"},"acf":[],"yoast_head":"<!-- This site is optimized with the Yoast SEO plugin v26.8 - https:\/\/yoast.com\/product\/yoast-seo-wordpress\/ -->\n<title>Meite\u0146u ziemas kombinezons ADELLE (300g) - Huppa LV<\/title>\n<meta name=\"robots\" content=\"index, follow, max-snippet:-1, max-image-preview:large, max-video-preview:-1\" \/>\n<link rel=\"canonical\" href=\"https:\/\/shop.huppa.eu\/lv\/product\/meitenu-ziemas-kombinezons-adelle-300g\/\" \/>\n<meta property=\"og:locale\" content=\"lv_LV\" \/>\n<meta property=\"og:type\" content=\"article\" \/>\n<meta property=\"og:title\" content=\"Meite\u0146u ziemas kombinezons ADELLE (300g) - Huppa LV\" \/>\n<meta property=\"og:description\" content=\"B\u0113rnu ziemas kombinezons. Kombinezonam ir m\u012bksta kokvilnas flane\u013ca odere un elpojo\u0161s, \u016bdensnecaurlaid\u012bgs \u0101r\u0113jais audums, kas lieliski piem\u0113rots m\u016bsu klimatam. Pateicoties diviem pilna garuma r\u0101v\u0113jsl\u0113dz\u0113jiem, b\u0113rnu ir viegli sa\u0123\u0113rbt. L\u012bm\u0113t\u0101s s\u0113dvietas un s\u0101nu \u0161uves \u013cauj b\u0113rnam akt\u012bvi darboties, paliekot sausam un siltam. Mazu\u013cu iecien\u012btajam kombinezonam ir no\u0146emama kapuce ar ka\u017eok\u0101du, kabata gardumu uzglab\u0101\u0161anai un silikona gumijas [&hellip;]\" \/>\n<meta property=\"og:url\" content=\"https:\/\/shop.huppa.eu\/lv\/product\/meitenu-ziemas-kombinezons-adelle-300g\/\" \/>\n<meta property=\"og:site_name\" content=\"Huppa LV\" \/>\n<meta property=\"article:modified_time\" content=\"2026-04-06T04:09:01+00:00\" \/>\n<meta property=\"og:image\" content=\"https:\/\/huppashop-prod.s3.eu-north-1.amazonaws.com\/wp-content\/uploads\/sites\/4\/2023\/03\/03020534\/ADELLE-3183AW14-033.jpg\" \/>\n\t<meta property=\"og:image:width\" content=\"800\" \/>\n\t<meta property=\"og:image:height\" content=\"800\" \/>\n\t<meta property=\"og:image:type\" content=\"image\/jpeg\" \/>\n<meta name=\"twitter:card\" content=\"summary_large_image\" \/>\n<meta name=\"twitter:label1\" content=\"Est. reading time\" \/>\n\t<meta name=\"twitter:data1\" content=\"1 min\u016bte\" \/>\n<script type=\"application\/ld+json\" class=\"yoast-schema-graph\">{\"@context\":\"https:\/\/schema.org\",\"@graph\":[{\"@type\":\"WebPage\",\"@id\":\"https:\/\/shop.huppa.eu\/lv\/product\/meitenu-ziemas-kombinezons-adelle-300g\/\",\"url\":\"https:\/\/shop.huppa.eu\/lv\/product\/meitenu-ziemas-kombinezons-adelle-300g\/\",\"name\":\"Meite\u0146u ziemas kombinezons ADELLE (300g) - Huppa LV\",\"isPartOf\":{\"@id\":\"https:\/\/shop.huppa.eu\/lv\/#website\"},\"primaryImageOfPage\":{\"@id\":\"https:\/\/shop.huppa.eu\/lv\/product\/meitenu-ziemas-kombinezons-adelle-300g\/#primaryimage\"},\"image\":{\"@id\":\"https:\/\/shop.huppa.eu\/lv\/product\/meitenu-ziemas-kombinezons-adelle-300g\/#primaryimage\"},\"thumbnailUrl\":\"https:\/\/huppashop-prod.s3.eu-north-1.amazonaws.com\/wp-content\/uploads\/sites\/4\/2023\/03\/03020534\/ADELLE-3183AW14-033.jpg\",\"datePublished\":\"2025-11-24T15:03:49+00:00\",\"dateModified\":\"2026-04-06T04:09:01+00:00\",\"breadcrumb\":{\"@id\":\"https:\/\/shop.huppa.eu\/lv\/product\/meitenu-ziemas-kombinezons-adelle-300g\/#breadcrumb\"},\"inLanguage\":\"lv-LV\",\"potentialAction\":[{\"@type\":\"ReadAction\",\"target\":[\"https:\/\/shop.huppa.eu\/lv\/product\/meitenu-ziemas-kombinezons-adelle-300g\/\"]}]},{\"@type\":\"ImageObject\",\"inLanguage\":\"lv-LV\",\"@id\":\"https:\/\/shop.huppa.eu\/lv\/product\/meitenu-ziemas-kombinezons-adelle-300g\/#primaryimage\",\"url\":\"https:\/\/huppashop-prod.s3.eu-north-1.amazonaws.com\/wp-content\/uploads\/sites\/4\/2023\/03\/03020534\/ADELLE-3183AW14-033.jpg\",\"contentUrl\":\"https:\/\/huppashop-prod.s3.eu-north-1.amazonaws.com\/wp-content\/uploads\/sites\/4\/2023\/03\/03020534\/ADELLE-3183AW14-033.jpg\",\"width\":800,\"height\":800},{\"@type\":\"BreadcrumbList\",\"@id\":\"https:\/\/shop.huppa.eu\/lv\/product\/meitenu-ziemas-kombinezons-adelle-300g\/#breadcrumb\",\"itemListElement\":[{\"@type\":\"ListItem\",\"position\":1,\"name\":\"Veikals\",\"item\":\"https:\/\/shop.huppa.eu\/lv\/shop\/\"},{\"@type\":\"ListItem\",\"position\":2,\"name\":\"Meite\u0146u ziemas kombinezons ADELLE (300g)\"}]},{\"@type\":\"WebSite\",\"@id\":\"https:\/\/shop.huppa.eu\/lv\/#website\",\"url\":\"https:\/\/shop.huppa.eu\/lv\/\",\"name\":\"Huppa LV\",\"description\":\"\",\"potentialAction\":[{\"@type\":\"SearchAction\",\"target\":{\"@type\":\"EntryPoint\",\"urlTemplate\":\"https:\/\/shop.huppa.eu\/lv\/?s={search_term_string}\"},\"query-input\":{\"@type\":\"PropertyValueSpecification\",\"valueRequired\":true,\"valueName\":\"search_term_string\"}}],\"inLanguage\":\"lv-LV\"}]}<\/script>\n<!-- \/ Yoast SEO plugin. -->","yoast_head_json":{"title":"Meite\u0146u ziemas kombinezons ADELLE (300g) - Huppa LV","robots":{"index":"index","follow":"follow","max-snippet":"max-snippet:-1","max-image-preview":"max-image-preview:large","max-video-preview":"max-video-preview:-1"},"canonical":"https:\/\/shop.huppa.eu\/lv\/product\/meitenu-ziemas-kombinezons-adelle-300g\/","og_locale":"lv_LV","og_type":"article","og_title":"Meite\u0146u ziemas kombinezons ADELLE (300g) - Huppa LV","og_description":"B\u0113rnu ziemas kombinezons. Kombinezonam ir m\u012bksta kokvilnas flane\u013ca odere un elpojo\u0161s, \u016bdensnecaurlaid\u012bgs \u0101r\u0113jais audums, kas lieliski piem\u0113rots m\u016bsu klimatam. Pateicoties diviem pilna garuma r\u0101v\u0113jsl\u0113dz\u0113jiem, b\u0113rnu ir viegli sa\u0123\u0113rbt. L\u012bm\u0113t\u0101s s\u0113dvietas un s\u0101nu \u0161uves \u013cauj b\u0113rnam akt\u012bvi darboties, paliekot sausam un siltam. Mazu\u013cu iecien\u012btajam kombinezonam ir no\u0146emama kapuce ar ka\u017eok\u0101du, kabata gardumu uzglab\u0101\u0161anai un silikona gumijas [&hellip;]","og_url":"https:\/\/shop.huppa.eu\/lv\/product\/meitenu-ziemas-kombinezons-adelle-300g\/","og_site_name":"Huppa LV","article_modified_time":"2026-04-06T04:09:01+00:00","og_image":[{"width":800,"height":800,"url":"https:\/\/huppashop-prod.s3.eu-north-1.amazonaws.com\/wp-content\/uploads\/sites\/4\/2023\/03\/03020534\/ADELLE-3183AW14-033.jpg","type":"image\/jpeg"}],"twitter_card":"summary_large_image","twitter_misc":{"Est. reading time":"1 min\u016bte"},"schema":{"@context":"https:\/\/schema.org","@graph":[{"@type":"WebPage","@id":"https:\/\/shop.huppa.eu\/lv\/product\/meitenu-ziemas-kombinezons-adelle-300g\/","url":"https:\/\/shop.huppa.eu\/lv\/product\/meitenu-ziemas-kombinezons-adelle-300g\/","name":"Meite\u0146u ziemas kombinezons ADELLE (300g) - Huppa LV","isPartOf":{"@id":"https:\/\/shop.huppa.eu\/lv\/#website"},"primaryImageOfPage":{"@id":"https:\/\/shop.huppa.eu\/lv\/product\/meitenu-ziemas-kombinezons-adelle-300g\/#primaryimage"},"image":{"@id":"https:\/\/shop.huppa.eu\/lv\/product\/meitenu-ziemas-kombinezons-adelle-300g\/#primaryimage"},"thumbnailUrl":"https:\/\/huppashop-prod.s3.eu-north-1.amazonaws.com\/wp-content\/uploads\/sites\/4\/2023\/03\/03020534\/ADELLE-3183AW14-033.jpg","datePublished":"2025-11-24T15:03:49+00:00","dateModified":"2026-04-06T04:09:01+00:00","breadcrumb":{"@id":"https:\/\/shop.huppa.eu\/lv\/product\/meitenu-ziemas-kombinezons-adelle-300g\/#breadcrumb"},"inLanguage":"lv-LV","potentialAction":[{"@type":"ReadAction","target":["https:\/\/shop.huppa.eu\/lv\/product\/meitenu-ziemas-kombinezons-adelle-300g\/"]}]},{"@type":"ImageObject","inLanguage":"lv-LV","@id":"https:\/\/shop.huppa.eu\/lv\/product\/meitenu-ziemas-kombinezons-adelle-300g\/#primaryimage","url":"https:\/\/huppashop-prod.s3.eu-north-1.amazonaws.com\/wp-content\/uploads\/sites\/4\/2023\/03\/03020534\/ADELLE-3183AW14-033.jpg","contentUrl":"https:\/\/huppashop-prod.s3.eu-north-1.amazonaws.com\/wp-content\/uploads\/sites\/4\/2023\/03\/03020534\/ADELLE-3183AW14-033.jpg","width":800,"height":800},{"@type":"BreadcrumbList","@id":"https:\/\/shop.huppa.eu\/lv\/product\/meitenu-ziemas-kombinezons-adelle-300g\/#breadcrumb","itemListElement":[{"@type":"ListItem","position":1,"name":"Veikals","item":"https:\/\/shop.huppa.eu\/lv\/shop\/"},{"@type":"ListItem","position":2,"name":"Meite\u0146u ziemas kombinezons ADELLE (300g)"}]},{"@type":"WebSite","@id":"https:\/\/shop.huppa.eu\/lv\/#website","url":"https:\/\/shop.huppa.eu\/lv\/","name":"Huppa LV","description":"","potentialAction":[{"@type":"SearchAction","target":{"@type":"EntryPoint","urlTemplate":"https:\/\/shop.huppa.eu\/lv\/?s={search_term_string}"},"query-input":{"@type":"PropertyValueSpecification","valueRequired":true,"valueName":"search_term_string"}}],"inLanguage":"lv-LV"}]}},"_links":{"self":[{"href":"https:\/\/shop.huppa.eu\/lv\/wp-json\/wp\/v2\/product\/542216","targetHints":{"allow":["GET"]}}],"collection":[{"href":"https:\/\/shop.huppa.eu\/lv\/wp-json\/wp\/v2\/product"}],"about":[{"href":"https:\/\/shop.huppa.eu\/lv\/wp-json\/wp\/v2\/types\/product"}],"wp:featuredmedia":[{"embeddable":true,"href":"https:\/\/shop.huppa.eu\/lv\/wp-json\/wp\/v2\/media\/512275"}],"wp:attachment":[{"href":"https:\/\/shop.huppa.eu\/lv\/wp-json\/wp\/v2\/media?parent=542216"}],"wp:term":[{"taxonomy":"product_brand","embeddable":true,"href":"https:\/\/shop.huppa.eu\/lv\/wp-json\/wp\/v2\/product_brand?post=542216"},{"taxonomy":"product_cat","embeddable":true,"href":"https:\/\/shop.huppa.eu\/lv\/wp-json\/wp\/v2\/product_cat?post=542216"},{"taxonomy":"product_tag","embeddable":true,"href":"https:\/\/shop.huppa.eu\/lv\/wp-json\/wp\/v2\/product_tag?post=542216"}],"curies":[{"name":"wp","href":"https:\/\/api.w.org\/{rel}","templated":true}]}}