{"id":542322,"date":"2025-11-24T17:06:34","date_gmt":"2025-11-24T15:06:34","guid":{"rendered":"https:\/\/shop.huppa.eu\/lv\/product\/bernu-ziemas-kombinezons-keira-300g-18\/"},"modified":"2026-04-08T13:15:04","modified_gmt":"2026-04-08T11:15:04","slug":"bernu-ziemas-kombinezons-keira-300g-18","status":"publish","type":"product","link":"https:\/\/shop.huppa.eu\/lv\/product\/bernu-ziemas-kombinezons-keira-300g-18\/","title":{"rendered":"B\u0113rnu ziemas kombinezons KEIRA (300g)"},"content":{"rendered":"<p>Paksema 300 g vatiiniga paljudes s\u00e4ravates v\u00e4rvides klassikaline talvekombinesoon v\u00e4ikelastele igap\u00e4evasteks toimetusteks. Kombinesoonil on pehme puuvillane vooder ning meie kliimasse h\u00e4sti sobiv hingav ja vettpidav pealiskangas. V\u00e4ikest s\u00e4rasilma on kerge riietada t\u00e4nu kahele t\u00e4ispikale lukule. Teibitud iste\u00f5mblused lubavad v\u00e4ikelapsel muretult maha potsatada ning samas kuiva ja sooja nautida. Kombinesoonil on eemaldata kapuuts eraldi eemaldatava karvaga.  Kuni suuruseni 80 saab paari liigutusega tagasi keerata varrukasuu ja all \u00e4\u00e4re otsad ning kindaid ja saapaid ei olegi vaja.<\/p>\n","protected":false},"excerpt":{"rendered":"<p>Paksema 300 g vatiiniga paljudes s\u00e4ravates v\u00e4rvides klassikaline talvekombinesoon v\u00e4ikelastele igap\u00e4evasteks toimetusteks. Kombinesoonil on pehme puuvillane vooder ning meie kliimasse h\u00e4sti sobiv hingav ja vettpidav pealiskangas. V\u00e4ikest s\u00e4rasilma on kerge riietada t\u00e4nu kahele t\u00e4ispikale lukule. Teibitud iste\u00f5mblused lubavad v\u00e4ikelapsel muretult maha potsatada ning samas kuiva ja sooja nautida. Kombinesoonil on eemaldata kapuuts eraldi eemaldatava karvaga. [&hellip;]<\/p>\n","protected":false},"featured_media":456123,"template":"","meta":{"_acf_changed":false},"product_brand":[],"product_cat":[104,357,8838,1380,122],"product_tag":[],"class_list":{"0":"post-542322","1":"product","2":"type-product","3":"status-publish","4":"has-post-thumbnail","6":"product_cat-berniem","7":"product_cat-kombinezoni","8":"product_cat-kombinezoni-top","9":"product_cat-kombinezoni-meitenes","10":"product_cat-meitenes","11":"pa_auduma-gaisa-caurlaidiba-5000g-m-24h","12":"pa_auduma-udens-caurlaidiba-5000mm","13":"pa_dzimums-meitenes","14":"pa_izmers-1374","15":"pa_izolacijas-svars-300g","16":"pa_kolekcija-classic","17":"pa_kolekcijas-nr-w17-18","18":"pa_produkta-kods-31920030-71143","19":"pa_siltinajums-300g","20":"pa_vecuma-grupa-berniem","22":"first","23":"instock","24":"sale","25":"taxable","26":"shipping-taxable","27":"purchasable","28":"product-type-variable"},"acf":[],"yoast_head":"<!-- This site is optimized with the Yoast SEO plugin v26.8 - https:\/\/yoast.com\/product\/yoast-seo-wordpress\/ -->\n<title>B\u0113rnu ziemas kombinezons KEIRA (300g) - Huppa LV<\/title>\n<meta name=\"robots\" content=\"index, follow, max-snippet:-1, max-image-preview:large, max-video-preview:-1\" \/>\n<link rel=\"canonical\" href=\"https:\/\/shop.huppa.eu\/lv\/product\/bernu-ziemas-kombinezons-keira-300g-18\/\" \/>\n<meta property=\"og:locale\" content=\"lv_LV\" \/>\n<meta property=\"og:type\" content=\"article\" \/>\n<meta property=\"og:title\" content=\"B\u0113rnu ziemas kombinezons KEIRA (300g) - Huppa LV\" \/>\n<meta property=\"og:description\" content=\"Paksema 300 g vatiiniga paljudes s\u00e4ravates v\u00e4rvides klassikaline talvekombinesoon v\u00e4ikelastele igap\u00e4evasteks toimetusteks. Kombinesoonil on pehme puuvillane vooder ning meie kliimasse h\u00e4sti sobiv hingav ja vettpidav pealiskangas. V\u00e4ikest s\u00e4rasilma on kerge riietada t\u00e4nu kahele t\u00e4ispikale lukule. Teibitud iste\u00f5mblused lubavad v\u00e4ikelapsel muretult maha potsatada ning samas kuiva ja sooja nautida. Kombinesoonil on eemaldata kapuuts eraldi eemaldatava karvaga. [&hellip;]\" \/>\n<meta property=\"og:url\" content=\"https:\/\/shop.huppa.eu\/lv\/product\/bernu-ziemas-kombinezons-keira-300g-18\/\" \/>\n<meta property=\"og:site_name\" content=\"Huppa LV\" \/>\n<meta property=\"article:modified_time\" content=\"2026-04-08T11:15:04+00:00\" \/>\n<meta property=\"og:image\" content=\"https:\/\/huppashop-prod.s3.eu-north-1.amazonaws.com\/wp-content\/uploads\/sites\/2\/2021\/10\/11003512\/31920030-71143-KEIRAf.jpg\" \/>\n\t<meta property=\"og:image:width\" content=\"800\" \/>\n\t<meta property=\"og:image:height\" content=\"800\" \/>\n\t<meta property=\"og:image:type\" content=\"image\/jpeg\" \/>\n<meta name=\"twitter:card\" content=\"summary_large_image\" \/>\n<script type=\"application\/ld+json\" class=\"yoast-schema-graph\">{\"@context\":\"https:\/\/schema.org\",\"@graph\":[{\"@type\":\"WebPage\",\"@id\":\"https:\/\/shop.huppa.eu\/lv\/product\/bernu-ziemas-kombinezons-keira-300g-18\/\",\"url\":\"https:\/\/shop.huppa.eu\/lv\/product\/bernu-ziemas-kombinezons-keira-300g-18\/\",\"name\":\"B\u0113rnu ziemas kombinezons KEIRA (300g) - Huppa LV\",\"isPartOf\":{\"@id\":\"https:\/\/shop.huppa.eu\/lv\/#website\"},\"primaryImageOfPage\":{\"@id\":\"https:\/\/shop.huppa.eu\/lv\/product\/bernu-ziemas-kombinezons-keira-300g-18\/#primaryimage\"},\"image\":{\"@id\":\"https:\/\/shop.huppa.eu\/lv\/product\/bernu-ziemas-kombinezons-keira-300g-18\/#primaryimage\"},\"thumbnailUrl\":\"https:\/\/huppashop-prod.s3.eu-north-1.amazonaws.com\/wp-content\/uploads\/sites\/2\/2021\/10\/11003512\/31920030-71143-KEIRAf.jpg\",\"datePublished\":\"2025-11-24T15:06:34+00:00\",\"dateModified\":\"2026-04-08T11:15:04+00:00\",\"breadcrumb\":{\"@id\":\"https:\/\/shop.huppa.eu\/lv\/product\/bernu-ziemas-kombinezons-keira-300g-18\/#breadcrumb\"},\"inLanguage\":\"lv-LV\",\"potentialAction\":[{\"@type\":\"ReadAction\",\"target\":[\"https:\/\/shop.huppa.eu\/lv\/product\/bernu-ziemas-kombinezons-keira-300g-18\/\"]}]},{\"@type\":\"ImageObject\",\"inLanguage\":\"lv-LV\",\"@id\":\"https:\/\/shop.huppa.eu\/lv\/product\/bernu-ziemas-kombinezons-keira-300g-18\/#primaryimage\",\"url\":\"https:\/\/huppashop-prod.s3.eu-north-1.amazonaws.com\/wp-content\/uploads\/sites\/2\/2021\/10\/11003512\/31920030-71143-KEIRAf.jpg\",\"contentUrl\":\"https:\/\/huppashop-prod.s3.eu-north-1.amazonaws.com\/wp-content\/uploads\/sites\/2\/2021\/10\/11003512\/31920030-71143-KEIRAf.jpg\",\"width\":800,\"height\":800},{\"@type\":\"BreadcrumbList\",\"@id\":\"https:\/\/shop.huppa.eu\/lv\/product\/bernu-ziemas-kombinezons-keira-300g-18\/#breadcrumb\",\"itemListElement\":[{\"@type\":\"ListItem\",\"position\":1,\"name\":\"Veikals\",\"item\":\"https:\/\/shop.huppa.eu\/lv\/shop\/\"},{\"@type\":\"ListItem\",\"position\":2,\"name\":\"B\u0113rnu ziemas kombinezons KEIRA (300g)\"}]},{\"@type\":\"WebSite\",\"@id\":\"https:\/\/shop.huppa.eu\/lv\/#website\",\"url\":\"https:\/\/shop.huppa.eu\/lv\/\",\"name\":\"Huppa LV\",\"description\":\"\",\"potentialAction\":[{\"@type\":\"SearchAction\",\"target\":{\"@type\":\"EntryPoint\",\"urlTemplate\":\"https:\/\/shop.huppa.eu\/lv\/?s={search_term_string}\"},\"query-input\":{\"@type\":\"PropertyValueSpecification\",\"valueRequired\":true,\"valueName\":\"search_term_string\"}}],\"inLanguage\":\"lv-LV\"}]}<\/script>\n<!-- \/ Yoast SEO plugin. -->","yoast_head_json":{"title":"B\u0113rnu ziemas kombinezons KEIRA (300g) - Huppa LV","robots":{"index":"index","follow":"follow","max-snippet":"max-snippet:-1","max-image-preview":"max-image-preview:large","max-video-preview":"max-video-preview:-1"},"canonical":"https:\/\/shop.huppa.eu\/lv\/product\/bernu-ziemas-kombinezons-keira-300g-18\/","og_locale":"lv_LV","og_type":"article","og_title":"B\u0113rnu ziemas kombinezons KEIRA (300g) - Huppa LV","og_description":"Paksema 300 g vatiiniga paljudes s\u00e4ravates v\u00e4rvides klassikaline talvekombinesoon v\u00e4ikelastele igap\u00e4evasteks toimetusteks. Kombinesoonil on pehme puuvillane vooder ning meie kliimasse h\u00e4sti sobiv hingav ja vettpidav pealiskangas. V\u00e4ikest s\u00e4rasilma on kerge riietada t\u00e4nu kahele t\u00e4ispikale lukule. Teibitud iste\u00f5mblused lubavad v\u00e4ikelapsel muretult maha potsatada ning samas kuiva ja sooja nautida. Kombinesoonil on eemaldata kapuuts eraldi eemaldatava karvaga. [&hellip;]","og_url":"https:\/\/shop.huppa.eu\/lv\/product\/bernu-ziemas-kombinezons-keira-300g-18\/","og_site_name":"Huppa LV","article_modified_time":"2026-04-08T11:15:04+00:00","og_image":[{"width":800,"height":800,"url":"https:\/\/huppashop-prod.s3.eu-north-1.amazonaws.com\/wp-content\/uploads\/sites\/2\/2021\/10\/11003512\/31920030-71143-KEIRAf.jpg","type":"image\/jpeg"}],"twitter_card":"summary_large_image","schema":{"@context":"https:\/\/schema.org","@graph":[{"@type":"WebPage","@id":"https:\/\/shop.huppa.eu\/lv\/product\/bernu-ziemas-kombinezons-keira-300g-18\/","url":"https:\/\/shop.huppa.eu\/lv\/product\/bernu-ziemas-kombinezons-keira-300g-18\/","name":"B\u0113rnu ziemas kombinezons KEIRA (300g) - Huppa LV","isPartOf":{"@id":"https:\/\/shop.huppa.eu\/lv\/#website"},"primaryImageOfPage":{"@id":"https:\/\/shop.huppa.eu\/lv\/product\/bernu-ziemas-kombinezons-keira-300g-18\/#primaryimage"},"image":{"@id":"https:\/\/shop.huppa.eu\/lv\/product\/bernu-ziemas-kombinezons-keira-300g-18\/#primaryimage"},"thumbnailUrl":"https:\/\/huppashop-prod.s3.eu-north-1.amazonaws.com\/wp-content\/uploads\/sites\/2\/2021\/10\/11003512\/31920030-71143-KEIRAf.jpg","datePublished":"2025-11-24T15:06:34+00:00","dateModified":"2026-04-08T11:15:04+00:00","breadcrumb":{"@id":"https:\/\/shop.huppa.eu\/lv\/product\/bernu-ziemas-kombinezons-keira-300g-18\/#breadcrumb"},"inLanguage":"lv-LV","potentialAction":[{"@type":"ReadAction","target":["https:\/\/shop.huppa.eu\/lv\/product\/bernu-ziemas-kombinezons-keira-300g-18\/"]}]},{"@type":"ImageObject","inLanguage":"lv-LV","@id":"https:\/\/shop.huppa.eu\/lv\/product\/bernu-ziemas-kombinezons-keira-300g-18\/#primaryimage","url":"https:\/\/huppashop-prod.s3.eu-north-1.amazonaws.com\/wp-content\/uploads\/sites\/2\/2021\/10\/11003512\/31920030-71143-KEIRAf.jpg","contentUrl":"https:\/\/huppashop-prod.s3.eu-north-1.amazonaws.com\/wp-content\/uploads\/sites\/2\/2021\/10\/11003512\/31920030-71143-KEIRAf.jpg","width":800,"height":800},{"@type":"BreadcrumbList","@id":"https:\/\/shop.huppa.eu\/lv\/product\/bernu-ziemas-kombinezons-keira-300g-18\/#breadcrumb","itemListElement":[{"@type":"ListItem","position":1,"name":"Veikals","item":"https:\/\/shop.huppa.eu\/lv\/shop\/"},{"@type":"ListItem","position":2,"name":"B\u0113rnu ziemas kombinezons KEIRA (300g)"}]},{"@type":"WebSite","@id":"https:\/\/shop.huppa.eu\/lv\/#website","url":"https:\/\/shop.huppa.eu\/lv\/","name":"Huppa LV","description":"","potentialAction":[{"@type":"SearchAction","target":{"@type":"EntryPoint","urlTemplate":"https:\/\/shop.huppa.eu\/lv\/?s={search_term_string}"},"query-input":{"@type":"PropertyValueSpecification","valueRequired":true,"valueName":"search_term_string"}}],"inLanguage":"lv-LV"}]}},"_links":{"self":[{"href":"https:\/\/shop.huppa.eu\/lv\/wp-json\/wp\/v2\/product\/542322","targetHints":{"allow":["GET"]}}],"collection":[{"href":"https:\/\/shop.huppa.eu\/lv\/wp-json\/wp\/v2\/product"}],"about":[{"href":"https:\/\/shop.huppa.eu\/lv\/wp-json\/wp\/v2\/types\/product"}],"wp:featuredmedia":[{"embeddable":true,"href":"https:\/\/shop.huppa.eu\/lv\/wp-json\/wp\/v2\/media\/456123"}],"wp:attachment":[{"href":"https:\/\/shop.huppa.eu\/lv\/wp-json\/wp\/v2\/media?parent=542322"}],"wp:term":[{"taxonomy":"product_brand","embeddable":true,"href":"https:\/\/shop.huppa.eu\/lv\/wp-json\/wp\/v2\/product_brand?post=542322"},{"taxonomy":"product_cat","embeddable":true,"href":"https:\/\/shop.huppa.eu\/lv\/wp-json\/wp\/v2\/product_cat?post=542322"},{"taxonomy":"product_tag","embeddable":true,"href":"https:\/\/shop.huppa.eu\/lv\/wp-json\/wp\/v2\/product_tag?post=542322"}],"curies":[{"name":"wp","href":"https:\/\/api.w.org\/{rel}","templated":true}]}}