{"id":542559,"date":"2025-11-24T17:11:08","date_gmt":"2025-11-24T15:11:08","guid":{"rendered":"https:\/\/shop.huppa.eu\/lv\/product\/mazulu-gulammaisins-emily-down-3\/"},"modified":"2026-04-08T13:18:12","modified_gmt":"2026-04-08T11:18:12","slug":"mazulu-gulammaisins-emily-down-3","status":"publish","type":"product","link":"https:\/\/shop.huppa.eu\/lv\/product\/mazulu-gulammaisins-emily-down-3\/","title":{"rendered":"Mazu\u013cu gu\u013cammaisi\u0146\u0161 EMILY (DOWN)"},"content":{"rendered":"<p>Waterproof and windproof babies\u2019 sleeping bag. The sleeping bag is lined with soft cotton flannel and has breathable top fabric. It is easy to fit the baby into the sleeping bag thanks to the two full-length zippers, and for car rides, seat belts can conveniently be secured through the belt holes. Integrated elastic band at sleeve ends and around hood. The sleeve ends can easily be turned back and there is no need for gloves. Two long zippers at front.<\/p>\n","protected":false},"excerpt":{"rendered":"<p>Waterproof and windproof babies\u2019 sleeping bag. The sleeping bag is lined with soft cotton flannel and has breathable top fabric. It is easy to fit the baby into the sleeping bag thanks to the two full-length zippers, and for car rides, seat belts can conveniently be secured through the belt holes. Integrated elastic band at [&hellip;]<\/p>\n","protected":false},"featured_media":473532,"template":"","meta":{"_acf_changed":false},"product_brand":[],"product_cat":[8839,104,1505,1494,122],"product_tag":[],"class_list":{"0":"post-542559","1":"product","2":"type-product","3":"status-publish","4":"has-post-thumbnail","6":"product_cat-mazulu-maisini-top","7":"product_cat-berniem","8":"product_cat-mazulu-maisini-meitenes","9":"product_cat-mazulu-maisini","10":"product_cat-meitenes","11":"pa_auduma-gaisa-caurlaidiba-5000g-m-24h","12":"pa_auduma-udens-caurlaidiba-5000mm","13":"pa_dzimums-meitenes","14":"pa_izmers-1490","15":"pa_izolacijas-svars-down","16":"pa_kolekcija-down","17":"pa_kolekcijas-nr-w19-20","18":"pa_produkta-kods-32010055-91820","19":"pa_raksts-rakstaina-krasa","20":"pa_siltinajums-down","21":"pa_vecuma-grupa-berniem","23":"first","24":"instock","25":"sale","26":"taxable","27":"shipping-taxable","28":"purchasable","29":"product-type-variable"},"acf":[],"yoast_head":"<!-- This site is optimized with the Yoast SEO plugin v26.8 - https:\/\/yoast.com\/product\/yoast-seo-wordpress\/ -->\n<title>Mazu\u013cu gu\u013cammaisi\u0146\u0161 EMILY (DOWN) - Huppa LV<\/title>\n<meta name=\"robots\" content=\"index, follow, max-snippet:-1, max-image-preview:large, max-video-preview:-1\" \/>\n<link rel=\"canonical\" href=\"https:\/\/shop.huppa.eu\/lv\/product\/mazulu-gulammaisins-emily-down-3\/\" \/>\n<meta property=\"og:locale\" content=\"lv_LV\" \/>\n<meta property=\"og:type\" content=\"article\" \/>\n<meta property=\"og:title\" content=\"Mazu\u013cu gu\u013cammaisi\u0146\u0161 EMILY (DOWN) - Huppa LV\" \/>\n<meta property=\"og:description\" content=\"Waterproof and windproof babies\u2019 sleeping bag. The sleeping bag is lined with soft cotton flannel and has breathable top fabric. It is easy to fit the baby into the sleeping bag thanks to the two full-length zippers, and for car rides, seat belts can conveniently be secured through the belt holes. Integrated elastic band at [&hellip;]\" \/>\n<meta property=\"og:url\" content=\"https:\/\/shop.huppa.eu\/lv\/product\/mazulu-gulammaisins-emily-down-3\/\" \/>\n<meta property=\"og:site_name\" content=\"Huppa LV\" \/>\n<meta property=\"article:modified_time\" content=\"2026-04-08T11:18:12+00:00\" \/>\n<meta property=\"og:image\" content=\"https:\/\/huppashop-prod.s3.eu-north-1.amazonaws.com\/wp-content\/uploads\/sites\/4\/2022\/03\/12193226\/32010055-91820-EMILYf.jpg\" \/>\n\t<meta property=\"og:image:width\" content=\"1200\" \/>\n\t<meta property=\"og:image:height\" content=\"1200\" \/>\n\t<meta property=\"og:image:type\" content=\"image\/jpeg\" \/>\n<meta name=\"twitter:card\" content=\"summary_large_image\" \/>\n<script type=\"application\/ld+json\" class=\"yoast-schema-graph\">{\"@context\":\"https:\/\/schema.org\",\"@graph\":[{\"@type\":\"WebPage\",\"@id\":\"https:\/\/shop.huppa.eu\/lv\/product\/mazulu-gulammaisins-emily-down-3\/\",\"url\":\"https:\/\/shop.huppa.eu\/lv\/product\/mazulu-gulammaisins-emily-down-3\/\",\"name\":\"Mazu\u013cu gu\u013cammaisi\u0146\u0161 EMILY (DOWN) - Huppa LV\",\"isPartOf\":{\"@id\":\"https:\/\/shop.huppa.eu\/lv\/#website\"},\"primaryImageOfPage\":{\"@id\":\"https:\/\/shop.huppa.eu\/lv\/product\/mazulu-gulammaisins-emily-down-3\/#primaryimage\"},\"image\":{\"@id\":\"https:\/\/shop.huppa.eu\/lv\/product\/mazulu-gulammaisins-emily-down-3\/#primaryimage\"},\"thumbnailUrl\":\"https:\/\/huppashop-prod.s3.eu-north-1.amazonaws.com\/wp-content\/uploads\/sites\/4\/2022\/03\/12193226\/32010055-91820-EMILYf.jpg\",\"datePublished\":\"2025-11-24T15:11:08+00:00\",\"dateModified\":\"2026-04-08T11:18:12+00:00\",\"breadcrumb\":{\"@id\":\"https:\/\/shop.huppa.eu\/lv\/product\/mazulu-gulammaisins-emily-down-3\/#breadcrumb\"},\"inLanguage\":\"lv-LV\",\"potentialAction\":[{\"@type\":\"ReadAction\",\"target\":[\"https:\/\/shop.huppa.eu\/lv\/product\/mazulu-gulammaisins-emily-down-3\/\"]}]},{\"@type\":\"ImageObject\",\"inLanguage\":\"lv-LV\",\"@id\":\"https:\/\/shop.huppa.eu\/lv\/product\/mazulu-gulammaisins-emily-down-3\/#primaryimage\",\"url\":\"https:\/\/huppashop-prod.s3.eu-north-1.amazonaws.com\/wp-content\/uploads\/sites\/4\/2022\/03\/12193226\/32010055-91820-EMILYf.jpg\",\"contentUrl\":\"https:\/\/huppashop-prod.s3.eu-north-1.amazonaws.com\/wp-content\/uploads\/sites\/4\/2022\/03\/12193226\/32010055-91820-EMILYf.jpg\",\"width\":1200,\"height\":1200},{\"@type\":\"BreadcrumbList\",\"@id\":\"https:\/\/shop.huppa.eu\/lv\/product\/mazulu-gulammaisins-emily-down-3\/#breadcrumb\",\"itemListElement\":[{\"@type\":\"ListItem\",\"position\":1,\"name\":\"Veikals\",\"item\":\"https:\/\/shop.huppa.eu\/lv\/shop\/\"},{\"@type\":\"ListItem\",\"position\":2,\"name\":\"Mazu\u013cu gu\u013cammaisi\u0146\u0161 EMILY (DOWN)\"}]},{\"@type\":\"WebSite\",\"@id\":\"https:\/\/shop.huppa.eu\/lv\/#website\",\"url\":\"https:\/\/shop.huppa.eu\/lv\/\",\"name\":\"Huppa LV\",\"description\":\"\",\"potentialAction\":[{\"@type\":\"SearchAction\",\"target\":{\"@type\":\"EntryPoint\",\"urlTemplate\":\"https:\/\/shop.huppa.eu\/lv\/?s={search_term_string}\"},\"query-input\":{\"@type\":\"PropertyValueSpecification\",\"valueRequired\":true,\"valueName\":\"search_term_string\"}}],\"inLanguage\":\"lv-LV\"}]}<\/script>\n<!-- \/ Yoast SEO plugin. -->","yoast_head_json":{"title":"Mazu\u013cu gu\u013cammaisi\u0146\u0161 EMILY (DOWN) - Huppa LV","robots":{"index":"index","follow":"follow","max-snippet":"max-snippet:-1","max-image-preview":"max-image-preview:large","max-video-preview":"max-video-preview:-1"},"canonical":"https:\/\/shop.huppa.eu\/lv\/product\/mazulu-gulammaisins-emily-down-3\/","og_locale":"lv_LV","og_type":"article","og_title":"Mazu\u013cu gu\u013cammaisi\u0146\u0161 EMILY (DOWN) - Huppa LV","og_description":"Waterproof and windproof babies\u2019 sleeping bag. The sleeping bag is lined with soft cotton flannel and has breathable top fabric. It is easy to fit the baby into the sleeping bag thanks to the two full-length zippers, and for car rides, seat belts can conveniently be secured through the belt holes. Integrated elastic band at [&hellip;]","og_url":"https:\/\/shop.huppa.eu\/lv\/product\/mazulu-gulammaisins-emily-down-3\/","og_site_name":"Huppa LV","article_modified_time":"2026-04-08T11:18:12+00:00","og_image":[{"width":1200,"height":1200,"url":"https:\/\/huppashop-prod.s3.eu-north-1.amazonaws.com\/wp-content\/uploads\/sites\/4\/2022\/03\/12193226\/32010055-91820-EMILYf.jpg","type":"image\/jpeg"}],"twitter_card":"summary_large_image","schema":{"@context":"https:\/\/schema.org","@graph":[{"@type":"WebPage","@id":"https:\/\/shop.huppa.eu\/lv\/product\/mazulu-gulammaisins-emily-down-3\/","url":"https:\/\/shop.huppa.eu\/lv\/product\/mazulu-gulammaisins-emily-down-3\/","name":"Mazu\u013cu gu\u013cammaisi\u0146\u0161 EMILY (DOWN) - Huppa LV","isPartOf":{"@id":"https:\/\/shop.huppa.eu\/lv\/#website"},"primaryImageOfPage":{"@id":"https:\/\/shop.huppa.eu\/lv\/product\/mazulu-gulammaisins-emily-down-3\/#primaryimage"},"image":{"@id":"https:\/\/shop.huppa.eu\/lv\/product\/mazulu-gulammaisins-emily-down-3\/#primaryimage"},"thumbnailUrl":"https:\/\/huppashop-prod.s3.eu-north-1.amazonaws.com\/wp-content\/uploads\/sites\/4\/2022\/03\/12193226\/32010055-91820-EMILYf.jpg","datePublished":"2025-11-24T15:11:08+00:00","dateModified":"2026-04-08T11:18:12+00:00","breadcrumb":{"@id":"https:\/\/shop.huppa.eu\/lv\/product\/mazulu-gulammaisins-emily-down-3\/#breadcrumb"},"inLanguage":"lv-LV","potentialAction":[{"@type":"ReadAction","target":["https:\/\/shop.huppa.eu\/lv\/product\/mazulu-gulammaisins-emily-down-3\/"]}]},{"@type":"ImageObject","inLanguage":"lv-LV","@id":"https:\/\/shop.huppa.eu\/lv\/product\/mazulu-gulammaisins-emily-down-3\/#primaryimage","url":"https:\/\/huppashop-prod.s3.eu-north-1.amazonaws.com\/wp-content\/uploads\/sites\/4\/2022\/03\/12193226\/32010055-91820-EMILYf.jpg","contentUrl":"https:\/\/huppashop-prod.s3.eu-north-1.amazonaws.com\/wp-content\/uploads\/sites\/4\/2022\/03\/12193226\/32010055-91820-EMILYf.jpg","width":1200,"height":1200},{"@type":"BreadcrumbList","@id":"https:\/\/shop.huppa.eu\/lv\/product\/mazulu-gulammaisins-emily-down-3\/#breadcrumb","itemListElement":[{"@type":"ListItem","position":1,"name":"Veikals","item":"https:\/\/shop.huppa.eu\/lv\/shop\/"},{"@type":"ListItem","position":2,"name":"Mazu\u013cu gu\u013cammaisi\u0146\u0161 EMILY (DOWN)"}]},{"@type":"WebSite","@id":"https:\/\/shop.huppa.eu\/lv\/#website","url":"https:\/\/shop.huppa.eu\/lv\/","name":"Huppa LV","description":"","potentialAction":[{"@type":"SearchAction","target":{"@type":"EntryPoint","urlTemplate":"https:\/\/shop.huppa.eu\/lv\/?s={search_term_string}"},"query-input":{"@type":"PropertyValueSpecification","valueRequired":true,"valueName":"search_term_string"}}],"inLanguage":"lv-LV"}]}},"_links":{"self":[{"href":"https:\/\/shop.huppa.eu\/lv\/wp-json\/wp\/v2\/product\/542559","targetHints":{"allow":["GET"]}}],"collection":[{"href":"https:\/\/shop.huppa.eu\/lv\/wp-json\/wp\/v2\/product"}],"about":[{"href":"https:\/\/shop.huppa.eu\/lv\/wp-json\/wp\/v2\/types\/product"}],"wp:featuredmedia":[{"embeddable":true,"href":"https:\/\/shop.huppa.eu\/lv\/wp-json\/wp\/v2\/media\/473532"}],"wp:attachment":[{"href":"https:\/\/shop.huppa.eu\/lv\/wp-json\/wp\/v2\/media?parent=542559"}],"wp:term":[{"taxonomy":"product_brand","embeddable":true,"href":"https:\/\/shop.huppa.eu\/lv\/wp-json\/wp\/v2\/product_brand?post=542559"},{"taxonomy":"product_cat","embeddable":true,"href":"https:\/\/shop.huppa.eu\/lv\/wp-json\/wp\/v2\/product_cat?post=542559"},{"taxonomy":"product_tag","embeddable":true,"href":"https:\/\/shop.huppa.eu\/lv\/wp-json\/wp\/v2\/product_tag?post=542559"}],"curies":[{"name":"wp","href":"https:\/\/api.w.org\/{rel}","templated":true}]}}