{"id":542561,"date":"2025-11-24T17:11:10","date_gmt":"2025-11-24T15:11:10","guid":{"rendered":"https:\/\/shop.huppa.eu\/lv\/product\/mazulu-gulammaisins-emily-down-4\/"},"modified":"2026-04-08T13:18:15","modified_gmt":"2026-04-08T11:18:15","slug":"mazulu-gulammaisins-emily-down-4","status":"publish","type":"product","link":"https:\/\/shop.huppa.eu\/lv\/product\/mazulu-gulammaisins-emily-down-4\/","title":{"rendered":"Mazu\u013cu gu\u013cammaisi\u0146\u0161 EMILY (DOWN)"},"content":{"rendered":"<p>Pat\u012bkami silts, \u016bdens un v\u0113ja necaurlaid\u012bgs mazu\u013cu gu\u013cammaiss saldiem pusdienlaika sapn\u012b\u0161iem. Gu\u013cammaisaim ir m\u012bkst\u0101s kokvilnas flane\u013ca odere un gaisa caurlaid\u012bgs virs\u0113jais audums. Mazuli ir viegli ieguld\u012bt gu\u013cammais\u0101, pateicoties div\u0101m aizdar\u0113m piln\u0101 s\u0101nu garum\u0101 un to ir \u0113rti izmantot autos\u0113dekl\u012bt\u012b, ar dro\u0161\u012bbas jostu piespr\u0101dz\u0113jot tam paredz\u0113taj\u0101 viet\u0101. Piedurk\u0146u da\u013c\u0101s un kapuces mal\u0101 iestr\u0101d\u0101ta gumijas apdare. Ar p\u0101ris kust\u012bb\u0101m atlok\u0101mas piedurkn\u012btes &#8211; cimdi nav nepiecie\u0161ami. Priek\u0161pus\u0113 divi gari r\u0101v\u0113jsl\u0113dz\u0113ji.<\/p>\n","protected":false},"excerpt":{"rendered":"<p>Pat\u012bkami silts, \u016bdens un v\u0113ja necaurlaid\u012bgs mazu\u013cu gu\u013cammaiss saldiem pusdienlaika sapn\u012b\u0161iem. Gu\u013cammaisaim ir m\u012bkst\u0101s kokvilnas flane\u013ca odere un gaisa caurlaid\u012bgs virs\u0113jais audums. Mazuli ir viegli ieguld\u012bt gu\u013cammais\u0101, pateicoties div\u0101m aizdar\u0113m piln\u0101 s\u0101nu garum\u0101 un to ir \u0113rti izmantot autos\u0113dekl\u012bt\u012b, ar dro\u0161\u012bbas jostu piespr\u0101dz\u0113jot tam paredz\u0113taj\u0101 viet\u0101. Piedurk\u0146u da\u013c\u0101s un kapuces mal\u0101 iestr\u0101d\u0101ta gumijas apdare. Ar [&hellip;]<\/p>\n","protected":false},"featured_media":542563,"template":"","meta":{"_acf_changed":false},"product_brand":[],"product_cat":[104,1494,8839,1496,563],"product_tag":[],"class_list":{"0":"post-542561","1":"product","2":"type-product","3":"status-publish","4":"has-post-thumbnail","6":"product_cat-berniem","7":"product_cat-mazulu-maisini","8":"product_cat-mazulu-maisini-top","9":"product_cat-mazulu-maisini-unisex","10":"product_cat-unisex","11":"pa_auduma-gaisa-caurlaidiba-5000g-m-24h","12":"pa_auduma-udens-caurlaidiba-5000mm","13":"pa_dzimums-unisex","14":"pa_izmers-1490","15":"pa_izolacijas-svars-down","16":"pa_kolekcija-down","17":"pa_kolekcijas-nr-w19-20","18":"pa_produkta-kods-32010055-93636","19":"pa_siltinajums-down","20":"pa_vecuma-grupa-berniem","22":"first","23":"instock","24":"sale","25":"taxable","26":"shipping-taxable","27":"purchasable","28":"product-type-variable"},"acf":[],"yoast_head":"<!-- This site is optimized with the Yoast SEO plugin v26.8 - https:\/\/yoast.com\/product\/yoast-seo-wordpress\/ -->\n<title>Mazu\u013cu gu\u013cammaisi\u0146\u0161 EMILY (DOWN) - Huppa LV<\/title>\n<meta name=\"robots\" content=\"index, follow, max-snippet:-1, max-image-preview:large, max-video-preview:-1\" \/>\n<link rel=\"canonical\" href=\"https:\/\/shop.huppa.eu\/lv\/product\/mazulu-gulammaisins-emily-down-4\/\" \/>\n<meta property=\"og:locale\" content=\"lv_LV\" \/>\n<meta property=\"og:type\" content=\"article\" \/>\n<meta property=\"og:title\" content=\"Mazu\u013cu gu\u013cammaisi\u0146\u0161 EMILY (DOWN) - Huppa LV\" \/>\n<meta property=\"og:description\" content=\"Pat\u012bkami silts, \u016bdens un v\u0113ja necaurlaid\u012bgs mazu\u013cu gu\u013cammaiss saldiem pusdienlaika sapn\u012b\u0161iem. Gu\u013cammaisaim ir m\u012bkst\u0101s kokvilnas flane\u013ca odere un gaisa caurlaid\u012bgs virs\u0113jais audums. Mazuli ir viegli ieguld\u012bt gu\u013cammais\u0101, pateicoties div\u0101m aizdar\u0113m piln\u0101 s\u0101nu garum\u0101 un to ir \u0113rti izmantot autos\u0113dekl\u012bt\u012b, ar dro\u0161\u012bbas jostu piespr\u0101dz\u0113jot tam paredz\u0113taj\u0101 viet\u0101. Piedurk\u0146u da\u013c\u0101s un kapuces mal\u0101 iestr\u0101d\u0101ta gumijas apdare. Ar [&hellip;]\" \/>\n<meta property=\"og:url\" content=\"https:\/\/shop.huppa.eu\/lv\/product\/mazulu-gulammaisins-emily-down-4\/\" \/>\n<meta property=\"og:site_name\" content=\"Huppa LV\" \/>\n<meta property=\"article:modified_time\" content=\"2026-04-08T11:18:15+00:00\" \/>\n<meta property=\"og:image\" content=\"https:\/\/huppashop-prod.s3.eu-north-1.amazonaws.com\/wp-content\/uploads\/sites\/4\/2025\/11\/24171111\/32010055-93636-EMILY_f.jpg\" \/>\n\t<meta property=\"og:image:width\" content=\"1200\" \/>\n\t<meta property=\"og:image:height\" content=\"1200\" \/>\n\t<meta property=\"og:image:type\" content=\"image\/jpeg\" \/>\n<meta name=\"twitter:card\" content=\"summary_large_image\" \/>\n<meta name=\"twitter:label1\" content=\"Est. reading time\" \/>\n\t<meta name=\"twitter:data1\" content=\"1 min\u016bte\" \/>\n<script type=\"application\/ld+json\" class=\"yoast-schema-graph\">{\"@context\":\"https:\/\/schema.org\",\"@graph\":[{\"@type\":\"WebPage\",\"@id\":\"https:\/\/shop.huppa.eu\/lv\/product\/mazulu-gulammaisins-emily-down-4\/\",\"url\":\"https:\/\/shop.huppa.eu\/lv\/product\/mazulu-gulammaisins-emily-down-4\/\",\"name\":\"Mazu\u013cu gu\u013cammaisi\u0146\u0161 EMILY (DOWN) - Huppa LV\",\"isPartOf\":{\"@id\":\"https:\/\/shop.huppa.eu\/lv\/#website\"},\"primaryImageOfPage\":{\"@id\":\"https:\/\/shop.huppa.eu\/lv\/product\/mazulu-gulammaisins-emily-down-4\/#primaryimage\"},\"image\":{\"@id\":\"https:\/\/shop.huppa.eu\/lv\/product\/mazulu-gulammaisins-emily-down-4\/#primaryimage\"},\"thumbnailUrl\":\"https:\/\/huppashop-prod.s3.eu-north-1.amazonaws.com\/wp-content\/uploads\/sites\/4\/2025\/11\/24171111\/32010055-93636-EMILY_f.jpg\",\"datePublished\":\"2025-11-24T15:11:10+00:00\",\"dateModified\":\"2026-04-08T11:18:15+00:00\",\"breadcrumb\":{\"@id\":\"https:\/\/shop.huppa.eu\/lv\/product\/mazulu-gulammaisins-emily-down-4\/#breadcrumb\"},\"inLanguage\":\"lv-LV\",\"potentialAction\":[{\"@type\":\"ReadAction\",\"target\":[\"https:\/\/shop.huppa.eu\/lv\/product\/mazulu-gulammaisins-emily-down-4\/\"]}]},{\"@type\":\"ImageObject\",\"inLanguage\":\"lv-LV\",\"@id\":\"https:\/\/shop.huppa.eu\/lv\/product\/mazulu-gulammaisins-emily-down-4\/#primaryimage\",\"url\":\"https:\/\/huppashop-prod.s3.eu-north-1.amazonaws.com\/wp-content\/uploads\/sites\/4\/2025\/11\/24171111\/32010055-93636-EMILY_f.jpg\",\"contentUrl\":\"https:\/\/huppashop-prod.s3.eu-north-1.amazonaws.com\/wp-content\/uploads\/sites\/4\/2025\/11\/24171111\/32010055-93636-EMILY_f.jpg\",\"width\":1200,\"height\":1200},{\"@type\":\"BreadcrumbList\",\"@id\":\"https:\/\/shop.huppa.eu\/lv\/product\/mazulu-gulammaisins-emily-down-4\/#breadcrumb\",\"itemListElement\":[{\"@type\":\"ListItem\",\"position\":1,\"name\":\"Veikals\",\"item\":\"https:\/\/shop.huppa.eu\/lv\/shop\/\"},{\"@type\":\"ListItem\",\"position\":2,\"name\":\"Mazu\u013cu gu\u013cammaisi\u0146\u0161 EMILY (DOWN)\"}]},{\"@type\":\"WebSite\",\"@id\":\"https:\/\/shop.huppa.eu\/lv\/#website\",\"url\":\"https:\/\/shop.huppa.eu\/lv\/\",\"name\":\"Huppa LV\",\"description\":\"\",\"potentialAction\":[{\"@type\":\"SearchAction\",\"target\":{\"@type\":\"EntryPoint\",\"urlTemplate\":\"https:\/\/shop.huppa.eu\/lv\/?s={search_term_string}\"},\"query-input\":{\"@type\":\"PropertyValueSpecification\",\"valueRequired\":true,\"valueName\":\"search_term_string\"}}],\"inLanguage\":\"lv-LV\"}]}<\/script>\n<!-- \/ Yoast SEO plugin. -->","yoast_head_json":{"title":"Mazu\u013cu gu\u013cammaisi\u0146\u0161 EMILY (DOWN) - Huppa LV","robots":{"index":"index","follow":"follow","max-snippet":"max-snippet:-1","max-image-preview":"max-image-preview:large","max-video-preview":"max-video-preview:-1"},"canonical":"https:\/\/shop.huppa.eu\/lv\/product\/mazulu-gulammaisins-emily-down-4\/","og_locale":"lv_LV","og_type":"article","og_title":"Mazu\u013cu gu\u013cammaisi\u0146\u0161 EMILY (DOWN) - Huppa LV","og_description":"Pat\u012bkami silts, \u016bdens un v\u0113ja necaurlaid\u012bgs mazu\u013cu gu\u013cammaiss saldiem pusdienlaika sapn\u012b\u0161iem. Gu\u013cammaisaim ir m\u012bkst\u0101s kokvilnas flane\u013ca odere un gaisa caurlaid\u012bgs virs\u0113jais audums. Mazuli ir viegli ieguld\u012bt gu\u013cammais\u0101, pateicoties div\u0101m aizdar\u0113m piln\u0101 s\u0101nu garum\u0101 un to ir \u0113rti izmantot autos\u0113dekl\u012bt\u012b, ar dro\u0161\u012bbas jostu piespr\u0101dz\u0113jot tam paredz\u0113taj\u0101 viet\u0101. Piedurk\u0146u da\u013c\u0101s un kapuces mal\u0101 iestr\u0101d\u0101ta gumijas apdare. Ar [&hellip;]","og_url":"https:\/\/shop.huppa.eu\/lv\/product\/mazulu-gulammaisins-emily-down-4\/","og_site_name":"Huppa LV","article_modified_time":"2026-04-08T11:18:15+00:00","og_image":[{"width":1200,"height":1200,"url":"https:\/\/huppashop-prod.s3.eu-north-1.amazonaws.com\/wp-content\/uploads\/sites\/4\/2025\/11\/24171111\/32010055-93636-EMILY_f.jpg","type":"image\/jpeg"}],"twitter_card":"summary_large_image","twitter_misc":{"Est. reading time":"1 min\u016bte"},"schema":{"@context":"https:\/\/schema.org","@graph":[{"@type":"WebPage","@id":"https:\/\/shop.huppa.eu\/lv\/product\/mazulu-gulammaisins-emily-down-4\/","url":"https:\/\/shop.huppa.eu\/lv\/product\/mazulu-gulammaisins-emily-down-4\/","name":"Mazu\u013cu gu\u013cammaisi\u0146\u0161 EMILY (DOWN) - Huppa LV","isPartOf":{"@id":"https:\/\/shop.huppa.eu\/lv\/#website"},"primaryImageOfPage":{"@id":"https:\/\/shop.huppa.eu\/lv\/product\/mazulu-gulammaisins-emily-down-4\/#primaryimage"},"image":{"@id":"https:\/\/shop.huppa.eu\/lv\/product\/mazulu-gulammaisins-emily-down-4\/#primaryimage"},"thumbnailUrl":"https:\/\/huppashop-prod.s3.eu-north-1.amazonaws.com\/wp-content\/uploads\/sites\/4\/2025\/11\/24171111\/32010055-93636-EMILY_f.jpg","datePublished":"2025-11-24T15:11:10+00:00","dateModified":"2026-04-08T11:18:15+00:00","breadcrumb":{"@id":"https:\/\/shop.huppa.eu\/lv\/product\/mazulu-gulammaisins-emily-down-4\/#breadcrumb"},"inLanguage":"lv-LV","potentialAction":[{"@type":"ReadAction","target":["https:\/\/shop.huppa.eu\/lv\/product\/mazulu-gulammaisins-emily-down-4\/"]}]},{"@type":"ImageObject","inLanguage":"lv-LV","@id":"https:\/\/shop.huppa.eu\/lv\/product\/mazulu-gulammaisins-emily-down-4\/#primaryimage","url":"https:\/\/huppashop-prod.s3.eu-north-1.amazonaws.com\/wp-content\/uploads\/sites\/4\/2025\/11\/24171111\/32010055-93636-EMILY_f.jpg","contentUrl":"https:\/\/huppashop-prod.s3.eu-north-1.amazonaws.com\/wp-content\/uploads\/sites\/4\/2025\/11\/24171111\/32010055-93636-EMILY_f.jpg","width":1200,"height":1200},{"@type":"BreadcrumbList","@id":"https:\/\/shop.huppa.eu\/lv\/product\/mazulu-gulammaisins-emily-down-4\/#breadcrumb","itemListElement":[{"@type":"ListItem","position":1,"name":"Veikals","item":"https:\/\/shop.huppa.eu\/lv\/shop\/"},{"@type":"ListItem","position":2,"name":"Mazu\u013cu gu\u013cammaisi\u0146\u0161 EMILY (DOWN)"}]},{"@type":"WebSite","@id":"https:\/\/shop.huppa.eu\/lv\/#website","url":"https:\/\/shop.huppa.eu\/lv\/","name":"Huppa LV","description":"","potentialAction":[{"@type":"SearchAction","target":{"@type":"EntryPoint","urlTemplate":"https:\/\/shop.huppa.eu\/lv\/?s={search_term_string}"},"query-input":{"@type":"PropertyValueSpecification","valueRequired":true,"valueName":"search_term_string"}}],"inLanguage":"lv-LV"}]}},"_links":{"self":[{"href":"https:\/\/shop.huppa.eu\/lv\/wp-json\/wp\/v2\/product\/542561","targetHints":{"allow":["GET"]}}],"collection":[{"href":"https:\/\/shop.huppa.eu\/lv\/wp-json\/wp\/v2\/product"}],"about":[{"href":"https:\/\/shop.huppa.eu\/lv\/wp-json\/wp\/v2\/types\/product"}],"wp:featuredmedia":[{"embeddable":true,"href":"https:\/\/shop.huppa.eu\/lv\/wp-json\/wp\/v2\/media\/542563"}],"wp:attachment":[{"href":"https:\/\/shop.huppa.eu\/lv\/wp-json\/wp\/v2\/media?parent=542561"}],"wp:term":[{"taxonomy":"product_brand","embeddable":true,"href":"https:\/\/shop.huppa.eu\/lv\/wp-json\/wp\/v2\/product_brand?post=542561"},{"taxonomy":"product_cat","embeddable":true,"href":"https:\/\/shop.huppa.eu\/lv\/wp-json\/wp\/v2\/product_cat?post=542561"},{"taxonomy":"product_tag","embeddable":true,"href":"https:\/\/shop.huppa.eu\/lv\/wp-json\/wp\/v2\/product_tag?post=542561"}],"curies":[{"name":"wp","href":"https:\/\/api.w.org\/{rel}","templated":true}]}}