{"id":542586,"date":"2025-11-24T17:11:53","date_gmt":"2025-11-24T15:11:53","guid":{"rendered":"https:\/\/shop.huppa.eu\/lv\/product\/bernu-ziemas-kombinezons-kalli-200g-3\/"},"modified":"2026-04-06T06:11:09","modified_gmt":"2026-04-06T04:11:09","slug":"bernu-ziemas-kombinezons-kalli-200g-3","status":"publish","type":"product","link":"https:\/\/shop.huppa.eu\/lv\/product\/bernu-ziemas-kombinezons-kalli-200g-3\/","title":{"rendered":"B\u0113rnu ziemas kombinezons KALLI (200g)"},"content":{"rendered":"<p>Z\u012bdai\u0146u \u016bdensnecaurlaid\u012bgs un v\u0113ju necaurlaid\u012bgs m\u012bksts gu\u013cammaisa tipa kombinezons. Elpojo\u0161s audums. Iek\u0161\u0113j\u0101 odere no flane\u013ca. Integr\u0113ta elast\u012bga lente piedurk\u0146u un bik\u0161u staru galos, k\u0101 ar\u012b jostasviet\u0101 muguras da\u013c\u0101. Piedurk\u0146u un bik\u0161u staru galus izm\u0113ros 62\u201380 var \u0113rti atloc\u012bt. Elast\u012bgas k\u0101ju siksni\u0146as. Atstarojo\u0161i elementi audum\u0101.<\/p>\n","protected":false},"excerpt":{"rendered":"<p>Z\u012bdai\u0146u \u016bdensnecaurlaid\u012bgs un v\u0113ju necaurlaid\u012bgs m\u012bksts gu\u013cammaisa tipa kombinezons. Elpojo\u0161s audums. Iek\u0161\u0113j\u0101 odere no flane\u013ca. Integr\u0113ta elast\u012bga lente piedurk\u0146u un bik\u0161u staru galos, k\u0101 ar\u012b jostasviet\u0101 muguras da\u013c\u0101. Piedurk\u0146u un bik\u0161u staru galus izm\u0113ros 62\u201380 var \u0113rti atloc\u012bt. Elast\u012bgas k\u0101ju siksni\u0146as. Atstarojo\u0161i elementi audum\u0101.<\/p>\n","protected":false},"featured_media":542588,"template":"","meta":{"_acf_changed":false},"product_brand":[],"product_cat":[8838,104,357,359,107],"product_tag":[],"class_list":{"0":"post-542586","1":"product","2":"type-product","3":"status-publish","4":"has-post-thumbnail","6":"product_cat-kombinezoni-top","7":"product_cat-berniem","8":"product_cat-kombinezoni","9":"product_cat-kombinezoni-zeni","10":"product_cat-zeni","11":"pa_auduma-gaisa-caurlaidiba-5000g-m-24h","12":"pa_auduma-udens-caurlaidiba-5000mm","13":"pa_dzimums-zeni","14":"pa_izmers-1374","15":"pa_izolacijas-svars-200g","16":"pa_kolekcija-fashion","17":"pa_kolekcijas-nr-w15-16","18":"pa_produkta-kods-3212bw15-e86","19":"pa_siltinajums-200g","20":"pa_vecuma-grupa-berniem","22":"first","23":"instock","24":"sale","25":"taxable","26":"shipping-taxable","27":"purchasable","28":"product-type-variable"},"acf":[],"yoast_head":"<!-- This site is optimized with the Yoast SEO plugin v26.8 - https:\/\/yoast.com\/product\/yoast-seo-wordpress\/ -->\n<title>B\u0113rnu ziemas kombinezons KALLI (200g) - Huppa LV<\/title>\n<meta name=\"robots\" content=\"index, follow, max-snippet:-1, max-image-preview:large, max-video-preview:-1\" \/>\n<link rel=\"canonical\" href=\"https:\/\/shop.huppa.eu\/lv\/product\/bernu-ziemas-kombinezons-kalli-200g-3\/\" \/>\n<meta property=\"og:locale\" content=\"lv_LV\" \/>\n<meta property=\"og:type\" content=\"article\" \/>\n<meta property=\"og:title\" content=\"B\u0113rnu ziemas kombinezons KALLI (200g) - Huppa LV\" \/>\n<meta property=\"og:description\" content=\"Z\u012bdai\u0146u \u016bdensnecaurlaid\u012bgs un v\u0113ju necaurlaid\u012bgs m\u012bksts gu\u013cammaisa tipa kombinezons. Elpojo\u0161s audums. Iek\u0161\u0113j\u0101 odere no flane\u013ca. Integr\u0113ta elast\u012bga lente piedurk\u0146u un bik\u0161u staru galos, k\u0101 ar\u012b jostasviet\u0101 muguras da\u013c\u0101. Piedurk\u0146u un bik\u0161u staru galus izm\u0113ros 62\u201380 var \u0113rti atloc\u012bt. Elast\u012bgas k\u0101ju siksni\u0146as. Atstarojo\u0161i elementi audum\u0101.\" \/>\n<meta property=\"og:url\" content=\"https:\/\/shop.huppa.eu\/lv\/product\/bernu-ziemas-kombinezons-kalli-200g-3\/\" \/>\n<meta property=\"og:site_name\" content=\"Huppa LV\" \/>\n<meta property=\"article:modified_time\" content=\"2026-04-06T04:11:09+00:00\" \/>\n<meta property=\"og:image\" content=\"https:\/\/huppashop-prod.s3.eu-north-1.amazonaws.com\/wp-content\/uploads\/sites\/4\/2025\/11\/24171157\/3212BW15-E86-KALLIf.png\" \/>\n\t<meta property=\"og:image:width\" content=\"800\" \/>\n\t<meta property=\"og:image:height\" content=\"800\" \/>\n\t<meta property=\"og:image:type\" content=\"image\/png\" \/>\n<meta name=\"twitter:card\" content=\"summary_large_image\" \/>\n<script type=\"application\/ld+json\" class=\"yoast-schema-graph\">{\"@context\":\"https:\/\/schema.org\",\"@graph\":[{\"@type\":\"WebPage\",\"@id\":\"https:\/\/shop.huppa.eu\/lv\/product\/bernu-ziemas-kombinezons-kalli-200g-3\/\",\"url\":\"https:\/\/shop.huppa.eu\/lv\/product\/bernu-ziemas-kombinezons-kalli-200g-3\/\",\"name\":\"B\u0113rnu ziemas kombinezons KALLI (200g) - Huppa LV\",\"isPartOf\":{\"@id\":\"https:\/\/shop.huppa.eu\/lv\/#website\"},\"primaryImageOfPage\":{\"@id\":\"https:\/\/shop.huppa.eu\/lv\/product\/bernu-ziemas-kombinezons-kalli-200g-3\/#primaryimage\"},\"image\":{\"@id\":\"https:\/\/shop.huppa.eu\/lv\/product\/bernu-ziemas-kombinezons-kalli-200g-3\/#primaryimage\"},\"thumbnailUrl\":\"https:\/\/huppashop-prod.s3.eu-north-1.amazonaws.com\/wp-content\/uploads\/sites\/4\/2025\/11\/24171157\/3212BW15-E86-KALLIf.png\",\"datePublished\":\"2025-11-24T15:11:53+00:00\",\"dateModified\":\"2026-04-06T04:11:09+00:00\",\"breadcrumb\":{\"@id\":\"https:\/\/shop.huppa.eu\/lv\/product\/bernu-ziemas-kombinezons-kalli-200g-3\/#breadcrumb\"},\"inLanguage\":\"lv-LV\",\"potentialAction\":[{\"@type\":\"ReadAction\",\"target\":[\"https:\/\/shop.huppa.eu\/lv\/product\/bernu-ziemas-kombinezons-kalli-200g-3\/\"]}]},{\"@type\":\"ImageObject\",\"inLanguage\":\"lv-LV\",\"@id\":\"https:\/\/shop.huppa.eu\/lv\/product\/bernu-ziemas-kombinezons-kalli-200g-3\/#primaryimage\",\"url\":\"https:\/\/huppashop-prod.s3.eu-north-1.amazonaws.com\/wp-content\/uploads\/sites\/4\/2025\/11\/24171157\/3212BW15-E86-KALLIf.png\",\"contentUrl\":\"https:\/\/huppashop-prod.s3.eu-north-1.amazonaws.com\/wp-content\/uploads\/sites\/4\/2025\/11\/24171157\/3212BW15-E86-KALLIf.png\",\"width\":800,\"height\":800},{\"@type\":\"BreadcrumbList\",\"@id\":\"https:\/\/shop.huppa.eu\/lv\/product\/bernu-ziemas-kombinezons-kalli-200g-3\/#breadcrumb\",\"itemListElement\":[{\"@type\":\"ListItem\",\"position\":1,\"name\":\"Veikals\",\"item\":\"https:\/\/shop.huppa.eu\/lv\/shop\/\"},{\"@type\":\"ListItem\",\"position\":2,\"name\":\"B\u0113rnu ziemas kombinezons KALLI (200g)\"}]},{\"@type\":\"WebSite\",\"@id\":\"https:\/\/shop.huppa.eu\/lv\/#website\",\"url\":\"https:\/\/shop.huppa.eu\/lv\/\",\"name\":\"Huppa LV\",\"description\":\"\",\"potentialAction\":[{\"@type\":\"SearchAction\",\"target\":{\"@type\":\"EntryPoint\",\"urlTemplate\":\"https:\/\/shop.huppa.eu\/lv\/?s={search_term_string}\"},\"query-input\":{\"@type\":\"PropertyValueSpecification\",\"valueRequired\":true,\"valueName\":\"search_term_string\"}}],\"inLanguage\":\"lv-LV\"}]}<\/script>\n<!-- \/ Yoast SEO plugin. -->","yoast_head_json":{"title":"B\u0113rnu ziemas kombinezons KALLI (200g) - Huppa LV","robots":{"index":"index","follow":"follow","max-snippet":"max-snippet:-1","max-image-preview":"max-image-preview:large","max-video-preview":"max-video-preview:-1"},"canonical":"https:\/\/shop.huppa.eu\/lv\/product\/bernu-ziemas-kombinezons-kalli-200g-3\/","og_locale":"lv_LV","og_type":"article","og_title":"B\u0113rnu ziemas kombinezons KALLI (200g) - Huppa LV","og_description":"Z\u012bdai\u0146u \u016bdensnecaurlaid\u012bgs un v\u0113ju necaurlaid\u012bgs m\u012bksts gu\u013cammaisa tipa kombinezons. Elpojo\u0161s audums. Iek\u0161\u0113j\u0101 odere no flane\u013ca. Integr\u0113ta elast\u012bga lente piedurk\u0146u un bik\u0161u staru galos, k\u0101 ar\u012b jostasviet\u0101 muguras da\u013c\u0101. Piedurk\u0146u un bik\u0161u staru galus izm\u0113ros 62\u201380 var \u0113rti atloc\u012bt. Elast\u012bgas k\u0101ju siksni\u0146as. Atstarojo\u0161i elementi audum\u0101.","og_url":"https:\/\/shop.huppa.eu\/lv\/product\/bernu-ziemas-kombinezons-kalli-200g-3\/","og_site_name":"Huppa LV","article_modified_time":"2026-04-06T04:11:09+00:00","og_image":[{"width":800,"height":800,"url":"https:\/\/huppashop-prod.s3.eu-north-1.amazonaws.com\/wp-content\/uploads\/sites\/4\/2025\/11\/24171157\/3212BW15-E86-KALLIf.png","type":"image\/png"}],"twitter_card":"summary_large_image","schema":{"@context":"https:\/\/schema.org","@graph":[{"@type":"WebPage","@id":"https:\/\/shop.huppa.eu\/lv\/product\/bernu-ziemas-kombinezons-kalli-200g-3\/","url":"https:\/\/shop.huppa.eu\/lv\/product\/bernu-ziemas-kombinezons-kalli-200g-3\/","name":"B\u0113rnu ziemas kombinezons KALLI (200g) - Huppa LV","isPartOf":{"@id":"https:\/\/shop.huppa.eu\/lv\/#website"},"primaryImageOfPage":{"@id":"https:\/\/shop.huppa.eu\/lv\/product\/bernu-ziemas-kombinezons-kalli-200g-3\/#primaryimage"},"image":{"@id":"https:\/\/shop.huppa.eu\/lv\/product\/bernu-ziemas-kombinezons-kalli-200g-3\/#primaryimage"},"thumbnailUrl":"https:\/\/huppashop-prod.s3.eu-north-1.amazonaws.com\/wp-content\/uploads\/sites\/4\/2025\/11\/24171157\/3212BW15-E86-KALLIf.png","datePublished":"2025-11-24T15:11:53+00:00","dateModified":"2026-04-06T04:11:09+00:00","breadcrumb":{"@id":"https:\/\/shop.huppa.eu\/lv\/product\/bernu-ziemas-kombinezons-kalli-200g-3\/#breadcrumb"},"inLanguage":"lv-LV","potentialAction":[{"@type":"ReadAction","target":["https:\/\/shop.huppa.eu\/lv\/product\/bernu-ziemas-kombinezons-kalli-200g-3\/"]}]},{"@type":"ImageObject","inLanguage":"lv-LV","@id":"https:\/\/shop.huppa.eu\/lv\/product\/bernu-ziemas-kombinezons-kalli-200g-3\/#primaryimage","url":"https:\/\/huppashop-prod.s3.eu-north-1.amazonaws.com\/wp-content\/uploads\/sites\/4\/2025\/11\/24171157\/3212BW15-E86-KALLIf.png","contentUrl":"https:\/\/huppashop-prod.s3.eu-north-1.amazonaws.com\/wp-content\/uploads\/sites\/4\/2025\/11\/24171157\/3212BW15-E86-KALLIf.png","width":800,"height":800},{"@type":"BreadcrumbList","@id":"https:\/\/shop.huppa.eu\/lv\/product\/bernu-ziemas-kombinezons-kalli-200g-3\/#breadcrumb","itemListElement":[{"@type":"ListItem","position":1,"name":"Veikals","item":"https:\/\/shop.huppa.eu\/lv\/shop\/"},{"@type":"ListItem","position":2,"name":"B\u0113rnu ziemas kombinezons KALLI (200g)"}]},{"@type":"WebSite","@id":"https:\/\/shop.huppa.eu\/lv\/#website","url":"https:\/\/shop.huppa.eu\/lv\/","name":"Huppa LV","description":"","potentialAction":[{"@type":"SearchAction","target":{"@type":"EntryPoint","urlTemplate":"https:\/\/shop.huppa.eu\/lv\/?s={search_term_string}"},"query-input":{"@type":"PropertyValueSpecification","valueRequired":true,"valueName":"search_term_string"}}],"inLanguage":"lv-LV"}]}},"_links":{"self":[{"href":"https:\/\/shop.huppa.eu\/lv\/wp-json\/wp\/v2\/product\/542586","targetHints":{"allow":["GET"]}}],"collection":[{"href":"https:\/\/shop.huppa.eu\/lv\/wp-json\/wp\/v2\/product"}],"about":[{"href":"https:\/\/shop.huppa.eu\/lv\/wp-json\/wp\/v2\/types\/product"}],"wp:featuredmedia":[{"embeddable":true,"href":"https:\/\/shop.huppa.eu\/lv\/wp-json\/wp\/v2\/media\/542588"}],"wp:attachment":[{"href":"https:\/\/shop.huppa.eu\/lv\/wp-json\/wp\/v2\/media?parent=542586"}],"wp:term":[{"taxonomy":"product_brand","embeddable":true,"href":"https:\/\/shop.huppa.eu\/lv\/wp-json\/wp\/v2\/product_brand?post=542586"},{"taxonomy":"product_cat","embeddable":true,"href":"https:\/\/shop.huppa.eu\/lv\/wp-json\/wp\/v2\/product_cat?post=542586"},{"taxonomy":"product_tag","embeddable":true,"href":"https:\/\/shop.huppa.eu\/lv\/wp-json\/wp\/v2\/product_tag?post=542586"}],"curies":[{"name":"wp","href":"https:\/\/api.w.org\/{rel}","templated":true}]}}