{"id":542597,"date":"2025-11-24T17:12:17","date_gmt":"2025-11-24T15:12:17","guid":{"rendered":"https:\/\/shop.huppa.eu\/lv\/product\/mazulu-gulammaisins-zippy-300g-3\/"},"modified":"2026-04-08T13:18:26","modified_gmt":"2026-04-08T11:18:26","slug":"mazulu-gulammaisins-zippy-300g-3","status":"publish","type":"product","link":"https:\/\/shop.huppa.eu\/lv\/product\/mazulu-gulammaisins-zippy-300g-3\/","title":{"rendered":"Mazu\u013cu gu\u013cammaisi\u0146\u0161 ZIPPY (300g)"},"content":{"rendered":"<p>Kerge vatiiniga soe beebide magamiskott magusateks l\u00f5unauinakuteks. Beebide magamiskotil on pehmest puuvillasest flanellist vooder ning meie kliimasse sobiv parajalt hingav ja vettpidav pealiskangas. Beebit on lihtne magamiskotti riietada t\u00e4nu kahele t\u00e4ispikale lukule ning mugav kasutada autos\u00f5idul kinnitades turvav\u00f6\u00f6 l\u00e4bi selleks etten\u00e4htud ava. Paari liigutusega saab tagasi keerata varrukasuu otsad ning kindaid ei olegi vaja.<\/p>\n","protected":false},"excerpt":{"rendered":"<p>Kerge vatiiniga soe beebide magamiskott magusateks l\u00f5unauinakuteks. Beebide magamiskotil on pehmest puuvillasest flanellist vooder ning meie kliimasse sobiv parajalt hingav ja vettpidav pealiskangas. Beebit on lihtne magamiskotti riietada t\u00e4nu kahele t\u00e4ispikale lukule ning mugav kasutada autos\u00f5idul kinnitades turvav\u00f6\u00f6 l\u00e4bi selleks etten\u00e4htud ava. Paari liigutusega saab tagasi keerata varrukasuu otsad ning kindaid ei olegi vaja.<\/p>\n","protected":false},"featured_media":490716,"template":"","meta":{"_acf_changed":false},"product_brand":[],"product_cat":[8839,104,1494,1503,107],"product_tag":[],"class_list":{"0":"post-542597","1":"product","2":"type-product","3":"status-publish","4":"has-post-thumbnail","6":"product_cat-mazulu-maisini-top","7":"product_cat-berniem","8":"product_cat-mazulu-maisini","9":"product_cat-mazulu-maisini-zeni","10":"product_cat-zeni","11":"pa_auduma-gaisa-caurlaidiba-5000g-m-24h","12":"pa_auduma-udens-caurlaidiba-5000mm","13":"pa_dzimums-zeni","14":"pa_izmers-1490","15":"pa_izmers-1374","16":"pa_izolacijas-svars-300g","17":"pa_kolekcija-fashion","18":"pa_kolekcijas-nr-w16-17","19":"pa_produkta-kods-32130030-60046","20":"pa_siltinajums-300g","21":"pa_vecuma-grupa-berniem","23":"first","24":"instock","25":"sale","26":"taxable","27":"shipping-taxable","28":"purchasable","29":"product-type-variable"},"acf":[],"yoast_head":"<!-- This site is optimized with the Yoast SEO plugin v26.8 - https:\/\/yoast.com\/product\/yoast-seo-wordpress\/ -->\n<title>Mazu\u013cu gu\u013cammaisi\u0146\u0161 ZIPPY (300g) - Huppa LV<\/title>\n<meta name=\"robots\" content=\"index, follow, max-snippet:-1, max-image-preview:large, max-video-preview:-1\" \/>\n<link rel=\"canonical\" href=\"https:\/\/shop.huppa.eu\/lv\/product\/mazulu-gulammaisins-zippy-300g-3\/\" \/>\n<meta property=\"og:locale\" content=\"lv_LV\" \/>\n<meta property=\"og:type\" content=\"article\" \/>\n<meta property=\"og:title\" content=\"Mazu\u013cu gu\u013cammaisi\u0146\u0161 ZIPPY (300g) - Huppa LV\" \/>\n<meta property=\"og:description\" content=\"Kerge vatiiniga soe beebide magamiskott magusateks l\u00f5unauinakuteks. Beebide magamiskotil on pehmest puuvillasest flanellist vooder ning meie kliimasse sobiv parajalt hingav ja vettpidav pealiskangas. Beebit on lihtne magamiskotti riietada t\u00e4nu kahele t\u00e4ispikale lukule ning mugav kasutada autos\u00f5idul kinnitades turvav\u00f6\u00f6 l\u00e4bi selleks etten\u00e4htud ava. Paari liigutusega saab tagasi keerata varrukasuu otsad ning kindaid ei olegi vaja.\" \/>\n<meta property=\"og:url\" content=\"https:\/\/shop.huppa.eu\/lv\/product\/mazulu-gulammaisins-zippy-300g-3\/\" \/>\n<meta property=\"og:site_name\" content=\"Huppa LV\" \/>\n<meta property=\"article:modified_time\" content=\"2026-04-08T11:18:26+00:00\" \/>\n<meta property=\"og:image\" content=\"https:\/\/huppashop-prod.s3.eu-north-1.amazonaws.com\/wp-content\/uploads\/sites\/4\/2022\/05\/03035803\/32130030-60046-ZIPPYf.png\" \/>\n\t<meta property=\"og:image:width\" content=\"800\" \/>\n\t<meta property=\"og:image:height\" content=\"800\" \/>\n\t<meta property=\"og:image:type\" content=\"image\/png\" \/>\n<meta name=\"twitter:card\" content=\"summary_large_image\" \/>\n<script type=\"application\/ld+json\" class=\"yoast-schema-graph\">{\"@context\":\"https:\/\/schema.org\",\"@graph\":[{\"@type\":\"WebPage\",\"@id\":\"https:\/\/shop.huppa.eu\/lv\/product\/mazulu-gulammaisins-zippy-300g-3\/\",\"url\":\"https:\/\/shop.huppa.eu\/lv\/product\/mazulu-gulammaisins-zippy-300g-3\/\",\"name\":\"Mazu\u013cu gu\u013cammaisi\u0146\u0161 ZIPPY (300g) - Huppa LV\",\"isPartOf\":{\"@id\":\"https:\/\/shop.huppa.eu\/lv\/#website\"},\"primaryImageOfPage\":{\"@id\":\"https:\/\/shop.huppa.eu\/lv\/product\/mazulu-gulammaisins-zippy-300g-3\/#primaryimage\"},\"image\":{\"@id\":\"https:\/\/shop.huppa.eu\/lv\/product\/mazulu-gulammaisins-zippy-300g-3\/#primaryimage\"},\"thumbnailUrl\":\"https:\/\/huppashop-prod.s3.eu-north-1.amazonaws.com\/wp-content\/uploads\/sites\/4\/2022\/05\/03035803\/32130030-60046-ZIPPYf.png\",\"datePublished\":\"2025-11-24T15:12:17+00:00\",\"dateModified\":\"2026-04-08T11:18:26+00:00\",\"breadcrumb\":{\"@id\":\"https:\/\/shop.huppa.eu\/lv\/product\/mazulu-gulammaisins-zippy-300g-3\/#breadcrumb\"},\"inLanguage\":\"lv-LV\",\"potentialAction\":[{\"@type\":\"ReadAction\",\"target\":[\"https:\/\/shop.huppa.eu\/lv\/product\/mazulu-gulammaisins-zippy-300g-3\/\"]}]},{\"@type\":\"ImageObject\",\"inLanguage\":\"lv-LV\",\"@id\":\"https:\/\/shop.huppa.eu\/lv\/product\/mazulu-gulammaisins-zippy-300g-3\/#primaryimage\",\"url\":\"https:\/\/huppashop-prod.s3.eu-north-1.amazonaws.com\/wp-content\/uploads\/sites\/4\/2022\/05\/03035803\/32130030-60046-ZIPPYf.png\",\"contentUrl\":\"https:\/\/huppashop-prod.s3.eu-north-1.amazonaws.com\/wp-content\/uploads\/sites\/4\/2022\/05\/03035803\/32130030-60046-ZIPPYf.png\",\"width\":800,\"height\":800},{\"@type\":\"BreadcrumbList\",\"@id\":\"https:\/\/shop.huppa.eu\/lv\/product\/mazulu-gulammaisins-zippy-300g-3\/#breadcrumb\",\"itemListElement\":[{\"@type\":\"ListItem\",\"position\":1,\"name\":\"Veikals\",\"item\":\"https:\/\/shop.huppa.eu\/lv\/shop\/\"},{\"@type\":\"ListItem\",\"position\":2,\"name\":\"Mazu\u013cu gu\u013cammaisi\u0146\u0161 ZIPPY (300g)\"}]},{\"@type\":\"WebSite\",\"@id\":\"https:\/\/shop.huppa.eu\/lv\/#website\",\"url\":\"https:\/\/shop.huppa.eu\/lv\/\",\"name\":\"Huppa LV\",\"description\":\"\",\"potentialAction\":[{\"@type\":\"SearchAction\",\"target\":{\"@type\":\"EntryPoint\",\"urlTemplate\":\"https:\/\/shop.huppa.eu\/lv\/?s={search_term_string}\"},\"query-input\":{\"@type\":\"PropertyValueSpecification\",\"valueRequired\":true,\"valueName\":\"search_term_string\"}}],\"inLanguage\":\"lv-LV\"}]}<\/script>\n<!-- \/ Yoast SEO plugin. -->","yoast_head_json":{"title":"Mazu\u013cu gu\u013cammaisi\u0146\u0161 ZIPPY (300g) - Huppa LV","robots":{"index":"index","follow":"follow","max-snippet":"max-snippet:-1","max-image-preview":"max-image-preview:large","max-video-preview":"max-video-preview:-1"},"canonical":"https:\/\/shop.huppa.eu\/lv\/product\/mazulu-gulammaisins-zippy-300g-3\/","og_locale":"lv_LV","og_type":"article","og_title":"Mazu\u013cu gu\u013cammaisi\u0146\u0161 ZIPPY (300g) - Huppa LV","og_description":"Kerge vatiiniga soe beebide magamiskott magusateks l\u00f5unauinakuteks. Beebide magamiskotil on pehmest puuvillasest flanellist vooder ning meie kliimasse sobiv parajalt hingav ja vettpidav pealiskangas. Beebit on lihtne magamiskotti riietada t\u00e4nu kahele t\u00e4ispikale lukule ning mugav kasutada autos\u00f5idul kinnitades turvav\u00f6\u00f6 l\u00e4bi selleks etten\u00e4htud ava. Paari liigutusega saab tagasi keerata varrukasuu otsad ning kindaid ei olegi vaja.","og_url":"https:\/\/shop.huppa.eu\/lv\/product\/mazulu-gulammaisins-zippy-300g-3\/","og_site_name":"Huppa LV","article_modified_time":"2026-04-08T11:18:26+00:00","og_image":[{"width":800,"height":800,"url":"https:\/\/huppashop-prod.s3.eu-north-1.amazonaws.com\/wp-content\/uploads\/sites\/4\/2022\/05\/03035803\/32130030-60046-ZIPPYf.png","type":"image\/png"}],"twitter_card":"summary_large_image","schema":{"@context":"https:\/\/schema.org","@graph":[{"@type":"WebPage","@id":"https:\/\/shop.huppa.eu\/lv\/product\/mazulu-gulammaisins-zippy-300g-3\/","url":"https:\/\/shop.huppa.eu\/lv\/product\/mazulu-gulammaisins-zippy-300g-3\/","name":"Mazu\u013cu gu\u013cammaisi\u0146\u0161 ZIPPY (300g) - Huppa LV","isPartOf":{"@id":"https:\/\/shop.huppa.eu\/lv\/#website"},"primaryImageOfPage":{"@id":"https:\/\/shop.huppa.eu\/lv\/product\/mazulu-gulammaisins-zippy-300g-3\/#primaryimage"},"image":{"@id":"https:\/\/shop.huppa.eu\/lv\/product\/mazulu-gulammaisins-zippy-300g-3\/#primaryimage"},"thumbnailUrl":"https:\/\/huppashop-prod.s3.eu-north-1.amazonaws.com\/wp-content\/uploads\/sites\/4\/2022\/05\/03035803\/32130030-60046-ZIPPYf.png","datePublished":"2025-11-24T15:12:17+00:00","dateModified":"2026-04-08T11:18:26+00:00","breadcrumb":{"@id":"https:\/\/shop.huppa.eu\/lv\/product\/mazulu-gulammaisins-zippy-300g-3\/#breadcrumb"},"inLanguage":"lv-LV","potentialAction":[{"@type":"ReadAction","target":["https:\/\/shop.huppa.eu\/lv\/product\/mazulu-gulammaisins-zippy-300g-3\/"]}]},{"@type":"ImageObject","inLanguage":"lv-LV","@id":"https:\/\/shop.huppa.eu\/lv\/product\/mazulu-gulammaisins-zippy-300g-3\/#primaryimage","url":"https:\/\/huppashop-prod.s3.eu-north-1.amazonaws.com\/wp-content\/uploads\/sites\/4\/2022\/05\/03035803\/32130030-60046-ZIPPYf.png","contentUrl":"https:\/\/huppashop-prod.s3.eu-north-1.amazonaws.com\/wp-content\/uploads\/sites\/4\/2022\/05\/03035803\/32130030-60046-ZIPPYf.png","width":800,"height":800},{"@type":"BreadcrumbList","@id":"https:\/\/shop.huppa.eu\/lv\/product\/mazulu-gulammaisins-zippy-300g-3\/#breadcrumb","itemListElement":[{"@type":"ListItem","position":1,"name":"Veikals","item":"https:\/\/shop.huppa.eu\/lv\/shop\/"},{"@type":"ListItem","position":2,"name":"Mazu\u013cu gu\u013cammaisi\u0146\u0161 ZIPPY (300g)"}]},{"@type":"WebSite","@id":"https:\/\/shop.huppa.eu\/lv\/#website","url":"https:\/\/shop.huppa.eu\/lv\/","name":"Huppa LV","description":"","potentialAction":[{"@type":"SearchAction","target":{"@type":"EntryPoint","urlTemplate":"https:\/\/shop.huppa.eu\/lv\/?s={search_term_string}"},"query-input":{"@type":"PropertyValueSpecification","valueRequired":true,"valueName":"search_term_string"}}],"inLanguage":"lv-LV"}]}},"_links":{"self":[{"href":"https:\/\/shop.huppa.eu\/lv\/wp-json\/wp\/v2\/product\/542597","targetHints":{"allow":["GET"]}}],"collection":[{"href":"https:\/\/shop.huppa.eu\/lv\/wp-json\/wp\/v2\/product"}],"about":[{"href":"https:\/\/shop.huppa.eu\/lv\/wp-json\/wp\/v2\/types\/product"}],"wp:featuredmedia":[{"embeddable":true,"href":"https:\/\/shop.huppa.eu\/lv\/wp-json\/wp\/v2\/media\/490716"}],"wp:attachment":[{"href":"https:\/\/shop.huppa.eu\/lv\/wp-json\/wp\/v2\/media?parent=542597"}],"wp:term":[{"taxonomy":"product_brand","embeddable":true,"href":"https:\/\/shop.huppa.eu\/lv\/wp-json\/wp\/v2\/product_brand?post=542597"},{"taxonomy":"product_cat","embeddable":true,"href":"https:\/\/shop.huppa.eu\/lv\/wp-json\/wp\/v2\/product_cat?post=542597"},{"taxonomy":"product_tag","embeddable":true,"href":"https:\/\/shop.huppa.eu\/lv\/wp-json\/wp\/v2\/product_tag?post=542597"}],"curies":[{"name":"wp","href":"https:\/\/api.w.org\/{rel}","templated":true}]}}