{"id":543493,"date":"2025-11-24T17:34:14","date_gmt":"2025-11-24T15:34:14","guid":{"rendered":"https:\/\/shop.huppa.eu\/lv\/product\/bernu-ziemas-komplekts-enzi-300g160g-2\/"},"modified":"2026-04-06T06:27:07","modified_gmt":"2026-04-06T04:27:07","slug":"bernu-ziemas-komplekts-enzi-300g160g-2","status":"publish","type":"product","link":"https:\/\/shop.huppa.eu\/lv\/product\/bernu-ziemas-komplekts-enzi-300g160g-2\/","title":{"rendered":"B\u0113rnu ziemas komplekts ENZI (300g+160g)"},"content":{"rendered":"<p>B\u0113rnu ziemas komplekts. Komplekt\u0101 ietilpst jaka ar 300 g izol\u0101ciju un bikses ar augstu jostasvietu un 160 g izol\u0101ciju. Jakai ir no\u0146emama ka\u017eok\u0101das kapuce, kas aizsarg\u0101 pret aukstu v\u0113ju, l\u012bm\u0113tas plecu \u0161uves, gumijas aukla ar fiksatoru apak\u0161mal\u0101 un kabatas ar r\u0101v\u0113jsl\u0113dz\u0113jiem v\u0113rt\u012bgu lietu glab\u0101\u0161anai. Biks\u0113m ir regul\u0113jamas elast\u012bg\u0101s lences, l\u012bm\u0113tas s\u0113dvietas un s\u0101nu \u0161uves, k\u0101 ar\u012b sniega aizsargs iek\u0161pus\u0113. Daudz atstarojo\u0161u elementu, kas nodro\u0161ina dro\u0161u p\u0101rvieto\u0161anos ar\u012b tums\u0101.<\/p>\n","protected":false},"excerpt":{"rendered":"<p>B\u0113rnu ziemas komplekts. Komplekt\u0101 ietilpst jaka ar 300 g izol\u0101ciju un bikses ar augstu jostasvietu un 160 g izol\u0101ciju. Jakai ir no\u0146emama ka\u017eok\u0101das kapuce, kas aizsarg\u0101 pret aukstu v\u0113ju, l\u012bm\u0113tas plecu \u0161uves, gumijas aukla ar fiksatoru apak\u0161mal\u0101 un kabatas ar r\u0101v\u0113jsl\u0113dz\u0113jiem v\u0113rt\u012bgu lietu glab\u0101\u0161anai. Biks\u0113m ir regul\u0113jamas elast\u012bg\u0101s lences, l\u012bm\u0113tas s\u0113dvietas un s\u0101nu \u0161uves, k\u0101 [&hellip;]<\/p>\n","protected":false},"featured_media":444563,"template":"","meta":{"_acf_changed":false},"product_brand":[],"product_cat":[8842,104,1713,1711,107],"product_tag":[],"class_list":{"0":"post-543493","1":"product","2":"type-product","3":"status-publish","4":"has-post-thumbnail","6":"product_cat-komplekti-top","7":"product_cat-berniem","8":"product_cat-komplekti-zeni","9":"product_cat-komplekti","10":"product_cat-zeni","11":"pa_auduma-gaisa-caurlaidiba-10000g-m-24h","12":"pa_auduma-udens-caurlaidiba-10000mm","13":"pa_dzimums-zeni","14":"pa_izmers-125","15":"pa_izmers-95","16":"pa_izmers-117","17":"pa_izolacijas-svars-300g160g","18":"pa_kolekcija-fashion","19":"pa_kolekcijas-nr-w14-15","20":"pa_produkta-kods-4131cw14-509","21":"pa_siltinajums-300g160g","22":"pa_vecuma-grupa-berniem","24":"first","25":"instock","26":"sale","27":"taxable","28":"shipping-taxable","29":"purchasable","30":"product-type-variable"},"acf":[],"yoast_head":"<!-- This site is optimized with the Yoast SEO plugin v26.8 - https:\/\/yoast.com\/product\/yoast-seo-wordpress\/ -->\n<title>B\u0113rnu ziemas komplekts ENZI (300g+160g) - Huppa LV<\/title>\n<meta name=\"robots\" content=\"index, follow, max-snippet:-1, max-image-preview:large, max-video-preview:-1\" \/>\n<link rel=\"canonical\" href=\"https:\/\/shop.huppa.eu\/lv\/product\/bernu-ziemas-komplekts-enzi-300g160g-2\/\" \/>\n<meta property=\"og:locale\" content=\"lv_LV\" \/>\n<meta property=\"og:type\" content=\"article\" \/>\n<meta property=\"og:title\" content=\"B\u0113rnu ziemas komplekts ENZI (300g+160g) - Huppa LV\" \/>\n<meta property=\"og:description\" content=\"B\u0113rnu ziemas komplekts. Komplekt\u0101 ietilpst jaka ar 300 g izol\u0101ciju un bikses ar augstu jostasvietu un 160 g izol\u0101ciju. Jakai ir no\u0146emama ka\u017eok\u0101das kapuce, kas aizsarg\u0101 pret aukstu v\u0113ju, l\u012bm\u0113tas plecu \u0161uves, gumijas aukla ar fiksatoru apak\u0161mal\u0101 un kabatas ar r\u0101v\u0113jsl\u0113dz\u0113jiem v\u0113rt\u012bgu lietu glab\u0101\u0161anai. Biks\u0113m ir regul\u0113jamas elast\u012bg\u0101s lences, l\u012bm\u0113tas s\u0113dvietas un s\u0101nu \u0161uves, k\u0101 [&hellip;]\" \/>\n<meta property=\"og:url\" content=\"https:\/\/shop.huppa.eu\/lv\/product\/bernu-ziemas-komplekts-enzi-300g160g-2\/\" \/>\n<meta property=\"og:site_name\" content=\"Huppa LV\" \/>\n<meta property=\"article:modified_time\" content=\"2026-04-06T04:27:07+00:00\" \/>\n<meta property=\"og:image\" content=\"https:\/\/huppashop-prod.s3.eu-north-1.amazonaws.com\/wp-content\/uploads\/sites\/2\/2021\/06\/08060206\/4131CW14-509-ENZIf.jpg\" \/>\n\t<meta property=\"og:image:width\" content=\"800\" \/>\n\t<meta property=\"og:image:height\" content=\"800\" \/>\n\t<meta property=\"og:image:type\" content=\"image\/jpeg\" \/>\n<meta name=\"twitter:card\" content=\"summary_large_image\" \/>\n<script type=\"application\/ld+json\" class=\"yoast-schema-graph\">{\"@context\":\"https:\/\/schema.org\",\"@graph\":[{\"@type\":\"WebPage\",\"@id\":\"https:\/\/shop.huppa.eu\/lv\/product\/bernu-ziemas-komplekts-enzi-300g160g-2\/\",\"url\":\"https:\/\/shop.huppa.eu\/lv\/product\/bernu-ziemas-komplekts-enzi-300g160g-2\/\",\"name\":\"B\u0113rnu ziemas komplekts ENZI (300g+160g) - Huppa LV\",\"isPartOf\":{\"@id\":\"https:\/\/shop.huppa.eu\/lv\/#website\"},\"primaryImageOfPage\":{\"@id\":\"https:\/\/shop.huppa.eu\/lv\/product\/bernu-ziemas-komplekts-enzi-300g160g-2\/#primaryimage\"},\"image\":{\"@id\":\"https:\/\/shop.huppa.eu\/lv\/product\/bernu-ziemas-komplekts-enzi-300g160g-2\/#primaryimage\"},\"thumbnailUrl\":\"https:\/\/huppashop-prod.s3.eu-north-1.amazonaws.com\/wp-content\/uploads\/sites\/2\/2021\/06\/08060206\/4131CW14-509-ENZIf.jpg\",\"datePublished\":\"2025-11-24T15:34:14+00:00\",\"dateModified\":\"2026-04-06T04:27:07+00:00\",\"breadcrumb\":{\"@id\":\"https:\/\/shop.huppa.eu\/lv\/product\/bernu-ziemas-komplekts-enzi-300g160g-2\/#breadcrumb\"},\"inLanguage\":\"lv-LV\",\"potentialAction\":[{\"@type\":\"ReadAction\",\"target\":[\"https:\/\/shop.huppa.eu\/lv\/product\/bernu-ziemas-komplekts-enzi-300g160g-2\/\"]}]},{\"@type\":\"ImageObject\",\"inLanguage\":\"lv-LV\",\"@id\":\"https:\/\/shop.huppa.eu\/lv\/product\/bernu-ziemas-komplekts-enzi-300g160g-2\/#primaryimage\",\"url\":\"https:\/\/huppashop-prod.s3.eu-north-1.amazonaws.com\/wp-content\/uploads\/sites\/2\/2021\/06\/08060206\/4131CW14-509-ENZIf.jpg\",\"contentUrl\":\"https:\/\/huppashop-prod.s3.eu-north-1.amazonaws.com\/wp-content\/uploads\/sites\/2\/2021\/06\/08060206\/4131CW14-509-ENZIf.jpg\",\"width\":800,\"height\":800},{\"@type\":\"BreadcrumbList\",\"@id\":\"https:\/\/shop.huppa.eu\/lv\/product\/bernu-ziemas-komplekts-enzi-300g160g-2\/#breadcrumb\",\"itemListElement\":[{\"@type\":\"ListItem\",\"position\":1,\"name\":\"Veikals\",\"item\":\"https:\/\/shop.huppa.eu\/lv\/shop\/\"},{\"@type\":\"ListItem\",\"position\":2,\"name\":\"B\u0113rnu ziemas komplekts ENZI (300g+160g)\"}]},{\"@type\":\"WebSite\",\"@id\":\"https:\/\/shop.huppa.eu\/lv\/#website\",\"url\":\"https:\/\/shop.huppa.eu\/lv\/\",\"name\":\"Huppa LV\",\"description\":\"\",\"potentialAction\":[{\"@type\":\"SearchAction\",\"target\":{\"@type\":\"EntryPoint\",\"urlTemplate\":\"https:\/\/shop.huppa.eu\/lv\/?s={search_term_string}\"},\"query-input\":{\"@type\":\"PropertyValueSpecification\",\"valueRequired\":true,\"valueName\":\"search_term_string\"}}],\"inLanguage\":\"lv-LV\"}]}<\/script>\n<!-- \/ Yoast SEO plugin. -->","yoast_head_json":{"title":"B\u0113rnu ziemas komplekts ENZI (300g+160g) - Huppa LV","robots":{"index":"index","follow":"follow","max-snippet":"max-snippet:-1","max-image-preview":"max-image-preview:large","max-video-preview":"max-video-preview:-1"},"canonical":"https:\/\/shop.huppa.eu\/lv\/product\/bernu-ziemas-komplekts-enzi-300g160g-2\/","og_locale":"lv_LV","og_type":"article","og_title":"B\u0113rnu ziemas komplekts ENZI (300g+160g) - Huppa LV","og_description":"B\u0113rnu ziemas komplekts. Komplekt\u0101 ietilpst jaka ar 300 g izol\u0101ciju un bikses ar augstu jostasvietu un 160 g izol\u0101ciju. Jakai ir no\u0146emama ka\u017eok\u0101das kapuce, kas aizsarg\u0101 pret aukstu v\u0113ju, l\u012bm\u0113tas plecu \u0161uves, gumijas aukla ar fiksatoru apak\u0161mal\u0101 un kabatas ar r\u0101v\u0113jsl\u0113dz\u0113jiem v\u0113rt\u012bgu lietu glab\u0101\u0161anai. Biks\u0113m ir regul\u0113jamas elast\u012bg\u0101s lences, l\u012bm\u0113tas s\u0113dvietas un s\u0101nu \u0161uves, k\u0101 [&hellip;]","og_url":"https:\/\/shop.huppa.eu\/lv\/product\/bernu-ziemas-komplekts-enzi-300g160g-2\/","og_site_name":"Huppa LV","article_modified_time":"2026-04-06T04:27:07+00:00","og_image":[{"width":800,"height":800,"url":"https:\/\/huppashop-prod.s3.eu-north-1.amazonaws.com\/wp-content\/uploads\/sites\/2\/2021\/06\/08060206\/4131CW14-509-ENZIf.jpg","type":"image\/jpeg"}],"twitter_card":"summary_large_image","schema":{"@context":"https:\/\/schema.org","@graph":[{"@type":"WebPage","@id":"https:\/\/shop.huppa.eu\/lv\/product\/bernu-ziemas-komplekts-enzi-300g160g-2\/","url":"https:\/\/shop.huppa.eu\/lv\/product\/bernu-ziemas-komplekts-enzi-300g160g-2\/","name":"B\u0113rnu ziemas komplekts ENZI (300g+160g) - Huppa LV","isPartOf":{"@id":"https:\/\/shop.huppa.eu\/lv\/#website"},"primaryImageOfPage":{"@id":"https:\/\/shop.huppa.eu\/lv\/product\/bernu-ziemas-komplekts-enzi-300g160g-2\/#primaryimage"},"image":{"@id":"https:\/\/shop.huppa.eu\/lv\/product\/bernu-ziemas-komplekts-enzi-300g160g-2\/#primaryimage"},"thumbnailUrl":"https:\/\/huppashop-prod.s3.eu-north-1.amazonaws.com\/wp-content\/uploads\/sites\/2\/2021\/06\/08060206\/4131CW14-509-ENZIf.jpg","datePublished":"2025-11-24T15:34:14+00:00","dateModified":"2026-04-06T04:27:07+00:00","breadcrumb":{"@id":"https:\/\/shop.huppa.eu\/lv\/product\/bernu-ziemas-komplekts-enzi-300g160g-2\/#breadcrumb"},"inLanguage":"lv-LV","potentialAction":[{"@type":"ReadAction","target":["https:\/\/shop.huppa.eu\/lv\/product\/bernu-ziemas-komplekts-enzi-300g160g-2\/"]}]},{"@type":"ImageObject","inLanguage":"lv-LV","@id":"https:\/\/shop.huppa.eu\/lv\/product\/bernu-ziemas-komplekts-enzi-300g160g-2\/#primaryimage","url":"https:\/\/huppashop-prod.s3.eu-north-1.amazonaws.com\/wp-content\/uploads\/sites\/2\/2021\/06\/08060206\/4131CW14-509-ENZIf.jpg","contentUrl":"https:\/\/huppashop-prod.s3.eu-north-1.amazonaws.com\/wp-content\/uploads\/sites\/2\/2021\/06\/08060206\/4131CW14-509-ENZIf.jpg","width":800,"height":800},{"@type":"BreadcrumbList","@id":"https:\/\/shop.huppa.eu\/lv\/product\/bernu-ziemas-komplekts-enzi-300g160g-2\/#breadcrumb","itemListElement":[{"@type":"ListItem","position":1,"name":"Veikals","item":"https:\/\/shop.huppa.eu\/lv\/shop\/"},{"@type":"ListItem","position":2,"name":"B\u0113rnu ziemas komplekts ENZI (300g+160g)"}]},{"@type":"WebSite","@id":"https:\/\/shop.huppa.eu\/lv\/#website","url":"https:\/\/shop.huppa.eu\/lv\/","name":"Huppa LV","description":"","potentialAction":[{"@type":"SearchAction","target":{"@type":"EntryPoint","urlTemplate":"https:\/\/shop.huppa.eu\/lv\/?s={search_term_string}"},"query-input":{"@type":"PropertyValueSpecification","valueRequired":true,"valueName":"search_term_string"}}],"inLanguage":"lv-LV"}]}},"_links":{"self":[{"href":"https:\/\/shop.huppa.eu\/lv\/wp-json\/wp\/v2\/product\/543493","targetHints":{"allow":["GET"]}}],"collection":[{"href":"https:\/\/shop.huppa.eu\/lv\/wp-json\/wp\/v2\/product"}],"about":[{"href":"https:\/\/shop.huppa.eu\/lv\/wp-json\/wp\/v2\/types\/product"}],"wp:featuredmedia":[{"embeddable":true,"href":"https:\/\/shop.huppa.eu\/lv\/wp-json\/wp\/v2\/media\/444563"}],"wp:attachment":[{"href":"https:\/\/shop.huppa.eu\/lv\/wp-json\/wp\/v2\/media?parent=543493"}],"wp:term":[{"taxonomy":"product_brand","embeddable":true,"href":"https:\/\/shop.huppa.eu\/lv\/wp-json\/wp\/v2\/product_brand?post=543493"},{"taxonomy":"product_cat","embeddable":true,"href":"https:\/\/shop.huppa.eu\/lv\/wp-json\/wp\/v2\/product_cat?post=543493"},{"taxonomy":"product_tag","embeddable":true,"href":"https:\/\/shop.huppa.eu\/lv\/wp-json\/wp\/v2\/product_tag?post=543493"}],"curies":[{"name":"wp","href":"https:\/\/api.w.org\/{rel}","templated":true}]}}