{"id":544184,"date":"2025-11-24T17:49:19","date_gmt":"2025-11-24T15:49:19","guid":{"rendered":"https:\/\/shop.huppa.eu\/lv\/product\/meitenu-ziemas-komplekts-belinda-300g160g-2\/"},"modified":"2026-04-08T13:49:18","modified_gmt":"2026-04-08T11:49:18","slug":"meitenu-ziemas-komplekts-belinda-300g160g-2","status":"publish","type":"product","link":"https:\/\/shop.huppa.eu\/lv\/product\/meitenu-ziemas-komplekts-belinda-300g160g-2\/","title":{"rendered":"Meite\u0146u ziemas komplekts BELINDA (300g+160g)"},"content":{"rendered":"<p>B\u0113rnu jakas un bik\u0161u komplekts. \u016adens un v\u0113ja necaurlaid\u012bgs, elpojo\u0161s virs\u0113jais audums Jakas un bik\u0161u odere no m\u012bksta auduma. Piedurkn\u0113m rievota apdare. No\u0146emam\u0101 kapuce pie apkakles piestiprin\u0101ma ar velkro aizdari. Kapucei no\u0146emama m\u0101ksl\u012bg\u0101s ka\u017eok\u0101das mala. Biks\u0113m ir augst\u0101 viduk\u013ca da\u013ca un elast\u012bgas un regul\u0113jamas lences. Jostas da\u013c\u0101 un k\u0101jgalos gumijas apdare. \u016adens necaurlaid\u012bgas iz\u0161uvumu uzl\u012bmes. Komplekt\u0101 elast\u012bgas pazoles. K\u0101 jakai, t\u0101 ar\u012b biks\u0113m ir atstarojo\u0161as deta\u013cas.<\/p>\n","protected":false},"excerpt":{"rendered":"<p>B\u0113rnu jakas un bik\u0161u komplekts. \u016adens un v\u0113ja necaurlaid\u012bgs, elpojo\u0161s virs\u0113jais audums Jakas un bik\u0161u odere no m\u012bksta auduma. Piedurkn\u0113m rievota apdare. No\u0146emam\u0101 kapuce pie apkakles piestiprin\u0101ma ar velkro aizdari. Kapucei no\u0146emama m\u0101ksl\u012bg\u0101s ka\u017eok\u0101das mala. Biks\u0113m ir augst\u0101 viduk\u013ca da\u013ca un elast\u012bgas un regul\u0113jamas lences. Jostas da\u013c\u0101 un k\u0101jgalos gumijas apdare. \u016adens necaurlaid\u012bgas iz\u0161uvumu uzl\u012bmes. [&hellip;]<\/p>\n","protected":false},"featured_media":475009,"template":"","meta":{"_acf_changed":false},"product_brand":[],"product_cat":[8842,104,1711,1741,122],"product_tag":[],"class_list":{"0":"post-544184","1":"product","2":"type-product","3":"status-publish","4":"has-post-thumbnail","6":"product_cat-komplekti-top","7":"product_cat-berniem","8":"product_cat-komplekti","9":"product_cat-komplekti-meitenes","10":"product_cat-meitenes","11":"pa_auduma-gaisa-caurlaidiba-5000-10000g-m-24h","12":"pa_auduma-udens-caurlaidiba-5000-10000mm","13":"pa_dzimums-meitenes","14":"pa_izmers-354","15":"pa_izmers-355","16":"pa_izmers-356","17":"pa_izmers-560","18":"pa_izolacijas-svars-300g160g","19":"pa_kolekcija-fashion","20":"pa_kolekcijas-nr-w19-20","21":"pa_produkta-kods-45090030-91820","22":"pa_raksts-rakstaina-krasa","23":"pa_sezona-ziema","24":"pa_siltinajums-300g160g","25":"pa_vecuma-grupa-berniem","27":"first","28":"instock","29":"sale","30":"taxable","31":"shipping-taxable","32":"purchasable","33":"product-type-variable"},"acf":[],"yoast_head":"<!-- This site is optimized with the Yoast SEO plugin v26.8 - https:\/\/yoast.com\/product\/yoast-seo-wordpress\/ -->\n<title>Meite\u0146u ziemas komplekts BELINDA (300g+160g) - Huppa LV<\/title>\n<meta name=\"robots\" content=\"index, follow, max-snippet:-1, max-image-preview:large, max-video-preview:-1\" \/>\n<link rel=\"canonical\" href=\"https:\/\/shop.huppa.eu\/lv\/product\/meitenu-ziemas-komplekts-belinda-300g160g-2\/\" \/>\n<meta property=\"og:locale\" content=\"lv_LV\" \/>\n<meta property=\"og:type\" content=\"article\" \/>\n<meta property=\"og:title\" content=\"Meite\u0146u ziemas komplekts BELINDA (300g+160g) - Huppa LV\" \/>\n<meta property=\"og:description\" content=\"B\u0113rnu jakas un bik\u0161u komplekts. \u016adens un v\u0113ja necaurlaid\u012bgs, elpojo\u0161s virs\u0113jais audums Jakas un bik\u0161u odere no m\u012bksta auduma. Piedurkn\u0113m rievota apdare. No\u0146emam\u0101 kapuce pie apkakles piestiprin\u0101ma ar velkro aizdari. Kapucei no\u0146emama m\u0101ksl\u012bg\u0101s ka\u017eok\u0101das mala. Biks\u0113m ir augst\u0101 viduk\u013ca da\u013ca un elast\u012bgas un regul\u0113jamas lences. Jostas da\u013c\u0101 un k\u0101jgalos gumijas apdare. \u016adens necaurlaid\u012bgas iz\u0161uvumu uzl\u012bmes. [&hellip;]\" \/>\n<meta property=\"og:url\" content=\"https:\/\/shop.huppa.eu\/lv\/product\/meitenu-ziemas-komplekts-belinda-300g160g-2\/\" \/>\n<meta property=\"og:site_name\" content=\"Huppa LV\" \/>\n<meta property=\"article:modified_time\" content=\"2026-04-08T11:49:18+00:00\" \/>\n<meta property=\"og:image\" content=\"https:\/\/huppashop-prod.s3.eu-north-1.amazonaws.com\/wp-content\/uploads\/sites\/4\/2022\/03\/12201932\/45090030-91820-BELINDAf.jpg\" \/>\n\t<meta property=\"og:image:width\" content=\"1200\" \/>\n\t<meta property=\"og:image:height\" content=\"1200\" \/>\n\t<meta property=\"og:image:type\" content=\"image\/jpeg\" \/>\n<meta name=\"twitter:card\" content=\"summary_large_image\" \/>\n<script type=\"application\/ld+json\" class=\"yoast-schema-graph\">{\"@context\":\"https:\/\/schema.org\",\"@graph\":[{\"@type\":\"WebPage\",\"@id\":\"https:\/\/shop.huppa.eu\/lv\/product\/meitenu-ziemas-komplekts-belinda-300g160g-2\/\",\"url\":\"https:\/\/shop.huppa.eu\/lv\/product\/meitenu-ziemas-komplekts-belinda-300g160g-2\/\",\"name\":\"Meite\u0146u ziemas komplekts BELINDA (300g+160g) - Huppa LV\",\"isPartOf\":{\"@id\":\"https:\/\/shop.huppa.eu\/lv\/#website\"},\"primaryImageOfPage\":{\"@id\":\"https:\/\/shop.huppa.eu\/lv\/product\/meitenu-ziemas-komplekts-belinda-300g160g-2\/#primaryimage\"},\"image\":{\"@id\":\"https:\/\/shop.huppa.eu\/lv\/product\/meitenu-ziemas-komplekts-belinda-300g160g-2\/#primaryimage\"},\"thumbnailUrl\":\"https:\/\/huppashop-prod.s3.eu-north-1.amazonaws.com\/wp-content\/uploads\/sites\/4\/2022\/03\/12201932\/45090030-91820-BELINDAf.jpg\",\"datePublished\":\"2025-11-24T15:49:19+00:00\",\"dateModified\":\"2026-04-08T11:49:18+00:00\",\"breadcrumb\":{\"@id\":\"https:\/\/shop.huppa.eu\/lv\/product\/meitenu-ziemas-komplekts-belinda-300g160g-2\/#breadcrumb\"},\"inLanguage\":\"lv-LV\",\"potentialAction\":[{\"@type\":\"ReadAction\",\"target\":[\"https:\/\/shop.huppa.eu\/lv\/product\/meitenu-ziemas-komplekts-belinda-300g160g-2\/\"]}]},{\"@type\":\"ImageObject\",\"inLanguage\":\"lv-LV\",\"@id\":\"https:\/\/shop.huppa.eu\/lv\/product\/meitenu-ziemas-komplekts-belinda-300g160g-2\/#primaryimage\",\"url\":\"https:\/\/huppashop-prod.s3.eu-north-1.amazonaws.com\/wp-content\/uploads\/sites\/4\/2022\/03\/12201932\/45090030-91820-BELINDAf.jpg\",\"contentUrl\":\"https:\/\/huppashop-prod.s3.eu-north-1.amazonaws.com\/wp-content\/uploads\/sites\/4\/2022\/03\/12201932\/45090030-91820-BELINDAf.jpg\",\"width\":1200,\"height\":1200},{\"@type\":\"BreadcrumbList\",\"@id\":\"https:\/\/shop.huppa.eu\/lv\/product\/meitenu-ziemas-komplekts-belinda-300g160g-2\/#breadcrumb\",\"itemListElement\":[{\"@type\":\"ListItem\",\"position\":1,\"name\":\"Veikals\",\"item\":\"https:\/\/shop.huppa.eu\/lv\/shop\/\"},{\"@type\":\"ListItem\",\"position\":2,\"name\":\"Meite\u0146u ziemas komplekts BELINDA (300g+160g)\"}]},{\"@type\":\"WebSite\",\"@id\":\"https:\/\/shop.huppa.eu\/lv\/#website\",\"url\":\"https:\/\/shop.huppa.eu\/lv\/\",\"name\":\"Huppa LV\",\"description\":\"\",\"potentialAction\":[{\"@type\":\"SearchAction\",\"target\":{\"@type\":\"EntryPoint\",\"urlTemplate\":\"https:\/\/shop.huppa.eu\/lv\/?s={search_term_string}\"},\"query-input\":{\"@type\":\"PropertyValueSpecification\",\"valueRequired\":true,\"valueName\":\"search_term_string\"}}],\"inLanguage\":\"lv-LV\"}]}<\/script>\n<!-- \/ Yoast SEO plugin. -->","yoast_head_json":{"title":"Meite\u0146u ziemas komplekts BELINDA (300g+160g) - Huppa LV","robots":{"index":"index","follow":"follow","max-snippet":"max-snippet:-1","max-image-preview":"max-image-preview:large","max-video-preview":"max-video-preview:-1"},"canonical":"https:\/\/shop.huppa.eu\/lv\/product\/meitenu-ziemas-komplekts-belinda-300g160g-2\/","og_locale":"lv_LV","og_type":"article","og_title":"Meite\u0146u ziemas komplekts BELINDA (300g+160g) - Huppa LV","og_description":"B\u0113rnu jakas un bik\u0161u komplekts. \u016adens un v\u0113ja necaurlaid\u012bgs, elpojo\u0161s virs\u0113jais audums Jakas un bik\u0161u odere no m\u012bksta auduma. Piedurkn\u0113m rievota apdare. No\u0146emam\u0101 kapuce pie apkakles piestiprin\u0101ma ar velkro aizdari. Kapucei no\u0146emama m\u0101ksl\u012bg\u0101s ka\u017eok\u0101das mala. Biks\u0113m ir augst\u0101 viduk\u013ca da\u013ca un elast\u012bgas un regul\u0113jamas lences. Jostas da\u013c\u0101 un k\u0101jgalos gumijas apdare. \u016adens necaurlaid\u012bgas iz\u0161uvumu uzl\u012bmes. [&hellip;]","og_url":"https:\/\/shop.huppa.eu\/lv\/product\/meitenu-ziemas-komplekts-belinda-300g160g-2\/","og_site_name":"Huppa LV","article_modified_time":"2026-04-08T11:49:18+00:00","og_image":[{"width":1200,"height":1200,"url":"https:\/\/huppashop-prod.s3.eu-north-1.amazonaws.com\/wp-content\/uploads\/sites\/4\/2022\/03\/12201932\/45090030-91820-BELINDAf.jpg","type":"image\/jpeg"}],"twitter_card":"summary_large_image","schema":{"@context":"https:\/\/schema.org","@graph":[{"@type":"WebPage","@id":"https:\/\/shop.huppa.eu\/lv\/product\/meitenu-ziemas-komplekts-belinda-300g160g-2\/","url":"https:\/\/shop.huppa.eu\/lv\/product\/meitenu-ziemas-komplekts-belinda-300g160g-2\/","name":"Meite\u0146u ziemas komplekts BELINDA (300g+160g) - Huppa LV","isPartOf":{"@id":"https:\/\/shop.huppa.eu\/lv\/#website"},"primaryImageOfPage":{"@id":"https:\/\/shop.huppa.eu\/lv\/product\/meitenu-ziemas-komplekts-belinda-300g160g-2\/#primaryimage"},"image":{"@id":"https:\/\/shop.huppa.eu\/lv\/product\/meitenu-ziemas-komplekts-belinda-300g160g-2\/#primaryimage"},"thumbnailUrl":"https:\/\/huppashop-prod.s3.eu-north-1.amazonaws.com\/wp-content\/uploads\/sites\/4\/2022\/03\/12201932\/45090030-91820-BELINDAf.jpg","datePublished":"2025-11-24T15:49:19+00:00","dateModified":"2026-04-08T11:49:18+00:00","breadcrumb":{"@id":"https:\/\/shop.huppa.eu\/lv\/product\/meitenu-ziemas-komplekts-belinda-300g160g-2\/#breadcrumb"},"inLanguage":"lv-LV","potentialAction":[{"@type":"ReadAction","target":["https:\/\/shop.huppa.eu\/lv\/product\/meitenu-ziemas-komplekts-belinda-300g160g-2\/"]}]},{"@type":"ImageObject","inLanguage":"lv-LV","@id":"https:\/\/shop.huppa.eu\/lv\/product\/meitenu-ziemas-komplekts-belinda-300g160g-2\/#primaryimage","url":"https:\/\/huppashop-prod.s3.eu-north-1.amazonaws.com\/wp-content\/uploads\/sites\/4\/2022\/03\/12201932\/45090030-91820-BELINDAf.jpg","contentUrl":"https:\/\/huppashop-prod.s3.eu-north-1.amazonaws.com\/wp-content\/uploads\/sites\/4\/2022\/03\/12201932\/45090030-91820-BELINDAf.jpg","width":1200,"height":1200},{"@type":"BreadcrumbList","@id":"https:\/\/shop.huppa.eu\/lv\/product\/meitenu-ziemas-komplekts-belinda-300g160g-2\/#breadcrumb","itemListElement":[{"@type":"ListItem","position":1,"name":"Veikals","item":"https:\/\/shop.huppa.eu\/lv\/shop\/"},{"@type":"ListItem","position":2,"name":"Meite\u0146u ziemas komplekts BELINDA (300g+160g)"}]},{"@type":"WebSite","@id":"https:\/\/shop.huppa.eu\/lv\/#website","url":"https:\/\/shop.huppa.eu\/lv\/","name":"Huppa LV","description":"","potentialAction":[{"@type":"SearchAction","target":{"@type":"EntryPoint","urlTemplate":"https:\/\/shop.huppa.eu\/lv\/?s={search_term_string}"},"query-input":{"@type":"PropertyValueSpecification","valueRequired":true,"valueName":"search_term_string"}}],"inLanguage":"lv-LV"}]}},"_links":{"self":[{"href":"https:\/\/shop.huppa.eu\/lv\/wp-json\/wp\/v2\/product\/544184","targetHints":{"allow":["GET"]}}],"collection":[{"href":"https:\/\/shop.huppa.eu\/lv\/wp-json\/wp\/v2\/product"}],"about":[{"href":"https:\/\/shop.huppa.eu\/lv\/wp-json\/wp\/v2\/types\/product"}],"wp:featuredmedia":[{"embeddable":true,"href":"https:\/\/shop.huppa.eu\/lv\/wp-json\/wp\/v2\/media\/475009"}],"wp:attachment":[{"href":"https:\/\/shop.huppa.eu\/lv\/wp-json\/wp\/v2\/media?parent=544184"}],"wp:term":[{"taxonomy":"product_brand","embeddable":true,"href":"https:\/\/shop.huppa.eu\/lv\/wp-json\/wp\/v2\/product_brand?post=544184"},{"taxonomy":"product_cat","embeddable":true,"href":"https:\/\/shop.huppa.eu\/lv\/wp-json\/wp\/v2\/product_cat?post=544184"},{"taxonomy":"product_tag","embeddable":true,"href":"https:\/\/shop.huppa.eu\/lv\/wp-json\/wp\/v2\/product_tag?post=544184"}],"curies":[{"name":"wp","href":"https:\/\/api.w.org\/{rel}","templated":true}]}}