{"id":544979,"date":"2025-11-24T18:08:29","date_gmt":"2025-11-24T16:08:29","guid":{"rendered":"https:\/\/shop.huppa.eu\/lv\/product\/bernu-ziemas-cimdi-jason-150g\/"},"modified":"2026-04-08T14:11:14","modified_gmt":"2026-04-08T12:11:14","slug":"bernu-ziemas-cimdi-jason-150g","status":"publish","type":"product","link":"https:\/\/shop.huppa.eu\/lv\/product\/bernu-ziemas-cimdi-jason-150g\/","title":{"rendered":"B\u0113rnu ziemas cimdi JASON (150g)"},"content":{"rendered":"<p>B\u0113rnu \u016bdens un v\u0113ja necaurlaid\u012bgie pirkstai\u0146i ar oderi Gaisu caurlaid\u012bgs virs\u0113jais audums Plaukstas da\u013c\u0101 iestr\u0101d\u0101ta \u0113rta gumijas apdare Plaukstas da\u013c\u0101 regul\u0113jama velkro aizdare Cimdu odere no m\u012bksta fl\u012bsa auduma Cimdu p\u0101ri satur kop\u0101 neliels klipsis Auduma virspus\u0113 atstarojo\u0161as deta\u013cas<\/p>\n","protected":false},"excerpt":{"rendered":"<p>B\u0113rnu \u016bdens un v\u0113ja necaurlaid\u012bgie pirkstai\u0146i ar oderi Gaisu caurlaid\u012bgs virs\u0113jais audums Plaukstas da\u013c\u0101 iestr\u0101d\u0101ta \u0113rta gumijas apdare Plaukstas da\u013c\u0101 regul\u0113jama velkro aizdare Cimdu odere no m\u012bksta fl\u012bsa auduma Cimdu p\u0101ri satur kop\u0101 neliels klipsis Auduma virspus\u0113 atstarojo\u0161as deta\u013cas<\/p>\n","protected":false},"featured_media":504422,"template":"","meta":{"_acf_changed":false},"product_brand":[],"product_cat":[6472,104,6475,2204,8849,2207,563],"product_tag":[],"class_list":{"0":"post-544979","1":"product","2":"type-product","3":"status-publish","4":"has-post-thumbnail","6":"product_cat-accessories","7":"product_cat-berniem","8":"product_cat-cimdini-accessories","9":"product_cat-cimdini","10":"product_cat-cimdini-top","11":"product_cat-cimdini-unisex","12":"product_cat-unisex","13":"pa_auduma-gaisa-caurlaidiba-10000g-m-24h","14":"pa_auduma-udens-caurlaidiba-10000mm","15":"pa_dzimums-unisex","16":"pa_izmers-2201","17":"pa_izmers-2202","18":"pa_izmers-2203","19":"pa_izmers-2222","20":"pa_izmers-2291","21":"pa_izolacijas-svars-150g","22":"pa_kolekcija-accessories","23":"pa_kolekcijas-nr-w23-24","24":"pa_produkta-kods-82650015-80166","25":"pa_raksts-vienkrasains","26":"pa_sezona-ziema","27":"pa_siltinajums-150g","28":"pa_vecuma-grupa-berniem","30":"first","31":"instock","32":"sale","33":"taxable","34":"shipping-taxable","35":"purchasable","36":"product-type-variable"},"acf":[],"yoast_head":"<!-- This site is optimized with the Yoast SEO plugin v26.8 - https:\/\/yoast.com\/product\/yoast-seo-wordpress\/ -->\n<title>B\u0113rnu ziemas cimdi JASON (150g) - Huppa LV<\/title>\n<meta name=\"robots\" content=\"index, follow, max-snippet:-1, max-image-preview:large, max-video-preview:-1\" \/>\n<link rel=\"canonical\" href=\"https:\/\/shop.huppa.eu\/lv\/product\/bernu-ziemas-cimdi-jason-150g\/\" \/>\n<meta property=\"og:locale\" content=\"lv_LV\" \/>\n<meta property=\"og:type\" content=\"article\" \/>\n<meta property=\"og:title\" content=\"B\u0113rnu ziemas cimdi JASON (150g) - Huppa LV\" \/>\n<meta property=\"og:description\" content=\"B\u0113rnu \u016bdens un v\u0113ja necaurlaid\u012bgie pirkstai\u0146i ar oderi Gaisu caurlaid\u012bgs virs\u0113jais audums Plaukstas da\u013c\u0101 iestr\u0101d\u0101ta \u0113rta gumijas apdare Plaukstas da\u013c\u0101 regul\u0113jama velkro aizdare Cimdu odere no m\u012bksta fl\u012bsa auduma Cimdu p\u0101ri satur kop\u0101 neliels klipsis Auduma virspus\u0113 atstarojo\u0161as deta\u013cas\" \/>\n<meta property=\"og:url\" content=\"https:\/\/shop.huppa.eu\/lv\/product\/bernu-ziemas-cimdi-jason-150g\/\" \/>\n<meta property=\"og:site_name\" content=\"Huppa LV\" \/>\n<meta property=\"article:modified_time\" content=\"2026-04-08T12:11:14+00:00\" \/>\n<meta property=\"og:image\" content=\"https:\/\/huppashop-prod.s3.eu-north-1.amazonaws.com\/wp-content\/uploads\/sites\/4\/2022\/09\/06021814\/82650015-80166-JASON_f1.jpg\" \/>\n\t<meta property=\"og:image:width\" content=\"1200\" \/>\n\t<meta property=\"og:image:height\" content=\"1200\" \/>\n\t<meta property=\"og:image:type\" content=\"image\/jpeg\" \/>\n<meta name=\"twitter:card\" content=\"summary_large_image\" \/>\n<script type=\"application\/ld+json\" class=\"yoast-schema-graph\">{\"@context\":\"https:\/\/schema.org\",\"@graph\":[{\"@type\":\"WebPage\",\"@id\":\"https:\/\/shop.huppa.eu\/lv\/product\/bernu-ziemas-cimdi-jason-150g\/\",\"url\":\"https:\/\/shop.huppa.eu\/lv\/product\/bernu-ziemas-cimdi-jason-150g\/\",\"name\":\"B\u0113rnu ziemas cimdi JASON (150g) - Huppa LV\",\"isPartOf\":{\"@id\":\"https:\/\/shop.huppa.eu\/lv\/#website\"},\"primaryImageOfPage\":{\"@id\":\"https:\/\/shop.huppa.eu\/lv\/product\/bernu-ziemas-cimdi-jason-150g\/#primaryimage\"},\"image\":{\"@id\":\"https:\/\/shop.huppa.eu\/lv\/product\/bernu-ziemas-cimdi-jason-150g\/#primaryimage\"},\"thumbnailUrl\":\"https:\/\/huppashop-prod.s3.eu-north-1.amazonaws.com\/wp-content\/uploads\/sites\/4\/2022\/09\/06021814\/82650015-80166-JASON_f1.jpg\",\"datePublished\":\"2025-11-24T16:08:29+00:00\",\"dateModified\":\"2026-04-08T12:11:14+00:00\",\"breadcrumb\":{\"@id\":\"https:\/\/shop.huppa.eu\/lv\/product\/bernu-ziemas-cimdi-jason-150g\/#breadcrumb\"},\"inLanguage\":\"lv-LV\",\"potentialAction\":[{\"@type\":\"ReadAction\",\"target\":[\"https:\/\/shop.huppa.eu\/lv\/product\/bernu-ziemas-cimdi-jason-150g\/\"]}]},{\"@type\":\"ImageObject\",\"inLanguage\":\"lv-LV\",\"@id\":\"https:\/\/shop.huppa.eu\/lv\/product\/bernu-ziemas-cimdi-jason-150g\/#primaryimage\",\"url\":\"https:\/\/huppashop-prod.s3.eu-north-1.amazonaws.com\/wp-content\/uploads\/sites\/4\/2022\/09\/06021814\/82650015-80166-JASON_f1.jpg\",\"contentUrl\":\"https:\/\/huppashop-prod.s3.eu-north-1.amazonaws.com\/wp-content\/uploads\/sites\/4\/2022\/09\/06021814\/82650015-80166-JASON_f1.jpg\",\"width\":1200,\"height\":1200},{\"@type\":\"BreadcrumbList\",\"@id\":\"https:\/\/shop.huppa.eu\/lv\/product\/bernu-ziemas-cimdi-jason-150g\/#breadcrumb\",\"itemListElement\":[{\"@type\":\"ListItem\",\"position\":1,\"name\":\"Veikals\",\"item\":\"https:\/\/shop.huppa.eu\/lv\/shop\/\"},{\"@type\":\"ListItem\",\"position\":2,\"name\":\"B\u0113rnu ziemas cimdi JASON (150g)\"}]},{\"@type\":\"WebSite\",\"@id\":\"https:\/\/shop.huppa.eu\/lv\/#website\",\"url\":\"https:\/\/shop.huppa.eu\/lv\/\",\"name\":\"Huppa LV\",\"description\":\"\",\"potentialAction\":[{\"@type\":\"SearchAction\",\"target\":{\"@type\":\"EntryPoint\",\"urlTemplate\":\"https:\/\/shop.huppa.eu\/lv\/?s={search_term_string}\"},\"query-input\":{\"@type\":\"PropertyValueSpecification\",\"valueRequired\":true,\"valueName\":\"search_term_string\"}}],\"inLanguage\":\"lv-LV\"}]}<\/script>\n<!-- \/ Yoast SEO plugin. -->","yoast_head_json":{"title":"B\u0113rnu ziemas cimdi JASON (150g) - Huppa LV","robots":{"index":"index","follow":"follow","max-snippet":"max-snippet:-1","max-image-preview":"max-image-preview:large","max-video-preview":"max-video-preview:-1"},"canonical":"https:\/\/shop.huppa.eu\/lv\/product\/bernu-ziemas-cimdi-jason-150g\/","og_locale":"lv_LV","og_type":"article","og_title":"B\u0113rnu ziemas cimdi JASON (150g) - Huppa LV","og_description":"B\u0113rnu \u016bdens un v\u0113ja necaurlaid\u012bgie pirkstai\u0146i ar oderi Gaisu caurlaid\u012bgs virs\u0113jais audums Plaukstas da\u013c\u0101 iestr\u0101d\u0101ta \u0113rta gumijas apdare Plaukstas da\u013c\u0101 regul\u0113jama velkro aizdare Cimdu odere no m\u012bksta fl\u012bsa auduma Cimdu p\u0101ri satur kop\u0101 neliels klipsis Auduma virspus\u0113 atstarojo\u0161as deta\u013cas","og_url":"https:\/\/shop.huppa.eu\/lv\/product\/bernu-ziemas-cimdi-jason-150g\/","og_site_name":"Huppa LV","article_modified_time":"2026-04-08T12:11:14+00:00","og_image":[{"width":1200,"height":1200,"url":"https:\/\/huppashop-prod.s3.eu-north-1.amazonaws.com\/wp-content\/uploads\/sites\/4\/2022\/09\/06021814\/82650015-80166-JASON_f1.jpg","type":"image\/jpeg"}],"twitter_card":"summary_large_image","schema":{"@context":"https:\/\/schema.org","@graph":[{"@type":"WebPage","@id":"https:\/\/shop.huppa.eu\/lv\/product\/bernu-ziemas-cimdi-jason-150g\/","url":"https:\/\/shop.huppa.eu\/lv\/product\/bernu-ziemas-cimdi-jason-150g\/","name":"B\u0113rnu ziemas cimdi JASON (150g) - Huppa LV","isPartOf":{"@id":"https:\/\/shop.huppa.eu\/lv\/#website"},"primaryImageOfPage":{"@id":"https:\/\/shop.huppa.eu\/lv\/product\/bernu-ziemas-cimdi-jason-150g\/#primaryimage"},"image":{"@id":"https:\/\/shop.huppa.eu\/lv\/product\/bernu-ziemas-cimdi-jason-150g\/#primaryimage"},"thumbnailUrl":"https:\/\/huppashop-prod.s3.eu-north-1.amazonaws.com\/wp-content\/uploads\/sites\/4\/2022\/09\/06021814\/82650015-80166-JASON_f1.jpg","datePublished":"2025-11-24T16:08:29+00:00","dateModified":"2026-04-08T12:11:14+00:00","breadcrumb":{"@id":"https:\/\/shop.huppa.eu\/lv\/product\/bernu-ziemas-cimdi-jason-150g\/#breadcrumb"},"inLanguage":"lv-LV","potentialAction":[{"@type":"ReadAction","target":["https:\/\/shop.huppa.eu\/lv\/product\/bernu-ziemas-cimdi-jason-150g\/"]}]},{"@type":"ImageObject","inLanguage":"lv-LV","@id":"https:\/\/shop.huppa.eu\/lv\/product\/bernu-ziemas-cimdi-jason-150g\/#primaryimage","url":"https:\/\/huppashop-prod.s3.eu-north-1.amazonaws.com\/wp-content\/uploads\/sites\/4\/2022\/09\/06021814\/82650015-80166-JASON_f1.jpg","contentUrl":"https:\/\/huppashop-prod.s3.eu-north-1.amazonaws.com\/wp-content\/uploads\/sites\/4\/2022\/09\/06021814\/82650015-80166-JASON_f1.jpg","width":1200,"height":1200},{"@type":"BreadcrumbList","@id":"https:\/\/shop.huppa.eu\/lv\/product\/bernu-ziemas-cimdi-jason-150g\/#breadcrumb","itemListElement":[{"@type":"ListItem","position":1,"name":"Veikals","item":"https:\/\/shop.huppa.eu\/lv\/shop\/"},{"@type":"ListItem","position":2,"name":"B\u0113rnu ziemas cimdi JASON (150g)"}]},{"@type":"WebSite","@id":"https:\/\/shop.huppa.eu\/lv\/#website","url":"https:\/\/shop.huppa.eu\/lv\/","name":"Huppa LV","description":"","potentialAction":[{"@type":"SearchAction","target":{"@type":"EntryPoint","urlTemplate":"https:\/\/shop.huppa.eu\/lv\/?s={search_term_string}"},"query-input":{"@type":"PropertyValueSpecification","valueRequired":true,"valueName":"search_term_string"}}],"inLanguage":"lv-LV"}]}},"_links":{"self":[{"href":"https:\/\/shop.huppa.eu\/lv\/wp-json\/wp\/v2\/product\/544979","targetHints":{"allow":["GET"]}}],"collection":[{"href":"https:\/\/shop.huppa.eu\/lv\/wp-json\/wp\/v2\/product"}],"about":[{"href":"https:\/\/shop.huppa.eu\/lv\/wp-json\/wp\/v2\/types\/product"}],"wp:featuredmedia":[{"embeddable":true,"href":"https:\/\/shop.huppa.eu\/lv\/wp-json\/wp\/v2\/media\/504422"}],"wp:attachment":[{"href":"https:\/\/shop.huppa.eu\/lv\/wp-json\/wp\/v2\/media?parent=544979"}],"wp:term":[{"taxonomy":"product_brand","embeddable":true,"href":"https:\/\/shop.huppa.eu\/lv\/wp-json\/wp\/v2\/product_brand?post=544979"},{"taxonomy":"product_cat","embeddable":true,"href":"https:\/\/shop.huppa.eu\/lv\/wp-json\/wp\/v2\/product_cat?post=544979"},{"taxonomy":"product_tag","embeddable":true,"href":"https:\/\/shop.huppa.eu\/lv\/wp-json\/wp\/v2\/product_tag?post=544979"}],"curies":[{"name":"wp","href":"https:\/\/api.w.org\/{rel}","templated":true}]}}