{"id":545984,"date":"2025-11-24T18:34:11","date_gmt":"2025-11-24T16:34:11","guid":{"rendered":"https:\/\/shop.huppa.eu\/lv\/product\/bernu-cepure-kaspar-5\/"},"modified":"2026-04-06T07:07:06","modified_gmt":"2026-04-06T05:07:06","slug":"bernu-cepure-kaspar-5","status":"publish","type":"product","link":"https:\/\/shop.huppa.eu\/lv\/product\/bernu-cepure-kaspar-5\/","title":{"rendered":"B\u0113rnu cepure KASPAR"},"content":{"rendered":"<p>Laste talvem\u00fcts. M\u00fctsil on 80% akr\u00fc\u00fcl, 20% pol\u00fcester kunstkarusnahast vooder ning parajalt hingav ja vettpidav pol\u00fcestrist pealiskangas. Mugavamaks kandmiseks on m\u00fctsil reguleeritav kuklaosa ning l\u00f5ua alt takjapaeltega kinnitatavad k\u00f5rvaklapid. Nii suuri kui ka v\u00e4ikseseid k\u00f5rvaklappe on v\u00f5imalik pealaele kinnitada, mist\u00f5ttu on \u00fchel m\u00fctsil mitmeid erinevaid kandmisviise.\u00a0<\/p>\n","protected":false},"excerpt":{"rendered":"<p>Laste talvem\u00fcts. M\u00fctsil on 80% akr\u00fc\u00fcl, 20% pol\u00fcester kunstkarusnahast vooder ning parajalt hingav ja vettpidav pol\u00fcestrist pealiskangas. Mugavamaks kandmiseks on m\u00fctsil reguleeritav kuklaosa ning l\u00f5ua alt takjapaeltega kinnitatavad k\u00f5rvaklapid. Nii suuri kui ka v\u00e4ikseseid k\u00f5rvaklappe on v\u00f5imalik pealaele kinnitada, mist\u00f5ttu on \u00fchel m\u00fctsil mitmeid erinevaid kandmisviise.\u00a0<\/p>\n","protected":false},"featured_media":545987,"template":"","meta":{"_acf_changed":false},"product_brand":[],"product_cat":[104,2037,2049,8848,563],"product_tag":[],"class_list":{"0":"post-545984","1":"product","2":"type-product","3":"status-publish","4":"has-post-thumbnail","6":"product_cat-berniem","7":"product_cat-cepurites","8":"product_cat-cepurites-unisex","9":"product_cat-cepurites-top","10":"product_cat-unisex","11":"pa_auduma-gaisa-caurlaidiba-10000g-m-24h","12":"pa_auduma-udens-caurlaidiba-10000mm","13":"pa_dzimums-unisex","14":"pa_izmers-6144","15":"pa_izmers-8490","16":"pa_kolekcija-classic","17":"pa_kolekcijas-nr-ol2012","18":"pa_produkta-kods-8804ol12-040","19":"pa_sezona-ziema","20":"pa_vecuma-grupa-berniem","22":"first","23":"instock","24":"sale","25":"taxable","26":"shipping-taxable","27":"purchasable","28":"product-type-variable"},"acf":[],"yoast_head":"<!-- This site is optimized with the Yoast SEO plugin v26.8 - https:\/\/yoast.com\/product\/yoast-seo-wordpress\/ -->\n<title>B\u0113rnu cepure KASPAR - Huppa LV<\/title>\n<meta name=\"robots\" content=\"index, follow, max-snippet:-1, max-image-preview:large, max-video-preview:-1\" \/>\n<link rel=\"canonical\" href=\"https:\/\/shop.huppa.eu\/lv\/product\/bernu-cepure-kaspar-5\/\" \/>\n<meta property=\"og:locale\" content=\"lv_LV\" \/>\n<meta property=\"og:type\" content=\"article\" \/>\n<meta property=\"og:title\" content=\"B\u0113rnu cepure KASPAR - Huppa LV\" \/>\n<meta property=\"og:description\" content=\"Laste talvem\u00fcts. M\u00fctsil on 80% akr\u00fc\u00fcl, 20% pol\u00fcester kunstkarusnahast vooder ning parajalt hingav ja vettpidav pol\u00fcestrist pealiskangas. Mugavamaks kandmiseks on m\u00fctsil reguleeritav kuklaosa ning l\u00f5ua alt takjapaeltega kinnitatavad k\u00f5rvaklapid. Nii suuri kui ka v\u00e4ikseseid k\u00f5rvaklappe on v\u00f5imalik pealaele kinnitada, mist\u00f5ttu on \u00fchel m\u00fctsil mitmeid erinevaid kandmisviise.\u00a0\" \/>\n<meta property=\"og:url\" content=\"https:\/\/shop.huppa.eu\/lv\/product\/bernu-cepure-kaspar-5\/\" \/>\n<meta property=\"og:site_name\" content=\"Huppa LV\" \/>\n<meta property=\"article:modified_time\" content=\"2026-04-06T05:07:06+00:00\" \/>\n<meta property=\"og:image\" content=\"https:\/\/huppashop-prod.s3.eu-north-1.amazonaws.com\/wp-content\/uploads\/sites\/4\/2025\/11\/24183413\/8804OL12-040-KASPAR_d1.jpg\" \/>\n\t<meta property=\"og:image:width\" content=\"1200\" \/>\n\t<meta property=\"og:image:height\" content=\"1200\" \/>\n\t<meta property=\"og:image:type\" content=\"image\/jpeg\" \/>\n<meta name=\"twitter:card\" content=\"summary_large_image\" \/>\n<script type=\"application\/ld+json\" class=\"yoast-schema-graph\">{\"@context\":\"https:\/\/schema.org\",\"@graph\":[{\"@type\":\"WebPage\",\"@id\":\"https:\/\/shop.huppa.eu\/lv\/product\/bernu-cepure-kaspar-5\/\",\"url\":\"https:\/\/shop.huppa.eu\/lv\/product\/bernu-cepure-kaspar-5\/\",\"name\":\"B\u0113rnu cepure KASPAR - Huppa LV\",\"isPartOf\":{\"@id\":\"https:\/\/shop.huppa.eu\/lv\/#website\"},\"primaryImageOfPage\":{\"@id\":\"https:\/\/shop.huppa.eu\/lv\/product\/bernu-cepure-kaspar-5\/#primaryimage\"},\"image\":{\"@id\":\"https:\/\/shop.huppa.eu\/lv\/product\/bernu-cepure-kaspar-5\/#primaryimage\"},\"thumbnailUrl\":\"https:\/\/huppashop-prod.s3.eu-north-1.amazonaws.com\/wp-content\/uploads\/sites\/4\/2025\/11\/24183413\/8804OL12-040-KASPAR_d1.jpg\",\"datePublished\":\"2025-11-24T16:34:11+00:00\",\"dateModified\":\"2026-04-06T05:07:06+00:00\",\"breadcrumb\":{\"@id\":\"https:\/\/shop.huppa.eu\/lv\/product\/bernu-cepure-kaspar-5\/#breadcrumb\"},\"inLanguage\":\"lv-LV\",\"potentialAction\":[{\"@type\":\"ReadAction\",\"target\":[\"https:\/\/shop.huppa.eu\/lv\/product\/bernu-cepure-kaspar-5\/\"]}]},{\"@type\":\"ImageObject\",\"inLanguage\":\"lv-LV\",\"@id\":\"https:\/\/shop.huppa.eu\/lv\/product\/bernu-cepure-kaspar-5\/#primaryimage\",\"url\":\"https:\/\/huppashop-prod.s3.eu-north-1.amazonaws.com\/wp-content\/uploads\/sites\/4\/2025\/11\/24183413\/8804OL12-040-KASPAR_d1.jpg\",\"contentUrl\":\"https:\/\/huppashop-prod.s3.eu-north-1.amazonaws.com\/wp-content\/uploads\/sites\/4\/2025\/11\/24183413\/8804OL12-040-KASPAR_d1.jpg\",\"width\":1200,\"height\":1200},{\"@type\":\"BreadcrumbList\",\"@id\":\"https:\/\/shop.huppa.eu\/lv\/product\/bernu-cepure-kaspar-5\/#breadcrumb\",\"itemListElement\":[{\"@type\":\"ListItem\",\"position\":1,\"name\":\"Veikals\",\"item\":\"https:\/\/shop.huppa.eu\/lv\/shop\/\"},{\"@type\":\"ListItem\",\"position\":2,\"name\":\"B\u0113rnu cepure KASPAR\"}]},{\"@type\":\"WebSite\",\"@id\":\"https:\/\/shop.huppa.eu\/lv\/#website\",\"url\":\"https:\/\/shop.huppa.eu\/lv\/\",\"name\":\"Huppa LV\",\"description\":\"\",\"potentialAction\":[{\"@type\":\"SearchAction\",\"target\":{\"@type\":\"EntryPoint\",\"urlTemplate\":\"https:\/\/shop.huppa.eu\/lv\/?s={search_term_string}\"},\"query-input\":{\"@type\":\"PropertyValueSpecification\",\"valueRequired\":true,\"valueName\":\"search_term_string\"}}],\"inLanguage\":\"lv-LV\"}]}<\/script>\n<!-- \/ Yoast SEO plugin. -->","yoast_head_json":{"title":"B\u0113rnu cepure KASPAR - Huppa LV","robots":{"index":"index","follow":"follow","max-snippet":"max-snippet:-1","max-image-preview":"max-image-preview:large","max-video-preview":"max-video-preview:-1"},"canonical":"https:\/\/shop.huppa.eu\/lv\/product\/bernu-cepure-kaspar-5\/","og_locale":"lv_LV","og_type":"article","og_title":"B\u0113rnu cepure KASPAR - Huppa LV","og_description":"Laste talvem\u00fcts. M\u00fctsil on 80% akr\u00fc\u00fcl, 20% pol\u00fcester kunstkarusnahast vooder ning parajalt hingav ja vettpidav pol\u00fcestrist pealiskangas. Mugavamaks kandmiseks on m\u00fctsil reguleeritav kuklaosa ning l\u00f5ua alt takjapaeltega kinnitatavad k\u00f5rvaklapid. Nii suuri kui ka v\u00e4ikseseid k\u00f5rvaklappe on v\u00f5imalik pealaele kinnitada, mist\u00f5ttu on \u00fchel m\u00fctsil mitmeid erinevaid kandmisviise.\u00a0","og_url":"https:\/\/shop.huppa.eu\/lv\/product\/bernu-cepure-kaspar-5\/","og_site_name":"Huppa LV","article_modified_time":"2026-04-06T05:07:06+00:00","og_image":[{"width":1200,"height":1200,"url":"https:\/\/huppashop-prod.s3.eu-north-1.amazonaws.com\/wp-content\/uploads\/sites\/4\/2025\/11\/24183413\/8804OL12-040-KASPAR_d1.jpg","type":"image\/jpeg"}],"twitter_card":"summary_large_image","schema":{"@context":"https:\/\/schema.org","@graph":[{"@type":"WebPage","@id":"https:\/\/shop.huppa.eu\/lv\/product\/bernu-cepure-kaspar-5\/","url":"https:\/\/shop.huppa.eu\/lv\/product\/bernu-cepure-kaspar-5\/","name":"B\u0113rnu cepure KASPAR - Huppa LV","isPartOf":{"@id":"https:\/\/shop.huppa.eu\/lv\/#website"},"primaryImageOfPage":{"@id":"https:\/\/shop.huppa.eu\/lv\/product\/bernu-cepure-kaspar-5\/#primaryimage"},"image":{"@id":"https:\/\/shop.huppa.eu\/lv\/product\/bernu-cepure-kaspar-5\/#primaryimage"},"thumbnailUrl":"https:\/\/huppashop-prod.s3.eu-north-1.amazonaws.com\/wp-content\/uploads\/sites\/4\/2025\/11\/24183413\/8804OL12-040-KASPAR_d1.jpg","datePublished":"2025-11-24T16:34:11+00:00","dateModified":"2026-04-06T05:07:06+00:00","breadcrumb":{"@id":"https:\/\/shop.huppa.eu\/lv\/product\/bernu-cepure-kaspar-5\/#breadcrumb"},"inLanguage":"lv-LV","potentialAction":[{"@type":"ReadAction","target":["https:\/\/shop.huppa.eu\/lv\/product\/bernu-cepure-kaspar-5\/"]}]},{"@type":"ImageObject","inLanguage":"lv-LV","@id":"https:\/\/shop.huppa.eu\/lv\/product\/bernu-cepure-kaspar-5\/#primaryimage","url":"https:\/\/huppashop-prod.s3.eu-north-1.amazonaws.com\/wp-content\/uploads\/sites\/4\/2025\/11\/24183413\/8804OL12-040-KASPAR_d1.jpg","contentUrl":"https:\/\/huppashop-prod.s3.eu-north-1.amazonaws.com\/wp-content\/uploads\/sites\/4\/2025\/11\/24183413\/8804OL12-040-KASPAR_d1.jpg","width":1200,"height":1200},{"@type":"BreadcrumbList","@id":"https:\/\/shop.huppa.eu\/lv\/product\/bernu-cepure-kaspar-5\/#breadcrumb","itemListElement":[{"@type":"ListItem","position":1,"name":"Veikals","item":"https:\/\/shop.huppa.eu\/lv\/shop\/"},{"@type":"ListItem","position":2,"name":"B\u0113rnu cepure KASPAR"}]},{"@type":"WebSite","@id":"https:\/\/shop.huppa.eu\/lv\/#website","url":"https:\/\/shop.huppa.eu\/lv\/","name":"Huppa LV","description":"","potentialAction":[{"@type":"SearchAction","target":{"@type":"EntryPoint","urlTemplate":"https:\/\/shop.huppa.eu\/lv\/?s={search_term_string}"},"query-input":{"@type":"PropertyValueSpecification","valueRequired":true,"valueName":"search_term_string"}}],"inLanguage":"lv-LV"}]}},"_links":{"self":[{"href":"https:\/\/shop.huppa.eu\/lv\/wp-json\/wp\/v2\/product\/545984","targetHints":{"allow":["GET"]}}],"collection":[{"href":"https:\/\/shop.huppa.eu\/lv\/wp-json\/wp\/v2\/product"}],"about":[{"href":"https:\/\/shop.huppa.eu\/lv\/wp-json\/wp\/v2\/types\/product"}],"wp:featuredmedia":[{"embeddable":true,"href":"https:\/\/shop.huppa.eu\/lv\/wp-json\/wp\/v2\/media\/545987"}],"wp:attachment":[{"href":"https:\/\/shop.huppa.eu\/lv\/wp-json\/wp\/v2\/media?parent=545984"}],"wp:term":[{"taxonomy":"product_brand","embeddable":true,"href":"https:\/\/shop.huppa.eu\/lv\/wp-json\/wp\/v2\/product_brand?post=545984"},{"taxonomy":"product_cat","embeddable":true,"href":"https:\/\/shop.huppa.eu\/lv\/wp-json\/wp\/v2\/product_cat?post=545984"},{"taxonomy":"product_tag","embeddable":true,"href":"https:\/\/shop.huppa.eu\/lv\/wp-json\/wp\/v2\/product_tag?post=545984"}],"curies":[{"name":"wp","href":"https:\/\/api.w.org\/{rel}","templated":true}]}}