{"id":547311,"date":"2025-12-09T02:56:24","date_gmt":"2025-12-09T00:56:24","guid":{"rendered":"https:\/\/shop.huppa.eu\/lv\/product\/bernu-pavasara-rudens-cimdi-fifi-1-40g\/"},"modified":"2026-04-08T14:05:07","modified_gmt":"2026-04-08T12:05:07","slug":"bernu-pavasara-rudens-cimdi-fifi-1-40g","status":"publish","type":"product","link":"https:\/\/shop.huppa.eu\/lv\/product\/bernu-pavasara-rudens-cimdi-fifi-1-40g\/","title":{"rendered":"B\u0113rnu pavasara-rudens cimdi FIFI 1 (40g)"},"content":{"rendered":"<p>Siltin\u0101ti (40 g) \u016bdens un v\u0113ja necaurlaid\u012bgi d\u016brai\u0146i b\u0113rniem. Cimdi ir izgatavoti no elpojo\u0161a materi\u0101la, un tiem ir elast\u012bga lente ap plaukstu loc\u012btav\u0101m. Iek\u0161\u0113j\u0101 odere ir izgatavota no kokvilnas trikot\u0101\u017eas. Cimdi ir savienoti kop\u0101 ar nelielu aizdari un ir dekor\u0113ti ar atstarojo\u0161u Huppa logotipu.<\/p>\n","protected":false},"excerpt":{"rendered":"<p>Siltin\u0101ti (40 g) \u016bdens un v\u0113ja necaurlaid\u012bgi d\u016brai\u0146i b\u0113rniem. Cimdi ir izgatavoti no elpojo\u0161a materi\u0101la, un tiem ir elast\u012bga lente ap plaukstu loc\u012btav\u0101m. Iek\u0161\u0113j\u0101 odere ir izgatavota no kokvilnas trikot\u0101\u017eas. Cimdi ir savienoti kop\u0101 ar nelielu aizdari un ir dekor\u0113ti ar atstarojo\u0161u Huppa logotipu.<\/p>\n","protected":false},"featured_media":511180,"template":"","meta":{"_acf_changed":false},"product_brand":[],"product_cat":[6472,104,2207,8849,6475,2204,563],"product_tag":[],"class_list":{"0":"post-547311","1":"product","2":"type-product","3":"status-publish","4":"has-post-thumbnail","6":"product_cat-accessories","7":"product_cat-berniem","8":"product_cat-cimdini-unisex","9":"product_cat-cimdini-top","10":"product_cat-cimdini-accessories","11":"product_cat-cimdini","12":"product_cat-unisex","13":"pa_auduma-gaisa-caurlaidiba-5-000g-m-24h","14":"pa_auduma-udens-caurlaidiba-5-000mm","15":"pa_dzimums-unisex","16":"pa_izmers-2214","17":"pa_izmers-2200","18":"pa_izolacijas-svars-40g","19":"pa_kolekcija-accessories","20":"pa_kolekcijas-nr-sa2024","21":"pa_produkta-kods-81060104-20026","22":"pa_raksts-vienkrasains","23":"pa_sezona-semi-season","24":"pa_siltinajums-40g","25":"pa_vecuma-grupa-berniem","27":"first","28":"instock","29":"sale","30":"taxable","31":"shipping-taxable","32":"purchasable","33":"product-type-variable"},"acf":[],"yoast_head":"<!-- This site is optimized with the Yoast SEO plugin v26.8 - https:\/\/yoast.com\/product\/yoast-seo-wordpress\/ -->\n<title>B\u0113rnu pavasara-rudens cimdi FIFI 1 (40g) - Huppa LV<\/title>\n<meta name=\"robots\" content=\"index, follow, max-snippet:-1, max-image-preview:large, max-video-preview:-1\" \/>\n<link rel=\"canonical\" href=\"https:\/\/shop.huppa.eu\/lv\/product\/bernu-pavasara-rudens-cimdi-fifi-1-40g\/\" \/>\n<meta property=\"og:locale\" content=\"lv_LV\" \/>\n<meta property=\"og:type\" content=\"article\" \/>\n<meta property=\"og:title\" content=\"B\u0113rnu pavasara-rudens cimdi FIFI 1 (40g) - Huppa LV\" \/>\n<meta property=\"og:description\" content=\"Siltin\u0101ti (40 g) \u016bdens un v\u0113ja necaurlaid\u012bgi d\u016brai\u0146i b\u0113rniem. Cimdi ir izgatavoti no elpojo\u0161a materi\u0101la, un tiem ir elast\u012bga lente ap plaukstu loc\u012btav\u0101m. Iek\u0161\u0113j\u0101 odere ir izgatavota no kokvilnas trikot\u0101\u017eas. Cimdi ir savienoti kop\u0101 ar nelielu aizdari un ir dekor\u0113ti ar atstarojo\u0161u Huppa logotipu.\" \/>\n<meta property=\"og:url\" content=\"https:\/\/shop.huppa.eu\/lv\/product\/bernu-pavasara-rudens-cimdi-fifi-1-40g\/\" \/>\n<meta property=\"og:site_name\" content=\"Huppa LV\" \/>\n<meta property=\"article:modified_time\" content=\"2026-04-08T12:05:07+00:00\" \/>\n<meta property=\"og:image\" content=\"https:\/\/huppashop-prod.s3.eu-north-1.amazonaws.com\/wp-content\/uploads\/sites\/4\/2023\/02\/14021204\/81060104-20026-FIFI1_f.jpg\" \/>\n\t<meta property=\"og:image:width\" content=\"1200\" \/>\n\t<meta property=\"og:image:height\" content=\"1200\" \/>\n\t<meta property=\"og:image:type\" content=\"image\/jpeg\" \/>\n<meta name=\"twitter:card\" content=\"summary_large_image\" \/>\n<script type=\"application\/ld+json\" class=\"yoast-schema-graph\">{\"@context\":\"https:\/\/schema.org\",\"@graph\":[{\"@type\":\"WebPage\",\"@id\":\"https:\/\/shop.huppa.eu\/lv\/product\/bernu-pavasara-rudens-cimdi-fifi-1-40g\/\",\"url\":\"https:\/\/shop.huppa.eu\/lv\/product\/bernu-pavasara-rudens-cimdi-fifi-1-40g\/\",\"name\":\"B\u0113rnu pavasara-rudens cimdi FIFI 1 (40g) - Huppa LV\",\"isPartOf\":{\"@id\":\"https:\/\/shop.huppa.eu\/lv\/#website\"},\"primaryImageOfPage\":{\"@id\":\"https:\/\/shop.huppa.eu\/lv\/product\/bernu-pavasara-rudens-cimdi-fifi-1-40g\/#primaryimage\"},\"image\":{\"@id\":\"https:\/\/shop.huppa.eu\/lv\/product\/bernu-pavasara-rudens-cimdi-fifi-1-40g\/#primaryimage\"},\"thumbnailUrl\":\"https:\/\/huppashop-prod.s3.eu-north-1.amazonaws.com\/wp-content\/uploads\/sites\/4\/2023\/02\/14021204\/81060104-20026-FIFI1_f.jpg\",\"datePublished\":\"2025-12-09T00:56:24+00:00\",\"dateModified\":\"2026-04-08T12:05:07+00:00\",\"breadcrumb\":{\"@id\":\"https:\/\/shop.huppa.eu\/lv\/product\/bernu-pavasara-rudens-cimdi-fifi-1-40g\/#breadcrumb\"},\"inLanguage\":\"lv-LV\",\"potentialAction\":[{\"@type\":\"ReadAction\",\"target\":[\"https:\/\/shop.huppa.eu\/lv\/product\/bernu-pavasara-rudens-cimdi-fifi-1-40g\/\"]}]},{\"@type\":\"ImageObject\",\"inLanguage\":\"lv-LV\",\"@id\":\"https:\/\/shop.huppa.eu\/lv\/product\/bernu-pavasara-rudens-cimdi-fifi-1-40g\/#primaryimage\",\"url\":\"https:\/\/huppashop-prod.s3.eu-north-1.amazonaws.com\/wp-content\/uploads\/sites\/4\/2023\/02\/14021204\/81060104-20026-FIFI1_f.jpg\",\"contentUrl\":\"https:\/\/huppashop-prod.s3.eu-north-1.amazonaws.com\/wp-content\/uploads\/sites\/4\/2023\/02\/14021204\/81060104-20026-FIFI1_f.jpg\",\"width\":1200,\"height\":1200},{\"@type\":\"BreadcrumbList\",\"@id\":\"https:\/\/shop.huppa.eu\/lv\/product\/bernu-pavasara-rudens-cimdi-fifi-1-40g\/#breadcrumb\",\"itemListElement\":[{\"@type\":\"ListItem\",\"position\":1,\"name\":\"Veikals\",\"item\":\"https:\/\/shop.huppa.eu\/lv\/shop\/\"},{\"@type\":\"ListItem\",\"position\":2,\"name\":\"B\u0113rnu pavasara-rudens cimdi FIFI 1 (40g)\"}]},{\"@type\":\"WebSite\",\"@id\":\"https:\/\/shop.huppa.eu\/lv\/#website\",\"url\":\"https:\/\/shop.huppa.eu\/lv\/\",\"name\":\"Huppa LV\",\"description\":\"\",\"potentialAction\":[{\"@type\":\"SearchAction\",\"target\":{\"@type\":\"EntryPoint\",\"urlTemplate\":\"https:\/\/shop.huppa.eu\/lv\/?s={search_term_string}\"},\"query-input\":{\"@type\":\"PropertyValueSpecification\",\"valueRequired\":true,\"valueName\":\"search_term_string\"}}],\"inLanguage\":\"lv-LV\"}]}<\/script>\n<!-- \/ Yoast SEO plugin. -->","yoast_head_json":{"title":"B\u0113rnu pavasara-rudens cimdi FIFI 1 (40g) - Huppa LV","robots":{"index":"index","follow":"follow","max-snippet":"max-snippet:-1","max-image-preview":"max-image-preview:large","max-video-preview":"max-video-preview:-1"},"canonical":"https:\/\/shop.huppa.eu\/lv\/product\/bernu-pavasara-rudens-cimdi-fifi-1-40g\/","og_locale":"lv_LV","og_type":"article","og_title":"B\u0113rnu pavasara-rudens cimdi FIFI 1 (40g) - Huppa LV","og_description":"Siltin\u0101ti (40 g) \u016bdens un v\u0113ja necaurlaid\u012bgi d\u016brai\u0146i b\u0113rniem. Cimdi ir izgatavoti no elpojo\u0161a materi\u0101la, un tiem ir elast\u012bga lente ap plaukstu loc\u012btav\u0101m. Iek\u0161\u0113j\u0101 odere ir izgatavota no kokvilnas trikot\u0101\u017eas. Cimdi ir savienoti kop\u0101 ar nelielu aizdari un ir dekor\u0113ti ar atstarojo\u0161u Huppa logotipu.","og_url":"https:\/\/shop.huppa.eu\/lv\/product\/bernu-pavasara-rudens-cimdi-fifi-1-40g\/","og_site_name":"Huppa LV","article_modified_time":"2026-04-08T12:05:07+00:00","og_image":[{"width":1200,"height":1200,"url":"https:\/\/huppashop-prod.s3.eu-north-1.amazonaws.com\/wp-content\/uploads\/sites\/4\/2023\/02\/14021204\/81060104-20026-FIFI1_f.jpg","type":"image\/jpeg"}],"twitter_card":"summary_large_image","schema":{"@context":"https:\/\/schema.org","@graph":[{"@type":"WebPage","@id":"https:\/\/shop.huppa.eu\/lv\/product\/bernu-pavasara-rudens-cimdi-fifi-1-40g\/","url":"https:\/\/shop.huppa.eu\/lv\/product\/bernu-pavasara-rudens-cimdi-fifi-1-40g\/","name":"B\u0113rnu pavasara-rudens cimdi FIFI 1 (40g) - Huppa LV","isPartOf":{"@id":"https:\/\/shop.huppa.eu\/lv\/#website"},"primaryImageOfPage":{"@id":"https:\/\/shop.huppa.eu\/lv\/product\/bernu-pavasara-rudens-cimdi-fifi-1-40g\/#primaryimage"},"image":{"@id":"https:\/\/shop.huppa.eu\/lv\/product\/bernu-pavasara-rudens-cimdi-fifi-1-40g\/#primaryimage"},"thumbnailUrl":"https:\/\/huppashop-prod.s3.eu-north-1.amazonaws.com\/wp-content\/uploads\/sites\/4\/2023\/02\/14021204\/81060104-20026-FIFI1_f.jpg","datePublished":"2025-12-09T00:56:24+00:00","dateModified":"2026-04-08T12:05:07+00:00","breadcrumb":{"@id":"https:\/\/shop.huppa.eu\/lv\/product\/bernu-pavasara-rudens-cimdi-fifi-1-40g\/#breadcrumb"},"inLanguage":"lv-LV","potentialAction":[{"@type":"ReadAction","target":["https:\/\/shop.huppa.eu\/lv\/product\/bernu-pavasara-rudens-cimdi-fifi-1-40g\/"]}]},{"@type":"ImageObject","inLanguage":"lv-LV","@id":"https:\/\/shop.huppa.eu\/lv\/product\/bernu-pavasara-rudens-cimdi-fifi-1-40g\/#primaryimage","url":"https:\/\/huppashop-prod.s3.eu-north-1.amazonaws.com\/wp-content\/uploads\/sites\/4\/2023\/02\/14021204\/81060104-20026-FIFI1_f.jpg","contentUrl":"https:\/\/huppashop-prod.s3.eu-north-1.amazonaws.com\/wp-content\/uploads\/sites\/4\/2023\/02\/14021204\/81060104-20026-FIFI1_f.jpg","width":1200,"height":1200},{"@type":"BreadcrumbList","@id":"https:\/\/shop.huppa.eu\/lv\/product\/bernu-pavasara-rudens-cimdi-fifi-1-40g\/#breadcrumb","itemListElement":[{"@type":"ListItem","position":1,"name":"Veikals","item":"https:\/\/shop.huppa.eu\/lv\/shop\/"},{"@type":"ListItem","position":2,"name":"B\u0113rnu pavasara-rudens cimdi FIFI 1 (40g)"}]},{"@type":"WebSite","@id":"https:\/\/shop.huppa.eu\/lv\/#website","url":"https:\/\/shop.huppa.eu\/lv\/","name":"Huppa LV","description":"","potentialAction":[{"@type":"SearchAction","target":{"@type":"EntryPoint","urlTemplate":"https:\/\/shop.huppa.eu\/lv\/?s={search_term_string}"},"query-input":{"@type":"PropertyValueSpecification","valueRequired":true,"valueName":"search_term_string"}}],"inLanguage":"lv-LV"}]}},"_links":{"self":[{"href":"https:\/\/shop.huppa.eu\/lv\/wp-json\/wp\/v2\/product\/547311","targetHints":{"allow":["GET"]}}],"collection":[{"href":"https:\/\/shop.huppa.eu\/lv\/wp-json\/wp\/v2\/product"}],"about":[{"href":"https:\/\/shop.huppa.eu\/lv\/wp-json\/wp\/v2\/types\/product"}],"wp:featuredmedia":[{"embeddable":true,"href":"https:\/\/shop.huppa.eu\/lv\/wp-json\/wp\/v2\/media\/511180"}],"wp:attachment":[{"href":"https:\/\/shop.huppa.eu\/lv\/wp-json\/wp\/v2\/media?parent=547311"}],"wp:term":[{"taxonomy":"product_brand","embeddable":true,"href":"https:\/\/shop.huppa.eu\/lv\/wp-json\/wp\/v2\/product_brand?post=547311"},{"taxonomy":"product_cat","embeddable":true,"href":"https:\/\/shop.huppa.eu\/lv\/wp-json\/wp\/v2\/product_cat?post=547311"},{"taxonomy":"product_tag","embeddable":true,"href":"https:\/\/shop.huppa.eu\/lv\/wp-json\/wp\/v2\/product_tag?post=547311"}],"curies":[{"name":"wp","href":"https:\/\/api.w.org\/{rel}","templated":true}]}}