{"id":547353,"date":"2025-12-09T03:00:59","date_gmt":"2025-12-09T01:00:59","guid":{"rendered":"https:\/\/shop.huppa.eu\/lv\/product\/bernu-softshell-cimdi-siva\/"},"modified":"2026-04-08T14:07:26","modified_gmt":"2026-04-08T12:07:26","slug":"bernu-softshell-cimdi-siva","status":"publish","type":"product","link":"https:\/\/shop.huppa.eu\/lv\/product\/bernu-softshell-cimdi-siva\/","title":{"rendered":"B\u0113rnu Softshell cimdi SIVA"},"content":{"rendered":"<p>B\u0113rnu v\u0113ja necaurlaid\u012bgi Softshell d\u016brai\u0146i. Cimdus rot\u0101 punktots atstarojo\u0161s raksts. \u0112rta elast\u012bga lente ap plaukstu loc\u012btav\u0101m. Cimdu iek\u0161puse izgatavota no m\u012bksta fl\u012bsa materi\u0101la. Cimdi ir savienoti kop\u0101 ar nelielu aizdari un ir dekor\u0113ti ar atstarojo\u0161\u0101m deta\u013c\u0101m.<\/p>\n","protected":false},"excerpt":{"rendered":"<p>B\u0113rnu v\u0113ja necaurlaid\u012bgi Softshell d\u016brai\u0146i. Cimdus rot\u0101 punktots atstarojo\u0161s raksts. \u0112rta elast\u012bga lente ap plaukstu loc\u012btav\u0101m. Cimdu iek\u0161puse izgatavota no m\u012bksta fl\u012bsa materi\u0101la. Cimdi ir savienoti kop\u0101 ar nelielu aizdari un ir dekor\u0113ti ar atstarojo\u0161\u0101m deta\u013c\u0101m.<\/p>\n","protected":false},"featured_media":511235,"template":"","meta":{"_acf_changed":false},"product_brand":[],"product_cat":[6472,6475,8849,104,2204,2207,563],"product_tag":[],"class_list":{"0":"post-547353","1":"product","2":"type-product","3":"status-publish","4":"has-post-thumbnail","6":"product_cat-accessories","7":"product_cat-cimdini-accessories","8":"product_cat-cimdini-top","9":"product_cat-berniem","10":"product_cat-cimdini","11":"product_cat-cimdini-unisex","12":"product_cat-unisex","13":"pa_auduma-gaisa-caurlaidiba-5-000g-m-24h","14":"pa_auduma-udens-caurlaidiba-5-000mm","15":"pa_dzimums-unisex","16":"pa_izmers-2201","17":"pa_izmers-2202","18":"pa_izmers-2203","19":"pa_kolekcija-accessories","20":"pa_kolekcijas-nr-sa2024","21":"pa_produkta-kods-81800000-10604","22":"pa_raksts-vienkrasains","23":"pa_sezona-semi-season","24":"pa_vecuma-grupa-berniem","26":"first","27":"instock","28":"sale","29":"taxable","30":"shipping-taxable","31":"purchasable","32":"product-type-variable"},"acf":[],"yoast_head":"<!-- This site is optimized with the Yoast SEO plugin v26.8 - https:\/\/yoast.com\/product\/yoast-seo-wordpress\/ -->\n<title>B\u0113rnu Softshell cimdi SIVA - Huppa LV<\/title>\n<meta name=\"robots\" content=\"index, follow, max-snippet:-1, max-image-preview:large, max-video-preview:-1\" \/>\n<link rel=\"canonical\" href=\"https:\/\/shop.huppa.eu\/lv\/product\/bernu-softshell-cimdi-siva\/\" \/>\n<meta property=\"og:locale\" content=\"lv_LV\" \/>\n<meta property=\"og:type\" content=\"article\" \/>\n<meta property=\"og:title\" content=\"B\u0113rnu Softshell cimdi SIVA - Huppa LV\" \/>\n<meta property=\"og:description\" content=\"B\u0113rnu v\u0113ja necaurlaid\u012bgi Softshell d\u016brai\u0146i. Cimdus rot\u0101 punktots atstarojo\u0161s raksts. \u0112rta elast\u012bga lente ap plaukstu loc\u012btav\u0101m. Cimdu iek\u0161puse izgatavota no m\u012bksta fl\u012bsa materi\u0101la. Cimdi ir savienoti kop\u0101 ar nelielu aizdari un ir dekor\u0113ti ar atstarojo\u0161\u0101m deta\u013c\u0101m.\" \/>\n<meta property=\"og:url\" content=\"https:\/\/shop.huppa.eu\/lv\/product\/bernu-softshell-cimdi-siva\/\" \/>\n<meta property=\"og:site_name\" content=\"Huppa LV\" \/>\n<meta property=\"article:modified_time\" content=\"2026-04-08T12:07:26+00:00\" \/>\n<meta property=\"og:image\" content=\"https:\/\/huppashop-prod.s3.eu-north-1.amazonaws.com\/wp-content\/uploads\/sites\/4\/2023\/02\/18021748\/81800000-10604-SIVA_d1.jpg\" \/>\n\t<meta property=\"og:image:width\" content=\"1200\" \/>\n\t<meta property=\"og:image:height\" content=\"1200\" \/>\n\t<meta property=\"og:image:type\" content=\"image\/jpeg\" \/>\n<meta name=\"twitter:card\" content=\"summary_large_image\" \/>\n<script type=\"application\/ld+json\" class=\"yoast-schema-graph\">{\"@context\":\"https:\/\/schema.org\",\"@graph\":[{\"@type\":\"WebPage\",\"@id\":\"https:\/\/shop.huppa.eu\/lv\/product\/bernu-softshell-cimdi-siva\/\",\"url\":\"https:\/\/shop.huppa.eu\/lv\/product\/bernu-softshell-cimdi-siva\/\",\"name\":\"B\u0113rnu Softshell cimdi SIVA - Huppa LV\",\"isPartOf\":{\"@id\":\"https:\/\/shop.huppa.eu\/lv\/#website\"},\"primaryImageOfPage\":{\"@id\":\"https:\/\/shop.huppa.eu\/lv\/product\/bernu-softshell-cimdi-siva\/#primaryimage\"},\"image\":{\"@id\":\"https:\/\/shop.huppa.eu\/lv\/product\/bernu-softshell-cimdi-siva\/#primaryimage\"},\"thumbnailUrl\":\"https:\/\/huppashop-prod.s3.eu-north-1.amazonaws.com\/wp-content\/uploads\/sites\/4\/2023\/02\/18021748\/81800000-10604-SIVA_d1.jpg\",\"datePublished\":\"2025-12-09T01:00:59+00:00\",\"dateModified\":\"2026-04-08T12:07:26+00:00\",\"breadcrumb\":{\"@id\":\"https:\/\/shop.huppa.eu\/lv\/product\/bernu-softshell-cimdi-siva\/#breadcrumb\"},\"inLanguage\":\"lv-LV\",\"potentialAction\":[{\"@type\":\"ReadAction\",\"target\":[\"https:\/\/shop.huppa.eu\/lv\/product\/bernu-softshell-cimdi-siva\/\"]}]},{\"@type\":\"ImageObject\",\"inLanguage\":\"lv-LV\",\"@id\":\"https:\/\/shop.huppa.eu\/lv\/product\/bernu-softshell-cimdi-siva\/#primaryimage\",\"url\":\"https:\/\/huppashop-prod.s3.eu-north-1.amazonaws.com\/wp-content\/uploads\/sites\/4\/2023\/02\/18021748\/81800000-10604-SIVA_d1.jpg\",\"contentUrl\":\"https:\/\/huppashop-prod.s3.eu-north-1.amazonaws.com\/wp-content\/uploads\/sites\/4\/2023\/02\/18021748\/81800000-10604-SIVA_d1.jpg\",\"width\":1200,\"height\":1200},{\"@type\":\"BreadcrumbList\",\"@id\":\"https:\/\/shop.huppa.eu\/lv\/product\/bernu-softshell-cimdi-siva\/#breadcrumb\",\"itemListElement\":[{\"@type\":\"ListItem\",\"position\":1,\"name\":\"Veikals\",\"item\":\"https:\/\/shop.huppa.eu\/lv\/shop\/\"},{\"@type\":\"ListItem\",\"position\":2,\"name\":\"B\u0113rnu Softshell cimdi SIVA\"}]},{\"@type\":\"WebSite\",\"@id\":\"https:\/\/shop.huppa.eu\/lv\/#website\",\"url\":\"https:\/\/shop.huppa.eu\/lv\/\",\"name\":\"Huppa LV\",\"description\":\"\",\"potentialAction\":[{\"@type\":\"SearchAction\",\"target\":{\"@type\":\"EntryPoint\",\"urlTemplate\":\"https:\/\/shop.huppa.eu\/lv\/?s={search_term_string}\"},\"query-input\":{\"@type\":\"PropertyValueSpecification\",\"valueRequired\":true,\"valueName\":\"search_term_string\"}}],\"inLanguage\":\"lv-LV\"}]}<\/script>\n<!-- \/ Yoast SEO plugin. -->","yoast_head_json":{"title":"B\u0113rnu Softshell cimdi SIVA - Huppa LV","robots":{"index":"index","follow":"follow","max-snippet":"max-snippet:-1","max-image-preview":"max-image-preview:large","max-video-preview":"max-video-preview:-1"},"canonical":"https:\/\/shop.huppa.eu\/lv\/product\/bernu-softshell-cimdi-siva\/","og_locale":"lv_LV","og_type":"article","og_title":"B\u0113rnu Softshell cimdi SIVA - Huppa LV","og_description":"B\u0113rnu v\u0113ja necaurlaid\u012bgi Softshell d\u016brai\u0146i. Cimdus rot\u0101 punktots atstarojo\u0161s raksts. \u0112rta elast\u012bga lente ap plaukstu loc\u012btav\u0101m. Cimdu iek\u0161puse izgatavota no m\u012bksta fl\u012bsa materi\u0101la. Cimdi ir savienoti kop\u0101 ar nelielu aizdari un ir dekor\u0113ti ar atstarojo\u0161\u0101m deta\u013c\u0101m.","og_url":"https:\/\/shop.huppa.eu\/lv\/product\/bernu-softshell-cimdi-siva\/","og_site_name":"Huppa LV","article_modified_time":"2026-04-08T12:07:26+00:00","og_image":[{"width":1200,"height":1200,"url":"https:\/\/huppashop-prod.s3.eu-north-1.amazonaws.com\/wp-content\/uploads\/sites\/4\/2023\/02\/18021748\/81800000-10604-SIVA_d1.jpg","type":"image\/jpeg"}],"twitter_card":"summary_large_image","schema":{"@context":"https:\/\/schema.org","@graph":[{"@type":"WebPage","@id":"https:\/\/shop.huppa.eu\/lv\/product\/bernu-softshell-cimdi-siva\/","url":"https:\/\/shop.huppa.eu\/lv\/product\/bernu-softshell-cimdi-siva\/","name":"B\u0113rnu Softshell cimdi SIVA - Huppa LV","isPartOf":{"@id":"https:\/\/shop.huppa.eu\/lv\/#website"},"primaryImageOfPage":{"@id":"https:\/\/shop.huppa.eu\/lv\/product\/bernu-softshell-cimdi-siva\/#primaryimage"},"image":{"@id":"https:\/\/shop.huppa.eu\/lv\/product\/bernu-softshell-cimdi-siva\/#primaryimage"},"thumbnailUrl":"https:\/\/huppashop-prod.s3.eu-north-1.amazonaws.com\/wp-content\/uploads\/sites\/4\/2023\/02\/18021748\/81800000-10604-SIVA_d1.jpg","datePublished":"2025-12-09T01:00:59+00:00","dateModified":"2026-04-08T12:07:26+00:00","breadcrumb":{"@id":"https:\/\/shop.huppa.eu\/lv\/product\/bernu-softshell-cimdi-siva\/#breadcrumb"},"inLanguage":"lv-LV","potentialAction":[{"@type":"ReadAction","target":["https:\/\/shop.huppa.eu\/lv\/product\/bernu-softshell-cimdi-siva\/"]}]},{"@type":"ImageObject","inLanguage":"lv-LV","@id":"https:\/\/shop.huppa.eu\/lv\/product\/bernu-softshell-cimdi-siva\/#primaryimage","url":"https:\/\/huppashop-prod.s3.eu-north-1.amazonaws.com\/wp-content\/uploads\/sites\/4\/2023\/02\/18021748\/81800000-10604-SIVA_d1.jpg","contentUrl":"https:\/\/huppashop-prod.s3.eu-north-1.amazonaws.com\/wp-content\/uploads\/sites\/4\/2023\/02\/18021748\/81800000-10604-SIVA_d1.jpg","width":1200,"height":1200},{"@type":"BreadcrumbList","@id":"https:\/\/shop.huppa.eu\/lv\/product\/bernu-softshell-cimdi-siva\/#breadcrumb","itemListElement":[{"@type":"ListItem","position":1,"name":"Veikals","item":"https:\/\/shop.huppa.eu\/lv\/shop\/"},{"@type":"ListItem","position":2,"name":"B\u0113rnu Softshell cimdi SIVA"}]},{"@type":"WebSite","@id":"https:\/\/shop.huppa.eu\/lv\/#website","url":"https:\/\/shop.huppa.eu\/lv\/","name":"Huppa LV","description":"","potentialAction":[{"@type":"SearchAction","target":{"@type":"EntryPoint","urlTemplate":"https:\/\/shop.huppa.eu\/lv\/?s={search_term_string}"},"query-input":{"@type":"PropertyValueSpecification","valueRequired":true,"valueName":"search_term_string"}}],"inLanguage":"lv-LV"}]}},"_links":{"self":[{"href":"https:\/\/shop.huppa.eu\/lv\/wp-json\/wp\/v2\/product\/547353","targetHints":{"allow":["GET"]}}],"collection":[{"href":"https:\/\/shop.huppa.eu\/lv\/wp-json\/wp\/v2\/product"}],"about":[{"href":"https:\/\/shop.huppa.eu\/lv\/wp-json\/wp\/v2\/types\/product"}],"wp:featuredmedia":[{"embeddable":true,"href":"https:\/\/shop.huppa.eu\/lv\/wp-json\/wp\/v2\/media\/511235"}],"wp:attachment":[{"href":"https:\/\/shop.huppa.eu\/lv\/wp-json\/wp\/v2\/media?parent=547353"}],"wp:term":[{"taxonomy":"product_brand","embeddable":true,"href":"https:\/\/shop.huppa.eu\/lv\/wp-json\/wp\/v2\/product_brand?post=547353"},{"taxonomy":"product_cat","embeddable":true,"href":"https:\/\/shop.huppa.eu\/lv\/wp-json\/wp\/v2\/product_cat?post=547353"},{"taxonomy":"product_tag","embeddable":true,"href":"https:\/\/shop.huppa.eu\/lv\/wp-json\/wp\/v2\/product_tag?post=547353"}],"curies":[{"name":"wp","href":"https:\/\/api.w.org\/{rel}","templated":true}]}}