{"id":548522,"date":"2026-02-05T06:56:33","date_gmt":"2026-02-05T04:56:33","guid":{"rendered":"https:\/\/shop.huppa.eu\/lv\/product\/viriesu-ziemas-vejjaka-karma-200g\/"},"modified":"2026-04-08T12:58:05","modified_gmt":"2026-04-08T10:58:05","slug":"viriesu-ziemas-vejjaka-karma-200g","status":"publish","type":"product","link":"https:\/\/shop.huppa.eu\/lv\/product\/viriesu-ziemas-vejjaka-karma-200g\/","title":{"rendered":"V\u012brie\u0161u ziemas v\u0113jjaka KARMA (200g)"},"content":{"rendered":"<p>\u016adens un v\u0113ja notur\u012bga ziemas jaka ar 200\u00a0g siltin\u0101jumu v\u012brie\u0161iem. Jak\u0101 ir izmantoti materi\u0101li no atk\u0101rtoti izmantot\u0101m \u0161\u0137iedr\u0101m. Elpojo\u0161s virsaudums. Jakas iek\u0161pus\u0113 m\u012bksts oderaudums. Regul\u0113jama kapuce un piedurk\u0146u gali. Piedurk\u0146u galos aproce ar valn\u012bti. Priek\u0161\u0113j\u0101 aizdare un kabatas ar \u016bdensdro\u0161u r\u0101v\u0113jsl\u0113dz\u0113ju. Apak\u0161mal\u0101 iestr\u0101d\u0101ts gumijas auklas tunelis ar atdur\u0113m. Uz virsauduma atstarojo\u0161as deta\u013cas.<\/p>\n","protected":false},"excerpt":{"rendered":"<p>\u016adens un v\u0113ja notur\u012bga ziemas jaka ar 200\u00a0g siltin\u0101jumu v\u012brie\u0161iem. Jak\u0101 ir izmantoti materi\u0101li no atk\u0101rtoti izmantot\u0101m \u0161\u0137iedr\u0101m. Elpojo\u0161s virsaudums. Jakas iek\u0161pus\u0113 m\u012bksts oderaudums. Regul\u0113jama kapuce un piedurk\u0146u gali. Piedurk\u0146u galos aproce ar valn\u012bti. Priek\u0161\u0113j\u0101 aizdare un kabatas ar \u016bdensdro\u0161u r\u0101v\u0113jsl\u0113dz\u0113ju. Apak\u0161mal\u0101 iestr\u0101d\u0101ts gumijas auklas tunelis ar atdur\u0113m. Uz virsauduma atstarojo\u0161as deta\u013cas.<\/p>\n","protected":false},"featured_media":524259,"template":"","meta":{"_acf_changed":false},"product_brand":[],"product_cat":[158,709,8818,8831,8815],"product_tag":[],"class_list":{"0":"post-548522","1":"product","2":"type-product","3":"status-publish","4":"has-post-thumbnail","6":"product_cat-pieaugusajiem","7":"product_cat-vejjakas-pieaugusajiem","8":"product_cat-vejjakas-viriesi","9":"product_cat-vejjakas-top","10":"product_cat-viriesi","11":"pa_auduma-gaisa-caurlaidiba-5000g-m-24h","12":"pa_auduma-udens-caurlaidiba-mm","13":"pa_dzimums-viriesi","14":"pa_izmers-l","15":"pa_izmers-m","16":"pa_izolacijas-svars-200g","17":"pa_kolekcija-fashion","18":"pa_kolekcijas-nr-w23-24","19":"pa_produkta-kods-18638020-10128","20":"pa_raksts-vienkrasains","21":"pa_sezona-ziema","22":"pa_siltinajums-200g","23":"pa_vecuma-grupa-pieaugusajiem","25":"first","26":"instock","27":"sale","28":"taxable","29":"shipping-taxable","30":"purchasable","31":"product-type-variable"},"acf":[],"yoast_head":"<!-- This site is optimized with the Yoast SEO plugin v26.8 - https:\/\/yoast.com\/product\/yoast-seo-wordpress\/ -->\n<title>V\u012brie\u0161u ziemas v\u0113jjaka KARMA (200g) - Huppa LV<\/title>\n<meta name=\"robots\" content=\"index, follow, max-snippet:-1, max-image-preview:large, max-video-preview:-1\" \/>\n<link rel=\"canonical\" href=\"https:\/\/shop.huppa.eu\/lv\/product\/viriesu-ziemas-vejjaka-karma-200g\/\" \/>\n<meta property=\"og:locale\" content=\"lv_LV\" \/>\n<meta property=\"og:type\" content=\"article\" \/>\n<meta property=\"og:title\" content=\"V\u012brie\u0161u ziemas v\u0113jjaka KARMA (200g) - Huppa LV\" \/>\n<meta property=\"og:description\" content=\"\u016adens un v\u0113ja notur\u012bga ziemas jaka ar 200\u00a0g siltin\u0101jumu v\u012brie\u0161iem. Jak\u0101 ir izmantoti materi\u0101li no atk\u0101rtoti izmantot\u0101m \u0161\u0137iedr\u0101m. Elpojo\u0161s virsaudums. Jakas iek\u0161pus\u0113 m\u012bksts oderaudums. Regul\u0113jama kapuce un piedurk\u0146u gali. Piedurk\u0146u galos aproce ar valn\u012bti. Priek\u0161\u0113j\u0101 aizdare un kabatas ar \u016bdensdro\u0161u r\u0101v\u0113jsl\u0113dz\u0113ju. Apak\u0161mal\u0101 iestr\u0101d\u0101ts gumijas auklas tunelis ar atdur\u0113m. Uz virsauduma atstarojo\u0161as deta\u013cas.\" \/>\n<meta property=\"og:url\" content=\"https:\/\/shop.huppa.eu\/lv\/product\/viriesu-ziemas-vejjaka-karma-200g\/\" \/>\n<meta property=\"og:site_name\" content=\"Huppa LV\" \/>\n<meta property=\"article:modified_time\" content=\"2026-04-08T10:58:05+00:00\" \/>\n<meta property=\"og:image\" content=\"https:\/\/huppashop-prod.s3.eu-north-1.amazonaws.com\/wp-content\/uploads\/sites\/4\/2024\/07\/31020930\/18638020-10128-KARMA_mw_f.jpg\" \/>\n\t<meta property=\"og:image:width\" content=\"1200\" \/>\n\t<meta property=\"og:image:height\" content=\"1200\" \/>\n\t<meta property=\"og:image:type\" content=\"image\/jpeg\" \/>\n<meta name=\"twitter:card\" content=\"summary_large_image\" \/>\n<script type=\"application\/ld+json\" class=\"yoast-schema-graph\">{\"@context\":\"https:\/\/schema.org\",\"@graph\":[{\"@type\":\"WebPage\",\"@id\":\"https:\/\/shop.huppa.eu\/lv\/product\/viriesu-ziemas-vejjaka-karma-200g\/\",\"url\":\"https:\/\/shop.huppa.eu\/lv\/product\/viriesu-ziemas-vejjaka-karma-200g\/\",\"name\":\"V\u012brie\u0161u ziemas v\u0113jjaka KARMA (200g) - Huppa LV\",\"isPartOf\":{\"@id\":\"https:\/\/shop.huppa.eu\/lv\/#website\"},\"primaryImageOfPage\":{\"@id\":\"https:\/\/shop.huppa.eu\/lv\/product\/viriesu-ziemas-vejjaka-karma-200g\/#primaryimage\"},\"image\":{\"@id\":\"https:\/\/shop.huppa.eu\/lv\/product\/viriesu-ziemas-vejjaka-karma-200g\/#primaryimage\"},\"thumbnailUrl\":\"https:\/\/huppashop-prod.s3.eu-north-1.amazonaws.com\/wp-content\/uploads\/sites\/4\/2024\/07\/31020930\/18638020-10128-KARMA_mw_f.jpg\",\"datePublished\":\"2026-02-05T04:56:33+00:00\",\"dateModified\":\"2026-04-08T10:58:05+00:00\",\"breadcrumb\":{\"@id\":\"https:\/\/shop.huppa.eu\/lv\/product\/viriesu-ziemas-vejjaka-karma-200g\/#breadcrumb\"},\"inLanguage\":\"lv-LV\",\"potentialAction\":[{\"@type\":\"ReadAction\",\"target\":[\"https:\/\/shop.huppa.eu\/lv\/product\/viriesu-ziemas-vejjaka-karma-200g\/\"]}]},{\"@type\":\"ImageObject\",\"inLanguage\":\"lv-LV\",\"@id\":\"https:\/\/shop.huppa.eu\/lv\/product\/viriesu-ziemas-vejjaka-karma-200g\/#primaryimage\",\"url\":\"https:\/\/huppashop-prod.s3.eu-north-1.amazonaws.com\/wp-content\/uploads\/sites\/4\/2024\/07\/31020930\/18638020-10128-KARMA_mw_f.jpg\",\"contentUrl\":\"https:\/\/huppashop-prod.s3.eu-north-1.amazonaws.com\/wp-content\/uploads\/sites\/4\/2024\/07\/31020930\/18638020-10128-KARMA_mw_f.jpg\",\"width\":1200,\"height\":1200},{\"@type\":\"BreadcrumbList\",\"@id\":\"https:\/\/shop.huppa.eu\/lv\/product\/viriesu-ziemas-vejjaka-karma-200g\/#breadcrumb\",\"itemListElement\":[{\"@type\":\"ListItem\",\"position\":1,\"name\":\"Veikals\",\"item\":\"https:\/\/shop.huppa.eu\/lv\/shop\/\"},{\"@type\":\"ListItem\",\"position\":2,\"name\":\"V\u012brie\u0161u ziemas v\u0113jjaka KARMA (200g)\"}]},{\"@type\":\"WebSite\",\"@id\":\"https:\/\/shop.huppa.eu\/lv\/#website\",\"url\":\"https:\/\/shop.huppa.eu\/lv\/\",\"name\":\"Huppa LV\",\"description\":\"\",\"potentialAction\":[{\"@type\":\"SearchAction\",\"target\":{\"@type\":\"EntryPoint\",\"urlTemplate\":\"https:\/\/shop.huppa.eu\/lv\/?s={search_term_string}\"},\"query-input\":{\"@type\":\"PropertyValueSpecification\",\"valueRequired\":true,\"valueName\":\"search_term_string\"}}],\"inLanguage\":\"lv-LV\"}]}<\/script>\n<!-- \/ Yoast SEO plugin. -->","yoast_head_json":{"title":"V\u012brie\u0161u ziemas v\u0113jjaka KARMA (200g) - Huppa LV","robots":{"index":"index","follow":"follow","max-snippet":"max-snippet:-1","max-image-preview":"max-image-preview:large","max-video-preview":"max-video-preview:-1"},"canonical":"https:\/\/shop.huppa.eu\/lv\/product\/viriesu-ziemas-vejjaka-karma-200g\/","og_locale":"lv_LV","og_type":"article","og_title":"V\u012brie\u0161u ziemas v\u0113jjaka KARMA (200g) - Huppa LV","og_description":"\u016adens un v\u0113ja notur\u012bga ziemas jaka ar 200\u00a0g siltin\u0101jumu v\u012brie\u0161iem. Jak\u0101 ir izmantoti materi\u0101li no atk\u0101rtoti izmantot\u0101m \u0161\u0137iedr\u0101m. Elpojo\u0161s virsaudums. Jakas iek\u0161pus\u0113 m\u012bksts oderaudums. Regul\u0113jama kapuce un piedurk\u0146u gali. Piedurk\u0146u galos aproce ar valn\u012bti. Priek\u0161\u0113j\u0101 aizdare un kabatas ar \u016bdensdro\u0161u r\u0101v\u0113jsl\u0113dz\u0113ju. Apak\u0161mal\u0101 iestr\u0101d\u0101ts gumijas auklas tunelis ar atdur\u0113m. Uz virsauduma atstarojo\u0161as deta\u013cas.","og_url":"https:\/\/shop.huppa.eu\/lv\/product\/viriesu-ziemas-vejjaka-karma-200g\/","og_site_name":"Huppa LV","article_modified_time":"2026-04-08T10:58:05+00:00","og_image":[{"width":1200,"height":1200,"url":"https:\/\/huppashop-prod.s3.eu-north-1.amazonaws.com\/wp-content\/uploads\/sites\/4\/2024\/07\/31020930\/18638020-10128-KARMA_mw_f.jpg","type":"image\/jpeg"}],"twitter_card":"summary_large_image","schema":{"@context":"https:\/\/schema.org","@graph":[{"@type":"WebPage","@id":"https:\/\/shop.huppa.eu\/lv\/product\/viriesu-ziemas-vejjaka-karma-200g\/","url":"https:\/\/shop.huppa.eu\/lv\/product\/viriesu-ziemas-vejjaka-karma-200g\/","name":"V\u012brie\u0161u ziemas v\u0113jjaka KARMA (200g) - Huppa LV","isPartOf":{"@id":"https:\/\/shop.huppa.eu\/lv\/#website"},"primaryImageOfPage":{"@id":"https:\/\/shop.huppa.eu\/lv\/product\/viriesu-ziemas-vejjaka-karma-200g\/#primaryimage"},"image":{"@id":"https:\/\/shop.huppa.eu\/lv\/product\/viriesu-ziemas-vejjaka-karma-200g\/#primaryimage"},"thumbnailUrl":"https:\/\/huppashop-prod.s3.eu-north-1.amazonaws.com\/wp-content\/uploads\/sites\/4\/2024\/07\/31020930\/18638020-10128-KARMA_mw_f.jpg","datePublished":"2026-02-05T04:56:33+00:00","dateModified":"2026-04-08T10:58:05+00:00","breadcrumb":{"@id":"https:\/\/shop.huppa.eu\/lv\/product\/viriesu-ziemas-vejjaka-karma-200g\/#breadcrumb"},"inLanguage":"lv-LV","potentialAction":[{"@type":"ReadAction","target":["https:\/\/shop.huppa.eu\/lv\/product\/viriesu-ziemas-vejjaka-karma-200g\/"]}]},{"@type":"ImageObject","inLanguage":"lv-LV","@id":"https:\/\/shop.huppa.eu\/lv\/product\/viriesu-ziemas-vejjaka-karma-200g\/#primaryimage","url":"https:\/\/huppashop-prod.s3.eu-north-1.amazonaws.com\/wp-content\/uploads\/sites\/4\/2024\/07\/31020930\/18638020-10128-KARMA_mw_f.jpg","contentUrl":"https:\/\/huppashop-prod.s3.eu-north-1.amazonaws.com\/wp-content\/uploads\/sites\/4\/2024\/07\/31020930\/18638020-10128-KARMA_mw_f.jpg","width":1200,"height":1200},{"@type":"BreadcrumbList","@id":"https:\/\/shop.huppa.eu\/lv\/product\/viriesu-ziemas-vejjaka-karma-200g\/#breadcrumb","itemListElement":[{"@type":"ListItem","position":1,"name":"Veikals","item":"https:\/\/shop.huppa.eu\/lv\/shop\/"},{"@type":"ListItem","position":2,"name":"V\u012brie\u0161u ziemas v\u0113jjaka KARMA (200g)"}]},{"@type":"WebSite","@id":"https:\/\/shop.huppa.eu\/lv\/#website","url":"https:\/\/shop.huppa.eu\/lv\/","name":"Huppa LV","description":"","potentialAction":[{"@type":"SearchAction","target":{"@type":"EntryPoint","urlTemplate":"https:\/\/shop.huppa.eu\/lv\/?s={search_term_string}"},"query-input":{"@type":"PropertyValueSpecification","valueRequired":true,"valueName":"search_term_string"}}],"inLanguage":"lv-LV"}]}},"_links":{"self":[{"href":"https:\/\/shop.huppa.eu\/lv\/wp-json\/wp\/v2\/product\/548522","targetHints":{"allow":["GET"]}}],"collection":[{"href":"https:\/\/shop.huppa.eu\/lv\/wp-json\/wp\/v2\/product"}],"about":[{"href":"https:\/\/shop.huppa.eu\/lv\/wp-json\/wp\/v2\/types\/product"}],"wp:featuredmedia":[{"embeddable":true,"href":"https:\/\/shop.huppa.eu\/lv\/wp-json\/wp\/v2\/media\/524259"}],"wp:attachment":[{"href":"https:\/\/shop.huppa.eu\/lv\/wp-json\/wp\/v2\/media?parent=548522"}],"wp:term":[{"taxonomy":"product_brand","embeddable":true,"href":"https:\/\/shop.huppa.eu\/lv\/wp-json\/wp\/v2\/product_brand?post=548522"},{"taxonomy":"product_cat","embeddable":true,"href":"https:\/\/shop.huppa.eu\/lv\/wp-json\/wp\/v2\/product_cat?post=548522"},{"taxonomy":"product_tag","embeddable":true,"href":"https:\/\/shop.huppa.eu\/lv\/wp-json\/wp\/v2\/product_tag?post=548522"}],"curies":[{"name":"wp","href":"https:\/\/api.w.org\/{rel}","templated":true}]}}