{"id":548967,"date":"2026-02-18T08:10:53","date_gmt":"2026-02-18T06:10:53","guid":{"rendered":"https:\/\/shop.huppa.eu\/lv\/product\/pieauguso-cepure-okko\/"},"modified":"2026-04-08T14:28:48","modified_gmt":"2026-04-08T12:28:48","slug":"pieauguso-cepure-okko","status":"publish","type":"product","link":"https:\/\/shop.huppa.eu\/lv\/product\/pieauguso-cepure-okko\/","title":{"rendered":"Pieaugu\u0161o cepure OKKO"},"content":{"rendered":"<p>Merino vilnas un bambusa pavasara-rudens sezonas cepure pieaugu\u0161ajiem. M\u012bksts merino vilnas \u0101r\u0113jais sl\u0101nis, \u0101dai draudz\u012bgs bambusa iek\u0161\u0113jais sl\u0101nis. Materi\u0101ls uzs\u016bc mitrumu un rea\u0123\u0113 uz \u0137erme\u0146a temperat\u016bru, attiec\u012bgi sildot vai atv\u0113sinot. Piem\u0113rots jut\u012bgai \u0101dai. Uz virs\u0113j\u0101 auduma atstarojo\u0161s Huppa logotips.<\/p>\n","protected":false},"excerpt":{"rendered":"<p>Merino vilnas un bambusa pavasara-rudens sezonas cepure pieaugu\u0161ajiem. M\u012bksts merino vilnas \u0101r\u0113jais sl\u0101nis, \u0101dai draudz\u012bgs bambusa iek\u0161\u0113jais sl\u0101nis. Materi\u0101ls uzs\u016bc mitrumu un rea\u0123\u0113 uz \u0137erme\u0146a temperat\u016bru, attiec\u012bgi sildot vai atv\u0113sinot. Piem\u0113rots jut\u012bgai \u0101dai. Uz virs\u0113j\u0101 auduma atstarojo\u0161s Huppa logotips.<\/p>\n","protected":false},"featured_media":531831,"template":"","meta":{"_acf_changed":false},"product_brand":[],"product_cat":[6472,8851,6474,8853,8848,8812,8815,2049,3641,158,563],"product_tag":[],"class_list":{"0":"post-548967","1":"product","2":"type-product","3":"status-publish","4":"has-post-thumbnail","6":"product_cat-accessories","7":"product_cat-cepurites-sievietes","8":"product_cat-cepurites-accessories","9":"product_cat-cepurites-viriesi","10":"product_cat-cepurites-top","11":"product_cat-sievietes","12":"product_cat-viriesi","13":"product_cat-cepurites-unisex","14":"product_cat-cepurites-pieaugusajiem","15":"product_cat-pieaugusajiem","16":"product_cat-unisex","17":"pa_auduma-gaisa-caurlaidiba-g-m-24h","18":"pa_auduma-udens-caurlaidiba-mm","19":"pa_dzimums-unisex","20":"pa_izmers-m","21":"pa_izmers-l","22":"pa_kolekcija-accessories","23":"pa_kolekcijas-nr-sa2025","24":"pa_produkta-kods-88588000-00018","25":"pa_raksts-vienkrasains","26":"pa_sezona-semi-season","27":"pa_vecuma-grupa-pieaugusajiem","29":"first","30":"instock","31":"sale","32":"taxable","33":"shipping-taxable","34":"purchasable","35":"product-type-variable"},"acf":[],"yoast_head":"<!-- This site is optimized with the Yoast SEO plugin v26.8 - https:\/\/yoast.com\/product\/yoast-seo-wordpress\/ -->\n<title>Pieaugu\u0161o cepure OKKO - Huppa LV<\/title>\n<meta name=\"robots\" content=\"index, follow, max-snippet:-1, max-image-preview:large, max-video-preview:-1\" \/>\n<link rel=\"canonical\" href=\"https:\/\/shop.huppa.eu\/lv\/product\/pieauguso-cepure-okko\/\" \/>\n<meta property=\"og:locale\" content=\"lv_LV\" \/>\n<meta property=\"og:type\" content=\"article\" \/>\n<meta property=\"og:title\" content=\"Pieaugu\u0161o cepure OKKO - Huppa LV\" \/>\n<meta property=\"og:description\" content=\"Merino vilnas un bambusa pavasara-rudens sezonas cepure pieaugu\u0161ajiem. M\u012bksts merino vilnas \u0101r\u0113jais sl\u0101nis, \u0101dai draudz\u012bgs bambusa iek\u0161\u0113jais sl\u0101nis. Materi\u0101ls uzs\u016bc mitrumu un rea\u0123\u0113 uz \u0137erme\u0146a temperat\u016bru, attiec\u012bgi sildot vai atv\u0113sinot. Piem\u0113rots jut\u012bgai \u0101dai. Uz virs\u0113j\u0101 auduma atstarojo\u0161s Huppa logotips.\" \/>\n<meta property=\"og:url\" content=\"https:\/\/shop.huppa.eu\/lv\/product\/pieauguso-cepure-okko\/\" \/>\n<meta property=\"og:site_name\" content=\"Huppa LV\" \/>\n<meta property=\"article:modified_time\" content=\"2026-04-08T12:28:48+00:00\" \/>\n<meta property=\"og:image\" content=\"https:\/\/huppashop-prod.s3.eu-north-1.amazonaws.com\/wp-content\/uploads\/sites\/4\/2025\/02\/27022338\/88580000-00018-OKKO_f.jpg\" \/>\n\t<meta property=\"og:image:width\" content=\"1200\" \/>\n\t<meta property=\"og:image:height\" content=\"1200\" \/>\n\t<meta property=\"og:image:type\" content=\"image\/jpeg\" \/>\n<meta name=\"twitter:card\" content=\"summary_large_image\" \/>\n<script type=\"application\/ld+json\" class=\"yoast-schema-graph\">{\"@context\":\"https:\/\/schema.org\",\"@graph\":[{\"@type\":\"WebPage\",\"@id\":\"https:\/\/shop.huppa.eu\/lv\/product\/pieauguso-cepure-okko\/\",\"url\":\"https:\/\/shop.huppa.eu\/lv\/product\/pieauguso-cepure-okko\/\",\"name\":\"Pieaugu\u0161o cepure OKKO - Huppa LV\",\"isPartOf\":{\"@id\":\"https:\/\/shop.huppa.eu\/lv\/#website\"},\"primaryImageOfPage\":{\"@id\":\"https:\/\/shop.huppa.eu\/lv\/product\/pieauguso-cepure-okko\/#primaryimage\"},\"image\":{\"@id\":\"https:\/\/shop.huppa.eu\/lv\/product\/pieauguso-cepure-okko\/#primaryimage\"},\"thumbnailUrl\":\"https:\/\/huppashop-prod.s3.eu-north-1.amazonaws.com\/wp-content\/uploads\/sites\/4\/2025\/02\/27022338\/88580000-00018-OKKO_f.jpg\",\"datePublished\":\"2026-02-18T06:10:53+00:00\",\"dateModified\":\"2026-04-08T12:28:48+00:00\",\"breadcrumb\":{\"@id\":\"https:\/\/shop.huppa.eu\/lv\/product\/pieauguso-cepure-okko\/#breadcrumb\"},\"inLanguage\":\"lv-LV\",\"potentialAction\":[{\"@type\":\"ReadAction\",\"target\":[\"https:\/\/shop.huppa.eu\/lv\/product\/pieauguso-cepure-okko\/\"]}]},{\"@type\":\"ImageObject\",\"inLanguage\":\"lv-LV\",\"@id\":\"https:\/\/shop.huppa.eu\/lv\/product\/pieauguso-cepure-okko\/#primaryimage\",\"url\":\"https:\/\/huppashop-prod.s3.eu-north-1.amazonaws.com\/wp-content\/uploads\/sites\/4\/2025\/02\/27022338\/88580000-00018-OKKO_f.jpg\",\"contentUrl\":\"https:\/\/huppashop-prod.s3.eu-north-1.amazonaws.com\/wp-content\/uploads\/sites\/4\/2025\/02\/27022338\/88580000-00018-OKKO_f.jpg\",\"width\":1200,\"height\":1200},{\"@type\":\"BreadcrumbList\",\"@id\":\"https:\/\/shop.huppa.eu\/lv\/product\/pieauguso-cepure-okko\/#breadcrumb\",\"itemListElement\":[{\"@type\":\"ListItem\",\"position\":1,\"name\":\"Veikals\",\"item\":\"https:\/\/shop.huppa.eu\/lv\/shop\/\"},{\"@type\":\"ListItem\",\"position\":2,\"name\":\"Pieaugu\u0161o cepure OKKO\"}]},{\"@type\":\"WebSite\",\"@id\":\"https:\/\/shop.huppa.eu\/lv\/#website\",\"url\":\"https:\/\/shop.huppa.eu\/lv\/\",\"name\":\"Huppa LV\",\"description\":\"\",\"potentialAction\":[{\"@type\":\"SearchAction\",\"target\":{\"@type\":\"EntryPoint\",\"urlTemplate\":\"https:\/\/shop.huppa.eu\/lv\/?s={search_term_string}\"},\"query-input\":{\"@type\":\"PropertyValueSpecification\",\"valueRequired\":true,\"valueName\":\"search_term_string\"}}],\"inLanguage\":\"lv-LV\"}]}<\/script>\n<!-- \/ Yoast SEO plugin. -->","yoast_head_json":{"title":"Pieaugu\u0161o cepure OKKO - Huppa LV","robots":{"index":"index","follow":"follow","max-snippet":"max-snippet:-1","max-image-preview":"max-image-preview:large","max-video-preview":"max-video-preview:-1"},"canonical":"https:\/\/shop.huppa.eu\/lv\/product\/pieauguso-cepure-okko\/","og_locale":"lv_LV","og_type":"article","og_title":"Pieaugu\u0161o cepure OKKO - Huppa LV","og_description":"Merino vilnas un bambusa pavasara-rudens sezonas cepure pieaugu\u0161ajiem. M\u012bksts merino vilnas \u0101r\u0113jais sl\u0101nis, \u0101dai draudz\u012bgs bambusa iek\u0161\u0113jais sl\u0101nis. Materi\u0101ls uzs\u016bc mitrumu un rea\u0123\u0113 uz \u0137erme\u0146a temperat\u016bru, attiec\u012bgi sildot vai atv\u0113sinot. Piem\u0113rots jut\u012bgai \u0101dai. Uz virs\u0113j\u0101 auduma atstarojo\u0161s Huppa logotips.","og_url":"https:\/\/shop.huppa.eu\/lv\/product\/pieauguso-cepure-okko\/","og_site_name":"Huppa LV","article_modified_time":"2026-04-08T12:28:48+00:00","og_image":[{"width":1200,"height":1200,"url":"https:\/\/huppashop-prod.s3.eu-north-1.amazonaws.com\/wp-content\/uploads\/sites\/4\/2025\/02\/27022338\/88580000-00018-OKKO_f.jpg","type":"image\/jpeg"}],"twitter_card":"summary_large_image","schema":{"@context":"https:\/\/schema.org","@graph":[{"@type":"WebPage","@id":"https:\/\/shop.huppa.eu\/lv\/product\/pieauguso-cepure-okko\/","url":"https:\/\/shop.huppa.eu\/lv\/product\/pieauguso-cepure-okko\/","name":"Pieaugu\u0161o cepure OKKO - Huppa LV","isPartOf":{"@id":"https:\/\/shop.huppa.eu\/lv\/#website"},"primaryImageOfPage":{"@id":"https:\/\/shop.huppa.eu\/lv\/product\/pieauguso-cepure-okko\/#primaryimage"},"image":{"@id":"https:\/\/shop.huppa.eu\/lv\/product\/pieauguso-cepure-okko\/#primaryimage"},"thumbnailUrl":"https:\/\/huppashop-prod.s3.eu-north-1.amazonaws.com\/wp-content\/uploads\/sites\/4\/2025\/02\/27022338\/88580000-00018-OKKO_f.jpg","datePublished":"2026-02-18T06:10:53+00:00","dateModified":"2026-04-08T12:28:48+00:00","breadcrumb":{"@id":"https:\/\/shop.huppa.eu\/lv\/product\/pieauguso-cepure-okko\/#breadcrumb"},"inLanguage":"lv-LV","potentialAction":[{"@type":"ReadAction","target":["https:\/\/shop.huppa.eu\/lv\/product\/pieauguso-cepure-okko\/"]}]},{"@type":"ImageObject","inLanguage":"lv-LV","@id":"https:\/\/shop.huppa.eu\/lv\/product\/pieauguso-cepure-okko\/#primaryimage","url":"https:\/\/huppashop-prod.s3.eu-north-1.amazonaws.com\/wp-content\/uploads\/sites\/4\/2025\/02\/27022338\/88580000-00018-OKKO_f.jpg","contentUrl":"https:\/\/huppashop-prod.s3.eu-north-1.amazonaws.com\/wp-content\/uploads\/sites\/4\/2025\/02\/27022338\/88580000-00018-OKKO_f.jpg","width":1200,"height":1200},{"@type":"BreadcrumbList","@id":"https:\/\/shop.huppa.eu\/lv\/product\/pieauguso-cepure-okko\/#breadcrumb","itemListElement":[{"@type":"ListItem","position":1,"name":"Veikals","item":"https:\/\/shop.huppa.eu\/lv\/shop\/"},{"@type":"ListItem","position":2,"name":"Pieaugu\u0161o cepure OKKO"}]},{"@type":"WebSite","@id":"https:\/\/shop.huppa.eu\/lv\/#website","url":"https:\/\/shop.huppa.eu\/lv\/","name":"Huppa LV","description":"","potentialAction":[{"@type":"SearchAction","target":{"@type":"EntryPoint","urlTemplate":"https:\/\/shop.huppa.eu\/lv\/?s={search_term_string}"},"query-input":{"@type":"PropertyValueSpecification","valueRequired":true,"valueName":"search_term_string"}}],"inLanguage":"lv-LV"}]}},"_links":{"self":[{"href":"https:\/\/shop.huppa.eu\/lv\/wp-json\/wp\/v2\/product\/548967","targetHints":{"allow":["GET"]}}],"collection":[{"href":"https:\/\/shop.huppa.eu\/lv\/wp-json\/wp\/v2\/product"}],"about":[{"href":"https:\/\/shop.huppa.eu\/lv\/wp-json\/wp\/v2\/types\/product"}],"wp:featuredmedia":[{"embeddable":true,"href":"https:\/\/shop.huppa.eu\/lv\/wp-json\/wp\/v2\/media\/531831"}],"wp:attachment":[{"href":"https:\/\/shop.huppa.eu\/lv\/wp-json\/wp\/v2\/media?parent=548967"}],"wp:term":[{"taxonomy":"product_brand","embeddable":true,"href":"https:\/\/shop.huppa.eu\/lv\/wp-json\/wp\/v2\/product_brand?post=548967"},{"taxonomy":"product_cat","embeddable":true,"href":"https:\/\/shop.huppa.eu\/lv\/wp-json\/wp\/v2\/product_cat?post=548967"},{"taxonomy":"product_tag","embeddable":true,"href":"https:\/\/shop.huppa.eu\/lv\/wp-json\/wp\/v2\/product_tag?post=548967"}],"curies":[{"name":"wp","href":"https:\/\/api.w.org\/{rel}","templated":true}]}}