{"id":549503,"date":"2026-02-28T07:47:39","date_gmt":"2026-02-28T05:47:39","guid":{"rendered":"https:\/\/shop.huppa.eu\/lv\/product\/udensnec-duraini-kei\/"},"modified":"2026-04-06T19:31:33","modified_gmt":"2026-04-06T17:31:33","slug":"udensnec-duraini-kei","status":"publish","type":"product","link":"https:\/\/shop.huppa.eu\/lv\/product\/udensnec-duraini-kei\/","title":{"rendered":"\u016adensnec. d\u016brai\u0146i KEI"},"content":{"rendered":"","protected":false},"excerpt":{"rendered":"","protected":false},"featured_media":544898,"template":"","meta":{"_acf_changed":false},"product_brand":[],"product_cat":[6472,8849,6475,104,2204],"product_tag":[],"class_list":{"0":"post-549503","1":"product","2":"type-product","3":"status-publish","4":"has-post-thumbnail","6":"product_cat-accessories","7":"product_cat-cimdini-top","8":"product_cat-cimdini-accessories","9":"product_cat-berniem","10":"product_cat-cimdini","11":"pa_auduma-gaisa-caurlaidiba-g-m-24h","12":"pa_auduma-udens-caurlaidiba-mm","13":"pa_izmers-2201","14":"pa_kolekcija-accessories","15":"pa_kolekcijas-nr-sa2013","16":"pa_produkta-kods-8103as13-004","17":"pa_sezona-pavasaris-rudens","18":"pa_vecuma-grupa-berniem","20":"first","21":"instock","22":"sale","23":"taxable","24":"shipping-taxable","25":"purchasable","26":"product-type-variable"},"acf":[],"yoast_head":"<!-- This site is optimized with the Yoast SEO plugin v26.8 - https:\/\/yoast.com\/product\/yoast-seo-wordpress\/ -->\n<title>\u016adensnec. d\u016brai\u0146i KEI - Huppa LV<\/title>\n<meta name=\"robots\" content=\"index, follow, max-snippet:-1, max-image-preview:large, max-video-preview:-1\" \/>\n<link rel=\"canonical\" href=\"https:\/\/shop.huppa.eu\/lv\/product\/udensnec-duraini-kei\/\" \/>\n<meta property=\"og:locale\" content=\"lv_LV\" \/>\n<meta property=\"og:type\" content=\"article\" \/>\n<meta property=\"og:title\" content=\"\u016adensnec. d\u016brai\u0146i KEI - Huppa LV\" \/>\n<meta property=\"og:url\" content=\"https:\/\/shop.huppa.eu\/lv\/product\/udensnec-duraini-kei\/\" \/>\n<meta property=\"og:site_name\" content=\"Huppa LV\" \/>\n<meta property=\"article:modified_time\" content=\"2026-04-06T17:31:33+00:00\" \/>\n<meta property=\"og:image\" content=\"https:\/\/huppashop-prod.s3.eu-north-1.amazonaws.com\/wp-content\/uploads\/sites\/4\/2025\/11\/24180445\/gloves-size-guide.png\" \/>\n\t<meta property=\"og:image:width\" content=\"406\" \/>\n\t<meta property=\"og:image:height\" content=\"490\" \/>\n\t<meta property=\"og:image:type\" content=\"image\/png\" \/>\n<meta name=\"twitter:card\" content=\"summary_large_image\" \/>\n<script type=\"application\/ld+json\" class=\"yoast-schema-graph\">{\"@context\":\"https:\/\/schema.org\",\"@graph\":[{\"@type\":\"WebPage\",\"@id\":\"https:\/\/shop.huppa.eu\/lv\/product\/udensnec-duraini-kei\/\",\"url\":\"https:\/\/shop.huppa.eu\/lv\/product\/udensnec-duraini-kei\/\",\"name\":\"\u016adensnec. d\u016brai\u0146i KEI - Huppa LV\",\"isPartOf\":{\"@id\":\"https:\/\/shop.huppa.eu\/lv\/#website\"},\"primaryImageOfPage\":{\"@id\":\"https:\/\/shop.huppa.eu\/lv\/product\/udensnec-duraini-kei\/#primaryimage\"},\"image\":{\"@id\":\"https:\/\/shop.huppa.eu\/lv\/product\/udensnec-duraini-kei\/#primaryimage\"},\"thumbnailUrl\":\"https:\/\/huppashop-prod.s3.eu-north-1.amazonaws.com\/wp-content\/uploads\/sites\/4\/2025\/11\/24180445\/gloves-size-guide.png\",\"datePublished\":\"2026-02-28T05:47:39+00:00\",\"dateModified\":\"2026-04-06T17:31:33+00:00\",\"breadcrumb\":{\"@id\":\"https:\/\/shop.huppa.eu\/lv\/product\/udensnec-duraini-kei\/#breadcrumb\"},\"inLanguage\":\"lv-LV\",\"potentialAction\":[{\"@type\":\"ReadAction\",\"target\":[\"https:\/\/shop.huppa.eu\/lv\/product\/udensnec-duraini-kei\/\"]}]},{\"@type\":\"ImageObject\",\"inLanguage\":\"lv-LV\",\"@id\":\"https:\/\/shop.huppa.eu\/lv\/product\/udensnec-duraini-kei\/#primaryimage\",\"url\":\"https:\/\/huppashop-prod.s3.eu-north-1.amazonaws.com\/wp-content\/uploads\/sites\/4\/2025\/11\/24180445\/gloves-size-guide.png\",\"contentUrl\":\"https:\/\/huppashop-prod.s3.eu-north-1.amazonaws.com\/wp-content\/uploads\/sites\/4\/2025\/11\/24180445\/gloves-size-guide.png\",\"width\":406,\"height\":490},{\"@type\":\"BreadcrumbList\",\"@id\":\"https:\/\/shop.huppa.eu\/lv\/product\/udensnec-duraini-kei\/#breadcrumb\",\"itemListElement\":[{\"@type\":\"ListItem\",\"position\":1,\"name\":\"Veikals\",\"item\":\"https:\/\/shop.huppa.eu\/lv\/shop\/\"},{\"@type\":\"ListItem\",\"position\":2,\"name\":\"\u016adensnec. d\u016brai\u0146i KEI\"}]},{\"@type\":\"WebSite\",\"@id\":\"https:\/\/shop.huppa.eu\/lv\/#website\",\"url\":\"https:\/\/shop.huppa.eu\/lv\/\",\"name\":\"Huppa LV\",\"description\":\"\",\"potentialAction\":[{\"@type\":\"SearchAction\",\"target\":{\"@type\":\"EntryPoint\",\"urlTemplate\":\"https:\/\/shop.huppa.eu\/lv\/?s={search_term_string}\"},\"query-input\":{\"@type\":\"PropertyValueSpecification\",\"valueRequired\":true,\"valueName\":\"search_term_string\"}}],\"inLanguage\":\"lv-LV\"}]}<\/script>\n<!-- \/ Yoast SEO plugin. -->","yoast_head_json":{"title":"\u016adensnec. d\u016brai\u0146i KEI - Huppa LV","robots":{"index":"index","follow":"follow","max-snippet":"max-snippet:-1","max-image-preview":"max-image-preview:large","max-video-preview":"max-video-preview:-1"},"canonical":"https:\/\/shop.huppa.eu\/lv\/product\/udensnec-duraini-kei\/","og_locale":"lv_LV","og_type":"article","og_title":"\u016adensnec. d\u016brai\u0146i KEI - Huppa LV","og_url":"https:\/\/shop.huppa.eu\/lv\/product\/udensnec-duraini-kei\/","og_site_name":"Huppa LV","article_modified_time":"2026-04-06T17:31:33+00:00","og_image":[{"width":406,"height":490,"url":"https:\/\/huppashop-prod.s3.eu-north-1.amazonaws.com\/wp-content\/uploads\/sites\/4\/2025\/11\/24180445\/gloves-size-guide.png","type":"image\/png"}],"twitter_card":"summary_large_image","schema":{"@context":"https:\/\/schema.org","@graph":[{"@type":"WebPage","@id":"https:\/\/shop.huppa.eu\/lv\/product\/udensnec-duraini-kei\/","url":"https:\/\/shop.huppa.eu\/lv\/product\/udensnec-duraini-kei\/","name":"\u016adensnec. d\u016brai\u0146i KEI - Huppa LV","isPartOf":{"@id":"https:\/\/shop.huppa.eu\/lv\/#website"},"primaryImageOfPage":{"@id":"https:\/\/shop.huppa.eu\/lv\/product\/udensnec-duraini-kei\/#primaryimage"},"image":{"@id":"https:\/\/shop.huppa.eu\/lv\/product\/udensnec-duraini-kei\/#primaryimage"},"thumbnailUrl":"https:\/\/huppashop-prod.s3.eu-north-1.amazonaws.com\/wp-content\/uploads\/sites\/4\/2025\/11\/24180445\/gloves-size-guide.png","datePublished":"2026-02-28T05:47:39+00:00","dateModified":"2026-04-06T17:31:33+00:00","breadcrumb":{"@id":"https:\/\/shop.huppa.eu\/lv\/product\/udensnec-duraini-kei\/#breadcrumb"},"inLanguage":"lv-LV","potentialAction":[{"@type":"ReadAction","target":["https:\/\/shop.huppa.eu\/lv\/product\/udensnec-duraini-kei\/"]}]},{"@type":"ImageObject","inLanguage":"lv-LV","@id":"https:\/\/shop.huppa.eu\/lv\/product\/udensnec-duraini-kei\/#primaryimage","url":"https:\/\/huppashop-prod.s3.eu-north-1.amazonaws.com\/wp-content\/uploads\/sites\/4\/2025\/11\/24180445\/gloves-size-guide.png","contentUrl":"https:\/\/huppashop-prod.s3.eu-north-1.amazonaws.com\/wp-content\/uploads\/sites\/4\/2025\/11\/24180445\/gloves-size-guide.png","width":406,"height":490},{"@type":"BreadcrumbList","@id":"https:\/\/shop.huppa.eu\/lv\/product\/udensnec-duraini-kei\/#breadcrumb","itemListElement":[{"@type":"ListItem","position":1,"name":"Veikals","item":"https:\/\/shop.huppa.eu\/lv\/shop\/"},{"@type":"ListItem","position":2,"name":"\u016adensnec. d\u016brai\u0146i KEI"}]},{"@type":"WebSite","@id":"https:\/\/shop.huppa.eu\/lv\/#website","url":"https:\/\/shop.huppa.eu\/lv\/","name":"Huppa LV","description":"","potentialAction":[{"@type":"SearchAction","target":{"@type":"EntryPoint","urlTemplate":"https:\/\/shop.huppa.eu\/lv\/?s={search_term_string}"},"query-input":{"@type":"PropertyValueSpecification","valueRequired":true,"valueName":"search_term_string"}}],"inLanguage":"lv-LV"}]}},"_links":{"self":[{"href":"https:\/\/shop.huppa.eu\/lv\/wp-json\/wp\/v2\/product\/549503","targetHints":{"allow":["GET"]}}],"collection":[{"href":"https:\/\/shop.huppa.eu\/lv\/wp-json\/wp\/v2\/product"}],"about":[{"href":"https:\/\/shop.huppa.eu\/lv\/wp-json\/wp\/v2\/types\/product"}],"wp:featuredmedia":[{"embeddable":true,"href":"https:\/\/shop.huppa.eu\/lv\/wp-json\/wp\/v2\/media\/544898"}],"wp:attachment":[{"href":"https:\/\/shop.huppa.eu\/lv\/wp-json\/wp\/v2\/media?parent=549503"}],"wp:term":[{"taxonomy":"product_brand","embeddable":true,"href":"https:\/\/shop.huppa.eu\/lv\/wp-json\/wp\/v2\/product_brand?post=549503"},{"taxonomy":"product_cat","embeddable":true,"href":"https:\/\/shop.huppa.eu\/lv\/wp-json\/wp\/v2\/product_cat?post=549503"},{"taxonomy":"product_tag","embeddable":true,"href":"https:\/\/shop.huppa.eu\/lv\/wp-json\/wp\/v2\/product_tag?post=549503"}],"curies":[{"name":"wp","href":"https:\/\/api.w.org\/{rel}","templated":true}]}}