{"id":549922,"date":"2026-03-03T06:34:23","date_gmt":"2026-03-03T04:34:23","guid":{"rendered":"https:\/\/shop.huppa.eu\/lv\/product\/sieviesu-metelis-linnea-0g-4\/"},"modified":"2026-04-13T11:45:59","modified_gmt":"2026-04-13T09:45:59","slug":"sieviesu-metelis-linnea-0g-4","status":"publish","type":"product","link":"https:\/\/shop.huppa.eu\/lv\/product\/sieviesu-metelis-linnea-0g-4\/","title":{"rendered":"Sievie\u0161u m\u0113telis LINNEA (0g)"},"content":{"rendered":"<p>Sievie\u0161u \u016bdensnecaurlaid\u012bgs un v\u0113ja necaurlaid\u012bgs m\u0113telis, piem\u0113rots pavasarim un rudenim. \u0100r\u0113jais audums ir sauss piesk\u0101rienam &#8211; tas noz\u012bm\u0113, ka tam ir mat\u0113ts efekts. Parkas odere ir m\u012bksta. Regul\u0113jama kapuce un piedurk\u0146u aproces. \u0100r\u0113jais audums ir dekor\u0113ts ar atstarojo\u0161\u0101m deta\u013c\u0101m. Priek\u0161\u0113j\u0101 aizdare ir apr\u012bkota ar sl\u0113pt\u0101m magn\u0113tisk\u0101m spiedpog\u0101m. Tas ir br\u012bv\u0101ka piegriezuma m\u0113telis.<\/p>\n","protected":false},"excerpt":{"rendered":"<p>Sievie\u0161u \u016bdensnecaurlaid\u012bgs un v\u0113ja necaurlaid\u012bgs m\u0113telis, piem\u0113rots pavasarim un rudenim. \u0100r\u0113jais audums ir sauss piesk\u0101rienam &#8211; tas noz\u012bm\u0113, ka tam ir mat\u0113ts efekts. Parkas odere ir m\u012bksta. Regul\u0113jama kapuce un piedurk\u0146u aproces. \u0100r\u0113jais audums ir dekor\u0113ts ar atstarojo\u0161\u0101m deta\u013c\u0101m. Priek\u0161\u0113j\u0101 aizdare ir apr\u012bkota ar sl\u0113pt\u0101m magn\u0113tisk\u0101m spiedpog\u0101m. Tas ir br\u012bv\u0101ka piegriezuma m\u0113telis.<\/p>\n","protected":false},"featured_media":549930,"template":"","meta":{"_acf_changed":false},"product_brand":[],"product_cat":[8813,8812,159,138,158],"product_tag":[],"class_list":{"0":"post-549922","1":"product","2":"type-product","3":"status-publish","4":"has-post-thumbnail","6":"product_cat-meteli-sievietes","7":"product_cat-sievietes","8":"product_cat-meteli-pieaugusajiem","9":"product_cat-meteli","10":"product_cat-pieaugusajiem","11":"pa_auduma-gaisa-caurlaidiba-7000g-m-24h","12":"pa_auduma-udens-caurlaidiba-10000mm","13":"pa_dzimums-sievietes","14":"pa_izmers-xs","15":"pa_izmers-s","16":"pa_izmers-m","17":"pa_izmers-l","18":"pa_izmers-xl","19":"pa_izmers-xxl","20":"pa_izmers-3xl","21":"pa_izolacijas-svars-0g","22":"pa_kolekcija-coats","23":"pa_kolekcijas-nr-sa2026","24":"pa_produkta-kods-13038000-00015","25":"pa_raksts-vienkrasains","26":"pa_sezona-pavasaris-rudens","27":"pa_siltinajums-0g","28":"pa_vecuma-grupa-pieaugusajiem","30":"first","31":"instock","32":"taxable","33":"shipping-taxable","34":"purchasable","35":"product-type-variable"},"acf":[],"yoast_head":"<!-- This site is optimized with the Yoast SEO plugin v26.8 - https:\/\/yoast.com\/product\/yoast-seo-wordpress\/ -->\n<title>Sievie\u0161u m\u0113telis LINNEA (0g) - Huppa LV<\/title>\n<meta name=\"robots\" content=\"index, follow, max-snippet:-1, max-image-preview:large, max-video-preview:-1\" \/>\n<link rel=\"canonical\" href=\"https:\/\/shop.huppa.eu\/lv\/product\/sieviesu-metelis-linnea-0g-4\/\" \/>\n<meta property=\"og:locale\" content=\"lv_LV\" \/>\n<meta property=\"og:type\" content=\"article\" \/>\n<meta property=\"og:title\" content=\"Sievie\u0161u m\u0113telis LINNEA (0g) - Huppa LV\" \/>\n<meta property=\"og:description\" content=\"Sievie\u0161u \u016bdensnecaurlaid\u012bgs un v\u0113ja necaurlaid\u012bgs m\u0113telis, piem\u0113rots pavasarim un rudenim. \u0100r\u0113jais audums ir sauss piesk\u0101rienam &#8211; tas noz\u012bm\u0113, ka tam ir mat\u0113ts efekts. Parkas odere ir m\u012bksta. Regul\u0113jama kapuce un piedurk\u0146u aproces. \u0100r\u0113jais audums ir dekor\u0113ts ar atstarojo\u0161\u0101m deta\u013c\u0101m. Priek\u0161\u0113j\u0101 aizdare ir apr\u012bkota ar sl\u0113pt\u0101m magn\u0113tisk\u0101m spiedpog\u0101m. Tas ir br\u012bv\u0101ka piegriezuma m\u0113telis.\" \/>\n<meta property=\"og:url\" content=\"https:\/\/shop.huppa.eu\/lv\/product\/sieviesu-metelis-linnea-0g-4\/\" \/>\n<meta property=\"og:site_name\" content=\"Huppa LV\" \/>\n<meta property=\"article:modified_time\" content=\"2026-04-13T09:45:59+00:00\" \/>\n<meta property=\"og:image\" content=\"https:\/\/huppashop-prod.s3.eu-north-1.amazonaws.com\/wp-content\/uploads\/sites\/4\/2026\/03\/03063426\/13038000-00015-LINNEA_mw_f.jpg\" \/>\n\t<meta property=\"og:image:width\" content=\"1200\" \/>\n\t<meta property=\"og:image:height\" content=\"1200\" \/>\n\t<meta property=\"og:image:type\" content=\"image\/jpeg\" \/>\n<meta name=\"twitter:card\" content=\"summary_large_image\" \/>\n<script type=\"application\/ld+json\" class=\"yoast-schema-graph\">{\"@context\":\"https:\/\/schema.org\",\"@graph\":[{\"@type\":\"WebPage\",\"@id\":\"https:\/\/shop.huppa.eu\/lv\/product\/sieviesu-metelis-linnea-0g-4\/\",\"url\":\"https:\/\/shop.huppa.eu\/lv\/product\/sieviesu-metelis-linnea-0g-4\/\",\"name\":\"Sievie\u0161u m\u0113telis LINNEA (0g) - Huppa LV\",\"isPartOf\":{\"@id\":\"https:\/\/shop.huppa.eu\/lv\/#website\"},\"primaryImageOfPage\":{\"@id\":\"https:\/\/shop.huppa.eu\/lv\/product\/sieviesu-metelis-linnea-0g-4\/#primaryimage\"},\"image\":{\"@id\":\"https:\/\/shop.huppa.eu\/lv\/product\/sieviesu-metelis-linnea-0g-4\/#primaryimage\"},\"thumbnailUrl\":\"https:\/\/huppashop-prod.s3.eu-north-1.amazonaws.com\/wp-content\/uploads\/sites\/4\/2026\/03\/03063426\/13038000-00015-LINNEA_mw_f.jpg\",\"datePublished\":\"2026-03-03T04:34:23+00:00\",\"dateModified\":\"2026-04-13T09:45:59+00:00\",\"breadcrumb\":{\"@id\":\"https:\/\/shop.huppa.eu\/lv\/product\/sieviesu-metelis-linnea-0g-4\/#breadcrumb\"},\"inLanguage\":\"lv-LV\",\"potentialAction\":[{\"@type\":\"ReadAction\",\"target\":[\"https:\/\/shop.huppa.eu\/lv\/product\/sieviesu-metelis-linnea-0g-4\/\"]}]},{\"@type\":\"ImageObject\",\"inLanguage\":\"lv-LV\",\"@id\":\"https:\/\/shop.huppa.eu\/lv\/product\/sieviesu-metelis-linnea-0g-4\/#primaryimage\",\"url\":\"https:\/\/huppashop-prod.s3.eu-north-1.amazonaws.com\/wp-content\/uploads\/sites\/4\/2026\/03\/03063426\/13038000-00015-LINNEA_mw_f.jpg\",\"contentUrl\":\"https:\/\/huppashop-prod.s3.eu-north-1.amazonaws.com\/wp-content\/uploads\/sites\/4\/2026\/03\/03063426\/13038000-00015-LINNEA_mw_f.jpg\",\"width\":1200,\"height\":1200},{\"@type\":\"BreadcrumbList\",\"@id\":\"https:\/\/shop.huppa.eu\/lv\/product\/sieviesu-metelis-linnea-0g-4\/#breadcrumb\",\"itemListElement\":[{\"@type\":\"ListItem\",\"position\":1,\"name\":\"Veikals\",\"item\":\"https:\/\/shop.huppa.eu\/lv\/shop\/\"},{\"@type\":\"ListItem\",\"position\":2,\"name\":\"Sievie\u0161u m\u0113telis LINNEA (0g)\"}]},{\"@type\":\"WebSite\",\"@id\":\"https:\/\/shop.huppa.eu\/lv\/#website\",\"url\":\"https:\/\/shop.huppa.eu\/lv\/\",\"name\":\"Huppa LV\",\"description\":\"\",\"potentialAction\":[{\"@type\":\"SearchAction\",\"target\":{\"@type\":\"EntryPoint\",\"urlTemplate\":\"https:\/\/shop.huppa.eu\/lv\/?s={search_term_string}\"},\"query-input\":{\"@type\":\"PropertyValueSpecification\",\"valueRequired\":true,\"valueName\":\"search_term_string\"}}],\"inLanguage\":\"lv-LV\"}]}<\/script>\n<!-- \/ Yoast SEO plugin. -->","yoast_head_json":{"title":"Sievie\u0161u m\u0113telis LINNEA (0g) - Huppa LV","robots":{"index":"index","follow":"follow","max-snippet":"max-snippet:-1","max-image-preview":"max-image-preview:large","max-video-preview":"max-video-preview:-1"},"canonical":"https:\/\/shop.huppa.eu\/lv\/product\/sieviesu-metelis-linnea-0g-4\/","og_locale":"lv_LV","og_type":"article","og_title":"Sievie\u0161u m\u0113telis LINNEA (0g) - Huppa LV","og_description":"Sievie\u0161u \u016bdensnecaurlaid\u012bgs un v\u0113ja necaurlaid\u012bgs m\u0113telis, piem\u0113rots pavasarim un rudenim. \u0100r\u0113jais audums ir sauss piesk\u0101rienam &#8211; tas noz\u012bm\u0113, ka tam ir mat\u0113ts efekts. Parkas odere ir m\u012bksta. Regul\u0113jama kapuce un piedurk\u0146u aproces. \u0100r\u0113jais audums ir dekor\u0113ts ar atstarojo\u0161\u0101m deta\u013c\u0101m. Priek\u0161\u0113j\u0101 aizdare ir apr\u012bkota ar sl\u0113pt\u0101m magn\u0113tisk\u0101m spiedpog\u0101m. Tas ir br\u012bv\u0101ka piegriezuma m\u0113telis.","og_url":"https:\/\/shop.huppa.eu\/lv\/product\/sieviesu-metelis-linnea-0g-4\/","og_site_name":"Huppa LV","article_modified_time":"2026-04-13T09:45:59+00:00","og_image":[{"width":1200,"height":1200,"url":"https:\/\/huppashop-prod.s3.eu-north-1.amazonaws.com\/wp-content\/uploads\/sites\/4\/2026\/03\/03063426\/13038000-00015-LINNEA_mw_f.jpg","type":"image\/jpeg"}],"twitter_card":"summary_large_image","schema":{"@context":"https:\/\/schema.org","@graph":[{"@type":"WebPage","@id":"https:\/\/shop.huppa.eu\/lv\/product\/sieviesu-metelis-linnea-0g-4\/","url":"https:\/\/shop.huppa.eu\/lv\/product\/sieviesu-metelis-linnea-0g-4\/","name":"Sievie\u0161u m\u0113telis LINNEA (0g) - Huppa LV","isPartOf":{"@id":"https:\/\/shop.huppa.eu\/lv\/#website"},"primaryImageOfPage":{"@id":"https:\/\/shop.huppa.eu\/lv\/product\/sieviesu-metelis-linnea-0g-4\/#primaryimage"},"image":{"@id":"https:\/\/shop.huppa.eu\/lv\/product\/sieviesu-metelis-linnea-0g-4\/#primaryimage"},"thumbnailUrl":"https:\/\/huppashop-prod.s3.eu-north-1.amazonaws.com\/wp-content\/uploads\/sites\/4\/2026\/03\/03063426\/13038000-00015-LINNEA_mw_f.jpg","datePublished":"2026-03-03T04:34:23+00:00","dateModified":"2026-04-13T09:45:59+00:00","breadcrumb":{"@id":"https:\/\/shop.huppa.eu\/lv\/product\/sieviesu-metelis-linnea-0g-4\/#breadcrumb"},"inLanguage":"lv-LV","potentialAction":[{"@type":"ReadAction","target":["https:\/\/shop.huppa.eu\/lv\/product\/sieviesu-metelis-linnea-0g-4\/"]}]},{"@type":"ImageObject","inLanguage":"lv-LV","@id":"https:\/\/shop.huppa.eu\/lv\/product\/sieviesu-metelis-linnea-0g-4\/#primaryimage","url":"https:\/\/huppashop-prod.s3.eu-north-1.amazonaws.com\/wp-content\/uploads\/sites\/4\/2026\/03\/03063426\/13038000-00015-LINNEA_mw_f.jpg","contentUrl":"https:\/\/huppashop-prod.s3.eu-north-1.amazonaws.com\/wp-content\/uploads\/sites\/4\/2026\/03\/03063426\/13038000-00015-LINNEA_mw_f.jpg","width":1200,"height":1200},{"@type":"BreadcrumbList","@id":"https:\/\/shop.huppa.eu\/lv\/product\/sieviesu-metelis-linnea-0g-4\/#breadcrumb","itemListElement":[{"@type":"ListItem","position":1,"name":"Veikals","item":"https:\/\/shop.huppa.eu\/lv\/shop\/"},{"@type":"ListItem","position":2,"name":"Sievie\u0161u m\u0113telis LINNEA (0g)"}]},{"@type":"WebSite","@id":"https:\/\/shop.huppa.eu\/lv\/#website","url":"https:\/\/shop.huppa.eu\/lv\/","name":"Huppa LV","description":"","potentialAction":[{"@type":"SearchAction","target":{"@type":"EntryPoint","urlTemplate":"https:\/\/shop.huppa.eu\/lv\/?s={search_term_string}"},"query-input":{"@type":"PropertyValueSpecification","valueRequired":true,"valueName":"search_term_string"}}],"inLanguage":"lv-LV"}]}},"_links":{"self":[{"href":"https:\/\/shop.huppa.eu\/lv\/wp-json\/wp\/v2\/product\/549922","targetHints":{"allow":["GET"]}}],"collection":[{"href":"https:\/\/shop.huppa.eu\/lv\/wp-json\/wp\/v2\/product"}],"about":[{"href":"https:\/\/shop.huppa.eu\/lv\/wp-json\/wp\/v2\/types\/product"}],"wp:featuredmedia":[{"embeddable":true,"href":"https:\/\/shop.huppa.eu\/lv\/wp-json\/wp\/v2\/media\/549930"}],"wp:attachment":[{"href":"https:\/\/shop.huppa.eu\/lv\/wp-json\/wp\/v2\/media?parent=549922"}],"wp:term":[{"taxonomy":"product_brand","embeddable":true,"href":"https:\/\/shop.huppa.eu\/lv\/wp-json\/wp\/v2\/product_brand?post=549922"},{"taxonomy":"product_cat","embeddable":true,"href":"https:\/\/shop.huppa.eu\/lv\/wp-json\/wp\/v2\/product_cat?post=549922"},{"taxonomy":"product_tag","embeddable":true,"href":"https:\/\/shop.huppa.eu\/lv\/wp-json\/wp\/v2\/product_tag?post=549922"}],"curies":[{"name":"wp","href":"https:\/\/api.w.org\/{rel}","templated":true}]}}